{"id":121793,"date":"2026-04-08T09:52:31","date_gmt":"2026-04-08T07:52:31","guid":{"rendered":"https:\/\/edicionesalfar.es\/es\/?post_type=product&#038;p=121793"},"modified":"2026-04-08T09:52:36","modified_gmt":"2026-04-08T07:52:36","slug":"bifurcacion","status":"publish","type":"product","link":"https:\/\/edicionesalfar.es\/es\/producto\/bifurcacion\/","title":{"rendered":"Bifurcaci\u00f3n"},"content":{"rendered":"<table border=\"0\" width=\"100%\" cellspacing=\"2\" cellpadding=\"0\">\n<tbody>\n<tr>\n<td class=\"fichavalor\" align=\"left\" valign=\"top\">En <em><strong>Bifurcaci\u00f3n<\/strong><\/em>, un peque\u00f1o pueblo gris dominado por una cementera que cubre de polvo cada rinc\u00f3n, crecer significa sobrevivir. \u00c1lex, un adolescente sensible que sue\u00f1a con escapar a trav\u00e9s de la fotograf\u00eda, vive atrapado entre la pobreza, la violencia de las bandas rivales y la dureza de un entorno donde el futuro parece condenado de antemano.<\/p>\n<p>Junto a sus inseparables amigos Iv\u00e1n y Toni, comparte refugios clandestinos, sue\u00f1os imposibles y el anhelo de huir de un lugar que asfixia cuerpo y alma. Pero ser\u00e1 Loren \u2014su primer amor, limpio e intenso\u2014 quien despierte en \u00e9l una esperanza nueva y la certeza de que otra vida es posible.<\/p>\n<p>Mientras la amistad, la violencia y las decisiones irreversibles marcan su paso hacia la madurez, \u00c1lex deber\u00e1 elegir entre quedarse atrapado en el polvo del pasado o atreverse a cruzar la bifurcaci\u00f3n que puede cambiarlo todo.<\/p>\n<p>Ambientada en la Espa\u00f1a de finales de los a\u00f1os setenta, en plena transici\u00f3n democr\u00e1tica, Bifurcaci\u00f3n es una historia intensa sobre la amistad, el despertar emocional, la primera vez que amamos de verdad y el valor necesario para abandonar el lugar donde cre\u00edmos estar condenados.<\/td>\n<\/tr>\n<\/tbody>\n<\/table>\n<p><strong>Pilar Molina<\/strong> naci\u00f3 el 12 de octubre de 1974 en Barcelona y creci\u00f3 en Bifurcaci\u00f3n hasta los ocho a\u00f1os, un lugar que ha inspirado profundamente su obra.<\/p>\n<p>Es licenciada en Derecho y Periodismo. Autora creativa, combina su vocaci\u00f3n por el cine con sus experiencias internacionales. Estudi\u00f3 en la ESCAC (Escuela Superior de Cine y Audiovisuales de Catalu\u00f1a) y posteriormente en la Escuela Internacional de Cine y TV de Cuba, donde escribi\u00f3 el guion del largometraje Bifurcaci\u00f3n, que dio origen a la novela. M\u00e1s tarde, se traslad\u00f3 a Isla Mujeres (M\u00e9xico), donde trabaj\u00f3 como guionista freelance en la productora Alta Realidad.<\/p>\n<p>Durante este tiempo, tambi\u00e9n ejerci\u00f3 como abogada y periodista en distintos medios, incluido el Grupo de Comunicaci\u00f3n Internacional Havas Media. Ha recorrido gran parte de Europa, as\u00ed como pa\u00edses de Sudam\u00e9rica, Estados Unidos, Marruecos y T\u00fanez, lo que le ha proporcionado una visi\u00f3n m\u00e1s amplia e inspiradora para sus historias. Su primera novela refleja un estilo propio y una mirada fresca, y su pr\u00f3xima obra est\u00e1 ambientada en M\u00e9xico.<\/p>\n","protected":false},"excerpt":{"rendered":"<p>Ambientada en la Espa\u00f1a de finales de los a\u00f1os setenta, en plena transici\u00f3n democr\u00e1tica, Bifurcaci\u00f3n es una historia intensa sobre la amistad, el despertar emocional, la primera vez que amamos de verdad y el valor necesario para abandonar el lugar donde cre\u00edmos estar condenados.<\/p>\n","protected":false},"featured_media":121794,"comment_status":"closed","ping_status":"closed","template":"","meta":{"_acf_changed":false,"_et_pb_use_builder":"","_et_pb_old_content":"","_et_gb_content_width":""},"product_brand":[],"product_cat":[20,47],"product_tag":[],"class_list":{"0":"post-121793","1":"product","2":"type-product","3":"status-publish","4":"has-post-thumbnail","6":"product_cat-alfar-universidad","7":"product_cat-otras-narrativas","9":"first","10":"instock","11":"sale","12":"taxable","13":"shipping-taxable","14":"purchasable","15":"product-type-simple"},"acf":[],"yoast_head":"<!-- This site is optimized with the Yoast SEO plugin v27.3 - https:\/\/yoast.com\/product\/yoast-seo-wordpress\/ -->\n<title>Bifurcaci\u00f3n - Ediciones Alfar<\/title>\n<meta name=\"description\" content=\"Ambientada en la Espa\u00f1a de finales de los a\u00f1os setenta, en plena transici\u00f3n democr\u00e1tica, Bifurcaci\u00f3n es una historia intensa sobre la amistad, el despertar emocional, la primera vez que amamos de verdad y el valor necesario para abandonar el lugar donde cre\u00edmos estar condenados.\" \/>\n<meta name=\"robots\" content=\"index, follow, max-snippet:-1, max-image-preview:large, max-video-preview:-1\" \/>\n<link rel=\"canonical\" href=\"https:\/\/edicionesalfar.es\/es\/producto\/bifurcacion\/\" \/>\n<meta property=\"og:locale\" content=\"es_ES\" \/>\n<meta property=\"og:type\" content=\"article\" \/>\n<meta property=\"og:title\" content=\"Bifurcaci\u00f3n - Ediciones Alfar\" \/>\n<meta property=\"og:description\" content=\"Ambientada en la Espa\u00f1a de finales de los a\u00f1os setenta, en plena transici\u00f3n democr\u00e1tica, Bifurcaci\u00f3n es una historia intensa sobre la amistad, el despertar emocional, la primera vez que amamos de verdad y el valor necesario para abandonar el lugar donde cre\u00edmos estar condenados.\" \/>\n<meta property=\"og:url\" content=\"https:\/\/edicionesalfar.es\/es\/producto\/bifurcacion\/\" \/>\n<meta property=\"og:site_name\" content=\"Ediciones Alfar\" \/>\n<meta property=\"article:modified_time\" content=\"2026-04-08T07:52:36+00:00\" \/>\n<meta property=\"og:image\" content=\"https:\/\/edicionesalfar.es\/es\/wp-content\/uploads\/2026\/04\/9788410286559-732x1024.jpg\" \/>\n\t<meta property=\"og:image:width\" content=\"732\" \/>\n\t<meta property=\"og:image:height\" content=\"1024\" \/>\n\t<meta property=\"og:image:type\" content=\"image\/jpeg\" \/>\n<meta name=\"twitter:card\" content=\"summary_large_image\" \/>\n<meta name=\"twitter:label1\" content=\"Tiempo de lectura\" \/>\n\t<meta name=\"twitter:data1\" content=\"2 minutos\" \/>\n<script type=\"application\/ld+json\" class=\"yoast-schema-graph\">{\"@context\":\"https:\\\/\\\/schema.org\",\"@graph\":[{\"@type\":\"WebPage\",\"@id\":\"https:\\\/\\\/edicionesalfar.es\\\/es\\\/producto\\\/bifurcacion\\\/\",\"url\":\"https:\\\/\\\/edicionesalfar.es\\\/es\\\/producto\\\/bifurcacion\\\/\",\"name\":\"Bifurcaci\u00f3n - Ediciones Alfar\",\"isPartOf\":{\"@id\":\"https:\\\/\\\/edicionesalfar.es\\\/es\\\/#website\"},\"primaryImageOfPage\":{\"@id\":\"https:\\\/\\\/edicionesalfar.es\\\/es\\\/producto\\\/bifurcacion\\\/#primaryimage\"},\"image\":{\"@id\":\"https:\\\/\\\/edicionesalfar.es\\\/es\\\/producto\\\/bifurcacion\\\/#primaryimage\"},\"thumbnailUrl\":\"https:\\\/\\\/edicionesalfar.es\\\/es\\\/wp-content\\\/uploads\\\/2026\\\/04\\\/9788410286559.jpg\",\"datePublished\":\"2026-04-08T07:52:31+00:00\",\"dateModified\":\"2026-04-08T07:52:36+00:00\",\"description\":\"Ambientada en la Espa\u00f1a de finales de los a\u00f1os setenta, en plena transici\u00f3n democr\u00e1tica, Bifurcaci\u00f3n es una historia intensa sobre la amistad, el despertar emocional, la primera vez que amamos de verdad y el valor necesario para abandonar el lugar donde cre\u00edmos estar condenados.\",\"breadcrumb\":{\"@id\":\"https:\\\/\\\/edicionesalfar.es\\\/es\\\/producto\\\/bifurcacion\\\/#breadcrumb\"},\"inLanguage\":\"es\",\"potentialAction\":[{\"@type\":\"ReadAction\",\"target\":[\"https:\\\/\\\/edicionesalfar.es\\\/es\\\/producto\\\/bifurcacion\\\/\"]}]},{\"@type\":\"ImageObject\",\"inLanguage\":\"es\",\"@id\":\"https:\\\/\\\/edicionesalfar.es\\\/es\\\/producto\\\/bifurcacion\\\/#primaryimage\",\"url\":\"https:\\\/\\\/edicionesalfar.es\\\/es\\\/wp-content\\\/uploads\\\/2026\\\/04\\\/9788410286559.jpg\",\"contentUrl\":\"https:\\\/\\\/edicionesalfar.es\\\/es\\\/wp-content\\\/uploads\\\/2026\\\/04\\\/9788410286559.jpg\",\"width\":1774,\"height\":2480},{\"@type\":\"BreadcrumbList\",\"@id\":\"https:\\\/\\\/edicionesalfar.es\\\/es\\\/producto\\\/bifurcacion\\\/#breadcrumb\",\"itemListElement\":[{\"@type\":\"ListItem\",\"position\":1,\"name\":\"Portada\",\"item\":\"https:\\\/\\\/edicionesalfar.es\\\/es\\\/\"},{\"@type\":\"ListItem\",\"position\":2,\"name\":\"Cat\u00e1logo\",\"item\":\"https:\\\/\\\/edicionesalfar.es\\\/es\\\/catalogo\\\/\"},{\"@type\":\"ListItem\",\"position\":3,\"name\":\"Bifurcaci\u00f3n\"}]},{\"@type\":\"WebSite\",\"@id\":\"https:\\\/\\\/edicionesalfar.es\\\/es\\\/#website\",\"url\":\"https:\\\/\\\/edicionesalfar.es\\\/es\\\/\",\"name\":\"Ediciones Alfar\",\"description\":\"\",\"potentialAction\":[{\"@type\":\"SearchAction\",\"target\":{\"@type\":\"EntryPoint\",\"urlTemplate\":\"https:\\\/\\\/edicionesalfar.es\\\/es\\\/?s={search_term_string}\"},\"query-input\":{\"@type\":\"PropertyValueSpecification\",\"valueRequired\":true,\"valueName\":\"search_term_string\"}}],\"inLanguage\":\"es\"}]}<\/script>\n<!-- \/ Yoast SEO plugin. -->","yoast_head_json":{"title":"Bifurcaci\u00f3n - Ediciones Alfar","description":"Ambientada en la Espa\u00f1a de finales de los a\u00f1os setenta, en plena transici\u00f3n democr\u00e1tica, Bifurcaci\u00f3n es una historia intensa sobre la amistad, el despertar emocional, la primera vez que amamos de verdad y el valor necesario para abandonar el lugar donde cre\u00edmos estar condenados.","robots":{"index":"index","follow":"follow","max-snippet":"max-snippet:-1","max-image-preview":"max-image-preview:large","max-video-preview":"max-video-preview:-1"},"canonical":"https:\/\/edicionesalfar.es\/es\/producto\/bifurcacion\/","og_locale":"es_ES","og_type":"article","og_title":"Bifurcaci\u00f3n - Ediciones Alfar","og_description":"Ambientada en la Espa\u00f1a de finales de los a\u00f1os setenta, en plena transici\u00f3n democr\u00e1tica, Bifurcaci\u00f3n es una historia intensa sobre la amistad, el despertar emocional, la primera vez que amamos de verdad y el valor necesario para abandonar el lugar donde cre\u00edmos estar condenados.","og_url":"https:\/\/edicionesalfar.es\/es\/producto\/bifurcacion\/","og_site_name":"Ediciones Alfar","article_modified_time":"2026-04-08T07:52:36+00:00","og_image":[{"width":732,"height":1024,"url":"https:\/\/edicionesalfar.es\/es\/wp-content\/uploads\/2026\/04\/9788410286559-732x1024.jpg","type":"image\/jpeg"}],"twitter_card":"summary_large_image","twitter_misc":{"Tiempo de lectura":"2 minutos"},"schema":{"@context":"https:\/\/schema.org","@graph":[{"@type":"WebPage","@id":"https:\/\/edicionesalfar.es\/es\/producto\/bifurcacion\/","url":"https:\/\/edicionesalfar.es\/es\/producto\/bifurcacion\/","name":"Bifurcaci\u00f3n - Ediciones Alfar","isPartOf":{"@id":"https:\/\/edicionesalfar.es\/es\/#website"},"primaryImageOfPage":{"@id":"https:\/\/edicionesalfar.es\/es\/producto\/bifurcacion\/#primaryimage"},"image":{"@id":"https:\/\/edicionesalfar.es\/es\/producto\/bifurcacion\/#primaryimage"},"thumbnailUrl":"https:\/\/edicionesalfar.es\/es\/wp-content\/uploads\/2026\/04\/9788410286559.jpg","datePublished":"2026-04-08T07:52:31+00:00","dateModified":"2026-04-08T07:52:36+00:00","description":"Ambientada en la Espa\u00f1a de finales de los a\u00f1os setenta, en plena transici\u00f3n democr\u00e1tica, Bifurcaci\u00f3n es una historia intensa sobre la amistad, el despertar emocional, la primera vez que amamos de verdad y el valor necesario para abandonar el lugar donde cre\u00edmos estar condenados.","breadcrumb":{"@id":"https:\/\/edicionesalfar.es\/es\/producto\/bifurcacion\/#breadcrumb"},"inLanguage":"es","potentialAction":[{"@type":"ReadAction","target":["https:\/\/edicionesalfar.es\/es\/producto\/bifurcacion\/"]}]},{"@type":"ImageObject","inLanguage":"es","@id":"https:\/\/edicionesalfar.es\/es\/producto\/bifurcacion\/#primaryimage","url":"https:\/\/edicionesalfar.es\/es\/wp-content\/uploads\/2026\/04\/9788410286559.jpg","contentUrl":"https:\/\/edicionesalfar.es\/es\/wp-content\/uploads\/2026\/04\/9788410286559.jpg","width":1774,"height":2480},{"@type":"BreadcrumbList","@id":"https:\/\/edicionesalfar.es\/es\/producto\/bifurcacion\/#breadcrumb","itemListElement":[{"@type":"ListItem","position":1,"name":"Portada","item":"https:\/\/edicionesalfar.es\/es\/"},{"@type":"ListItem","position":2,"name":"Cat\u00e1logo","item":"https:\/\/edicionesalfar.es\/es\/catalogo\/"},{"@type":"ListItem","position":3,"name":"Bifurcaci\u00f3n"}]},{"@type":"WebSite","@id":"https:\/\/edicionesalfar.es\/es\/#website","url":"https:\/\/edicionesalfar.es\/es\/","name":"Ediciones Alfar","description":"","potentialAction":[{"@type":"SearchAction","target":{"@type":"EntryPoint","urlTemplate":"https:\/\/edicionesalfar.es\/es\/?s={search_term_string}"},"query-input":{"@type":"PropertyValueSpecification","valueRequired":true,"valueName":"search_term_string"}}],"inLanguage":"es"}]}},"_links":{"self":[{"href":"https:\/\/edicionesalfar.es\/es\/wp-json\/wp\/v2\/product\/121793","targetHints":{"allow":["GET"]}}],"collection":[{"href":"https:\/\/edicionesalfar.es\/es\/wp-json\/wp\/v2\/product"}],"about":[{"href":"https:\/\/edicionesalfar.es\/es\/wp-json\/wp\/v2\/types\/product"}],"replies":[{"embeddable":true,"href":"https:\/\/edicionesalfar.es\/es\/wp-json\/wp\/v2\/comments?post=121793"}],"wp:featuredmedia":[{"embeddable":true,"href":"https:\/\/edicionesalfar.es\/es\/wp-json\/wp\/v2\/media\/121794"}],"wp:attachment":[{"href":"https:\/\/edicionesalfar.es\/es\/wp-json\/wp\/v2\/media?parent=121793"}],"wp:term":[{"taxonomy":"product_brand","embeddable":true,"href":"https:\/\/edicionesalfar.es\/es\/wp-json\/wp\/v2\/product_brand?post=121793"},{"taxonomy":"product_cat","embeddable":true,"href":"https:\/\/edicionesalfar.es\/es\/wp-json\/wp\/v2\/product_cat?post=121793"},{"taxonomy":"product_tag","embeddable":true,"href":"https:\/\/edicionesalfar.es\/es\/wp-json\/wp\/v2\/product_tag?post=121793"}],"curies":[{"name":"wp","href":"https:\/\/api.w.org\/{rel}","templated":true}]}}