{"id":121551,"date":"2026-01-13T14:05:57","date_gmt":"2026-01-13T13:05:57","guid":{"rendered":"https:\/\/edicionesalfar.es\/es\/?post_type=product&#038;p=121551"},"modified":"2026-01-13T14:06:01","modified_gmt":"2026-01-13T13:06:01","slug":"las-carreras-y-recorridos-oficiales-de-la-semana-santa-de-andalucia","status":"publish","type":"product","link":"https:\/\/edicionesalfar.es\/es\/producto\/las-carreras-y-recorridos-oficiales-de-la-semana-santa-de-andalucia\/","title":{"rendered":"Las Carreras y Recorridos Oficiales de la Semana Santa de Andaluc\u00eda"},"content":{"rendered":"<p>La Semana Santa andaluza es un universo de fe, historia y tradici\u00f3n que, generaci\u00f3n tras generaci\u00f3n, sigue emocionando a millones de personas. Sin embargo, existe un aspecto poco estudiado y esencial en la organizaci\u00f3n de estas celebraciones: las Carreras y Recorridos Oficiales, los itinerarios comunes que han vertebrado la religiosidad popular, el patrimonio art\u00edstico y hasta la vida social y econ\u00f3mica de las ciudades. Este libro recorre, por primera vez en conjunto, las diez principales Carreras Oficiales de Andaluc\u00eda \u2014desde Almer\u00eda a C\u00e1diz, pasando por C\u00f3rdoba, Granada, Huelva, Ja\u00e9n, M\u00e1laga, Sevilla, Guadix y Jerez\u2014 para descubrir sus or\u00edgenes, transformaciones y singularidades. A trav\u00e9s de un riguroso trabajo de investigaci\u00f3n apoyado en archivos, testimonios y documentos in\u00e9ditos, el autor nos adentra en c\u00f3mo estas trayectorias han marcado la identidad de hermandades, cofrad\u00edas y del propio pueblo andaluz. M\u00e1s que un estudio hist\u00f3rico, es una invitaci\u00f3n a comprender la trascendencia cultural, social y espiritual de unos recorridos que hoy son patrimonio vivo. Una obra imprescindible tanto para cofrades y amantes de la Semana Santa como para quienes deseen conocer de cerca una de las expresiones m\u00e1s genuinas del alma andaluza.<\/p>\n<p><strong>Jes\u00fas F. Creagh<\/strong> naci\u00f3 en Sevilla en 1945 y desde muy joven encontr\u00f3 en los libros y la escritura una forma de vivir la pasi\u00f3n por su tierra y sus tradiciones. Cofrade de coraz\u00f3n, ha dedicado gran parte de su vida a estudiar y difundir la riqueza de las hermandades andaluzas a trav\u00e9s de art\u00edculos, pregones y ensayos. Su labor profesional lo llev\u00f3 a ocupar cargos de responsabilidad en distintos colegios profesionales y entidades culturales, pero siempre mantuvo intacta su vocaci\u00f3n de narrar la historia y el alma de Sevilla. Reconocido con la medalla Pro Ecclesia et Pontifice por el Papa Francisco, es autor de t\u00edtulos como La profec\u00eda de Sevilla y Eso no estaba en mi libro de historia de Sevilla. Hoy disfruta de su faceta m\u00e1s entra\u00f1able: la de esposo, padre y abuelo, sin dejar de compartir su amor por las letras y por las cofrad\u00edas.<\/p>\n","protected":false},"excerpt":{"rendered":"<p>La Semana Santa andaluza es un universo de fe, historia y tradici\u00f3n que, generaci\u00f3n tras generaci\u00f3n, sigue emocionando a millones de personas. Sin embargo, existe un aspecto poco estudiado y esencial en la organizaci\u00f3n de estas celebraciones: las Carreras y Recorridos Oficiales, los itinerarios comunes que han vertebrado la religiosidad popular, el patrimonio art\u00edstico y hasta la vida social y econ\u00f3mica de las ciudades. Este libro recorre, por primera vez en conjunto, las diez principales Carreras Oficiales de Andaluc\u00eda \u2014desde Almer\u00eda a C\u00e1diz, pasando por C\u00f3rdoba, Granada, Huelva, Ja\u00e9n, M\u00e1laga, Sevilla, Guadix y Jerez\u2014 para descubrir sus or\u00edgenes, transformaciones y singularidades. A trav\u00e9s de un riguroso trabajo de investigaci\u00f3n apoyado en archivos, testimonios y documentos in\u00e9ditos, el autor nos adentra en c\u00f3mo estas trayectorias han marcado la identidad de hermandades, cofrad\u00edas y del propio pueblo andaluz. M\u00e1s que un estudio hist\u00f3rico, es una invitaci\u00f3n a comprender la trascendencia cultural, social y espiritual de unos recorridos que hoy son patrimonio vivo. Una obra imprescindible tanto para cofrades y amantes de la Semana Santa como para quienes deseen conocer de cerca una de las expresiones m\u00e1s genuinas del alma andaluza.<\/p>\n","protected":false},"featured_media":121552,"comment_status":"closed","ping_status":"closed","template":"","meta":{"_acf_changed":false,"_et_pb_use_builder":"","_et_pb_old_content":"","_et_gb_content_width":""},"product_brand":[],"product_cat":[52],"product_tag":[],"class_list":{"0":"post-121551","1":"product","2":"type-product","3":"status-publish","4":"has-post-thumbnail","6":"product_cat-semana-santa","8":"first","9":"instock","10":"taxable","11":"shipping-taxable","12":"purchasable","13":"product-type-simple"},"acf":[],"yoast_head":"<!-- This site is optimized with the Yoast SEO plugin v27.4 - https:\/\/yoast.com\/product\/yoast-seo-wordpress\/ -->\n<title>Las Carreras y Recorridos Oficiales de la Semana Santa de Andaluc\u00eda - Ediciones Alfar<\/title>\n<meta name=\"robots\" content=\"index, follow, max-snippet:-1, max-image-preview:large, max-video-preview:-1\" \/>\n<link rel=\"canonical\" href=\"https:\/\/edicionesalfar.es\/es\/producto\/las-carreras-y-recorridos-oficiales-de-la-semana-santa-de-andalucia\/\" \/>\n<meta property=\"og:locale\" content=\"es_ES\" \/>\n<meta property=\"og:type\" content=\"article\" \/>\n<meta property=\"og:title\" content=\"Las Carreras y Recorridos Oficiales de la Semana Santa de Andaluc\u00eda - Ediciones Alfar\" \/>\n<meta property=\"og:description\" content=\"La Semana Santa andaluza es un universo de fe, historia y tradici\u00f3n que, generaci\u00f3n tras generaci\u00f3n, sigue emocionando a millones de personas. Sin embargo, existe un aspecto poco estudiado y esencial en la organizaci\u00f3n de estas celebraciones: las Carreras y Recorridos Oficiales, los itinerarios comunes que han vertebrado la religiosidad popular, el patrimonio art\u00edstico y hasta la vida social y econ\u00f3mica de las ciudades. Este libro recorre, por primera vez en conjunto, las diez principales Carreras Oficiales de Andaluc\u00eda \u2014desde Almer\u00eda a C\u00e1diz, pasando por C\u00f3rdoba, Granada, Huelva, Ja\u00e9n, M\u00e1laga, Sevilla, Guadix y Jerez\u2014 para descubrir sus or\u00edgenes, transformaciones y singularidades. A trav\u00e9s de un riguroso trabajo de investigaci\u00f3n apoyado en archivos, testimonios y documentos in\u00e9ditos, el autor nos adentra en c\u00f3mo estas trayectorias han marcado la identidad de hermandades, cofrad\u00edas y del propio pueblo andaluz. M\u00e1s que un estudio hist\u00f3rico, es una invitaci\u00f3n a comprender la trascendencia cultural, social y espiritual de unos recorridos que hoy son patrimonio vivo. Una obra imprescindible tanto para cofrades y amantes de la Semana Santa como para quienes deseen conocer de cerca una de las expresiones m\u00e1s genuinas del alma andaluza.\" \/>\n<meta property=\"og:url\" content=\"https:\/\/edicionesalfar.es\/es\/producto\/las-carreras-y-recorridos-oficiales-de-la-semana-santa-de-andalucia\/\" \/>\n<meta property=\"og:site_name\" content=\"Ediciones Alfar\" \/>\n<meta property=\"article:modified_time\" content=\"2026-01-13T13:06:01+00:00\" \/>\n<meta property=\"og:image\" content=\"https:\/\/edicionesalfar.es\/es\/wp-content\/uploads\/2026\/01\/9788410286450-scaled.jpg\" \/>\n\t<meta property=\"og:image:width\" content=\"1795\" \/>\n\t<meta property=\"og:image:height\" content=\"2560\" \/>\n\t<meta property=\"og:image:type\" content=\"image\/jpeg\" \/>\n<meta name=\"twitter:card\" content=\"summary_large_image\" \/>\n<meta name=\"twitter:label1\" content=\"Tiempo de lectura\" \/>\n\t<meta name=\"twitter:data1\" content=\"2 minutos\" \/>\n<script type=\"application\/ld+json\" class=\"yoast-schema-graph\">{\"@context\":\"https:\\\/\\\/schema.org\",\"@graph\":[{\"@type\":\"WebPage\",\"@id\":\"https:\\\/\\\/edicionesalfar.es\\\/es\\\/producto\\\/las-carreras-y-recorridos-oficiales-de-la-semana-santa-de-andalucia\\\/\",\"url\":\"https:\\\/\\\/edicionesalfar.es\\\/es\\\/producto\\\/las-carreras-y-recorridos-oficiales-de-la-semana-santa-de-andalucia\\\/\",\"name\":\"Las Carreras y Recorridos Oficiales de la Semana Santa de Andaluc\u00eda - Ediciones Alfar\",\"isPartOf\":{\"@id\":\"https:\\\/\\\/edicionesalfar.es\\\/es\\\/#website\"},\"primaryImageOfPage\":{\"@id\":\"https:\\\/\\\/edicionesalfar.es\\\/es\\\/producto\\\/las-carreras-y-recorridos-oficiales-de-la-semana-santa-de-andalucia\\\/#primaryimage\"},\"image\":{\"@id\":\"https:\\\/\\\/edicionesalfar.es\\\/es\\\/producto\\\/las-carreras-y-recorridos-oficiales-de-la-semana-santa-de-andalucia\\\/#primaryimage\"},\"thumbnailUrl\":\"https:\\\/\\\/edicionesalfar.es\\\/es\\\/wp-content\\\/uploads\\\/2026\\\/01\\\/9788410286450-scaled.jpg\",\"datePublished\":\"2026-01-13T13:05:57+00:00\",\"dateModified\":\"2026-01-13T13:06:01+00:00\",\"breadcrumb\":{\"@id\":\"https:\\\/\\\/edicionesalfar.es\\\/es\\\/producto\\\/las-carreras-y-recorridos-oficiales-de-la-semana-santa-de-andalucia\\\/#breadcrumb\"},\"inLanguage\":\"es\",\"potentialAction\":[{\"@type\":\"ReadAction\",\"target\":[\"https:\\\/\\\/edicionesalfar.es\\\/es\\\/producto\\\/las-carreras-y-recorridos-oficiales-de-la-semana-santa-de-andalucia\\\/\"]}]},{\"@type\":\"ImageObject\",\"inLanguage\":\"es\",\"@id\":\"https:\\\/\\\/edicionesalfar.es\\\/es\\\/producto\\\/las-carreras-y-recorridos-oficiales-de-la-semana-santa-de-andalucia\\\/#primaryimage\",\"url\":\"https:\\\/\\\/edicionesalfar.es\\\/es\\\/wp-content\\\/uploads\\\/2026\\\/01\\\/9788410286450-scaled.jpg\",\"contentUrl\":\"https:\\\/\\\/edicionesalfar.es\\\/es\\\/wp-content\\\/uploads\\\/2026\\\/01\\\/9788410286450-scaled.jpg\",\"width\":1795,\"height\":2560},{\"@type\":\"BreadcrumbList\",\"@id\":\"https:\\\/\\\/edicionesalfar.es\\\/es\\\/producto\\\/las-carreras-y-recorridos-oficiales-de-la-semana-santa-de-andalucia\\\/#breadcrumb\",\"itemListElement\":[{\"@type\":\"ListItem\",\"position\":1,\"name\":\"Portada\",\"item\":\"https:\\\/\\\/edicionesalfar.es\\\/es\\\/\"},{\"@type\":\"ListItem\",\"position\":2,\"name\":\"Cat\u00e1logo\",\"item\":\"https:\\\/\\\/edicionesalfar.es\\\/es\\\/catalogo\\\/\"},{\"@type\":\"ListItem\",\"position\":3,\"name\":\"Las Carreras y Recorridos Oficiales de la Semana Santa de Andaluc\u00eda\"}]},{\"@type\":\"WebSite\",\"@id\":\"https:\\\/\\\/edicionesalfar.es\\\/es\\\/#website\",\"url\":\"https:\\\/\\\/edicionesalfar.es\\\/es\\\/\",\"name\":\"Ediciones Alfar\",\"description\":\"\",\"potentialAction\":[{\"@type\":\"SearchAction\",\"target\":{\"@type\":\"EntryPoint\",\"urlTemplate\":\"https:\\\/\\\/edicionesalfar.es\\\/es\\\/?s={search_term_string}\"},\"query-input\":{\"@type\":\"PropertyValueSpecification\",\"valueRequired\":true,\"valueName\":\"search_term_string\"}}],\"inLanguage\":\"es\"}]}<\/script>\n<!-- \/ Yoast SEO plugin. -->","yoast_head_json":{"title":"Las Carreras y Recorridos Oficiales de la Semana Santa de Andaluc\u00eda - Ediciones Alfar","robots":{"index":"index","follow":"follow","max-snippet":"max-snippet:-1","max-image-preview":"max-image-preview:large","max-video-preview":"max-video-preview:-1"},"canonical":"https:\/\/edicionesalfar.es\/es\/producto\/las-carreras-y-recorridos-oficiales-de-la-semana-santa-de-andalucia\/","og_locale":"es_ES","og_type":"article","og_title":"Las Carreras y Recorridos Oficiales de la Semana Santa de Andaluc\u00eda - Ediciones Alfar","og_description":"La Semana Santa andaluza es un universo de fe, historia y tradici\u00f3n que, generaci\u00f3n tras generaci\u00f3n, sigue emocionando a millones de personas. Sin embargo, existe un aspecto poco estudiado y esencial en la organizaci\u00f3n de estas celebraciones: las Carreras y Recorridos Oficiales, los itinerarios comunes que han vertebrado la religiosidad popular, el patrimonio art\u00edstico y hasta la vida social y econ\u00f3mica de las ciudades. Este libro recorre, por primera vez en conjunto, las diez principales Carreras Oficiales de Andaluc\u00eda \u2014desde Almer\u00eda a C\u00e1diz, pasando por C\u00f3rdoba, Granada, Huelva, Ja\u00e9n, M\u00e1laga, Sevilla, Guadix y Jerez\u2014 para descubrir sus or\u00edgenes, transformaciones y singularidades. A trav\u00e9s de un riguroso trabajo de investigaci\u00f3n apoyado en archivos, testimonios y documentos in\u00e9ditos, el autor nos adentra en c\u00f3mo estas trayectorias han marcado la identidad de hermandades, cofrad\u00edas y del propio pueblo andaluz. M\u00e1s que un estudio hist\u00f3rico, es una invitaci\u00f3n a comprender la trascendencia cultural, social y espiritual de unos recorridos que hoy son patrimonio vivo. Una obra imprescindible tanto para cofrades y amantes de la Semana Santa como para quienes deseen conocer de cerca una de las expresiones m\u00e1s genuinas del alma andaluza.","og_url":"https:\/\/edicionesalfar.es\/es\/producto\/las-carreras-y-recorridos-oficiales-de-la-semana-santa-de-andalucia\/","og_site_name":"Ediciones Alfar","article_modified_time":"2026-01-13T13:06:01+00:00","og_image":[{"width":1795,"height":2560,"url":"https:\/\/edicionesalfar.es\/es\/wp-content\/uploads\/2026\/01\/9788410286450-scaled.jpg","type":"image\/jpeg"}],"twitter_card":"summary_large_image","twitter_misc":{"Tiempo de lectura":"2 minutos"},"schema":{"@context":"https:\/\/schema.org","@graph":[{"@type":"WebPage","@id":"https:\/\/edicionesalfar.es\/es\/producto\/las-carreras-y-recorridos-oficiales-de-la-semana-santa-de-andalucia\/","url":"https:\/\/edicionesalfar.es\/es\/producto\/las-carreras-y-recorridos-oficiales-de-la-semana-santa-de-andalucia\/","name":"Las Carreras y Recorridos Oficiales de la Semana Santa de Andaluc\u00eda - Ediciones Alfar","isPartOf":{"@id":"https:\/\/edicionesalfar.es\/es\/#website"},"primaryImageOfPage":{"@id":"https:\/\/edicionesalfar.es\/es\/producto\/las-carreras-y-recorridos-oficiales-de-la-semana-santa-de-andalucia\/#primaryimage"},"image":{"@id":"https:\/\/edicionesalfar.es\/es\/producto\/las-carreras-y-recorridos-oficiales-de-la-semana-santa-de-andalucia\/#primaryimage"},"thumbnailUrl":"https:\/\/edicionesalfar.es\/es\/wp-content\/uploads\/2026\/01\/9788410286450-scaled.jpg","datePublished":"2026-01-13T13:05:57+00:00","dateModified":"2026-01-13T13:06:01+00:00","breadcrumb":{"@id":"https:\/\/edicionesalfar.es\/es\/producto\/las-carreras-y-recorridos-oficiales-de-la-semana-santa-de-andalucia\/#breadcrumb"},"inLanguage":"es","potentialAction":[{"@type":"ReadAction","target":["https:\/\/edicionesalfar.es\/es\/producto\/las-carreras-y-recorridos-oficiales-de-la-semana-santa-de-andalucia\/"]}]},{"@type":"ImageObject","inLanguage":"es","@id":"https:\/\/edicionesalfar.es\/es\/producto\/las-carreras-y-recorridos-oficiales-de-la-semana-santa-de-andalucia\/#primaryimage","url":"https:\/\/edicionesalfar.es\/es\/wp-content\/uploads\/2026\/01\/9788410286450-scaled.jpg","contentUrl":"https:\/\/edicionesalfar.es\/es\/wp-content\/uploads\/2026\/01\/9788410286450-scaled.jpg","width":1795,"height":2560},{"@type":"BreadcrumbList","@id":"https:\/\/edicionesalfar.es\/es\/producto\/las-carreras-y-recorridos-oficiales-de-la-semana-santa-de-andalucia\/#breadcrumb","itemListElement":[{"@type":"ListItem","position":1,"name":"Portada","item":"https:\/\/edicionesalfar.es\/es\/"},{"@type":"ListItem","position":2,"name":"Cat\u00e1logo","item":"https:\/\/edicionesalfar.es\/es\/catalogo\/"},{"@type":"ListItem","position":3,"name":"Las Carreras y Recorridos Oficiales de la Semana Santa de Andaluc\u00eda"}]},{"@type":"WebSite","@id":"https:\/\/edicionesalfar.es\/es\/#website","url":"https:\/\/edicionesalfar.es\/es\/","name":"Ediciones Alfar","description":"","potentialAction":[{"@type":"SearchAction","target":{"@type":"EntryPoint","urlTemplate":"https:\/\/edicionesalfar.es\/es\/?s={search_term_string}"},"query-input":{"@type":"PropertyValueSpecification","valueRequired":true,"valueName":"search_term_string"}}],"inLanguage":"es"}]}},"_links":{"self":[{"href":"https:\/\/edicionesalfar.es\/es\/wp-json\/wp\/v2\/product\/121551","targetHints":{"allow":["GET"]}}],"collection":[{"href":"https:\/\/edicionesalfar.es\/es\/wp-json\/wp\/v2\/product"}],"about":[{"href":"https:\/\/edicionesalfar.es\/es\/wp-json\/wp\/v2\/types\/product"}],"replies":[{"embeddable":true,"href":"https:\/\/edicionesalfar.es\/es\/wp-json\/wp\/v2\/comments?post=121551"}],"wp:featuredmedia":[{"embeddable":true,"href":"https:\/\/edicionesalfar.es\/es\/wp-json\/wp\/v2\/media\/121552"}],"wp:attachment":[{"href":"https:\/\/edicionesalfar.es\/es\/wp-json\/wp\/v2\/media?parent=121551"}],"wp:term":[{"taxonomy":"product_brand","embeddable":true,"href":"https:\/\/edicionesalfar.es\/es\/wp-json\/wp\/v2\/product_brand?post=121551"},{"taxonomy":"product_cat","embeddable":true,"href":"https:\/\/edicionesalfar.es\/es\/wp-json\/wp\/v2\/product_cat?post=121551"},{"taxonomy":"product_tag","embeddable":true,"href":"https:\/\/edicionesalfar.es\/es\/wp-json\/wp\/v2\/product_tag?post=121551"}],"curies":[{"name":"wp","href":"https:\/\/api.w.org\/{rel}","templated":true}]}}