{"id":121314,"date":"2025-10-17T07:42:32","date_gmt":"2025-10-17T05:42:32","guid":{"rendered":"https:\/\/edicionesalfar.es\/es\/?post_type=product&#038;p=121314"},"modified":"2025-10-17T07:42:37","modified_gmt":"2025-10-17T05:42:37","slug":"sevilla-para-colorear","status":"publish","type":"product","link":"https:\/\/edicionesalfar.es\/es\/producto\/sevilla-para-colorear\/","title":{"rendered":"Sevilla para colorear"},"content":{"rendered":"<p>Sevilla es una ciudad llena de historia, arte, magia y lugares que parecen sacados de una leyenda. Sus calles esconden tesoros que han sido testigos del paso del tiempo y que hoy nos hablan de reyes, descubridores, artistas y distintas culturas que dejaron huella. Este Coloreable, dedicado a nuestra bella ciudad, te ayudar\u00e1 a entender por qu\u00e9 Sevilla es una ciudad tan especial. As\u00ed que, coge tus l\u00e1pices y prep\u00e1rate para un viaje divertido por esta ciudad llena de luz y de color. \u00bfEst\u00e1s listo para dar color a Sevilla?<\/p>\n<p>Terea Guzm\u00e1n es Licenciada en Bellas Artes y Diplomada en Ciencias de la Educaci\u00f3n. Profesora de Ense\u00f1anza Secundaria, combina su labor docente con una intensa actividad art\u00edstica, editorial y divulgativa. En Ediciones Alfar ha publicado t\u00edtulos de gran acogida como Mis leyendas de Sevilla (vols. 1 y 2), El Rab\u00ed de Galilea, Dicen que nunca se rinde, Me llaman Jes\u00fas del Gran Poder o Mi primera Semana Santa de Sevilla, entre otros. Su faceta art\u00edstica se refleja en m\u00faltiples exposiciones individuales y colectivas, as\u00ed como en el dise\u00f1o de carteles y portadas para entidades culturales y hermandades sevillanas. Buenas, malas y peores fue su primera obra como autora e ilustradora. Pablo Borrallo, Doctor en Historia, es autor de numerosos t\u00edtulos en Ediciones Alfar, destacando por la Semana Santa y su capacidad para divulgar el patrimonio y la historia cultural de Sevilla con rigor y cercan\u00eda. Su trabajo conecta el conocimiento acad\u00e9mico con el gran p\u00fablico, convirtiendo cada publicaci\u00f3n en una puerta abierta al pasado de la ciudad y presente de la ciudad de Sevilla. Juntos han unido su experiencia y su amor por Sevilla para crear Sevilla para colorear, una propuesta visual y educativa que invita a descubrir la ciudad a trav\u00e9s del arte y el juego.<\/p>\n","protected":false},"excerpt":{"rendered":"<p>Coge tus l\u00e1pices y prep\u00e1rate para un viaje divertido por esta ciudad llena de luz y de color. \u00bfEst\u00e1s listo para dar color a Sevilla? Sevilla es una ciudad llena de historia, arte, magia y lugares que parecen sacados de una leyenda. Sus calles esconden tesoros que han sido testigos del paso del tiempo y que hoy nos hablan de reyes, descubridores, artistas y distintas culturas que dejaron huella. Este Coloreable, dedicado a nuestra bella ciudad, te ayudar\u00e1 a entender por qu\u00e9 Sevilla es una ciudad tan especial.<\/p>\n","protected":false},"featured_media":121315,"comment_status":"closed","ping_status":"closed","template":"","meta":{"_acf_changed":false,"_et_pb_use_builder":"","_et_pb_old_content":"","_et_gb_content_width":""},"product_brand":[],"product_cat":[376,477,580],"product_tag":[],"class_list":{"0":"post-121314","1":"product","2":"type-product","3":"status-publish","4":"has-post-thumbnail","6":"product_cat-autores","7":"product_cat-borrallo-sanchez-pablo","8":"product_cat-guzman-teresa","10":"first","11":"instock","12":"sale","13":"taxable","14":"shipping-taxable","15":"purchasable","16":"product-type-simple"},"acf":[],"yoast_head":"<!-- This site is optimized with the Yoast SEO plugin v27.4 - https:\/\/yoast.com\/product\/yoast-seo-wordpress\/ -->\n<title>Sevilla para colorear - Ediciones Alfar<\/title>\n<meta name=\"description\" content=\"Este Coloreable, dedicado a nuestra bella ciudad, te ayudar\u00e1 a entender por qu\u00e9 Sevilla es una ciudad tan especial. Coge tus l\u00e1pices y colorea Sevilla.\" \/>\n<meta name=\"robots\" content=\"index, follow, max-snippet:-1, max-image-preview:large, max-video-preview:-1\" \/>\n<link rel=\"canonical\" href=\"https:\/\/edicionesalfar.es\/es\/producto\/sevilla-para-colorear\/\" \/>\n<meta property=\"og:locale\" content=\"es_ES\" \/>\n<meta property=\"og:type\" content=\"article\" \/>\n<meta property=\"og:title\" content=\"Sevilla para colorear - Ediciones Alfar\" \/>\n<meta property=\"og:description\" content=\"Este Coloreable, dedicado a nuestra bella ciudad, te ayudar\u00e1 a entender por qu\u00e9 Sevilla es una ciudad tan especial. Coge tus l\u00e1pices y colorea Sevilla.\" \/>\n<meta property=\"og:url\" content=\"https:\/\/edicionesalfar.es\/es\/producto\/sevilla-para-colorear\/\" \/>\n<meta property=\"og:site_name\" content=\"Ediciones Alfar\" \/>\n<meta property=\"article:modified_time\" content=\"2025-10-17T05:42:37+00:00\" \/>\n<meta property=\"og:image\" content=\"https:\/\/edicionesalfar.es\/es\/wp-content\/uploads\/2025\/10\/9788410286412-scaled.jpg\" \/>\n\t<meta property=\"og:image:width\" content=\"1808\" \/>\n\t<meta property=\"og:image:height\" content=\"2560\" \/>\n\t<meta property=\"og:image:type\" content=\"image\/jpeg\" \/>\n<meta name=\"twitter:card\" content=\"summary_large_image\" \/>\n<meta name=\"twitter:label1\" content=\"Tiempo de lectura\" \/>\n\t<meta name=\"twitter:data1\" content=\"2 minutos\" \/>\n<script type=\"application\/ld+json\" class=\"yoast-schema-graph\">{\"@context\":\"https:\\\/\\\/schema.org\",\"@graph\":[{\"@type\":\"WebPage\",\"@id\":\"https:\\\/\\\/edicionesalfar.es\\\/es\\\/producto\\\/sevilla-para-colorear\\\/\",\"url\":\"https:\\\/\\\/edicionesalfar.es\\\/es\\\/producto\\\/sevilla-para-colorear\\\/\",\"name\":\"Sevilla para colorear - Ediciones Alfar\",\"isPartOf\":{\"@id\":\"https:\\\/\\\/edicionesalfar.es\\\/es\\\/#website\"},\"primaryImageOfPage\":{\"@id\":\"https:\\\/\\\/edicionesalfar.es\\\/es\\\/producto\\\/sevilla-para-colorear\\\/#primaryimage\"},\"image\":{\"@id\":\"https:\\\/\\\/edicionesalfar.es\\\/es\\\/producto\\\/sevilla-para-colorear\\\/#primaryimage\"},\"thumbnailUrl\":\"https:\\\/\\\/edicionesalfar.es\\\/es\\\/wp-content\\\/uploads\\\/2025\\\/10\\\/9788410286412-scaled.jpg\",\"datePublished\":\"2025-10-17T05:42:32+00:00\",\"dateModified\":\"2025-10-17T05:42:37+00:00\",\"description\":\"Este Coloreable, dedicado a nuestra bella ciudad, te ayudar\u00e1 a entender por qu\u00e9 Sevilla es una ciudad tan especial. Coge tus l\u00e1pices y colorea Sevilla.\",\"breadcrumb\":{\"@id\":\"https:\\\/\\\/edicionesalfar.es\\\/es\\\/producto\\\/sevilla-para-colorear\\\/#breadcrumb\"},\"inLanguage\":\"es\",\"potentialAction\":[{\"@type\":\"ReadAction\",\"target\":[\"https:\\\/\\\/edicionesalfar.es\\\/es\\\/producto\\\/sevilla-para-colorear\\\/\"]}]},{\"@type\":\"ImageObject\",\"inLanguage\":\"es\",\"@id\":\"https:\\\/\\\/edicionesalfar.es\\\/es\\\/producto\\\/sevilla-para-colorear\\\/#primaryimage\",\"url\":\"https:\\\/\\\/edicionesalfar.es\\\/es\\\/wp-content\\\/uploads\\\/2025\\\/10\\\/9788410286412-scaled.jpg\",\"contentUrl\":\"https:\\\/\\\/edicionesalfar.es\\\/es\\\/wp-content\\\/uploads\\\/2025\\\/10\\\/9788410286412-scaled.jpg\",\"width\":1808,\"height\":2560},{\"@type\":\"BreadcrumbList\",\"@id\":\"https:\\\/\\\/edicionesalfar.es\\\/es\\\/producto\\\/sevilla-para-colorear\\\/#breadcrumb\",\"itemListElement\":[{\"@type\":\"ListItem\",\"position\":1,\"name\":\"Portada\",\"item\":\"https:\\\/\\\/edicionesalfar.es\\\/es\\\/\"},{\"@type\":\"ListItem\",\"position\":2,\"name\":\"Cat\u00e1logo\",\"item\":\"https:\\\/\\\/edicionesalfar.es\\\/es\\\/catalogo\\\/\"},{\"@type\":\"ListItem\",\"position\":3,\"name\":\"Sevilla para colorear\"}]},{\"@type\":\"WebSite\",\"@id\":\"https:\\\/\\\/edicionesalfar.es\\\/es\\\/#website\",\"url\":\"https:\\\/\\\/edicionesalfar.es\\\/es\\\/\",\"name\":\"Ediciones Alfar\",\"description\":\"\",\"potentialAction\":[{\"@type\":\"SearchAction\",\"target\":{\"@type\":\"EntryPoint\",\"urlTemplate\":\"https:\\\/\\\/edicionesalfar.es\\\/es\\\/?s={search_term_string}\"},\"query-input\":{\"@type\":\"PropertyValueSpecification\",\"valueRequired\":true,\"valueName\":\"search_term_string\"}}],\"inLanguage\":\"es\"}]}<\/script>\n<!-- \/ Yoast SEO plugin. -->","yoast_head_json":{"title":"Sevilla para colorear - Ediciones Alfar","description":"Este Coloreable, dedicado a nuestra bella ciudad, te ayudar\u00e1 a entender por qu\u00e9 Sevilla es una ciudad tan especial. Coge tus l\u00e1pices y colorea Sevilla.","robots":{"index":"index","follow":"follow","max-snippet":"max-snippet:-1","max-image-preview":"max-image-preview:large","max-video-preview":"max-video-preview:-1"},"canonical":"https:\/\/edicionesalfar.es\/es\/producto\/sevilla-para-colorear\/","og_locale":"es_ES","og_type":"article","og_title":"Sevilla para colorear - Ediciones Alfar","og_description":"Este Coloreable, dedicado a nuestra bella ciudad, te ayudar\u00e1 a entender por qu\u00e9 Sevilla es una ciudad tan especial. Coge tus l\u00e1pices y colorea Sevilla.","og_url":"https:\/\/edicionesalfar.es\/es\/producto\/sevilla-para-colorear\/","og_site_name":"Ediciones Alfar","article_modified_time":"2025-10-17T05:42:37+00:00","og_image":[{"width":1808,"height":2560,"url":"https:\/\/edicionesalfar.es\/es\/wp-content\/uploads\/2025\/10\/9788410286412-scaled.jpg","type":"image\/jpeg"}],"twitter_card":"summary_large_image","twitter_misc":{"Tiempo de lectura":"2 minutos"},"schema":{"@context":"https:\/\/schema.org","@graph":[{"@type":"WebPage","@id":"https:\/\/edicionesalfar.es\/es\/producto\/sevilla-para-colorear\/","url":"https:\/\/edicionesalfar.es\/es\/producto\/sevilla-para-colorear\/","name":"Sevilla para colorear - Ediciones Alfar","isPartOf":{"@id":"https:\/\/edicionesalfar.es\/es\/#website"},"primaryImageOfPage":{"@id":"https:\/\/edicionesalfar.es\/es\/producto\/sevilla-para-colorear\/#primaryimage"},"image":{"@id":"https:\/\/edicionesalfar.es\/es\/producto\/sevilla-para-colorear\/#primaryimage"},"thumbnailUrl":"https:\/\/edicionesalfar.es\/es\/wp-content\/uploads\/2025\/10\/9788410286412-scaled.jpg","datePublished":"2025-10-17T05:42:32+00:00","dateModified":"2025-10-17T05:42:37+00:00","description":"Este Coloreable, dedicado a nuestra bella ciudad, te ayudar\u00e1 a entender por qu\u00e9 Sevilla es una ciudad tan especial. Coge tus l\u00e1pices y colorea Sevilla.","breadcrumb":{"@id":"https:\/\/edicionesalfar.es\/es\/producto\/sevilla-para-colorear\/#breadcrumb"},"inLanguage":"es","potentialAction":[{"@type":"ReadAction","target":["https:\/\/edicionesalfar.es\/es\/producto\/sevilla-para-colorear\/"]}]},{"@type":"ImageObject","inLanguage":"es","@id":"https:\/\/edicionesalfar.es\/es\/producto\/sevilla-para-colorear\/#primaryimage","url":"https:\/\/edicionesalfar.es\/es\/wp-content\/uploads\/2025\/10\/9788410286412-scaled.jpg","contentUrl":"https:\/\/edicionesalfar.es\/es\/wp-content\/uploads\/2025\/10\/9788410286412-scaled.jpg","width":1808,"height":2560},{"@type":"BreadcrumbList","@id":"https:\/\/edicionesalfar.es\/es\/producto\/sevilla-para-colorear\/#breadcrumb","itemListElement":[{"@type":"ListItem","position":1,"name":"Portada","item":"https:\/\/edicionesalfar.es\/es\/"},{"@type":"ListItem","position":2,"name":"Cat\u00e1logo","item":"https:\/\/edicionesalfar.es\/es\/catalogo\/"},{"@type":"ListItem","position":3,"name":"Sevilla para colorear"}]},{"@type":"WebSite","@id":"https:\/\/edicionesalfar.es\/es\/#website","url":"https:\/\/edicionesalfar.es\/es\/","name":"Ediciones Alfar","description":"","potentialAction":[{"@type":"SearchAction","target":{"@type":"EntryPoint","urlTemplate":"https:\/\/edicionesalfar.es\/es\/?s={search_term_string}"},"query-input":{"@type":"PropertyValueSpecification","valueRequired":true,"valueName":"search_term_string"}}],"inLanguage":"es"}]}},"_links":{"self":[{"href":"https:\/\/edicionesalfar.es\/es\/wp-json\/wp\/v2\/product\/121314","targetHints":{"allow":["GET"]}}],"collection":[{"href":"https:\/\/edicionesalfar.es\/es\/wp-json\/wp\/v2\/product"}],"about":[{"href":"https:\/\/edicionesalfar.es\/es\/wp-json\/wp\/v2\/types\/product"}],"replies":[{"embeddable":true,"href":"https:\/\/edicionesalfar.es\/es\/wp-json\/wp\/v2\/comments?post=121314"}],"wp:featuredmedia":[{"embeddable":true,"href":"https:\/\/edicionesalfar.es\/es\/wp-json\/wp\/v2\/media\/121315"}],"wp:attachment":[{"href":"https:\/\/edicionesalfar.es\/es\/wp-json\/wp\/v2\/media?parent=121314"}],"wp:term":[{"taxonomy":"product_brand","embeddable":true,"href":"https:\/\/edicionesalfar.es\/es\/wp-json\/wp\/v2\/product_brand?post=121314"},{"taxonomy":"product_cat","embeddable":true,"href":"https:\/\/edicionesalfar.es\/es\/wp-json\/wp\/v2\/product_cat?post=121314"},{"taxonomy":"product_tag","embeddable":true,"href":"https:\/\/edicionesalfar.es\/es\/wp-json\/wp\/v2\/product_tag?post=121314"}],"curies":[{"name":"wp","href":"https:\/\/api.w.org\/{rel}","templated":true}]}}