{"id":121312,"date":"2025-10-17T07:23:21","date_gmt":"2025-10-17T05:23:21","guid":{"rendered":"https:\/\/edicionesalfar.es\/es\/?post_type=product&#038;p=121312"},"modified":"2025-10-17T07:26:37","modified_gmt":"2025-10-17T05:26:37","slug":"la-semana-santa-de-manuel-albarran-iii","status":"publish","type":"product","link":"https:\/\/edicionesalfar.es\/es\/producto\/la-semana-santa-de-manuel-albarran-iii\/","title":{"rendered":"La semana Santa de Manuel Albarr\u00e1n III"},"content":{"rendered":"<p>Tercer y \u00faltimo volumen que cierra la colecci\u00f3n dedicada al trabajo fotogr\u00e1fico que Manuel Albarr\u00e1n (1909-1954) consagr\u00f3 a las cofrad\u00edas de Sevilla. Un nuevo compendio con el que venimos a cerrar la trilog\u00eda, complementando a los dos libros anteriores con las hermandades que restaban: el Amor, las Penas de San Vicente, las Aguas, los Estudiantes, Santa Cruz, el Cristo de Burgos, las Siete Palabras, los Panaderos, la Quinta Angustia, el Valle, Pasi\u00f3n, los Gitanos, la Soledad de San Buenaventura, el Cachorro, San Isidoro, Montserrat y la Sagrada Mortaja. Bajo un mismo dise\u00f1o, que ayuda a conservar la colecci\u00f3n del tr\u00edo de cat\u00e1logos, vuelven a verterse m\u00e1s de cuatrocientas fotograf\u00edas in\u00e9ditas de las im\u00e1genes titulares de las cofrad\u00edas hispalenses, de sus altares de culto y de sus pasos procesionales que configuran, junto a los oportunos comentarios, el elenco visual transformado en un ejercicio de evocaci\u00f3n y fascinaci\u00f3n de una Semana Santa en blanco y negro con casi un siglo a sus espaldas.<\/p>\n<p><strong>Emilio Jos\u00e9 Balbuena<\/strong>. Nacido en Sevilla en 1974, estudi\u00f3 en la Universidad de Sevilla la licenciatura de Geograf\u00eda e Historia, especialidad de Historia del Arte. Profesionalmente se dedica al sector del medio ambiente en la Agencia de Medio Ambiente y Agua de Andaluc\u00eda. Hermano de las de San Benito y la Hiniesta de la capital andaluza, en esta \u00faltima ha desempe\u00f1ado los cargos de prioste segundo (1995-1999) y secretario primero (2008-2012), responsabiliz\u00e1ndose, adem\u00e1s, de diversas tareas en \u00e1reas como juventud, formaci\u00f3n, obras asistenciales, priost\u00eda, secretar\u00eda y mayordom\u00eda, habiendo sido pregonero de la Hiniesta en 2016.<\/p>\n<p><strong>Enrique Guevara P\u00e9rez<\/strong>. Nacido en Madrid en 1978. Licenciado en Administraci\u00f3n y Direcci\u00f3n de Empresas por la Universidad Complutense de Madrid y M\u00e1ster en Direcci\u00f3n Financiera por ESIC, desarrolla actualmente su labor profesional como directivo en el sector de grandes almacenes. Es hermano de la Primitiva Hermandad de los Nazarenos de Sevilla, (El Silencio), y de la del Gran Poder y Esperanza Macarena, de Madrid. Ha pertenecido durante m\u00e1s de una d\u00e9cada al Consejo Diocesano de HH y CC de Madrid, y form\u00f3 parte de la comisi\u00f3n organizadora del V\u00eda Crucis de la JMJ, Madrid 2011. Insignia de oro del Bolet\u00edn de las Cofrad\u00edas de Sevilla, est\u00e1 en posesi\u00f3n del Premio Dem\u00f3filo que otorga la Fundaci\u00f3n Machado, de Sevilla, y del Premio Jorge Bernales concedido por el Consejo General de HH y CC de Sevilla a la investigaci\u00f3n cofrade.<\/p>\n","protected":false},"excerpt":{"rendered":"<p>Tercer y \u00faltimo volumen que cierra la colecci\u00f3n dedicada al trabajo fotogr\u00e1fico que Manuel Albarr\u00e1n (1909-1954) consagr\u00f3 a las cofrad\u00edas de Sevilla. Un nuevo compendio con el que venimos a cerrar la trilog\u00eda, complementando a los dos libros anteriores con las hermandades que restaban: el Amor, las Penas de San Vicente, las Aguas, los Estudiantes, Santa Cruz, el Cristo de Burgos, las Siete Palabras, los Panaderos, la Quinta Angustia, el Valle, Pasi\u00f3n, los Gitanos, la Soledad de San Buenaventura, el Cachorro, San Isidoro, Montserrat y la Sagrada Mortaja.<\/p>\n","protected":false},"featured_media":121313,"comment_status":"closed","ping_status":"closed","template":"","meta":{"_acf_changed":false,"_et_pb_use_builder":"","_et_pb_old_content":"","_et_gb_content_width":""},"product_brand":[],"product_cat":[372,376,625,375,609,52],"product_tag":[],"class_list":{"0":"post-121312","1":"product","2":"type-product","3":"status-publish","4":"has-post-thumbnail","6":"product_cat-alfar","7":"product_cat-autores","8":"product_cat-balbuena-emilio-jose","9":"product_cat-editoriales","10":"product_cat-guevara-perez-enrique","11":"product_cat-semana-santa","13":"first","14":"instock","15":"sale","16":"taxable","17":"shipping-taxable","18":"purchasable","19":"product-type-simple"},"acf":[],"yoast_head":"<!-- This site is optimized with the Yoast SEO plugin v27.4 - https:\/\/yoast.com\/product\/yoast-seo-wordpress\/ -->\n<title>La semana Santa de Manuel Albarr\u00e1n III - Ediciones Alfar<\/title>\n<meta name=\"description\" content=\"Tercer y \u00faltimo volumen que cierra la colecci\u00f3n dedicada al trabajo fotogr\u00e1fico que Manuel Albarr\u00e1n (1909-1954) consagr\u00f3 a las cofrad\u00edas de Sevilla.\" \/>\n<meta name=\"robots\" content=\"index, follow, max-snippet:-1, max-image-preview:large, max-video-preview:-1\" \/>\n<link rel=\"canonical\" href=\"https:\/\/edicionesalfar.es\/es\/producto\/la-semana-santa-de-manuel-albarran-iii\/\" \/>\n<meta property=\"og:locale\" content=\"es_ES\" \/>\n<meta property=\"og:type\" content=\"article\" \/>\n<meta property=\"og:title\" content=\"La semana Santa de Manuel Albarr\u00e1n III - Ediciones Alfar\" \/>\n<meta property=\"og:description\" content=\"Tercer y \u00faltimo volumen que cierra la colecci\u00f3n dedicada al trabajo fotogr\u00e1fico que Manuel Albarr\u00e1n (1909-1954) consagr\u00f3 a las cofrad\u00edas de Sevilla.\" \/>\n<meta property=\"og:url\" content=\"https:\/\/edicionesalfar.es\/es\/producto\/la-semana-santa-de-manuel-albarran-iii\/\" \/>\n<meta property=\"og:site_name\" content=\"Ediciones Alfar\" \/>\n<meta property=\"article:modified_time\" content=\"2025-10-17T05:26:37+00:00\" \/>\n<meta property=\"og:image\" content=\"https:\/\/edicionesalfar.es\/es\/wp-content\/uploads\/2025\/10\/9788410286405-scaled.jpg\" \/>\n\t<meta property=\"og:image:width\" content=\"2031\" \/>\n\t<meta property=\"og:image:height\" content=\"2560\" \/>\n\t<meta property=\"og:image:type\" content=\"image\/jpeg\" \/>\n<meta name=\"twitter:card\" content=\"summary_large_image\" \/>\n<meta name=\"twitter:label1\" content=\"Tiempo de lectura\" \/>\n\t<meta name=\"twitter:data1\" content=\"3 minutos\" \/>\n<script type=\"application\/ld+json\" class=\"yoast-schema-graph\">{\"@context\":\"https:\\\/\\\/schema.org\",\"@graph\":[{\"@type\":\"WebPage\",\"@id\":\"https:\\\/\\\/edicionesalfar.es\\\/es\\\/producto\\\/la-semana-santa-de-manuel-albarran-iii\\\/\",\"url\":\"https:\\\/\\\/edicionesalfar.es\\\/es\\\/producto\\\/la-semana-santa-de-manuel-albarran-iii\\\/\",\"name\":\"La semana Santa de Manuel Albarr\u00e1n III - Ediciones Alfar\",\"isPartOf\":{\"@id\":\"https:\\\/\\\/edicionesalfar.es\\\/es\\\/#website\"},\"primaryImageOfPage\":{\"@id\":\"https:\\\/\\\/edicionesalfar.es\\\/es\\\/producto\\\/la-semana-santa-de-manuel-albarran-iii\\\/#primaryimage\"},\"image\":{\"@id\":\"https:\\\/\\\/edicionesalfar.es\\\/es\\\/producto\\\/la-semana-santa-de-manuel-albarran-iii\\\/#primaryimage\"},\"thumbnailUrl\":\"https:\\\/\\\/edicionesalfar.es\\\/es\\\/wp-content\\\/uploads\\\/2025\\\/10\\\/9788410286405-scaled.jpg\",\"datePublished\":\"2025-10-17T05:23:21+00:00\",\"dateModified\":\"2025-10-17T05:26:37+00:00\",\"description\":\"Tercer y \u00faltimo volumen que cierra la colecci\u00f3n dedicada al trabajo fotogr\u00e1fico que Manuel Albarr\u00e1n (1909-1954) consagr\u00f3 a las cofrad\u00edas de Sevilla.\",\"breadcrumb\":{\"@id\":\"https:\\\/\\\/edicionesalfar.es\\\/es\\\/producto\\\/la-semana-santa-de-manuel-albarran-iii\\\/#breadcrumb\"},\"inLanguage\":\"es\",\"potentialAction\":[{\"@type\":\"ReadAction\",\"target\":[\"https:\\\/\\\/edicionesalfar.es\\\/es\\\/producto\\\/la-semana-santa-de-manuel-albarran-iii\\\/\"]}]},{\"@type\":\"ImageObject\",\"inLanguage\":\"es\",\"@id\":\"https:\\\/\\\/edicionesalfar.es\\\/es\\\/producto\\\/la-semana-santa-de-manuel-albarran-iii\\\/#primaryimage\",\"url\":\"https:\\\/\\\/edicionesalfar.es\\\/es\\\/wp-content\\\/uploads\\\/2025\\\/10\\\/9788410286405-scaled.jpg\",\"contentUrl\":\"https:\\\/\\\/edicionesalfar.es\\\/es\\\/wp-content\\\/uploads\\\/2025\\\/10\\\/9788410286405-scaled.jpg\",\"width\":2031,\"height\":2560},{\"@type\":\"BreadcrumbList\",\"@id\":\"https:\\\/\\\/edicionesalfar.es\\\/es\\\/producto\\\/la-semana-santa-de-manuel-albarran-iii\\\/#breadcrumb\",\"itemListElement\":[{\"@type\":\"ListItem\",\"position\":1,\"name\":\"Portada\",\"item\":\"https:\\\/\\\/edicionesalfar.es\\\/es\\\/\"},{\"@type\":\"ListItem\",\"position\":2,\"name\":\"Cat\u00e1logo\",\"item\":\"https:\\\/\\\/edicionesalfar.es\\\/es\\\/catalogo\\\/\"},{\"@type\":\"ListItem\",\"position\":3,\"name\":\"La semana Santa de Manuel Albarr\u00e1n III\"}]},{\"@type\":\"WebSite\",\"@id\":\"https:\\\/\\\/edicionesalfar.es\\\/es\\\/#website\",\"url\":\"https:\\\/\\\/edicionesalfar.es\\\/es\\\/\",\"name\":\"Ediciones Alfar\",\"description\":\"\",\"potentialAction\":[{\"@type\":\"SearchAction\",\"target\":{\"@type\":\"EntryPoint\",\"urlTemplate\":\"https:\\\/\\\/edicionesalfar.es\\\/es\\\/?s={search_term_string}\"},\"query-input\":{\"@type\":\"PropertyValueSpecification\",\"valueRequired\":true,\"valueName\":\"search_term_string\"}}],\"inLanguage\":\"es\"}]}<\/script>\n<!-- \/ Yoast SEO plugin. -->","yoast_head_json":{"title":"La semana Santa de Manuel Albarr\u00e1n III - Ediciones Alfar","description":"Tercer y \u00faltimo volumen que cierra la colecci\u00f3n dedicada al trabajo fotogr\u00e1fico que Manuel Albarr\u00e1n (1909-1954) consagr\u00f3 a las cofrad\u00edas de Sevilla.","robots":{"index":"index","follow":"follow","max-snippet":"max-snippet:-1","max-image-preview":"max-image-preview:large","max-video-preview":"max-video-preview:-1"},"canonical":"https:\/\/edicionesalfar.es\/es\/producto\/la-semana-santa-de-manuel-albarran-iii\/","og_locale":"es_ES","og_type":"article","og_title":"La semana Santa de Manuel Albarr\u00e1n III - Ediciones Alfar","og_description":"Tercer y \u00faltimo volumen que cierra la colecci\u00f3n dedicada al trabajo fotogr\u00e1fico que Manuel Albarr\u00e1n (1909-1954) consagr\u00f3 a las cofrad\u00edas de Sevilla.","og_url":"https:\/\/edicionesalfar.es\/es\/producto\/la-semana-santa-de-manuel-albarran-iii\/","og_site_name":"Ediciones Alfar","article_modified_time":"2025-10-17T05:26:37+00:00","og_image":[{"width":2031,"height":2560,"url":"https:\/\/edicionesalfar.es\/es\/wp-content\/uploads\/2025\/10\/9788410286405-scaled.jpg","type":"image\/jpeg"}],"twitter_card":"summary_large_image","twitter_misc":{"Tiempo de lectura":"3 minutos"},"schema":{"@context":"https:\/\/schema.org","@graph":[{"@type":"WebPage","@id":"https:\/\/edicionesalfar.es\/es\/producto\/la-semana-santa-de-manuel-albarran-iii\/","url":"https:\/\/edicionesalfar.es\/es\/producto\/la-semana-santa-de-manuel-albarran-iii\/","name":"La semana Santa de Manuel Albarr\u00e1n III - Ediciones Alfar","isPartOf":{"@id":"https:\/\/edicionesalfar.es\/es\/#website"},"primaryImageOfPage":{"@id":"https:\/\/edicionesalfar.es\/es\/producto\/la-semana-santa-de-manuel-albarran-iii\/#primaryimage"},"image":{"@id":"https:\/\/edicionesalfar.es\/es\/producto\/la-semana-santa-de-manuel-albarran-iii\/#primaryimage"},"thumbnailUrl":"https:\/\/edicionesalfar.es\/es\/wp-content\/uploads\/2025\/10\/9788410286405-scaled.jpg","datePublished":"2025-10-17T05:23:21+00:00","dateModified":"2025-10-17T05:26:37+00:00","description":"Tercer y \u00faltimo volumen que cierra la colecci\u00f3n dedicada al trabajo fotogr\u00e1fico que Manuel Albarr\u00e1n (1909-1954) consagr\u00f3 a las cofrad\u00edas de Sevilla.","breadcrumb":{"@id":"https:\/\/edicionesalfar.es\/es\/producto\/la-semana-santa-de-manuel-albarran-iii\/#breadcrumb"},"inLanguage":"es","potentialAction":[{"@type":"ReadAction","target":["https:\/\/edicionesalfar.es\/es\/producto\/la-semana-santa-de-manuel-albarran-iii\/"]}]},{"@type":"ImageObject","inLanguage":"es","@id":"https:\/\/edicionesalfar.es\/es\/producto\/la-semana-santa-de-manuel-albarran-iii\/#primaryimage","url":"https:\/\/edicionesalfar.es\/es\/wp-content\/uploads\/2025\/10\/9788410286405-scaled.jpg","contentUrl":"https:\/\/edicionesalfar.es\/es\/wp-content\/uploads\/2025\/10\/9788410286405-scaled.jpg","width":2031,"height":2560},{"@type":"BreadcrumbList","@id":"https:\/\/edicionesalfar.es\/es\/producto\/la-semana-santa-de-manuel-albarran-iii\/#breadcrumb","itemListElement":[{"@type":"ListItem","position":1,"name":"Portada","item":"https:\/\/edicionesalfar.es\/es\/"},{"@type":"ListItem","position":2,"name":"Cat\u00e1logo","item":"https:\/\/edicionesalfar.es\/es\/catalogo\/"},{"@type":"ListItem","position":3,"name":"La semana Santa de Manuel Albarr\u00e1n III"}]},{"@type":"WebSite","@id":"https:\/\/edicionesalfar.es\/es\/#website","url":"https:\/\/edicionesalfar.es\/es\/","name":"Ediciones Alfar","description":"","potentialAction":[{"@type":"SearchAction","target":{"@type":"EntryPoint","urlTemplate":"https:\/\/edicionesalfar.es\/es\/?s={search_term_string}"},"query-input":{"@type":"PropertyValueSpecification","valueRequired":true,"valueName":"search_term_string"}}],"inLanguage":"es"}]}},"_links":{"self":[{"href":"https:\/\/edicionesalfar.es\/es\/wp-json\/wp\/v2\/product\/121312","targetHints":{"allow":["GET"]}}],"collection":[{"href":"https:\/\/edicionesalfar.es\/es\/wp-json\/wp\/v2\/product"}],"about":[{"href":"https:\/\/edicionesalfar.es\/es\/wp-json\/wp\/v2\/types\/product"}],"replies":[{"embeddable":true,"href":"https:\/\/edicionesalfar.es\/es\/wp-json\/wp\/v2\/comments?post=121312"}],"wp:featuredmedia":[{"embeddable":true,"href":"https:\/\/edicionesalfar.es\/es\/wp-json\/wp\/v2\/media\/121313"}],"wp:attachment":[{"href":"https:\/\/edicionesalfar.es\/es\/wp-json\/wp\/v2\/media?parent=121312"}],"wp:term":[{"taxonomy":"product_brand","embeddable":true,"href":"https:\/\/edicionesalfar.es\/es\/wp-json\/wp\/v2\/product_brand?post=121312"},{"taxonomy":"product_cat","embeddable":true,"href":"https:\/\/edicionesalfar.es\/es\/wp-json\/wp\/v2\/product_cat?post=121312"},{"taxonomy":"product_tag","embeddable":true,"href":"https:\/\/edicionesalfar.es\/es\/wp-json\/wp\/v2\/product_tag?post=121312"}],"curies":[{"name":"wp","href":"https:\/\/api.w.org\/{rel}","templated":true}]}}