{"id":121305,"date":"2025-10-17T06:46:00","date_gmt":"2025-10-17T04:46:00","guid":{"rendered":"https:\/\/edicionesalfar.es\/es\/?post_type=product&#038;p=121305"},"modified":"2025-10-17T06:46:05","modified_gmt":"2025-10-17T04:46:05","slug":"relatos-cadavericos-de-unos-perros-exquisitos","status":"publish","type":"product","link":"https:\/\/edicionesalfar.es\/es\/producto\/relatos-cadavericos-de-unos-perros-exquisitos\/","title":{"rendered":"Relatos cadav\u00e9ricos de unos perros exquisitos"},"content":{"rendered":"<p>Ac\u00e9rquese a la luz de esa l\u00e1mpara que alumbra a seis seres extra\u00f1os y encontrar\u00e1 exactamente lo que el t\u00edtulo promete. \u201cRelatos\u201d, por su estructura de cuentos que empezaron como un inocente juego de escritura en el que personajes, espacios y rocambolescas palabras fueron permeando de historia en historia. \u201cCadav\u00e9ricos\u201d, por su truculento humor, su pestilente doble sentido, su tierna crudeza a la hora de describir la realidad de las dos \u00faltimas d\u00e9cadas y, sobre todo, por la libertad de expresi\u00f3n que ejercen quienes saben que la muerte est\u00e1 a la vuelta de la esquina. \u201cDe unos perros\u201d, porque sus autores ladran y son fieles a su gente, porque ense\u00f1an los dientes y mueven el rabo, porque se regodean tanto con el aroma de las flores como con el de la mierda seca. Y \u201cExquisitos\u201d, por su sabor inconfundible a vida plena, alcanzable cuando las cosas se hacen por el placer de hacerlas.<\/p>\n<p>Seis cerebros caninos le invitan a perderse por los rincones m\u00e1s rec\u00f3nditos. Si lo pasa bien, ladre, que desde nuestra guarida le escucharemos y tambi\u00e9n ladraremos.<\/p>\n<p><strong>Luis Jimeno Garc\u00eda, Rafael Morales Astola, Paco Oliver Jim\u00e9nez, Fernando Morales Astola, \u00c1ngel Acosta Romero, Javier Oliver Garc\u00eda.<\/strong>Estos \u00abseis autores en busca de lector\u00bb proceden de una amistad forjada en el IES Gustavo Adolfo B\u00e9cquer de Sevilla, en el teatro y en diferentes \u00e1mbitos universitarios que van desde la medicina hasta la biolog\u00eda, pasando por la comunicaci\u00f3n y la filolog\u00eda.<br \/>\nLa docencia, la salud, el periodismo, el cine y la gesti\u00f3n cultural configuran la vida profesional de estos \u00abperros exquisitos\u00bb, cuyos cuentos reflejan el devenir de su tiempo y su espacio, especialmente en las \u00faltimas dos d\u00e9cadas.<\/p>\n","protected":false},"excerpt":{"rendered":"<p>Ac\u00e9rquese a la luz de esa l\u00e1mpara que alumbra a seis seres extra\u00f1os y encontrar\u00e1 exactamente lo que el t\u00edtulo promete. \u201cRelatos\u201d, por su estructura de cuentos que empezaron como un inocente juego de escritura en el que personajes, espacios y rocambolescas palabras fueron permeando de historia en historia. \u201cCadav\u00e9ricos\u201d, por su truculento humor, su pestilente doble sentido, su tierna crudeza a la hora de describir la realidad de las dos \u00faltimas d\u00e9cadas y, sobre todo, por la libertad de expresi\u00f3n que ejercen quienes saben que la muerte est\u00e1 a la vuelta de la esquina.<\/p>\n","protected":false},"featured_media":121306,"comment_status":"closed","ping_status":"closed","template":"","meta":{"_acf_changed":false,"_et_pb_use_builder":"","_et_pb_old_content":"","_et_gb_content_width":""},"product_brand":[],"product_cat":[421,372,376,375,452,29,606],"product_tag":[],"class_list":{"0":"post-121305","1":"product","2":"type-product","3":"status-publish","4":"has-post-thumbnail","6":"product_cat-acosta-romero-angel","7":"product_cat-alfar","8":"product_cat-autores","9":"product_cat-editoriales","10":"product_cat-morales-astola-fernando","11":"product_cat-narrativa","12":"product_cat-oliver-paco","14":"first","15":"instock","16":"sale","17":"taxable","18":"shipping-taxable","19":"purchasable","20":"product-type-simple"},"acf":[],"yoast_head":"<!-- This site is optimized with the Yoast SEO plugin v27.4 - https:\/\/yoast.com\/product\/yoast-seo-wordpress\/ -->\n<title>Relatos cadav\u00e9ricos de unos perros exquisitos - Ediciones Alfar<\/title>\n<meta name=\"description\" content=\"Ac\u00e9rquese a la luz de esa l\u00e1mpara que alumbra a seis seres extra\u00f1os y encontrar\u00e1 exactamente lo que el t\u00edtulo promete. M\u00e1s info aqu\u00ed.\" \/>\n<meta name=\"robots\" content=\"index, follow, max-snippet:-1, max-image-preview:large, max-video-preview:-1\" \/>\n<link rel=\"canonical\" href=\"https:\/\/edicionesalfar.es\/es\/producto\/relatos-cadavericos-de-unos-perros-exquisitos\/\" \/>\n<meta property=\"og:locale\" content=\"es_ES\" \/>\n<meta property=\"og:type\" content=\"article\" \/>\n<meta property=\"og:title\" content=\"Relatos cadav\u00e9ricos de unos perros exquisitos - Ediciones Alfar\" \/>\n<meta property=\"og:description\" content=\"Ac\u00e9rquese a la luz de esa l\u00e1mpara que alumbra a seis seres extra\u00f1os y encontrar\u00e1 exactamente lo que el t\u00edtulo promete. M\u00e1s info aqu\u00ed.\" \/>\n<meta property=\"og:url\" content=\"https:\/\/edicionesalfar.es\/es\/producto\/relatos-cadavericos-de-unos-perros-exquisitos\/\" \/>\n<meta property=\"og:site_name\" content=\"Ediciones Alfar\" \/>\n<meta property=\"article:modified_time\" content=\"2025-10-17T04:46:05+00:00\" \/>\n<meta property=\"og:image\" content=\"https:\/\/edicionesalfar.es\/es\/wp-content\/uploads\/2025\/10\/9788410286344-scaled.jpg\" \/>\n\t<meta property=\"og:image:width\" content=\"1804\" \/>\n\t<meta property=\"og:image:height\" content=\"2560\" \/>\n\t<meta property=\"og:image:type\" content=\"image\/jpeg\" \/>\n<meta name=\"twitter:card\" content=\"summary_large_image\" \/>\n<meta name=\"twitter:label1\" content=\"Tiempo de lectura\" \/>\n\t<meta name=\"twitter:data1\" content=\"2 minutos\" \/>\n<script type=\"application\/ld+json\" class=\"yoast-schema-graph\">{\"@context\":\"https:\\\/\\\/schema.org\",\"@graph\":[{\"@type\":\"WebPage\",\"@id\":\"https:\\\/\\\/edicionesalfar.es\\\/es\\\/producto\\\/relatos-cadavericos-de-unos-perros-exquisitos\\\/\",\"url\":\"https:\\\/\\\/edicionesalfar.es\\\/es\\\/producto\\\/relatos-cadavericos-de-unos-perros-exquisitos\\\/\",\"name\":\"Relatos cadav\u00e9ricos de unos perros exquisitos - Ediciones Alfar\",\"isPartOf\":{\"@id\":\"https:\\\/\\\/edicionesalfar.es\\\/es\\\/#website\"},\"primaryImageOfPage\":{\"@id\":\"https:\\\/\\\/edicionesalfar.es\\\/es\\\/producto\\\/relatos-cadavericos-de-unos-perros-exquisitos\\\/#primaryimage\"},\"image\":{\"@id\":\"https:\\\/\\\/edicionesalfar.es\\\/es\\\/producto\\\/relatos-cadavericos-de-unos-perros-exquisitos\\\/#primaryimage\"},\"thumbnailUrl\":\"https:\\\/\\\/edicionesalfar.es\\\/es\\\/wp-content\\\/uploads\\\/2025\\\/10\\\/9788410286344-scaled.jpg\",\"datePublished\":\"2025-10-17T04:46:00+00:00\",\"dateModified\":\"2025-10-17T04:46:05+00:00\",\"description\":\"Ac\u00e9rquese a la luz de esa l\u00e1mpara que alumbra a seis seres extra\u00f1os y encontrar\u00e1 exactamente lo que el t\u00edtulo promete. M\u00e1s info aqu\u00ed.\",\"breadcrumb\":{\"@id\":\"https:\\\/\\\/edicionesalfar.es\\\/es\\\/producto\\\/relatos-cadavericos-de-unos-perros-exquisitos\\\/#breadcrumb\"},\"inLanguage\":\"es\",\"potentialAction\":[{\"@type\":\"ReadAction\",\"target\":[\"https:\\\/\\\/edicionesalfar.es\\\/es\\\/producto\\\/relatos-cadavericos-de-unos-perros-exquisitos\\\/\"]}]},{\"@type\":\"ImageObject\",\"inLanguage\":\"es\",\"@id\":\"https:\\\/\\\/edicionesalfar.es\\\/es\\\/producto\\\/relatos-cadavericos-de-unos-perros-exquisitos\\\/#primaryimage\",\"url\":\"https:\\\/\\\/edicionesalfar.es\\\/es\\\/wp-content\\\/uploads\\\/2025\\\/10\\\/9788410286344-scaled.jpg\",\"contentUrl\":\"https:\\\/\\\/edicionesalfar.es\\\/es\\\/wp-content\\\/uploads\\\/2025\\\/10\\\/9788410286344-scaled.jpg\",\"width\":1804,\"height\":2560},{\"@type\":\"BreadcrumbList\",\"@id\":\"https:\\\/\\\/edicionesalfar.es\\\/es\\\/producto\\\/relatos-cadavericos-de-unos-perros-exquisitos\\\/#breadcrumb\",\"itemListElement\":[{\"@type\":\"ListItem\",\"position\":1,\"name\":\"Portada\",\"item\":\"https:\\\/\\\/edicionesalfar.es\\\/es\\\/\"},{\"@type\":\"ListItem\",\"position\":2,\"name\":\"Cat\u00e1logo\",\"item\":\"https:\\\/\\\/edicionesalfar.es\\\/es\\\/catalogo\\\/\"},{\"@type\":\"ListItem\",\"position\":3,\"name\":\"Relatos cadav\u00e9ricos de unos perros exquisitos\"}]},{\"@type\":\"WebSite\",\"@id\":\"https:\\\/\\\/edicionesalfar.es\\\/es\\\/#website\",\"url\":\"https:\\\/\\\/edicionesalfar.es\\\/es\\\/\",\"name\":\"Ediciones Alfar\",\"description\":\"\",\"potentialAction\":[{\"@type\":\"SearchAction\",\"target\":{\"@type\":\"EntryPoint\",\"urlTemplate\":\"https:\\\/\\\/edicionesalfar.es\\\/es\\\/?s={search_term_string}\"},\"query-input\":{\"@type\":\"PropertyValueSpecification\",\"valueRequired\":true,\"valueName\":\"search_term_string\"}}],\"inLanguage\":\"es\"}]}<\/script>\n<!-- \/ Yoast SEO plugin. -->","yoast_head_json":{"title":"Relatos cadav\u00e9ricos de unos perros exquisitos - Ediciones Alfar","description":"Ac\u00e9rquese a la luz de esa l\u00e1mpara que alumbra a seis seres extra\u00f1os y encontrar\u00e1 exactamente lo que el t\u00edtulo promete. M\u00e1s info aqu\u00ed.","robots":{"index":"index","follow":"follow","max-snippet":"max-snippet:-1","max-image-preview":"max-image-preview:large","max-video-preview":"max-video-preview:-1"},"canonical":"https:\/\/edicionesalfar.es\/es\/producto\/relatos-cadavericos-de-unos-perros-exquisitos\/","og_locale":"es_ES","og_type":"article","og_title":"Relatos cadav\u00e9ricos de unos perros exquisitos - Ediciones Alfar","og_description":"Ac\u00e9rquese a la luz de esa l\u00e1mpara que alumbra a seis seres extra\u00f1os y encontrar\u00e1 exactamente lo que el t\u00edtulo promete. M\u00e1s info aqu\u00ed.","og_url":"https:\/\/edicionesalfar.es\/es\/producto\/relatos-cadavericos-de-unos-perros-exquisitos\/","og_site_name":"Ediciones Alfar","article_modified_time":"2025-10-17T04:46:05+00:00","og_image":[{"width":1804,"height":2560,"url":"https:\/\/edicionesalfar.es\/es\/wp-content\/uploads\/2025\/10\/9788410286344-scaled.jpg","type":"image\/jpeg"}],"twitter_card":"summary_large_image","twitter_misc":{"Tiempo de lectura":"2 minutos"},"schema":{"@context":"https:\/\/schema.org","@graph":[{"@type":"WebPage","@id":"https:\/\/edicionesalfar.es\/es\/producto\/relatos-cadavericos-de-unos-perros-exquisitos\/","url":"https:\/\/edicionesalfar.es\/es\/producto\/relatos-cadavericos-de-unos-perros-exquisitos\/","name":"Relatos cadav\u00e9ricos de unos perros exquisitos - Ediciones Alfar","isPartOf":{"@id":"https:\/\/edicionesalfar.es\/es\/#website"},"primaryImageOfPage":{"@id":"https:\/\/edicionesalfar.es\/es\/producto\/relatos-cadavericos-de-unos-perros-exquisitos\/#primaryimage"},"image":{"@id":"https:\/\/edicionesalfar.es\/es\/producto\/relatos-cadavericos-de-unos-perros-exquisitos\/#primaryimage"},"thumbnailUrl":"https:\/\/edicionesalfar.es\/es\/wp-content\/uploads\/2025\/10\/9788410286344-scaled.jpg","datePublished":"2025-10-17T04:46:00+00:00","dateModified":"2025-10-17T04:46:05+00:00","description":"Ac\u00e9rquese a la luz de esa l\u00e1mpara que alumbra a seis seres extra\u00f1os y encontrar\u00e1 exactamente lo que el t\u00edtulo promete. M\u00e1s info aqu\u00ed.","breadcrumb":{"@id":"https:\/\/edicionesalfar.es\/es\/producto\/relatos-cadavericos-de-unos-perros-exquisitos\/#breadcrumb"},"inLanguage":"es","potentialAction":[{"@type":"ReadAction","target":["https:\/\/edicionesalfar.es\/es\/producto\/relatos-cadavericos-de-unos-perros-exquisitos\/"]}]},{"@type":"ImageObject","inLanguage":"es","@id":"https:\/\/edicionesalfar.es\/es\/producto\/relatos-cadavericos-de-unos-perros-exquisitos\/#primaryimage","url":"https:\/\/edicionesalfar.es\/es\/wp-content\/uploads\/2025\/10\/9788410286344-scaled.jpg","contentUrl":"https:\/\/edicionesalfar.es\/es\/wp-content\/uploads\/2025\/10\/9788410286344-scaled.jpg","width":1804,"height":2560},{"@type":"BreadcrumbList","@id":"https:\/\/edicionesalfar.es\/es\/producto\/relatos-cadavericos-de-unos-perros-exquisitos\/#breadcrumb","itemListElement":[{"@type":"ListItem","position":1,"name":"Portada","item":"https:\/\/edicionesalfar.es\/es\/"},{"@type":"ListItem","position":2,"name":"Cat\u00e1logo","item":"https:\/\/edicionesalfar.es\/es\/catalogo\/"},{"@type":"ListItem","position":3,"name":"Relatos cadav\u00e9ricos de unos perros exquisitos"}]},{"@type":"WebSite","@id":"https:\/\/edicionesalfar.es\/es\/#website","url":"https:\/\/edicionesalfar.es\/es\/","name":"Ediciones Alfar","description":"","potentialAction":[{"@type":"SearchAction","target":{"@type":"EntryPoint","urlTemplate":"https:\/\/edicionesalfar.es\/es\/?s={search_term_string}"},"query-input":{"@type":"PropertyValueSpecification","valueRequired":true,"valueName":"search_term_string"}}],"inLanguage":"es"}]}},"_links":{"self":[{"href":"https:\/\/edicionesalfar.es\/es\/wp-json\/wp\/v2\/product\/121305","targetHints":{"allow":["GET"]}}],"collection":[{"href":"https:\/\/edicionesalfar.es\/es\/wp-json\/wp\/v2\/product"}],"about":[{"href":"https:\/\/edicionesalfar.es\/es\/wp-json\/wp\/v2\/types\/product"}],"replies":[{"embeddable":true,"href":"https:\/\/edicionesalfar.es\/es\/wp-json\/wp\/v2\/comments?post=121305"}],"wp:featuredmedia":[{"embeddable":true,"href":"https:\/\/edicionesalfar.es\/es\/wp-json\/wp\/v2\/media\/121306"}],"wp:attachment":[{"href":"https:\/\/edicionesalfar.es\/es\/wp-json\/wp\/v2\/media?parent=121305"}],"wp:term":[{"taxonomy":"product_brand","embeddable":true,"href":"https:\/\/edicionesalfar.es\/es\/wp-json\/wp\/v2\/product_brand?post=121305"},{"taxonomy":"product_cat","embeddable":true,"href":"https:\/\/edicionesalfar.es\/es\/wp-json\/wp\/v2\/product_cat?post=121305"},{"taxonomy":"product_tag","embeddable":true,"href":"https:\/\/edicionesalfar.es\/es\/wp-json\/wp\/v2\/product_tag?post=121305"}],"curies":[{"name":"wp","href":"https:\/\/api.w.org\/{rel}","templated":true}]}}