{"id":121296,"date":"2025-10-09T07:47:29","date_gmt":"2025-10-09T05:47:29","guid":{"rendered":"https:\/\/edicionesalfar.es\/es\/?post_type=product&#038;p=121296"},"modified":"2025-10-09T09:09:28","modified_gmt":"2025-10-09T07:09:28","slug":"solamente-unas-breves-palabras-vida-y-obra-del-compositor-pedro-morales","status":"publish","type":"product","link":"https:\/\/edicionesalfar.es\/es\/producto\/solamente-unas-breves-palabras-vida-y-obra-del-compositor-pedro-morales\/","title":{"rendered":"Solamente unas breves palabras. Vida y obra del compositor Pedro Morales"},"content":{"rendered":"<p>Pedro Morales Mu\u00f1oz es un nombre imprescindible para entender la m\u00fasica procesional andaluza, pero detr\u00e1s de sus c\u00e9lebres marchas existe un hombre forjado en la pasi\u00f3n, la entrega y el sacrificio. Este libro es mucho m\u00e1s que una biograf\u00eda: es un viaje \u00edntimo y novelado por su vida, desde su infancia en Lopera hasta su consolidaci\u00f3n como referente en Sevilla, desvelando la faceta m\u00e1s humana de un compositor que convirti\u00f3 cada experiencia en melod\u00eda. A trav\u00e9s de un relato envolvente, repleto de memorias familiares, an\u00e9cdotas desconocidas y un exhaustivo cat\u00e1logo de su obra, esta obra se convierte en un homenaje imprescindible para los amantes de la m\u00fasica, de la Semana Santa y de la historia cultural de Andaluc\u00eda. Una historia llena de vocaci\u00f3n, trabajo y amor, narrada con la cercan\u00eda de quienes compartieron su vida.<\/p>\n<p>Sara Velasco Morales (Sevilla, 1989) es licenciada en Historia del Arte por la Universidad de Sevilla y magi\u0301ster en Arte, Museos y Gestio\u0301n del Patrimonio Histo\u0301rico por la Universidad Pablo de Olavide. Funcionaria de carrera de la Junta de Andaluci\u0301a, ejerce su funcio\u0301n docente como profesora de Educacio\u0301n Secundaria en la especialidad de Geografi\u0301a e Historia. Fruto de su formacio\u0301n, y de su intere\u0301s por la escritura, ha impartido cursos y charlas sobre Arte en distintos a\u0301mbitos, asi\u0301 como participado en diferentes congresos, siendo autora tanto de arti\u0301culos de investigacio\u0301n, como de relatos literarios. Jos\u00e9 Ignacio Velasco Gonz\u00e1lez (Sevilla, 1959). Arquitecto Te\u0301cnico y funcionario docente de la Junta de Andaluci\u0301a en la especialidad de Dibujo y Obra Civil. Ha sido habitual en su trayectoria fotografiar la Semana Santa sevillana, \u00e1mbito en el cual ha sido cartelista en varias ocasiones. Igualmente, ha colaborado con el Boleti\u0301n de las Cofradi\u0301as de Sevilla, asi\u0301 como en revistas y libros especializados en la tema\u0301tica cofrade. Adem\u00e1s, ha publicado arti\u0301culos y realizado conferencias relacionados con la mu\u0301sica procesional y, en especial, con la figura de Pedro Morales Mun\u0303oz, del cual conserva y gestiona el archivo personal.<\/p>\n","protected":false},"excerpt":{"rendered":"<p>Pedro Morales Mu\u00f1oz es un nombre imprescindible para entender la m\u00fasica procesional andaluza, pero detr\u00e1s de sus c\u00e9lebres marchas existe un hombre forjado en la pasi\u00f3n, la entrega y el sacrificio. Este libro es mucho m\u00e1s que una biograf\u00eda: es un viaje \u00edntimo y novelado por su vida, desde su infancia en Lopera hasta su consolidaci\u00f3n como referente en Sevilla, desvelando la faceta m\u00e1s humana de un compositor que convirti\u00f3 cada experiencia en melod\u00eda.Pedro Morales Mu\u00f1oz es un nombre imprescindible para entender la m\u00fasica procesional andaluza, pero detr\u00e1s de sus c\u00e9lebres marchas existe un hombre forjado en la pasi\u00f3n, la entrega y el sacrificio. Este libro es mucho m\u00e1s que una biograf\u00eda: es un viaje \u00edntimo y novelado por su vida, desde su infancia en Lopera hasta su consolidaci\u00f3n como referente en Sevilla, desvelando la faceta m\u00e1s humana de un compositor que convirti\u00f3 cada experiencia en melod\u00eda.24,90<\/p>\n","protected":false},"featured_media":121297,"comment_status":"closed","ping_status":"closed","template":"","meta":{"_acf_changed":false,"_et_pb_use_builder":"","_et_pb_old_content":"","_et_gb_content_width":""},"product_brand":[],"product_cat":[372,375,52,624,623],"product_tag":[],"class_list":{"0":"post-121296","1":"product","2":"type-product","3":"status-publish","4":"has-post-thumbnail","6":"product_cat-alfar","7":"product_cat-editoriales","8":"product_cat-semana-santa","9":"product_cat-velasco-jose-ignacio","10":"product_cat-velasco-sara","12":"first","13":"instock","14":"sale","15":"taxable","16":"shipping-taxable","17":"purchasable","18":"product-type-simple"},"acf":[],"yoast_head":"<!-- This site is optimized with the Yoast SEO plugin v27.4 - https:\/\/yoast.com\/product\/yoast-seo-wordpress\/ -->\n<title>Solamente unas breves palabras. Vida y obra del compositor Pedro Morales - Ediciones Alfar<\/title>\n<meta name=\"description\" content=\"Este libro es mucho m\u00e1s que una biograf\u00eda: es un viaje \u00edntimo y novelado por la vida de Pedro Morales, desde su infancia hasta su consolidaci\u00f3n en Sevilla.\" \/>\n<meta name=\"robots\" content=\"index, follow, max-snippet:-1, max-image-preview:large, max-video-preview:-1\" \/>\n<link rel=\"canonical\" href=\"https:\/\/edicionesalfar.es\/es\/producto\/solamente-unas-breves-palabras-vida-y-obra-del-compositor-pedro-morales\/\" \/>\n<meta property=\"og:locale\" content=\"es_ES\" \/>\n<meta property=\"og:type\" content=\"article\" \/>\n<meta property=\"og:title\" content=\"Solamente unas breves palabras. Vida y obra del compositor Pedro Morales - Ediciones Alfar\" \/>\n<meta property=\"og:description\" content=\"Este libro es mucho m\u00e1s que una biograf\u00eda: es un viaje \u00edntimo y novelado por la vida de Pedro Morales, desde su infancia hasta su consolidaci\u00f3n en Sevilla.\" \/>\n<meta property=\"og:url\" content=\"https:\/\/edicionesalfar.es\/es\/producto\/solamente-unas-breves-palabras-vida-y-obra-del-compositor-pedro-morales\/\" \/>\n<meta property=\"og:site_name\" content=\"Ediciones Alfar\" \/>\n<meta property=\"article:modified_time\" content=\"2025-10-09T07:09:28+00:00\" \/>\n<meta property=\"og:image\" content=\"https:\/\/edicionesalfar.es\/es\/wp-content\/uploads\/2025\/10\/9788410286337-732x1024.jpg\" \/>\n\t<meta property=\"og:image:width\" content=\"732\" \/>\n\t<meta property=\"og:image:height\" content=\"1024\" \/>\n\t<meta property=\"og:image:type\" content=\"image\/jpeg\" \/>\n<meta name=\"twitter:card\" content=\"summary_large_image\" \/>\n<meta name=\"twitter:label1\" content=\"Tiempo de lectura\" \/>\n\t<meta name=\"twitter:data1\" content=\"2 minutos\" \/>\n<script type=\"application\/ld+json\" class=\"yoast-schema-graph\">{\"@context\":\"https:\\\/\\\/schema.org\",\"@graph\":[{\"@type\":\"WebPage\",\"@id\":\"https:\\\/\\\/edicionesalfar.es\\\/es\\\/producto\\\/solamente-unas-breves-palabras-vida-y-obra-del-compositor-pedro-morales\\\/\",\"url\":\"https:\\\/\\\/edicionesalfar.es\\\/es\\\/producto\\\/solamente-unas-breves-palabras-vida-y-obra-del-compositor-pedro-morales\\\/\",\"name\":\"Solamente unas breves palabras. Vida y obra del compositor Pedro Morales - Ediciones Alfar\",\"isPartOf\":{\"@id\":\"https:\\\/\\\/edicionesalfar.es\\\/es\\\/#website\"},\"primaryImageOfPage\":{\"@id\":\"https:\\\/\\\/edicionesalfar.es\\\/es\\\/producto\\\/solamente-unas-breves-palabras-vida-y-obra-del-compositor-pedro-morales\\\/#primaryimage\"},\"image\":{\"@id\":\"https:\\\/\\\/edicionesalfar.es\\\/es\\\/producto\\\/solamente-unas-breves-palabras-vida-y-obra-del-compositor-pedro-morales\\\/#primaryimage\"},\"thumbnailUrl\":\"https:\\\/\\\/edicionesalfar.es\\\/es\\\/wp-content\\\/uploads\\\/2025\\\/10\\\/9788410286337.jpg\",\"datePublished\":\"2025-10-09T05:47:29+00:00\",\"dateModified\":\"2025-10-09T07:09:28+00:00\",\"description\":\"Este libro es mucho m\u00e1s que una biograf\u00eda: es un viaje \u00edntimo y novelado por la vida de Pedro Morales, desde su infancia hasta su consolidaci\u00f3n en Sevilla.\",\"breadcrumb\":{\"@id\":\"https:\\\/\\\/edicionesalfar.es\\\/es\\\/producto\\\/solamente-unas-breves-palabras-vida-y-obra-del-compositor-pedro-morales\\\/#breadcrumb\"},\"inLanguage\":\"es\",\"potentialAction\":[{\"@type\":\"ReadAction\",\"target\":[\"https:\\\/\\\/edicionesalfar.es\\\/es\\\/producto\\\/solamente-unas-breves-palabras-vida-y-obra-del-compositor-pedro-morales\\\/\"]}]},{\"@type\":\"ImageObject\",\"inLanguage\":\"es\",\"@id\":\"https:\\\/\\\/edicionesalfar.es\\\/es\\\/producto\\\/solamente-unas-breves-palabras-vida-y-obra-del-compositor-pedro-morales\\\/#primaryimage\",\"url\":\"https:\\\/\\\/edicionesalfar.es\\\/es\\\/wp-content\\\/uploads\\\/2025\\\/10\\\/9788410286337.jpg\",\"contentUrl\":\"https:\\\/\\\/edicionesalfar.es\\\/es\\\/wp-content\\\/uploads\\\/2025\\\/10\\\/9788410286337.jpg\",\"width\":1773,\"height\":2480},{\"@type\":\"BreadcrumbList\",\"@id\":\"https:\\\/\\\/edicionesalfar.es\\\/es\\\/producto\\\/solamente-unas-breves-palabras-vida-y-obra-del-compositor-pedro-morales\\\/#breadcrumb\",\"itemListElement\":[{\"@type\":\"ListItem\",\"position\":1,\"name\":\"Portada\",\"item\":\"https:\\\/\\\/edicionesalfar.es\\\/es\\\/\"},{\"@type\":\"ListItem\",\"position\":2,\"name\":\"Cat\u00e1logo\",\"item\":\"https:\\\/\\\/edicionesalfar.es\\\/es\\\/catalogo\\\/\"},{\"@type\":\"ListItem\",\"position\":3,\"name\":\"Solamente unas breves palabras. Vida y obra del compositor Pedro Morales\"}]},{\"@type\":\"WebSite\",\"@id\":\"https:\\\/\\\/edicionesalfar.es\\\/es\\\/#website\",\"url\":\"https:\\\/\\\/edicionesalfar.es\\\/es\\\/\",\"name\":\"Ediciones Alfar\",\"description\":\"\",\"potentialAction\":[{\"@type\":\"SearchAction\",\"target\":{\"@type\":\"EntryPoint\",\"urlTemplate\":\"https:\\\/\\\/edicionesalfar.es\\\/es\\\/?s={search_term_string}\"},\"query-input\":{\"@type\":\"PropertyValueSpecification\",\"valueRequired\":true,\"valueName\":\"search_term_string\"}}],\"inLanguage\":\"es\"}]}<\/script>\n<!-- \/ Yoast SEO plugin. -->","yoast_head_json":{"title":"Solamente unas breves palabras. Vida y obra del compositor Pedro Morales - Ediciones Alfar","description":"Este libro es mucho m\u00e1s que una biograf\u00eda: es un viaje \u00edntimo y novelado por la vida de Pedro Morales, desde su infancia hasta su consolidaci\u00f3n en Sevilla.","robots":{"index":"index","follow":"follow","max-snippet":"max-snippet:-1","max-image-preview":"max-image-preview:large","max-video-preview":"max-video-preview:-1"},"canonical":"https:\/\/edicionesalfar.es\/es\/producto\/solamente-unas-breves-palabras-vida-y-obra-del-compositor-pedro-morales\/","og_locale":"es_ES","og_type":"article","og_title":"Solamente unas breves palabras. Vida y obra del compositor Pedro Morales - Ediciones Alfar","og_description":"Este libro es mucho m\u00e1s que una biograf\u00eda: es un viaje \u00edntimo y novelado por la vida de Pedro Morales, desde su infancia hasta su consolidaci\u00f3n en Sevilla.","og_url":"https:\/\/edicionesalfar.es\/es\/producto\/solamente-unas-breves-palabras-vida-y-obra-del-compositor-pedro-morales\/","og_site_name":"Ediciones Alfar","article_modified_time":"2025-10-09T07:09:28+00:00","og_image":[{"width":732,"height":1024,"url":"https:\/\/edicionesalfar.es\/es\/wp-content\/uploads\/2025\/10\/9788410286337-732x1024.jpg","type":"image\/jpeg"}],"twitter_card":"summary_large_image","twitter_misc":{"Tiempo de lectura":"2 minutos"},"schema":{"@context":"https:\/\/schema.org","@graph":[{"@type":"WebPage","@id":"https:\/\/edicionesalfar.es\/es\/producto\/solamente-unas-breves-palabras-vida-y-obra-del-compositor-pedro-morales\/","url":"https:\/\/edicionesalfar.es\/es\/producto\/solamente-unas-breves-palabras-vida-y-obra-del-compositor-pedro-morales\/","name":"Solamente unas breves palabras. Vida y obra del compositor Pedro Morales - Ediciones Alfar","isPartOf":{"@id":"https:\/\/edicionesalfar.es\/es\/#website"},"primaryImageOfPage":{"@id":"https:\/\/edicionesalfar.es\/es\/producto\/solamente-unas-breves-palabras-vida-y-obra-del-compositor-pedro-morales\/#primaryimage"},"image":{"@id":"https:\/\/edicionesalfar.es\/es\/producto\/solamente-unas-breves-palabras-vida-y-obra-del-compositor-pedro-morales\/#primaryimage"},"thumbnailUrl":"https:\/\/edicionesalfar.es\/es\/wp-content\/uploads\/2025\/10\/9788410286337.jpg","datePublished":"2025-10-09T05:47:29+00:00","dateModified":"2025-10-09T07:09:28+00:00","description":"Este libro es mucho m\u00e1s que una biograf\u00eda: es un viaje \u00edntimo y novelado por la vida de Pedro Morales, desde su infancia hasta su consolidaci\u00f3n en Sevilla.","breadcrumb":{"@id":"https:\/\/edicionesalfar.es\/es\/producto\/solamente-unas-breves-palabras-vida-y-obra-del-compositor-pedro-morales\/#breadcrumb"},"inLanguage":"es","potentialAction":[{"@type":"ReadAction","target":["https:\/\/edicionesalfar.es\/es\/producto\/solamente-unas-breves-palabras-vida-y-obra-del-compositor-pedro-morales\/"]}]},{"@type":"ImageObject","inLanguage":"es","@id":"https:\/\/edicionesalfar.es\/es\/producto\/solamente-unas-breves-palabras-vida-y-obra-del-compositor-pedro-morales\/#primaryimage","url":"https:\/\/edicionesalfar.es\/es\/wp-content\/uploads\/2025\/10\/9788410286337.jpg","contentUrl":"https:\/\/edicionesalfar.es\/es\/wp-content\/uploads\/2025\/10\/9788410286337.jpg","width":1773,"height":2480},{"@type":"BreadcrumbList","@id":"https:\/\/edicionesalfar.es\/es\/producto\/solamente-unas-breves-palabras-vida-y-obra-del-compositor-pedro-morales\/#breadcrumb","itemListElement":[{"@type":"ListItem","position":1,"name":"Portada","item":"https:\/\/edicionesalfar.es\/es\/"},{"@type":"ListItem","position":2,"name":"Cat\u00e1logo","item":"https:\/\/edicionesalfar.es\/es\/catalogo\/"},{"@type":"ListItem","position":3,"name":"Solamente unas breves palabras. Vida y obra del compositor Pedro Morales"}]},{"@type":"WebSite","@id":"https:\/\/edicionesalfar.es\/es\/#website","url":"https:\/\/edicionesalfar.es\/es\/","name":"Ediciones Alfar","description":"","potentialAction":[{"@type":"SearchAction","target":{"@type":"EntryPoint","urlTemplate":"https:\/\/edicionesalfar.es\/es\/?s={search_term_string}"},"query-input":{"@type":"PropertyValueSpecification","valueRequired":true,"valueName":"search_term_string"}}],"inLanguage":"es"}]}},"_links":{"self":[{"href":"https:\/\/edicionesalfar.es\/es\/wp-json\/wp\/v2\/product\/121296","targetHints":{"allow":["GET"]}}],"collection":[{"href":"https:\/\/edicionesalfar.es\/es\/wp-json\/wp\/v2\/product"}],"about":[{"href":"https:\/\/edicionesalfar.es\/es\/wp-json\/wp\/v2\/types\/product"}],"replies":[{"embeddable":true,"href":"https:\/\/edicionesalfar.es\/es\/wp-json\/wp\/v2\/comments?post=121296"}],"wp:featuredmedia":[{"embeddable":true,"href":"https:\/\/edicionesalfar.es\/es\/wp-json\/wp\/v2\/media\/121297"}],"wp:attachment":[{"href":"https:\/\/edicionesalfar.es\/es\/wp-json\/wp\/v2\/media?parent=121296"}],"wp:term":[{"taxonomy":"product_brand","embeddable":true,"href":"https:\/\/edicionesalfar.es\/es\/wp-json\/wp\/v2\/product_brand?post=121296"},{"taxonomy":"product_cat","embeddable":true,"href":"https:\/\/edicionesalfar.es\/es\/wp-json\/wp\/v2\/product_cat?post=121296"},{"taxonomy":"product_tag","embeddable":true,"href":"https:\/\/edicionesalfar.es\/es\/wp-json\/wp\/v2\/product_tag?post=121296"}],"curies":[{"name":"wp","href":"https:\/\/api.w.org\/{rel}","templated":true}]}}