{"id":121294,"date":"2025-10-09T07:17:58","date_gmt":"2025-10-09T05:17:58","guid":{"rendered":"https:\/\/edicionesalfar.es\/es\/?post_type=product&#038;p=121294"},"modified":"2025-10-09T07:20:55","modified_gmt":"2025-10-09T05:20:55","slug":"luis-del-sol-la-leyendas-de-siete-pulmones-edicion-oro","status":"publish","type":"product","link":"https:\/\/edicionesalfar.es\/es\/producto\/luis-del-sol-la-leyendas-de-siete-pulmones-edicion-oro\/","title":{"rendered":"Luis del sol. La leyendas de siete pulmones. Edici\u00f3n oro."},"content":{"rendered":"<p>Luis del Sol es considerado uno de los mejores jugadores espa\u00f1oles de f\u00fatbol de todos los tiempos. Con un palmar\u00e9s imponente que incluye t\u00edtulos nacionales e internacionales, integrante del Real Madrid de Di St\u00e9fano, Gento o Puskas, admirado y respetado en Italia tras su exitoso paso por la Juventus de Tur\u00edn y la Roma, su nombre estar\u00e1 siempre ligado al club de sus amores, el que lo convirti\u00f3 en futbolista y en persona: el Real Betis Balompi\u00e9. El presente libro hace un recorrido por su figura desde el plano deportivo y humano. Es el propio Del Sol quien cuenta toda su vida, desde su infancia en el sevillano barrio de San Jer\u00f3nimo hasta la actualidad. Su relato est\u00e1 lleno de an\u00e9cdotas y recuerdos que nos permiten conocer a un jugador excepcional y a una persona sencilla, humilde y trabajadora. Asimismo, el libro cuenta con el valioso relato de Manolo Rodr\u00edguez, Tom\u00e1s Furest, Alfredo Rela\u00f1o y Alberto Cerruti, perodistas y amigos que rescatan experiencias y momentos inolvidables de su carrera. Y todos con un hilo en com\u00fan: valor a un hombre irrepetible dentro y fuera del terreno de juego.<\/p>\n<p>Ricardo Hurtado Sim\u00f3 es profesor de Ense\u00f1anza Secundaria y Doctor en Filosof\u00eda por la Universidad de Sevilla. Ha realizado numerosos art\u00edculos y libros centrados en los amigos, la igualdad de g\u00e9nero y la historia de la filosof\u00eda. B\u00e9tico por tradici\u00f3n familiar, ha publicado en esta misma editorial La historia del Real Betis contada por Manuel Sim\u00f3, homenaje a su abuelo, directivo verdiblanco durante m\u00e1s de cuarenta a\u00f1os.<\/p>\n","protected":false},"excerpt":{"rendered":"<p>Luis del Sol es considerado uno de los mejores jugadores espa\u00f1oles de f\u00fatbol de todos los tiempos. Con un palmar\u00e9s imponente que incluye t\u00edtulos nacionales e internacionales, integrante del Real Madrid de Di St\u00e9fano, Gento o Puskas, admirado y respetado en Italia tras su exitoso paso por la Juventus de Tur\u00edn y la Roma, su nombre estar\u00e1 siempre ligado al club de sus amores, el que lo convirti\u00f3 en futbolista y en persona: el Real Betis Balompi\u00e9.<\/p>\n","protected":false},"featured_media":121295,"comment_status":"closed","ping_status":"closed","template":"","meta":{"_acf_changed":false,"_et_pb_use_builder":"","_et_pb_old_content":"","_et_gb_content_width":""},"product_brand":[],"product_cat":[372,376,39,466],"product_tag":[],"class_list":{"0":"post-121294","1":"product","2":"type-product","3":"status-publish","4":"has-post-thumbnail","6":"product_cat-alfar","7":"product_cat-autores","8":"product_cat-deportes","9":"product_cat-hurtado-simo-ricardo","11":"first","12":"instock","13":"sale","14":"taxable","15":"shipping-taxable","16":"purchasable","17":"product-type-simple"},"acf":[],"yoast_head":"<!-- This site is optimized with the Yoast SEO plugin v27.4 - https:\/\/yoast.com\/product\/yoast-seo-wordpress\/ -->\n<title>Luis del sol. La leyendas de siete pulmones. Edici\u00f3n oro. - Ediciones Alfar<\/title>\n<meta name=\"description\" content=\"Un libro que narra y valora a uno de los mejores jugadores espa\u00f1oles de f\u00fatbol de todos los tiempos. Un hombre irrepetible dentro y fuera de los terrenos.\" \/>\n<meta name=\"robots\" content=\"index, follow, max-snippet:-1, max-image-preview:large, max-video-preview:-1\" \/>\n<link rel=\"canonical\" href=\"https:\/\/edicionesalfar.es\/es\/producto\/luis-del-sol-la-leyendas-de-siete-pulmones-edicion-oro\/\" \/>\n<meta property=\"og:locale\" content=\"es_ES\" \/>\n<meta property=\"og:type\" content=\"article\" \/>\n<meta property=\"og:title\" content=\"Luis del sol. La leyendas de siete pulmones. Edici\u00f3n oro. - Ediciones Alfar\" \/>\n<meta property=\"og:description\" content=\"Un libro que narra y valora a uno de los mejores jugadores espa\u00f1oles de f\u00fatbol de todos los tiempos. Un hombre irrepetible dentro y fuera de los terrenos.\" \/>\n<meta property=\"og:url\" content=\"https:\/\/edicionesalfar.es\/es\/producto\/luis-del-sol-la-leyendas-de-siete-pulmones-edicion-oro\/\" \/>\n<meta property=\"og:site_name\" content=\"Ediciones Alfar\" \/>\n<meta property=\"article:modified_time\" content=\"2025-10-09T05:20:55+00:00\" \/>\n<meta property=\"og:image\" content=\"https:\/\/edicionesalfar.es\/es\/wp-content\/uploads\/2025\/10\/9788410286399.jpg\" \/>\n\t<meta property=\"og:image:width\" content=\"1536\" \/>\n\t<meta property=\"og:image:height\" content=\"2480\" \/>\n\t<meta property=\"og:image:type\" content=\"image\/jpeg\" \/>\n<meta name=\"twitter:card\" content=\"summary_large_image\" \/>\n<meta name=\"twitter:label1\" content=\"Tiempo de lectura\" \/>\n\t<meta name=\"twitter:data1\" content=\"2 minutos\" \/>\n<script type=\"application\/ld+json\" class=\"yoast-schema-graph\">{\"@context\":\"https:\\\/\\\/schema.org\",\"@graph\":[{\"@type\":\"WebPage\",\"@id\":\"https:\\\/\\\/edicionesalfar.es\\\/es\\\/producto\\\/luis-del-sol-la-leyendas-de-siete-pulmones-edicion-oro\\\/\",\"url\":\"https:\\\/\\\/edicionesalfar.es\\\/es\\\/producto\\\/luis-del-sol-la-leyendas-de-siete-pulmones-edicion-oro\\\/\",\"name\":\"Luis del sol. La leyendas de siete pulmones. Edici\u00f3n oro. - Ediciones Alfar\",\"isPartOf\":{\"@id\":\"https:\\\/\\\/edicionesalfar.es\\\/es\\\/#website\"},\"primaryImageOfPage\":{\"@id\":\"https:\\\/\\\/edicionesalfar.es\\\/es\\\/producto\\\/luis-del-sol-la-leyendas-de-siete-pulmones-edicion-oro\\\/#primaryimage\"},\"image\":{\"@id\":\"https:\\\/\\\/edicionesalfar.es\\\/es\\\/producto\\\/luis-del-sol-la-leyendas-de-siete-pulmones-edicion-oro\\\/#primaryimage\"},\"thumbnailUrl\":\"https:\\\/\\\/edicionesalfar.es\\\/es\\\/wp-content\\\/uploads\\\/2025\\\/10\\\/9788410286399.jpg\",\"datePublished\":\"2025-10-09T05:17:58+00:00\",\"dateModified\":\"2025-10-09T05:20:55+00:00\",\"description\":\"Un libro que narra y valora a uno de los mejores jugadores espa\u00f1oles de f\u00fatbol de todos los tiempos. Un hombre irrepetible dentro y fuera de los terrenos.\",\"breadcrumb\":{\"@id\":\"https:\\\/\\\/edicionesalfar.es\\\/es\\\/producto\\\/luis-del-sol-la-leyendas-de-siete-pulmones-edicion-oro\\\/#breadcrumb\"},\"inLanguage\":\"es\",\"potentialAction\":[{\"@type\":\"ReadAction\",\"target\":[\"https:\\\/\\\/edicionesalfar.es\\\/es\\\/producto\\\/luis-del-sol-la-leyendas-de-siete-pulmones-edicion-oro\\\/\"]}]},{\"@type\":\"ImageObject\",\"inLanguage\":\"es\",\"@id\":\"https:\\\/\\\/edicionesalfar.es\\\/es\\\/producto\\\/luis-del-sol-la-leyendas-de-siete-pulmones-edicion-oro\\\/#primaryimage\",\"url\":\"https:\\\/\\\/edicionesalfar.es\\\/es\\\/wp-content\\\/uploads\\\/2025\\\/10\\\/9788410286399.jpg\",\"contentUrl\":\"https:\\\/\\\/edicionesalfar.es\\\/es\\\/wp-content\\\/uploads\\\/2025\\\/10\\\/9788410286399.jpg\",\"width\":1536,\"height\":2480},{\"@type\":\"BreadcrumbList\",\"@id\":\"https:\\\/\\\/edicionesalfar.es\\\/es\\\/producto\\\/luis-del-sol-la-leyendas-de-siete-pulmones-edicion-oro\\\/#breadcrumb\",\"itemListElement\":[{\"@type\":\"ListItem\",\"position\":1,\"name\":\"Portada\",\"item\":\"https:\\\/\\\/edicionesalfar.es\\\/es\\\/\"},{\"@type\":\"ListItem\",\"position\":2,\"name\":\"Cat\u00e1logo\",\"item\":\"https:\\\/\\\/edicionesalfar.es\\\/es\\\/catalogo\\\/\"},{\"@type\":\"ListItem\",\"position\":3,\"name\":\"Luis del sol. La leyendas de siete pulmones. Edici\u00f3n oro.\"}]},{\"@type\":\"WebSite\",\"@id\":\"https:\\\/\\\/edicionesalfar.es\\\/es\\\/#website\",\"url\":\"https:\\\/\\\/edicionesalfar.es\\\/es\\\/\",\"name\":\"Ediciones Alfar\",\"description\":\"\",\"potentialAction\":[{\"@type\":\"SearchAction\",\"target\":{\"@type\":\"EntryPoint\",\"urlTemplate\":\"https:\\\/\\\/edicionesalfar.es\\\/es\\\/?s={search_term_string}\"},\"query-input\":{\"@type\":\"PropertyValueSpecification\",\"valueRequired\":true,\"valueName\":\"search_term_string\"}}],\"inLanguage\":\"es\"}]}<\/script>\n<!-- \/ Yoast SEO plugin. -->","yoast_head_json":{"title":"Luis del sol. La leyendas de siete pulmones. Edici\u00f3n oro. - Ediciones Alfar","description":"Un libro que narra y valora a uno de los mejores jugadores espa\u00f1oles de f\u00fatbol de todos los tiempos. Un hombre irrepetible dentro y fuera de los terrenos.","robots":{"index":"index","follow":"follow","max-snippet":"max-snippet:-1","max-image-preview":"max-image-preview:large","max-video-preview":"max-video-preview:-1"},"canonical":"https:\/\/edicionesalfar.es\/es\/producto\/luis-del-sol-la-leyendas-de-siete-pulmones-edicion-oro\/","og_locale":"es_ES","og_type":"article","og_title":"Luis del sol. La leyendas de siete pulmones. Edici\u00f3n oro. - Ediciones Alfar","og_description":"Un libro que narra y valora a uno de los mejores jugadores espa\u00f1oles de f\u00fatbol de todos los tiempos. Un hombre irrepetible dentro y fuera de los terrenos.","og_url":"https:\/\/edicionesalfar.es\/es\/producto\/luis-del-sol-la-leyendas-de-siete-pulmones-edicion-oro\/","og_site_name":"Ediciones Alfar","article_modified_time":"2025-10-09T05:20:55+00:00","og_image":[{"width":1536,"height":2480,"url":"https:\/\/edicionesalfar.es\/es\/wp-content\/uploads\/2025\/10\/9788410286399.jpg","type":"image\/jpeg"}],"twitter_card":"summary_large_image","twitter_misc":{"Tiempo de lectura":"2 minutos"},"schema":{"@context":"https:\/\/schema.org","@graph":[{"@type":"WebPage","@id":"https:\/\/edicionesalfar.es\/es\/producto\/luis-del-sol-la-leyendas-de-siete-pulmones-edicion-oro\/","url":"https:\/\/edicionesalfar.es\/es\/producto\/luis-del-sol-la-leyendas-de-siete-pulmones-edicion-oro\/","name":"Luis del sol. La leyendas de siete pulmones. Edici\u00f3n oro. - Ediciones Alfar","isPartOf":{"@id":"https:\/\/edicionesalfar.es\/es\/#website"},"primaryImageOfPage":{"@id":"https:\/\/edicionesalfar.es\/es\/producto\/luis-del-sol-la-leyendas-de-siete-pulmones-edicion-oro\/#primaryimage"},"image":{"@id":"https:\/\/edicionesalfar.es\/es\/producto\/luis-del-sol-la-leyendas-de-siete-pulmones-edicion-oro\/#primaryimage"},"thumbnailUrl":"https:\/\/edicionesalfar.es\/es\/wp-content\/uploads\/2025\/10\/9788410286399.jpg","datePublished":"2025-10-09T05:17:58+00:00","dateModified":"2025-10-09T05:20:55+00:00","description":"Un libro que narra y valora a uno de los mejores jugadores espa\u00f1oles de f\u00fatbol de todos los tiempos. Un hombre irrepetible dentro y fuera de los terrenos.","breadcrumb":{"@id":"https:\/\/edicionesalfar.es\/es\/producto\/luis-del-sol-la-leyendas-de-siete-pulmones-edicion-oro\/#breadcrumb"},"inLanguage":"es","potentialAction":[{"@type":"ReadAction","target":["https:\/\/edicionesalfar.es\/es\/producto\/luis-del-sol-la-leyendas-de-siete-pulmones-edicion-oro\/"]}]},{"@type":"ImageObject","inLanguage":"es","@id":"https:\/\/edicionesalfar.es\/es\/producto\/luis-del-sol-la-leyendas-de-siete-pulmones-edicion-oro\/#primaryimage","url":"https:\/\/edicionesalfar.es\/es\/wp-content\/uploads\/2025\/10\/9788410286399.jpg","contentUrl":"https:\/\/edicionesalfar.es\/es\/wp-content\/uploads\/2025\/10\/9788410286399.jpg","width":1536,"height":2480},{"@type":"BreadcrumbList","@id":"https:\/\/edicionesalfar.es\/es\/producto\/luis-del-sol-la-leyendas-de-siete-pulmones-edicion-oro\/#breadcrumb","itemListElement":[{"@type":"ListItem","position":1,"name":"Portada","item":"https:\/\/edicionesalfar.es\/es\/"},{"@type":"ListItem","position":2,"name":"Cat\u00e1logo","item":"https:\/\/edicionesalfar.es\/es\/catalogo\/"},{"@type":"ListItem","position":3,"name":"Luis del sol. La leyendas de siete pulmones. Edici\u00f3n oro."}]},{"@type":"WebSite","@id":"https:\/\/edicionesalfar.es\/es\/#website","url":"https:\/\/edicionesalfar.es\/es\/","name":"Ediciones Alfar","description":"","potentialAction":[{"@type":"SearchAction","target":{"@type":"EntryPoint","urlTemplate":"https:\/\/edicionesalfar.es\/es\/?s={search_term_string}"},"query-input":{"@type":"PropertyValueSpecification","valueRequired":true,"valueName":"search_term_string"}}],"inLanguage":"es"}]}},"_links":{"self":[{"href":"https:\/\/edicionesalfar.es\/es\/wp-json\/wp\/v2\/product\/121294","targetHints":{"allow":["GET"]}}],"collection":[{"href":"https:\/\/edicionesalfar.es\/es\/wp-json\/wp\/v2\/product"}],"about":[{"href":"https:\/\/edicionesalfar.es\/es\/wp-json\/wp\/v2\/types\/product"}],"replies":[{"embeddable":true,"href":"https:\/\/edicionesalfar.es\/es\/wp-json\/wp\/v2\/comments?post=121294"}],"wp:featuredmedia":[{"embeddable":true,"href":"https:\/\/edicionesalfar.es\/es\/wp-json\/wp\/v2\/media\/121295"}],"wp:attachment":[{"href":"https:\/\/edicionesalfar.es\/es\/wp-json\/wp\/v2\/media?parent=121294"}],"wp:term":[{"taxonomy":"product_brand","embeddable":true,"href":"https:\/\/edicionesalfar.es\/es\/wp-json\/wp\/v2\/product_brand?post=121294"},{"taxonomy":"product_cat","embeddable":true,"href":"https:\/\/edicionesalfar.es\/es\/wp-json\/wp\/v2\/product_cat?post=121294"},{"taxonomy":"product_tag","embeddable":true,"href":"https:\/\/edicionesalfar.es\/es\/wp-json\/wp\/v2\/product_tag?post=121294"}],"curies":[{"name":"wp","href":"https:\/\/api.w.org\/{rel}","templated":true}]}}