{"id":121281,"date":"2025-10-09T06:49:32","date_gmt":"2025-10-09T04:49:32","guid":{"rendered":"https:\/\/edicionesalfar.es\/es\/?post_type=product&#038;p=121281"},"modified":"2025-10-09T06:49:36","modified_gmt":"2025-10-09T04:49:36","slug":"raquel-contemplando-las-olas-del-mar-y-otros-cuentos-fantasticos","status":"publish","type":"product","link":"https:\/\/edicionesalfar.es\/es\/producto\/raquel-contemplando-las-olas-del-mar-y-otros-cuentos-fantasticos\/","title":{"rendered":"Raquel contemplando las olas del mar. Y otros cuentos fant\u00e1sticos"},"content":{"rendered":"<p><em>Raquel contemplando las olas del mar y otros cuentos fant\u00e1sticos<\/em> es un viaje literario hacia lo ins\u00f3lito, lo on\u00edrico y lo maravilloso de la existencia. Andr\u00e9s Gonz\u00e1lez-Barba re\u00fane en este libro relatos que mezclan realidad y fantas\u00eda con un pulso narrativo envolvente. Desde la aparici\u00f3n de una misteriosa mujer egipcia que guarda secretos de la eternidad hasta los terrores que esconde la guerra en Kherson, cada cuento atrapa con su atm\u00f3sfera po\u00e9tica y su profundidad humana. Las historias exploran el amor, el sacrificio, la inmortalidad, los fantasmas del pasado y los anhelos que nos mantienen vivos incluso en el peor de los inviernos. Esta obra es un regalo para quienes no han perdido la esperanza de encontrar un resquicio de fantas\u00eda en sus vidas y desean volver a mirar el mundo con asombro.<\/p>\n<p><img decoding=\"async\" class=\"alignleft wp-image-121283 \" src=\"https:\/\/edicionesalfar.es\/es\/wp-content\/uploads\/2025\/10\/tirar-1-248x300.jpg\" alt=\"\" width=\"121\" height=\"146\" srcset=\"https:\/\/edicionesalfar.es\/es\/wp-content\/uploads\/2025\/10\/tirar-1-248x300.jpg 248w, https:\/\/edicionesalfar.es\/es\/wp-content\/uploads\/2025\/10\/tirar-1-300x363.jpg 300w, https:\/\/edicionesalfar.es\/es\/wp-content\/uploads\/2025\/10\/tirar-1.jpg 323w\" sizes=\"(max-width: 121px) 100vw, 121px\" \/>Andr\u00e9s Gonz\u00e1lez-Barba (Sevilla, 1974) es periodista cultural y escritor. A lo largo de su trayectoria, ha cultivado la literatura fant\u00e1stica y el cuento breve con un estilo evocador y l\u00edrico, dotando a cada historia de un trasfondo filos\u00f3fico y humano que trasciende la simple narraci\u00f3n. Ha trabajado durante a\u00f1os como redactor cultural, entrevistando a grandes nombres de la literatura y el arte, y colabora habitualmente en prensa escrita con art\u00edculos de opini\u00f3n, cr\u00edtica literaria y rese\u00f1as. Su pasi\u00f3n por los cl\u00e1sicos, el cine y la historia se reflejan en su obra, creando relatos que son puertas abiertas a otras realidades. Con este nuevo libro, Gonz\u00e1lez-Barba confirma su lugar como uno de los autores andaluces m\u00e1s interesantes en el g\u00e9nero fant\u00e1stico actual.<\/p>\n","protected":false},"excerpt":{"rendered":"<p>Raquel contemplando las olas del mar y otros cuentos fant\u00e1sticos es un viaje literario hacia lo ins\u00f3lito, lo on\u00edrico y lo maravilloso de la existencia. Andr\u00e9s Gonz\u00e1lez-Barba re\u00fane en este libro relatos que mezclan realidad y fantas\u00eda con un pulso narrativo envolvente. Desde la aparici\u00f3n de una misteriosa mujer egipcia que guarda secretos de la eternidad hasta los terrores que esconde la guerra en Kherson, cada cuento atrapa con su atm\u00f3sfera po\u00e9tica y su profundidad humana.<\/p>\n","protected":false},"featured_media":121286,"comment_status":"closed","ping_status":"closed","template":"","meta":{"_acf_changed":false,"_et_pb_use_builder":"","_et_pb_old_content":"","_et_gb_content_width":""},"product_brand":[],"product_cat":[372,376,563,47],"product_tag":[],"class_list":{"0":"post-121281","1":"product","2":"type-product","3":"status-publish","4":"has-post-thumbnail","6":"product_cat-alfar","7":"product_cat-autores","8":"product_cat-gonzalez-barba-andres","9":"product_cat-otras-narrativas","11":"first","12":"instock","13":"sale","14":"taxable","15":"shipping-taxable","16":"purchasable","17":"product-type-simple"},"acf":[],"yoast_head":"<!-- This site is optimized with the Yoast SEO plugin v27.4 - https:\/\/yoast.com\/product\/yoast-seo-wordpress\/ -->\n<title>Raquel contemplando las olas del mar. Y otros cuentos fant\u00e1sticos - Ediciones Alfar<\/title>\n<meta name=\"description\" content=\"Raquel contemplando las olas del mar y otros cuentos fant\u00e1sticos es un viaje literario hacia lo ins\u00f3lito, lo on\u00edrico y lo maravilloso de la existencia.\" \/>\n<meta name=\"robots\" content=\"index, follow, max-snippet:-1, max-image-preview:large, max-video-preview:-1\" \/>\n<link rel=\"canonical\" href=\"https:\/\/edicionesalfar.es\/es\/producto\/raquel-contemplando-las-olas-del-mar-y-otros-cuentos-fantasticos\/\" \/>\n<meta property=\"og:locale\" content=\"es_ES\" \/>\n<meta property=\"og:type\" content=\"article\" \/>\n<meta property=\"og:title\" content=\"Raquel contemplando las olas del mar. Y otros cuentos fant\u00e1sticos - Ediciones Alfar\" \/>\n<meta property=\"og:description\" content=\"Raquel contemplando las olas del mar y otros cuentos fant\u00e1sticos es un viaje literario hacia lo ins\u00f3lito, lo on\u00edrico y lo maravilloso de la existencia.\" \/>\n<meta property=\"og:url\" content=\"https:\/\/edicionesalfar.es\/es\/producto\/raquel-contemplando-las-olas-del-mar-y-otros-cuentos-fantasticos\/\" \/>\n<meta property=\"og:site_name\" content=\"Ediciones Alfar\" \/>\n<meta property=\"article:modified_time\" content=\"2025-10-09T04:49:36+00:00\" \/>\n<meta property=\"og:image\" content=\"https:\/\/edicionesalfar.es\/es\/wp-content\/uploads\/2025\/10\/9788410286320-1-709x1024.jpg\" \/>\n\t<meta property=\"og:image:width\" content=\"709\" \/>\n\t<meta property=\"og:image:height\" content=\"1024\" \/>\n\t<meta property=\"og:image:type\" content=\"image\/jpeg\" \/>\n<meta name=\"twitter:card\" content=\"summary_large_image\" \/>\n<meta name=\"twitter:label1\" content=\"Tiempo de lectura\" \/>\n\t<meta name=\"twitter:data1\" content=\"2 minutos\" \/>\n<script type=\"application\/ld+json\" class=\"yoast-schema-graph\">{\"@context\":\"https:\\\/\\\/schema.org\",\"@graph\":[{\"@type\":\"WebPage\",\"@id\":\"https:\\\/\\\/edicionesalfar.es\\\/es\\\/producto\\\/raquel-contemplando-las-olas-del-mar-y-otros-cuentos-fantasticos\\\/\",\"url\":\"https:\\\/\\\/edicionesalfar.es\\\/es\\\/producto\\\/raquel-contemplando-las-olas-del-mar-y-otros-cuentos-fantasticos\\\/\",\"name\":\"Raquel contemplando las olas del mar. Y otros cuentos fant\u00e1sticos - Ediciones Alfar\",\"isPartOf\":{\"@id\":\"https:\\\/\\\/edicionesalfar.es\\\/es\\\/#website\"},\"primaryImageOfPage\":{\"@id\":\"https:\\\/\\\/edicionesalfar.es\\\/es\\\/producto\\\/raquel-contemplando-las-olas-del-mar-y-otros-cuentos-fantasticos\\\/#primaryimage\"},\"image\":{\"@id\":\"https:\\\/\\\/edicionesalfar.es\\\/es\\\/producto\\\/raquel-contemplando-las-olas-del-mar-y-otros-cuentos-fantasticos\\\/#primaryimage\"},\"thumbnailUrl\":\"https:\\\/\\\/edicionesalfar.es\\\/es\\\/wp-content\\\/uploads\\\/2025\\\/10\\\/9788410286320-1.jpg\",\"datePublished\":\"2025-10-09T04:49:32+00:00\",\"dateModified\":\"2025-10-09T04:49:36+00:00\",\"description\":\"Raquel contemplando las olas del mar y otros cuentos fant\u00e1sticos es un viaje literario hacia lo ins\u00f3lito, lo on\u00edrico y lo maravilloso de la existencia.\",\"breadcrumb\":{\"@id\":\"https:\\\/\\\/edicionesalfar.es\\\/es\\\/producto\\\/raquel-contemplando-las-olas-del-mar-y-otros-cuentos-fantasticos\\\/#breadcrumb\"},\"inLanguage\":\"es\",\"potentialAction\":[{\"@type\":\"ReadAction\",\"target\":[\"https:\\\/\\\/edicionesalfar.es\\\/es\\\/producto\\\/raquel-contemplando-las-olas-del-mar-y-otros-cuentos-fantasticos\\\/\"]}]},{\"@type\":\"ImageObject\",\"inLanguage\":\"es\",\"@id\":\"https:\\\/\\\/edicionesalfar.es\\\/es\\\/producto\\\/raquel-contemplando-las-olas-del-mar-y-otros-cuentos-fantasticos\\\/#primaryimage\",\"url\":\"https:\\\/\\\/edicionesalfar.es\\\/es\\\/wp-content\\\/uploads\\\/2025\\\/10\\\/9788410286320-1.jpg\",\"contentUrl\":\"https:\\\/\\\/edicionesalfar.es\\\/es\\\/wp-content\\\/uploads\\\/2025\\\/10\\\/9788410286320-1.jpg\",\"width\":1417,\"height\":2048},{\"@type\":\"BreadcrumbList\",\"@id\":\"https:\\\/\\\/edicionesalfar.es\\\/es\\\/producto\\\/raquel-contemplando-las-olas-del-mar-y-otros-cuentos-fantasticos\\\/#breadcrumb\",\"itemListElement\":[{\"@type\":\"ListItem\",\"position\":1,\"name\":\"Portada\",\"item\":\"https:\\\/\\\/edicionesalfar.es\\\/es\\\/\"},{\"@type\":\"ListItem\",\"position\":2,\"name\":\"Cat\u00e1logo\",\"item\":\"https:\\\/\\\/edicionesalfar.es\\\/es\\\/catalogo\\\/\"},{\"@type\":\"ListItem\",\"position\":3,\"name\":\"Raquel contemplando las olas del mar. Y otros cuentos fant\u00e1sticos\"}]},{\"@type\":\"WebSite\",\"@id\":\"https:\\\/\\\/edicionesalfar.es\\\/es\\\/#website\",\"url\":\"https:\\\/\\\/edicionesalfar.es\\\/es\\\/\",\"name\":\"Ediciones Alfar\",\"description\":\"\",\"potentialAction\":[{\"@type\":\"SearchAction\",\"target\":{\"@type\":\"EntryPoint\",\"urlTemplate\":\"https:\\\/\\\/edicionesalfar.es\\\/es\\\/?s={search_term_string}\"},\"query-input\":{\"@type\":\"PropertyValueSpecification\",\"valueRequired\":true,\"valueName\":\"search_term_string\"}}],\"inLanguage\":\"es\"}]}<\/script>\n<!-- \/ Yoast SEO plugin. -->","yoast_head_json":{"title":"Raquel contemplando las olas del mar. Y otros cuentos fant\u00e1sticos - Ediciones Alfar","description":"Raquel contemplando las olas del mar y otros cuentos fant\u00e1sticos es un viaje literario hacia lo ins\u00f3lito, lo on\u00edrico y lo maravilloso de la existencia.","robots":{"index":"index","follow":"follow","max-snippet":"max-snippet:-1","max-image-preview":"max-image-preview:large","max-video-preview":"max-video-preview:-1"},"canonical":"https:\/\/edicionesalfar.es\/es\/producto\/raquel-contemplando-las-olas-del-mar-y-otros-cuentos-fantasticos\/","og_locale":"es_ES","og_type":"article","og_title":"Raquel contemplando las olas del mar. Y otros cuentos fant\u00e1sticos - Ediciones Alfar","og_description":"Raquel contemplando las olas del mar y otros cuentos fant\u00e1sticos es un viaje literario hacia lo ins\u00f3lito, lo on\u00edrico y lo maravilloso de la existencia.","og_url":"https:\/\/edicionesalfar.es\/es\/producto\/raquel-contemplando-las-olas-del-mar-y-otros-cuentos-fantasticos\/","og_site_name":"Ediciones Alfar","article_modified_time":"2025-10-09T04:49:36+00:00","og_image":[{"width":709,"height":1024,"url":"https:\/\/edicionesalfar.es\/es\/wp-content\/uploads\/2025\/10\/9788410286320-1-709x1024.jpg","type":"image\/jpeg"}],"twitter_card":"summary_large_image","twitter_misc":{"Tiempo de lectura":"2 minutos"},"schema":{"@context":"https:\/\/schema.org","@graph":[{"@type":"WebPage","@id":"https:\/\/edicionesalfar.es\/es\/producto\/raquel-contemplando-las-olas-del-mar-y-otros-cuentos-fantasticos\/","url":"https:\/\/edicionesalfar.es\/es\/producto\/raquel-contemplando-las-olas-del-mar-y-otros-cuentos-fantasticos\/","name":"Raquel contemplando las olas del mar. Y otros cuentos fant\u00e1sticos - Ediciones Alfar","isPartOf":{"@id":"https:\/\/edicionesalfar.es\/es\/#website"},"primaryImageOfPage":{"@id":"https:\/\/edicionesalfar.es\/es\/producto\/raquel-contemplando-las-olas-del-mar-y-otros-cuentos-fantasticos\/#primaryimage"},"image":{"@id":"https:\/\/edicionesalfar.es\/es\/producto\/raquel-contemplando-las-olas-del-mar-y-otros-cuentos-fantasticos\/#primaryimage"},"thumbnailUrl":"https:\/\/edicionesalfar.es\/es\/wp-content\/uploads\/2025\/10\/9788410286320-1.jpg","datePublished":"2025-10-09T04:49:32+00:00","dateModified":"2025-10-09T04:49:36+00:00","description":"Raquel contemplando las olas del mar y otros cuentos fant\u00e1sticos es un viaje literario hacia lo ins\u00f3lito, lo on\u00edrico y lo maravilloso de la existencia.","breadcrumb":{"@id":"https:\/\/edicionesalfar.es\/es\/producto\/raquel-contemplando-las-olas-del-mar-y-otros-cuentos-fantasticos\/#breadcrumb"},"inLanguage":"es","potentialAction":[{"@type":"ReadAction","target":["https:\/\/edicionesalfar.es\/es\/producto\/raquel-contemplando-las-olas-del-mar-y-otros-cuentos-fantasticos\/"]}]},{"@type":"ImageObject","inLanguage":"es","@id":"https:\/\/edicionesalfar.es\/es\/producto\/raquel-contemplando-las-olas-del-mar-y-otros-cuentos-fantasticos\/#primaryimage","url":"https:\/\/edicionesalfar.es\/es\/wp-content\/uploads\/2025\/10\/9788410286320-1.jpg","contentUrl":"https:\/\/edicionesalfar.es\/es\/wp-content\/uploads\/2025\/10\/9788410286320-1.jpg","width":1417,"height":2048},{"@type":"BreadcrumbList","@id":"https:\/\/edicionesalfar.es\/es\/producto\/raquel-contemplando-las-olas-del-mar-y-otros-cuentos-fantasticos\/#breadcrumb","itemListElement":[{"@type":"ListItem","position":1,"name":"Portada","item":"https:\/\/edicionesalfar.es\/es\/"},{"@type":"ListItem","position":2,"name":"Cat\u00e1logo","item":"https:\/\/edicionesalfar.es\/es\/catalogo\/"},{"@type":"ListItem","position":3,"name":"Raquel contemplando las olas del mar. Y otros cuentos fant\u00e1sticos"}]},{"@type":"WebSite","@id":"https:\/\/edicionesalfar.es\/es\/#website","url":"https:\/\/edicionesalfar.es\/es\/","name":"Ediciones Alfar","description":"","potentialAction":[{"@type":"SearchAction","target":{"@type":"EntryPoint","urlTemplate":"https:\/\/edicionesalfar.es\/es\/?s={search_term_string}"},"query-input":{"@type":"PropertyValueSpecification","valueRequired":true,"valueName":"search_term_string"}}],"inLanguage":"es"}]}},"_links":{"self":[{"href":"https:\/\/edicionesalfar.es\/es\/wp-json\/wp\/v2\/product\/121281","targetHints":{"allow":["GET"]}}],"collection":[{"href":"https:\/\/edicionesalfar.es\/es\/wp-json\/wp\/v2\/product"}],"about":[{"href":"https:\/\/edicionesalfar.es\/es\/wp-json\/wp\/v2\/types\/product"}],"replies":[{"embeddable":true,"href":"https:\/\/edicionesalfar.es\/es\/wp-json\/wp\/v2\/comments?post=121281"}],"wp:featuredmedia":[{"embeddable":true,"href":"https:\/\/edicionesalfar.es\/es\/wp-json\/wp\/v2\/media\/121286"}],"wp:attachment":[{"href":"https:\/\/edicionesalfar.es\/es\/wp-json\/wp\/v2\/media?parent=121281"}],"wp:term":[{"taxonomy":"product_brand","embeddable":true,"href":"https:\/\/edicionesalfar.es\/es\/wp-json\/wp\/v2\/product_brand?post=121281"},{"taxonomy":"product_cat","embeddable":true,"href":"https:\/\/edicionesalfar.es\/es\/wp-json\/wp\/v2\/product_cat?post=121281"},{"taxonomy":"product_tag","embeddable":true,"href":"https:\/\/edicionesalfar.es\/es\/wp-json\/wp\/v2\/product_tag?post=121281"}],"curies":[{"name":"wp","href":"https:\/\/api.w.org\/{rel}","templated":true}]}}