{"id":121278,"date":"2025-10-09T06:21:49","date_gmt":"2025-10-09T04:21:49","guid":{"rendered":"https:\/\/edicionesalfar.es\/es\/?post_type=product&#038;p=121278"},"modified":"2025-10-09T06:28:54","modified_gmt":"2025-10-09T04:28:54","slug":"mis-leyendas-de-sevilla-iii","status":"publish","type":"product","link":"https:\/\/edicionesalfar.es\/es\/producto\/mis-leyendas-de-sevilla-iii\/","title":{"rendered":"Mis leyendas de Sevilla III"},"content":{"rendered":"<p>Este libro recopila dieciocho leyendas sevillanas narradas con un estilo sencillo y evocador, pensado para acercar la historia, la tradici\u00f3n y la magia de Sevilla a los ni\u00f1os y j\u00f3venes. Cada leyenda se cuenta en primera persona, como si su protagonista hablara directamente al lector, recreando as\u00ed el ambiente de las narraciones orales que forman parte de la memoria popular de la ciudad. Entre sus p\u00e1ginas descubrimos historias sobre reyes y caballos que se niegan a profanar iglesias, bandoleros generosos como Diego Corrientes, fantasmas que asustan en cines, serpientes monstruosas que acechan en la calle de la Sierpe, reliquias milagrosas, y leyendas tan conocidas como la del Lagarto de la Catedral o la de la Macarena, intercambiada por un reloj para el hospital. Las ilustraciones en blanco, negro, gris, rojo y anaranjado de Teresa Guzm\u00e1n acompa\u00f1an el texto con un trazo on\u00edrico, aportando un tono de enso\u00f1aci\u00f3n que conecta con el lector infantil, pero sin perder la fuerza legendaria de cada historia.<\/p>\n<p>Isa L\u00f3pez Blanco, fil\u00f3loga y docente, y Teresa Guzm\u00e1n, artista y profesora, comparten su pasi\u00f3n por la educaci\u00f3n, la literatura y el arte en estas leyendas. Isa, Licenciada en Filolog\u00eda Hisp\u00e1nica, escribe con la sensibilidad de quien conoce el poder de la palabra para transmitir la historia y la imaginaci\u00f3n a los m\u00e1s j\u00f3venes. Teresa, Licenciada en Bellas Artes y autora de numerosos carteles y exposiciones, ilustra con la mirada \u00fanica de quien convierte los relatos en emociones visuales llenas de vida. Juntas recrean el patrimonio y la tradici\u00f3n sevillana con un lenguaje cercano, po\u00e9tico y did\u00e1ctico, para que ni\u00f1os y ni\u00f1as puedan so\u00f1ar, conocer y amar su tierra a trav\u00e9s de historias que nos recuerdan de d\u00f3nde venimos y todo lo que podemos ser.<\/p>\n","protected":false},"excerpt":{"rendered":"<p>Este libro recopila dieciocho leyendas sevillanas narradas con un estilo sencillo y evocador, pensado para acercar la historia, la tradici\u00f3n y la magia de Sevilla a los ni\u00f1os y j\u00f3venes. Cada leyenda se cuenta en primera persona, como si su protagonista hablara directamente al lector, recreando as\u00ed el ambiente de las narraciones orales que forman parte de la memoria popular de la ciudad.<\/p>\n","protected":false},"featured_media":121280,"comment_status":"closed","ping_status":"closed","template":"","meta":{"_acf_changed":false,"_et_pb_use_builder":"","_et_pb_old_content":"","_et_gb_content_width":""},"product_brand":[],"product_cat":[372,376,32,375,580,579],"product_tag":[],"class_list":{"0":"post-121278","1":"product","2":"type-product","3":"status-publish","4":"has-post-thumbnail","6":"product_cat-alfar","7":"product_cat-autores","8":"product_cat-infantil-juvenil","9":"product_cat-editoriales","10":"product_cat-guzman-teresa","11":"product_cat-lopez-blanco-isa","13":"first","14":"instock","15":"sale","16":"taxable","17":"shipping-taxable","18":"purchasable","19":"product-type-simple"},"acf":[],"yoast_head":"<!-- This site is optimized with the Yoast SEO plugin v27.4 - https:\/\/yoast.com\/product\/yoast-seo-wordpress\/ -->\n<title>Mis leyendas de Sevilla III - Ediciones Alfar<\/title>\n<meta name=\"description\" content=\"Este libro contiene 18 leyendas de Sevilla contada a los ni\u00f1os, en un lenguaje sencillo y evocador. Conocer\u00e1n la magia de nuestra ciudad.\" \/>\n<meta name=\"robots\" content=\"index, follow, max-snippet:-1, max-image-preview:large, max-video-preview:-1\" \/>\n<link rel=\"canonical\" href=\"https:\/\/edicionesalfar.es\/es\/producto\/mis-leyendas-de-sevilla-iii\/\" \/>\n<meta property=\"og:locale\" content=\"es_ES\" \/>\n<meta property=\"og:type\" content=\"article\" \/>\n<meta property=\"og:title\" content=\"Mis leyendas de Sevilla III - Ediciones Alfar\" \/>\n<meta property=\"og:description\" content=\"Este libro contiene 18 leyendas de Sevilla contada a los ni\u00f1os, en un lenguaje sencillo y evocador. Conocer\u00e1n la magia de nuestra ciudad.\" \/>\n<meta property=\"og:url\" content=\"https:\/\/edicionesalfar.es\/es\/producto\/mis-leyendas-de-sevilla-iii\/\" \/>\n<meta property=\"og:site_name\" content=\"Ediciones Alfar\" \/>\n<meta property=\"article:modified_time\" content=\"2025-10-09T04:28:54+00:00\" \/>\n<meta property=\"og:image\" content=\"https:\/\/edicionesalfar.es\/es\/wp-content\/uploads\/2025\/10\/9788410286368-1-732x1024.jpg\" \/>\n\t<meta property=\"og:image:width\" content=\"732\" \/>\n\t<meta property=\"og:image:height\" content=\"1024\" \/>\n\t<meta property=\"og:image:type\" content=\"image\/jpeg\" \/>\n<meta name=\"twitter:card\" content=\"summary_large_image\" \/>\n<meta name=\"twitter:label1\" content=\"Tiempo de lectura\" \/>\n\t<meta name=\"twitter:data1\" content=\"2 minutos\" \/>\n<script type=\"application\/ld+json\" class=\"yoast-schema-graph\">{\"@context\":\"https:\\\/\\\/schema.org\",\"@graph\":[{\"@type\":\"WebPage\",\"@id\":\"https:\\\/\\\/edicionesalfar.es\\\/es\\\/producto\\\/mis-leyendas-de-sevilla-iii\\\/\",\"url\":\"https:\\\/\\\/edicionesalfar.es\\\/es\\\/producto\\\/mis-leyendas-de-sevilla-iii\\\/\",\"name\":\"Mis leyendas de Sevilla III - Ediciones Alfar\",\"isPartOf\":{\"@id\":\"https:\\\/\\\/edicionesalfar.es\\\/es\\\/#website\"},\"primaryImageOfPage\":{\"@id\":\"https:\\\/\\\/edicionesalfar.es\\\/es\\\/producto\\\/mis-leyendas-de-sevilla-iii\\\/#primaryimage\"},\"image\":{\"@id\":\"https:\\\/\\\/edicionesalfar.es\\\/es\\\/producto\\\/mis-leyendas-de-sevilla-iii\\\/#primaryimage\"},\"thumbnailUrl\":\"https:\\\/\\\/edicionesalfar.es\\\/es\\\/wp-content\\\/uploads\\\/2025\\\/10\\\/9788410286368-1.jpg\",\"datePublished\":\"2025-10-09T04:21:49+00:00\",\"dateModified\":\"2025-10-09T04:28:54+00:00\",\"description\":\"Este libro contiene 18 leyendas de Sevilla contada a los ni\u00f1os, en un lenguaje sencillo y evocador. Conocer\u00e1n la magia de nuestra ciudad.\",\"breadcrumb\":{\"@id\":\"https:\\\/\\\/edicionesalfar.es\\\/es\\\/producto\\\/mis-leyendas-de-sevilla-iii\\\/#breadcrumb\"},\"inLanguage\":\"es\",\"potentialAction\":[{\"@type\":\"ReadAction\",\"target\":[\"https:\\\/\\\/edicionesalfar.es\\\/es\\\/producto\\\/mis-leyendas-de-sevilla-iii\\\/\"]}]},{\"@type\":\"ImageObject\",\"inLanguage\":\"es\",\"@id\":\"https:\\\/\\\/edicionesalfar.es\\\/es\\\/producto\\\/mis-leyendas-de-sevilla-iii\\\/#primaryimage\",\"url\":\"https:\\\/\\\/edicionesalfar.es\\\/es\\\/wp-content\\\/uploads\\\/2025\\\/10\\\/9788410286368-1.jpg\",\"contentUrl\":\"https:\\\/\\\/edicionesalfar.es\\\/es\\\/wp-content\\\/uploads\\\/2025\\\/10\\\/9788410286368-1.jpg\",\"width\":1772,\"height\":2480},{\"@type\":\"BreadcrumbList\",\"@id\":\"https:\\\/\\\/edicionesalfar.es\\\/es\\\/producto\\\/mis-leyendas-de-sevilla-iii\\\/#breadcrumb\",\"itemListElement\":[{\"@type\":\"ListItem\",\"position\":1,\"name\":\"Portada\",\"item\":\"https:\\\/\\\/edicionesalfar.es\\\/es\\\/\"},{\"@type\":\"ListItem\",\"position\":2,\"name\":\"Cat\u00e1logo\",\"item\":\"https:\\\/\\\/edicionesalfar.es\\\/es\\\/catalogo\\\/\"},{\"@type\":\"ListItem\",\"position\":3,\"name\":\"Mis leyendas de Sevilla III\"}]},{\"@type\":\"WebSite\",\"@id\":\"https:\\\/\\\/edicionesalfar.es\\\/es\\\/#website\",\"url\":\"https:\\\/\\\/edicionesalfar.es\\\/es\\\/\",\"name\":\"Ediciones Alfar\",\"description\":\"\",\"potentialAction\":[{\"@type\":\"SearchAction\",\"target\":{\"@type\":\"EntryPoint\",\"urlTemplate\":\"https:\\\/\\\/edicionesalfar.es\\\/es\\\/?s={search_term_string}\"},\"query-input\":{\"@type\":\"PropertyValueSpecification\",\"valueRequired\":true,\"valueName\":\"search_term_string\"}}],\"inLanguage\":\"es\"}]}<\/script>\n<!-- \/ Yoast SEO plugin. -->","yoast_head_json":{"title":"Mis leyendas de Sevilla III - Ediciones Alfar","description":"Este libro contiene 18 leyendas de Sevilla contada a los ni\u00f1os, en un lenguaje sencillo y evocador. Conocer\u00e1n la magia de nuestra ciudad.","robots":{"index":"index","follow":"follow","max-snippet":"max-snippet:-1","max-image-preview":"max-image-preview:large","max-video-preview":"max-video-preview:-1"},"canonical":"https:\/\/edicionesalfar.es\/es\/producto\/mis-leyendas-de-sevilla-iii\/","og_locale":"es_ES","og_type":"article","og_title":"Mis leyendas de Sevilla III - Ediciones Alfar","og_description":"Este libro contiene 18 leyendas de Sevilla contada a los ni\u00f1os, en un lenguaje sencillo y evocador. Conocer\u00e1n la magia de nuestra ciudad.","og_url":"https:\/\/edicionesalfar.es\/es\/producto\/mis-leyendas-de-sevilla-iii\/","og_site_name":"Ediciones Alfar","article_modified_time":"2025-10-09T04:28:54+00:00","og_image":[{"width":732,"height":1024,"url":"https:\/\/edicionesalfar.es\/es\/wp-content\/uploads\/2025\/10\/9788410286368-1-732x1024.jpg","type":"image\/jpeg"}],"twitter_card":"summary_large_image","twitter_misc":{"Tiempo de lectura":"2 minutos"},"schema":{"@context":"https:\/\/schema.org","@graph":[{"@type":"WebPage","@id":"https:\/\/edicionesalfar.es\/es\/producto\/mis-leyendas-de-sevilla-iii\/","url":"https:\/\/edicionesalfar.es\/es\/producto\/mis-leyendas-de-sevilla-iii\/","name":"Mis leyendas de Sevilla III - Ediciones Alfar","isPartOf":{"@id":"https:\/\/edicionesalfar.es\/es\/#website"},"primaryImageOfPage":{"@id":"https:\/\/edicionesalfar.es\/es\/producto\/mis-leyendas-de-sevilla-iii\/#primaryimage"},"image":{"@id":"https:\/\/edicionesalfar.es\/es\/producto\/mis-leyendas-de-sevilla-iii\/#primaryimage"},"thumbnailUrl":"https:\/\/edicionesalfar.es\/es\/wp-content\/uploads\/2025\/10\/9788410286368-1.jpg","datePublished":"2025-10-09T04:21:49+00:00","dateModified":"2025-10-09T04:28:54+00:00","description":"Este libro contiene 18 leyendas de Sevilla contada a los ni\u00f1os, en un lenguaje sencillo y evocador. Conocer\u00e1n la magia de nuestra ciudad.","breadcrumb":{"@id":"https:\/\/edicionesalfar.es\/es\/producto\/mis-leyendas-de-sevilla-iii\/#breadcrumb"},"inLanguage":"es","potentialAction":[{"@type":"ReadAction","target":["https:\/\/edicionesalfar.es\/es\/producto\/mis-leyendas-de-sevilla-iii\/"]}]},{"@type":"ImageObject","inLanguage":"es","@id":"https:\/\/edicionesalfar.es\/es\/producto\/mis-leyendas-de-sevilla-iii\/#primaryimage","url":"https:\/\/edicionesalfar.es\/es\/wp-content\/uploads\/2025\/10\/9788410286368-1.jpg","contentUrl":"https:\/\/edicionesalfar.es\/es\/wp-content\/uploads\/2025\/10\/9788410286368-1.jpg","width":1772,"height":2480},{"@type":"BreadcrumbList","@id":"https:\/\/edicionesalfar.es\/es\/producto\/mis-leyendas-de-sevilla-iii\/#breadcrumb","itemListElement":[{"@type":"ListItem","position":1,"name":"Portada","item":"https:\/\/edicionesalfar.es\/es\/"},{"@type":"ListItem","position":2,"name":"Cat\u00e1logo","item":"https:\/\/edicionesalfar.es\/es\/catalogo\/"},{"@type":"ListItem","position":3,"name":"Mis leyendas de Sevilla III"}]},{"@type":"WebSite","@id":"https:\/\/edicionesalfar.es\/es\/#website","url":"https:\/\/edicionesalfar.es\/es\/","name":"Ediciones Alfar","description":"","potentialAction":[{"@type":"SearchAction","target":{"@type":"EntryPoint","urlTemplate":"https:\/\/edicionesalfar.es\/es\/?s={search_term_string}"},"query-input":{"@type":"PropertyValueSpecification","valueRequired":true,"valueName":"search_term_string"}}],"inLanguage":"es"}]}},"_links":{"self":[{"href":"https:\/\/edicionesalfar.es\/es\/wp-json\/wp\/v2\/product\/121278","targetHints":{"allow":["GET"]}}],"collection":[{"href":"https:\/\/edicionesalfar.es\/es\/wp-json\/wp\/v2\/product"}],"about":[{"href":"https:\/\/edicionesalfar.es\/es\/wp-json\/wp\/v2\/types\/product"}],"replies":[{"embeddable":true,"href":"https:\/\/edicionesalfar.es\/es\/wp-json\/wp\/v2\/comments?post=121278"}],"wp:featuredmedia":[{"embeddable":true,"href":"https:\/\/edicionesalfar.es\/es\/wp-json\/wp\/v2\/media\/121280"}],"wp:attachment":[{"href":"https:\/\/edicionesalfar.es\/es\/wp-json\/wp\/v2\/media?parent=121278"}],"wp:term":[{"taxonomy":"product_brand","embeddable":true,"href":"https:\/\/edicionesalfar.es\/es\/wp-json\/wp\/v2\/product_brand?post=121278"},{"taxonomy":"product_cat","embeddable":true,"href":"https:\/\/edicionesalfar.es\/es\/wp-json\/wp\/v2\/product_cat?post=121278"},{"taxonomy":"product_tag","embeddable":true,"href":"https:\/\/edicionesalfar.es\/es\/wp-json\/wp\/v2\/product_tag?post=121278"}],"curies":[{"name":"wp","href":"https:\/\/api.w.org\/{rel}","templated":true}]}}