{"id":121150,"date":"2025-04-14T11:01:47","date_gmt":"2025-04-14T09:01:47","guid":{"rendered":"https:\/\/edicionesalfar.es\/es\/?post_type=product&#038;p=121150"},"modified":"2025-04-14T11:01:52","modified_gmt":"2025-04-14T09:01:52","slug":"hijos-nosotros-tambien-somos-influencers","status":"publish","type":"product","link":"https:\/\/edicionesalfar.es\/es\/producto\/hijos-nosotros-tambien-somos-influencers\/","title":{"rendered":"Hijos, nosotros tambi\u00e9n somos influencers"},"content":{"rendered":"<p>En un mundo donde nuestros j\u00f3venes son influenciados diariamente por figuras p\u00fablicas en todas las facetas posibles, este libro reivindica el papel fundamental de los padres como los mejores y m\u00e1s importantes influencers para sus hijos. Esta obra destaca c\u00f3mo madres y padres, a menudo sin darse cuenta, se convierten cada d\u00eda en referentes que marcar\u00e1n la vida de sus hijos. Adem\u00e1s, ofrece estrategias y consejos sobre c\u00f3mo ejercer esta influencia de manera efectiva en diversas circunstancias y momentos clave. Sin duda, este libro le devolver\u00e1 la ilusi\u00f3n que sinti\u00f3 al ver nacer a sus hijos: la ilusi\u00f3n de ser el principal influencer en sus vidas. Desde c\u00f3mo debemos comportarnos con nuestros hijos desde que los levantamos por la ma\u00f1ana, pasando por ir de compras y hasta en los viajes, todas y cada una de estas situaciones pueden convertirse en oportunidades para establecer charlas y di\u00e1logos que les ayuden a crecer como personas. Teniendo en cuenta siempre aspectos sobre inteligencia emocional, psicolog\u00eda positiva y neurociencia, se proponen modelos ejemplares y sugerencias sobre c\u00f3mo manejar ciertos momentos con nuestros hijos. Hablaremos de sus deseos e inquietudes, evitando que busquen en las redes sociales algo que podemos proporcionarles desde casa.<img decoding=\"async\" class=\"wp-image-121151 alignleft\" src=\"https:\/\/edicionesalfar.es\/es\/wp-content\/uploads\/2025\/04\/20240516_003201_0000-300x300.png\" alt=\"\" width=\"143\" height=\"143\" \/><\/p>\n<p><strong>Daniel Berm\u00fadez<\/strong>, docente del Cuerpo de Maestros en la Consejer\u00eda de Educaci\u00f3n desde 2006. Diplomatura en Magisterio de Lengua Extranjera Ingl\u00e9s en la Universidad de Sevilla y el Grado en Primaria por la Universidad Internacional Isabel I. Adem\u00e1s, realic\u00e9 un M\u00e1ster en Salud Laboral y Prevenci\u00f3n de Riesgos Laborales en la IMF Business School Universidad Camilo Jos\u00e9 Cela. Recientemente, me he capacitado en el programa de implantaci\u00f3n de Inteligencia Emocional en el \u00e1mbito educativo en la Red de Implantaci\u00f3n de Educaci\u00f3n Emocional y Bienestar. Adem\u00e1s, busqu\u00e9 mejorar mis habilidades pedag\u00f3gicas a trav\u00e9s de un curso en Columbia University sobre ense\u00f1anza inclusiva para apoyar a todos los estudiantes en el aula universitaria. Actualmente he finalizado formaciones en la Universidad de Nebrija sobre Neurociencia y Neuropsicolog\u00eda en Educaci\u00f3n.<\/p>\n","protected":false},"excerpt":{"rendered":"<p>En un mundo donde nuestros j\u00f3venes son influenciados diariamente por figuras p\u00fablicas en todas las facetas posibles, este libro reivindica el papel fundamental de los padres como los mejores y m\u00e1s importantes influencers para sus hijos. Esta obra destaca c\u00f3mo madres y padres, a menudo sin darse cuenta, se convierten cada d\u00eda en referentes que marcar\u00e1n la vida de sus hijos. Adem\u00e1s, ofrece estrategias y consejos sobre c\u00f3mo ejercer esta influencia de manera efectiva en diversas circunstancias y momentos clave. Sin duda, este libro le devolver\u00e1 la ilusi\u00f3n que sinti\u00f3 al ver nacer a sus hijos: la ilusi\u00f3n de ser el principal influencer en sus vidas. Desde c\u00f3mo debemos comportarnos con nuestros hijos desde que los levantamos por la ma\u00f1ana, pasando por ir de compras y hasta en los viajes, todas y cada una de estas situaciones pueden convertirse en oportunidades para establecer charlas y di\u00e1logos que les ayuden a crecer como personas. Teniendo en cuenta siempre aspectos sobre inteligencia emocional, psicolog\u00eda positiva y neurociencia, se proponen modelos ejemplares y sugerencias sobre c\u00f3mo manejar ciertos momentos con nuestros hijos. Hablaremos de sus deseos e inquietudes, evitando que busquen en las redes sociales algo que podemos proporcionarles desde casa.<\/p>\n","protected":false},"featured_media":121152,"comment_status":"closed","ping_status":"closed","template":"","meta":{"_acf_changed":false,"_et_pb_use_builder":"","_et_pb_old_content":"","_et_gb_content_width":""},"product_brand":[],"product_cat":[372,54],"product_tag":[],"class_list":{"0":"post-121150","1":"product","2":"type-product","3":"status-publish","4":"has-post-thumbnail","6":"product_cat-alfar","7":"product_cat-actuales","9":"first","10":"instock","11":"sale","12":"taxable","13":"shipping-taxable","14":"purchasable","15":"product-type-simple"},"acf":[],"yoast_head":"<!-- This site is optimized with the Yoast SEO plugin v27.6 - https:\/\/yoast.com\/product\/yoast-seo-wordpress\/ -->\n<title>Hijos, nosotros tambi\u00e9n somos influencers - Ediciones Alfar<\/title>\n<meta name=\"description\" content=\"En un mundo donde nuestros j\u00f3venes son influenciados diariamente por figuras p\u00fablicas en todas las facetas posibles, este libro reivindica el papel fundamental de los padres como los mejores y m\u00e1s importantes influencers para sus hijos.\" \/>\n<meta name=\"robots\" content=\"index, follow, max-snippet:-1, max-image-preview:large, max-video-preview:-1\" \/>\n<link rel=\"canonical\" href=\"https:\/\/edicionesalfar.es\/es\/producto\/hijos-nosotros-tambien-somos-influencers\/\" \/>\n<meta property=\"og:locale\" content=\"es_ES\" \/>\n<meta property=\"og:type\" content=\"article\" \/>\n<meta property=\"og:title\" content=\"Hijos, nosotros tambi\u00e9n somos influencers - Ediciones Alfar\" \/>\n<meta property=\"og:description\" content=\"En un mundo donde nuestros j\u00f3venes son influenciados diariamente por figuras p\u00fablicas en todas las facetas posibles, este libro reivindica el papel fundamental de los padres como los mejores y m\u00e1s importantes influencers para sus hijos.\" \/>\n<meta property=\"og:url\" content=\"https:\/\/edicionesalfar.es\/es\/producto\/hijos-nosotros-tambien-somos-influencers\/\" \/>\n<meta property=\"og:site_name\" content=\"Ediciones Alfar\" \/>\n<meta property=\"article:modified_time\" content=\"2025-04-14T09:01:52+00:00\" \/>\n<meta property=\"og:image\" content=\"https:\/\/edicionesalfar.es\/es\/wp-content\/uploads\/2025\/04\/9788410286269.jpg\" \/>\n\t<meta property=\"og:image:width\" content=\"1772\" \/>\n\t<meta property=\"og:image:height\" content=\"2479\" \/>\n\t<meta property=\"og:image:type\" content=\"image\/jpeg\" \/>\n<meta name=\"twitter:card\" content=\"summary_large_image\" \/>\n<meta name=\"twitter:label1\" content=\"Tiempo de lectura\" \/>\n\t<meta name=\"twitter:data1\" content=\"2 minutos\" \/>\n<script type=\"application\/ld+json\" class=\"yoast-schema-graph\">{\"@context\":\"https:\\\/\\\/schema.org\",\"@graph\":[{\"@type\":\"WebPage\",\"@id\":\"https:\\\/\\\/edicionesalfar.es\\\/es\\\/producto\\\/hijos-nosotros-tambien-somos-influencers\\\/\",\"url\":\"https:\\\/\\\/edicionesalfar.es\\\/es\\\/producto\\\/hijos-nosotros-tambien-somos-influencers\\\/\",\"name\":\"Hijos, nosotros tambi\u00e9n somos influencers - Ediciones Alfar\",\"isPartOf\":{\"@id\":\"https:\\\/\\\/edicionesalfar.es\\\/es\\\/#website\"},\"primaryImageOfPage\":{\"@id\":\"https:\\\/\\\/edicionesalfar.es\\\/es\\\/producto\\\/hijos-nosotros-tambien-somos-influencers\\\/#primaryimage\"},\"image\":{\"@id\":\"https:\\\/\\\/edicionesalfar.es\\\/es\\\/producto\\\/hijos-nosotros-tambien-somos-influencers\\\/#primaryimage\"},\"thumbnailUrl\":\"https:\\\/\\\/edicionesalfar.es\\\/es\\\/wp-content\\\/uploads\\\/2025\\\/04\\\/9788410286269.jpg\",\"datePublished\":\"2025-04-14T09:01:47+00:00\",\"dateModified\":\"2025-04-14T09:01:52+00:00\",\"description\":\"En un mundo donde nuestros j\u00f3venes son influenciados diariamente por figuras p\u00fablicas en todas las facetas posibles, este libro reivindica el papel fundamental de los padres como los mejores y m\u00e1s importantes influencers para sus hijos.\",\"breadcrumb\":{\"@id\":\"https:\\\/\\\/edicionesalfar.es\\\/es\\\/producto\\\/hijos-nosotros-tambien-somos-influencers\\\/#breadcrumb\"},\"inLanguage\":\"es\",\"potentialAction\":[{\"@type\":\"ReadAction\",\"target\":[\"https:\\\/\\\/edicionesalfar.es\\\/es\\\/producto\\\/hijos-nosotros-tambien-somos-influencers\\\/\"]}]},{\"@type\":\"ImageObject\",\"inLanguage\":\"es\",\"@id\":\"https:\\\/\\\/edicionesalfar.es\\\/es\\\/producto\\\/hijos-nosotros-tambien-somos-influencers\\\/#primaryimage\",\"url\":\"https:\\\/\\\/edicionesalfar.es\\\/es\\\/wp-content\\\/uploads\\\/2025\\\/04\\\/9788410286269.jpg\",\"contentUrl\":\"https:\\\/\\\/edicionesalfar.es\\\/es\\\/wp-content\\\/uploads\\\/2025\\\/04\\\/9788410286269.jpg\",\"width\":1772,\"height\":2479},{\"@type\":\"BreadcrumbList\",\"@id\":\"https:\\\/\\\/edicionesalfar.es\\\/es\\\/producto\\\/hijos-nosotros-tambien-somos-influencers\\\/#breadcrumb\",\"itemListElement\":[{\"@type\":\"ListItem\",\"position\":1,\"name\":\"Portada\",\"item\":\"https:\\\/\\\/edicionesalfar.es\\\/es\\\/\"},{\"@type\":\"ListItem\",\"position\":2,\"name\":\"Cat\u00e1logo\",\"item\":\"https:\\\/\\\/edicionesalfar.es\\\/es\\\/catalogo\\\/\"},{\"@type\":\"ListItem\",\"position\":3,\"name\":\"Hijos, nosotros tambi\u00e9n somos influencers\"}]},{\"@type\":\"WebSite\",\"@id\":\"https:\\\/\\\/edicionesalfar.es\\\/es\\\/#website\",\"url\":\"https:\\\/\\\/edicionesalfar.es\\\/es\\\/\",\"name\":\"Ediciones Alfar\",\"description\":\"\",\"potentialAction\":[{\"@type\":\"SearchAction\",\"target\":{\"@type\":\"EntryPoint\",\"urlTemplate\":\"https:\\\/\\\/edicionesalfar.es\\\/es\\\/?s={search_term_string}\"},\"query-input\":{\"@type\":\"PropertyValueSpecification\",\"valueRequired\":true,\"valueName\":\"search_term_string\"}}],\"inLanguage\":\"es\"}]}<\/script>\n<!-- \/ Yoast SEO plugin. -->","yoast_head_json":{"title":"Hijos, nosotros tambi\u00e9n somos influencers - Ediciones Alfar","description":"En un mundo donde nuestros j\u00f3venes son influenciados diariamente por figuras p\u00fablicas en todas las facetas posibles, este libro reivindica el papel fundamental de los padres como los mejores y m\u00e1s importantes influencers para sus hijos.","robots":{"index":"index","follow":"follow","max-snippet":"max-snippet:-1","max-image-preview":"max-image-preview:large","max-video-preview":"max-video-preview:-1"},"canonical":"https:\/\/edicionesalfar.es\/es\/producto\/hijos-nosotros-tambien-somos-influencers\/","og_locale":"es_ES","og_type":"article","og_title":"Hijos, nosotros tambi\u00e9n somos influencers - Ediciones Alfar","og_description":"En un mundo donde nuestros j\u00f3venes son influenciados diariamente por figuras p\u00fablicas en todas las facetas posibles, este libro reivindica el papel fundamental de los padres como los mejores y m\u00e1s importantes influencers para sus hijos.","og_url":"https:\/\/edicionesalfar.es\/es\/producto\/hijos-nosotros-tambien-somos-influencers\/","og_site_name":"Ediciones Alfar","article_modified_time":"2025-04-14T09:01:52+00:00","og_image":[{"width":1772,"height":2479,"url":"https:\/\/edicionesalfar.es\/es\/wp-content\/uploads\/2025\/04\/9788410286269.jpg","type":"image\/jpeg"}],"twitter_card":"summary_large_image","twitter_misc":{"Tiempo de lectura":"2 minutos"},"schema":{"@context":"https:\/\/schema.org","@graph":[{"@type":"WebPage","@id":"https:\/\/edicionesalfar.es\/es\/producto\/hijos-nosotros-tambien-somos-influencers\/","url":"https:\/\/edicionesalfar.es\/es\/producto\/hijos-nosotros-tambien-somos-influencers\/","name":"Hijos, nosotros tambi\u00e9n somos influencers - Ediciones Alfar","isPartOf":{"@id":"https:\/\/edicionesalfar.es\/es\/#website"},"primaryImageOfPage":{"@id":"https:\/\/edicionesalfar.es\/es\/producto\/hijos-nosotros-tambien-somos-influencers\/#primaryimage"},"image":{"@id":"https:\/\/edicionesalfar.es\/es\/producto\/hijos-nosotros-tambien-somos-influencers\/#primaryimage"},"thumbnailUrl":"https:\/\/edicionesalfar.es\/es\/wp-content\/uploads\/2025\/04\/9788410286269.jpg","datePublished":"2025-04-14T09:01:47+00:00","dateModified":"2025-04-14T09:01:52+00:00","description":"En un mundo donde nuestros j\u00f3venes son influenciados diariamente por figuras p\u00fablicas en todas las facetas posibles, este libro reivindica el papel fundamental de los padres como los mejores y m\u00e1s importantes influencers para sus hijos.","breadcrumb":{"@id":"https:\/\/edicionesalfar.es\/es\/producto\/hijos-nosotros-tambien-somos-influencers\/#breadcrumb"},"inLanguage":"es","potentialAction":[{"@type":"ReadAction","target":["https:\/\/edicionesalfar.es\/es\/producto\/hijos-nosotros-tambien-somos-influencers\/"]}]},{"@type":"ImageObject","inLanguage":"es","@id":"https:\/\/edicionesalfar.es\/es\/producto\/hijos-nosotros-tambien-somos-influencers\/#primaryimage","url":"https:\/\/edicionesalfar.es\/es\/wp-content\/uploads\/2025\/04\/9788410286269.jpg","contentUrl":"https:\/\/edicionesalfar.es\/es\/wp-content\/uploads\/2025\/04\/9788410286269.jpg","width":1772,"height":2479},{"@type":"BreadcrumbList","@id":"https:\/\/edicionesalfar.es\/es\/producto\/hijos-nosotros-tambien-somos-influencers\/#breadcrumb","itemListElement":[{"@type":"ListItem","position":1,"name":"Portada","item":"https:\/\/edicionesalfar.es\/es\/"},{"@type":"ListItem","position":2,"name":"Cat\u00e1logo","item":"https:\/\/edicionesalfar.es\/es\/catalogo\/"},{"@type":"ListItem","position":3,"name":"Hijos, nosotros tambi\u00e9n somos influencers"}]},{"@type":"WebSite","@id":"https:\/\/edicionesalfar.es\/es\/#website","url":"https:\/\/edicionesalfar.es\/es\/","name":"Ediciones Alfar","description":"","potentialAction":[{"@type":"SearchAction","target":{"@type":"EntryPoint","urlTemplate":"https:\/\/edicionesalfar.es\/es\/?s={search_term_string}"},"query-input":{"@type":"PropertyValueSpecification","valueRequired":true,"valueName":"search_term_string"}}],"inLanguage":"es"}]}},"_links":{"self":[{"href":"https:\/\/edicionesalfar.es\/es\/wp-json\/wp\/v2\/product\/121150","targetHints":{"allow":["GET"]}}],"collection":[{"href":"https:\/\/edicionesalfar.es\/es\/wp-json\/wp\/v2\/product"}],"about":[{"href":"https:\/\/edicionesalfar.es\/es\/wp-json\/wp\/v2\/types\/product"}],"replies":[{"embeddable":true,"href":"https:\/\/edicionesalfar.es\/es\/wp-json\/wp\/v2\/comments?post=121150"}],"wp:featuredmedia":[{"embeddable":true,"href":"https:\/\/edicionesalfar.es\/es\/wp-json\/wp\/v2\/media\/121152"}],"wp:attachment":[{"href":"https:\/\/edicionesalfar.es\/es\/wp-json\/wp\/v2\/media?parent=121150"}],"wp:term":[{"taxonomy":"product_brand","embeddable":true,"href":"https:\/\/edicionesalfar.es\/es\/wp-json\/wp\/v2\/product_brand?post=121150"},{"taxonomy":"product_cat","embeddable":true,"href":"https:\/\/edicionesalfar.es\/es\/wp-json\/wp\/v2\/product_cat?post=121150"},{"taxonomy":"product_tag","embeddable":true,"href":"https:\/\/edicionesalfar.es\/es\/wp-json\/wp\/v2\/product_tag?post=121150"}],"curies":[{"name":"wp","href":"https:\/\/api.w.org\/{rel}","templated":true}]}}