{"id":121146,"date":"2025-04-14T10:15:21","date_gmt":"2025-04-14T08:15:21","guid":{"rendered":"https:\/\/edicionesalfar.es\/es\/?post_type=product&#038;p=121146"},"modified":"2025-04-14T10:35:49","modified_gmt":"2025-04-14T08:35:49","slug":"memoria-de-pez","status":"publish","type":"product","link":"https:\/\/edicionesalfar.es\/es\/producto\/memoria-de-pez\/","title":{"rendered":"Memoria de Pez"},"content":{"rendered":"<p>Veintis\u00e9is a\u00f1os,\u00a0y de pronto, el regreso. H\u00e9ctor ha cambiado, pero las aulas son las mismas en las que un d\u00eda fue estudiante. Ahora, como profesor, apenas cuenta con unas cuantas herramientas para enfrentarse a un sistema que parece moverse a otra velocidad, donde lo digital impone su dictado. Tal vez por eso escribe, para resistirse a la fugacidad de las pantallas, para atrapar en papel un precario recuento de sus d\u00edas, como lo hicieron tantos otros desde que el mundo es f\u00e1bula. Con el instituto vuelven los recuerdos, las comparaciones inevitables, la extra\u00f1a sensaci\u00f3n de reconocerse en un espacio que ya no le pertenece del todo. \u00bfCu\u00e1nto de lo que fuimos sigue ah\u00ed, entre pasillos y pupitres? Quiz\u00e1s m\u00e1s de lo que creemos. Novela finalista al <strong>Premio Francisco Ayala<\/strong> donde concurrieron 800 escritores.<\/p>\n<p><strong><img decoding=\"async\" class=\"wp-image-121147 alignleft\" src=\"https:\/\/edicionesalfar.es\/es\/wp-content\/uploads\/2025\/04\/foto-anabel-caride.jpg\" alt=\"\" width=\"96\" height=\"121\" \/>Anabel Caride<\/strong>\u00a0 (Sevilla, 1972) es escritora y activista cultural integrante del Centro Andaluz de las Letras y Noches del Baratillo, instituci\u00f3n literaria que preside. El conjunto de su obra, de tem\u00e1tica urbana, constituye una reflexi\u00f3n sobre cada una de las realidades que nos rodean. Licenciada en Filolog\u00eda Hisp\u00e1nica y profesora de literatura en un instituto de secundaria, ha terminado por establecerse en el Aljarafe. Es autora de microrrelatos, cuentos y poes\u00eda especialmente teniendo en su haber seis poemarios publicados. Ha sido nominada al Premio Andaluc\u00eda de la Cr\u00edtica.<\/p>\n","protected":false},"excerpt":{"rendered":"<p>Veintis\u00e9is a\u00f1os, y de pronto, el regreso. H\u00e9ctor ha cambiado, pero las aulas son las mismas en las que un d\u00eda fue estudiante. Ahora, como profesor, apenas cuenta con unas cuantas herramientas para enfrentarse a un sistema que parece moverse a otra velocidad, donde lo digital impone su dictado. Tal vez por eso escribe, para resistirse a la fugacidad de las pantallas, para atrapar en papel un precario recuento de sus d\u00edas, como lo hicieron tantos otros desde que el mundo es f\u00e1bula. Con el instituto vuelven los recuerdos, las comparaciones inevitables, la extra\u00f1a sensaci\u00f3n de reconocerse en un espacio que ya no le pertenece del todo. \u00bfCu\u00e1nto de lo que fuimos sigue ah\u00ed, entre pasillos y pupitres? Quiz\u00e1s m\u00e1s de lo que creemos. Novela finalista al Premio Francisco Ayala donde concurrieron 800 escritores.<\/p>\n","protected":false},"featured_media":121148,"comment_status":"closed","ping_status":"closed","template":"","meta":{"_acf_changed":false,"_et_pb_use_builder":"","_et_pb_old_content":"","_et_gb_content_width":""},"product_brand":[],"product_cat":[372,376,618,47,15],"product_tag":[],"class_list":{"0":"post-121146","1":"product","2":"type-product","3":"status-publish","4":"has-post-thumbnail","6":"product_cat-alfar","7":"product_cat-autores","8":"product_cat-caride-anabel","9":"product_cat-otras-narrativas","10":"product_cat-sin-categorizar","12":"first","13":"instock","14":"sale","15":"taxable","16":"shipping-taxable","17":"purchasable","18":"product-type-simple"},"acf":[],"yoast_head":"<!-- This site is optimized with the Yoast SEO plugin v27.6 - https:\/\/yoast.com\/product\/yoast-seo-wordpress\/ -->\n<title>Memoria de Pez - Ediciones Alfar<\/title>\n<meta name=\"description\" content=\"Veintis\u00e9is a\u00f1os, y de pronto, el regreso. H\u00e9ctor ha cambiado, pero las aulas son las mismas en las que un d\u00eda fue estudiante. Ahora, como profesor, apenas cuenta con unas cuantas herramientas para enfrentarse a un sistema que parece moverse a otra velocidad, donde lo digital impone su dictado. Autora: Anabel Caride\" \/>\n<meta name=\"robots\" content=\"index, follow, max-snippet:-1, max-image-preview:large, max-video-preview:-1\" \/>\n<link rel=\"canonical\" href=\"https:\/\/edicionesalfar.es\/es\/producto\/memoria-de-pez\/\" \/>\n<meta property=\"og:locale\" content=\"es_ES\" \/>\n<meta property=\"og:type\" content=\"article\" \/>\n<meta property=\"og:title\" content=\"Memoria de Pez - Ediciones Alfar\" \/>\n<meta property=\"og:description\" content=\"Veintis\u00e9is a\u00f1os, y de pronto, el regreso. H\u00e9ctor ha cambiado, pero las aulas son las mismas en las que un d\u00eda fue estudiante. Ahora, como profesor, apenas cuenta con unas cuantas herramientas para enfrentarse a un sistema que parece moverse a otra velocidad, donde lo digital impone su dictado. Autora: Anabel Caride\" \/>\n<meta property=\"og:url\" content=\"https:\/\/edicionesalfar.es\/es\/producto\/memoria-de-pez\/\" \/>\n<meta property=\"og:site_name\" content=\"Ediciones Alfar\" \/>\n<meta property=\"article:modified_time\" content=\"2025-04-14T08:35:49+00:00\" \/>\n<meta property=\"og:image\" content=\"https:\/\/edicionesalfar.es\/es\/wp-content\/uploads\/2025\/04\/9788410286252-731x1024.jpg\" \/>\n\t<meta property=\"og:image:width\" content=\"731\" \/>\n\t<meta property=\"og:image:height\" content=\"1024\" \/>\n\t<meta property=\"og:image:type\" content=\"image\/jpeg\" \/>\n<meta name=\"twitter:card\" content=\"summary_large_image\" \/>\n<meta name=\"twitter:label1\" content=\"Tiempo de lectura\" \/>\n\t<meta name=\"twitter:data1\" content=\"2 minutos\" \/>\n<script type=\"application\/ld+json\" class=\"yoast-schema-graph\">{\"@context\":\"https:\\\/\\\/schema.org\",\"@graph\":[{\"@type\":\"WebPage\",\"@id\":\"https:\\\/\\\/edicionesalfar.es\\\/es\\\/producto\\\/memoria-de-pez\\\/\",\"url\":\"https:\\\/\\\/edicionesalfar.es\\\/es\\\/producto\\\/memoria-de-pez\\\/\",\"name\":\"Memoria de Pez - Ediciones Alfar\",\"isPartOf\":{\"@id\":\"https:\\\/\\\/edicionesalfar.es\\\/es\\\/#website\"},\"primaryImageOfPage\":{\"@id\":\"https:\\\/\\\/edicionesalfar.es\\\/es\\\/producto\\\/memoria-de-pez\\\/#primaryimage\"},\"image\":{\"@id\":\"https:\\\/\\\/edicionesalfar.es\\\/es\\\/producto\\\/memoria-de-pez\\\/#primaryimage\"},\"thumbnailUrl\":\"https:\\\/\\\/edicionesalfar.es\\\/es\\\/wp-content\\\/uploads\\\/2025\\\/04\\\/9788410286252.jpg\",\"datePublished\":\"2025-04-14T08:15:21+00:00\",\"dateModified\":\"2025-04-14T08:35:49+00:00\",\"description\":\"Veintis\u00e9is a\u00f1os, y de pronto, el regreso. H\u00e9ctor ha cambiado, pero las aulas son las mismas en las que un d\u00eda fue estudiante. Ahora, como profesor, apenas cuenta con unas cuantas herramientas para enfrentarse a un sistema que parece moverse a otra velocidad, donde lo digital impone su dictado. Autora: Anabel Caride\",\"breadcrumb\":{\"@id\":\"https:\\\/\\\/edicionesalfar.es\\\/es\\\/producto\\\/memoria-de-pez\\\/#breadcrumb\"},\"inLanguage\":\"es\",\"potentialAction\":[{\"@type\":\"ReadAction\",\"target\":[\"https:\\\/\\\/edicionesalfar.es\\\/es\\\/producto\\\/memoria-de-pez\\\/\"]}]},{\"@type\":\"ImageObject\",\"inLanguage\":\"es\",\"@id\":\"https:\\\/\\\/edicionesalfar.es\\\/es\\\/producto\\\/memoria-de-pez\\\/#primaryimage\",\"url\":\"https:\\\/\\\/edicionesalfar.es\\\/es\\\/wp-content\\\/uploads\\\/2025\\\/04\\\/9788410286252.jpg\",\"contentUrl\":\"https:\\\/\\\/edicionesalfar.es\\\/es\\\/wp-content\\\/uploads\\\/2025\\\/04\\\/9788410286252.jpg\",\"width\":1771,\"height\":2480},{\"@type\":\"BreadcrumbList\",\"@id\":\"https:\\\/\\\/edicionesalfar.es\\\/es\\\/producto\\\/memoria-de-pez\\\/#breadcrumb\",\"itemListElement\":[{\"@type\":\"ListItem\",\"position\":1,\"name\":\"Portada\",\"item\":\"https:\\\/\\\/edicionesalfar.es\\\/es\\\/\"},{\"@type\":\"ListItem\",\"position\":2,\"name\":\"Cat\u00e1logo\",\"item\":\"https:\\\/\\\/edicionesalfar.es\\\/es\\\/catalogo\\\/\"},{\"@type\":\"ListItem\",\"position\":3,\"name\":\"Memoria de Pez\"}]},{\"@type\":\"WebSite\",\"@id\":\"https:\\\/\\\/edicionesalfar.es\\\/es\\\/#website\",\"url\":\"https:\\\/\\\/edicionesalfar.es\\\/es\\\/\",\"name\":\"Ediciones Alfar\",\"description\":\"\",\"potentialAction\":[{\"@type\":\"SearchAction\",\"target\":{\"@type\":\"EntryPoint\",\"urlTemplate\":\"https:\\\/\\\/edicionesalfar.es\\\/es\\\/?s={search_term_string}\"},\"query-input\":{\"@type\":\"PropertyValueSpecification\",\"valueRequired\":true,\"valueName\":\"search_term_string\"}}],\"inLanguage\":\"es\"}]}<\/script>\n<!-- \/ Yoast SEO plugin. -->","yoast_head_json":{"title":"Memoria de Pez - Ediciones Alfar","description":"Veintis\u00e9is a\u00f1os, y de pronto, el regreso. H\u00e9ctor ha cambiado, pero las aulas son las mismas en las que un d\u00eda fue estudiante. Ahora, como profesor, apenas cuenta con unas cuantas herramientas para enfrentarse a un sistema que parece moverse a otra velocidad, donde lo digital impone su dictado. Autora: Anabel Caride","robots":{"index":"index","follow":"follow","max-snippet":"max-snippet:-1","max-image-preview":"max-image-preview:large","max-video-preview":"max-video-preview:-1"},"canonical":"https:\/\/edicionesalfar.es\/es\/producto\/memoria-de-pez\/","og_locale":"es_ES","og_type":"article","og_title":"Memoria de Pez - Ediciones Alfar","og_description":"Veintis\u00e9is a\u00f1os, y de pronto, el regreso. H\u00e9ctor ha cambiado, pero las aulas son las mismas en las que un d\u00eda fue estudiante. Ahora, como profesor, apenas cuenta con unas cuantas herramientas para enfrentarse a un sistema que parece moverse a otra velocidad, donde lo digital impone su dictado. Autora: Anabel Caride","og_url":"https:\/\/edicionesalfar.es\/es\/producto\/memoria-de-pez\/","og_site_name":"Ediciones Alfar","article_modified_time":"2025-04-14T08:35:49+00:00","og_image":[{"width":731,"height":1024,"url":"https:\/\/edicionesalfar.es\/es\/wp-content\/uploads\/2025\/04\/9788410286252-731x1024.jpg","type":"image\/jpeg"}],"twitter_card":"summary_large_image","twitter_misc":{"Tiempo de lectura":"2 minutos"},"schema":{"@context":"https:\/\/schema.org","@graph":[{"@type":"WebPage","@id":"https:\/\/edicionesalfar.es\/es\/producto\/memoria-de-pez\/","url":"https:\/\/edicionesalfar.es\/es\/producto\/memoria-de-pez\/","name":"Memoria de Pez - Ediciones Alfar","isPartOf":{"@id":"https:\/\/edicionesalfar.es\/es\/#website"},"primaryImageOfPage":{"@id":"https:\/\/edicionesalfar.es\/es\/producto\/memoria-de-pez\/#primaryimage"},"image":{"@id":"https:\/\/edicionesalfar.es\/es\/producto\/memoria-de-pez\/#primaryimage"},"thumbnailUrl":"https:\/\/edicionesalfar.es\/es\/wp-content\/uploads\/2025\/04\/9788410286252.jpg","datePublished":"2025-04-14T08:15:21+00:00","dateModified":"2025-04-14T08:35:49+00:00","description":"Veintis\u00e9is a\u00f1os, y de pronto, el regreso. H\u00e9ctor ha cambiado, pero las aulas son las mismas en las que un d\u00eda fue estudiante. Ahora, como profesor, apenas cuenta con unas cuantas herramientas para enfrentarse a un sistema que parece moverse a otra velocidad, donde lo digital impone su dictado. Autora: Anabel Caride","breadcrumb":{"@id":"https:\/\/edicionesalfar.es\/es\/producto\/memoria-de-pez\/#breadcrumb"},"inLanguage":"es","potentialAction":[{"@type":"ReadAction","target":["https:\/\/edicionesalfar.es\/es\/producto\/memoria-de-pez\/"]}]},{"@type":"ImageObject","inLanguage":"es","@id":"https:\/\/edicionesalfar.es\/es\/producto\/memoria-de-pez\/#primaryimage","url":"https:\/\/edicionesalfar.es\/es\/wp-content\/uploads\/2025\/04\/9788410286252.jpg","contentUrl":"https:\/\/edicionesalfar.es\/es\/wp-content\/uploads\/2025\/04\/9788410286252.jpg","width":1771,"height":2480},{"@type":"BreadcrumbList","@id":"https:\/\/edicionesalfar.es\/es\/producto\/memoria-de-pez\/#breadcrumb","itemListElement":[{"@type":"ListItem","position":1,"name":"Portada","item":"https:\/\/edicionesalfar.es\/es\/"},{"@type":"ListItem","position":2,"name":"Cat\u00e1logo","item":"https:\/\/edicionesalfar.es\/es\/catalogo\/"},{"@type":"ListItem","position":3,"name":"Memoria de Pez"}]},{"@type":"WebSite","@id":"https:\/\/edicionesalfar.es\/es\/#website","url":"https:\/\/edicionesalfar.es\/es\/","name":"Ediciones Alfar","description":"","potentialAction":[{"@type":"SearchAction","target":{"@type":"EntryPoint","urlTemplate":"https:\/\/edicionesalfar.es\/es\/?s={search_term_string}"},"query-input":{"@type":"PropertyValueSpecification","valueRequired":true,"valueName":"search_term_string"}}],"inLanguage":"es"}]}},"_links":{"self":[{"href":"https:\/\/edicionesalfar.es\/es\/wp-json\/wp\/v2\/product\/121146","targetHints":{"allow":["GET"]}}],"collection":[{"href":"https:\/\/edicionesalfar.es\/es\/wp-json\/wp\/v2\/product"}],"about":[{"href":"https:\/\/edicionesalfar.es\/es\/wp-json\/wp\/v2\/types\/product"}],"replies":[{"embeddable":true,"href":"https:\/\/edicionesalfar.es\/es\/wp-json\/wp\/v2\/comments?post=121146"}],"wp:featuredmedia":[{"embeddable":true,"href":"https:\/\/edicionesalfar.es\/es\/wp-json\/wp\/v2\/media\/121148"}],"wp:attachment":[{"href":"https:\/\/edicionesalfar.es\/es\/wp-json\/wp\/v2\/media?parent=121146"}],"wp:term":[{"taxonomy":"product_brand","embeddable":true,"href":"https:\/\/edicionesalfar.es\/es\/wp-json\/wp\/v2\/product_brand?post=121146"},{"taxonomy":"product_cat","embeddable":true,"href":"https:\/\/edicionesalfar.es\/es\/wp-json\/wp\/v2\/product_cat?post=121146"},{"taxonomy":"product_tag","embeddable":true,"href":"https:\/\/edicionesalfar.es\/es\/wp-json\/wp\/v2\/product_tag?post=121146"}],"curies":[{"name":"wp","href":"https:\/\/api.w.org\/{rel}","templated":true}]}}