{"id":121135,"date":"2025-04-11T12:39:56","date_gmt":"2025-04-11T10:39:56","guid":{"rendered":"https:\/\/edicionesalfar.es\/es\/?post_type=product&#038;p=121135"},"modified":"2025-04-11T12:40:02","modified_gmt":"2025-04-11T10:40:02","slug":"alicia-en-la-residencia-es-una-obra-de-teatro-que-mezcla-la-fantasia-de-alicia-en-el-pais-de-las-maravillas-con-la-historia-de-la-residencia-de-estudiantes-de-madrid-en-los-anos-previos-a-la-guerra-ci","status":"publish","type":"product","link":"https:\/\/edicionesalfar.es\/es\/producto\/alicia-en-la-residencia-es-una-obra-de-teatro-que-mezcla-la-fantasia-de-alicia-en-el-pais-de-las-maravillas-con-la-historia-de-la-residencia-de-estudiantes-de-madrid-en-los-anos-previos-a-la-guerra-ci\/","title":{"rendered":"Alicia en la Residencia"},"content":{"rendered":"<p><em>Alicia en la Residencia<\/em> es una obra de teatro que mezcla la fantas\u00eda de Alicia en el pa\u00eds de las maravillas con la historia de la Residencia de Estudiantes de Madrid en los a\u00f1os previos a la Guerra Civil Espa\u00f1ola. La protagonista, Alicia Lorca, llega a la Residencia tras seguir a un Conejo Blanco y se encuentra con personajes hist\u00f3ricos como Salvador Dal\u00ed, Luis Bu\u00f1uel, Margarita Xirgu, Mar\u00eda Teresa Le\u00f3n y Juan Ram\u00f3n Jim\u00e9nez. En un ambiente de creatividad y libertad intelectual, Alicia se convierte en s\u00edmbolo de la imaginaci\u00f3n y el arte, pero su presencia despierta el recelo de la dictatorial Reina de Corazones. La obra es una alegor\u00eda sobre la represi\u00f3n de la cultura y la censura, culminando en un juicio donde Alicia es condenada y ejecutada, dejando tras de s\u00ed el mensaje de que la memoria y la palabra son las \u00fanicas herramientas para preservar la libertad.<\/p>\n<p><strong><img decoding=\"async\" class=\"wp-image-121137 alignleft\" src=\"https:\/\/edicionesalfar.es\/es\/wp-content\/uploads\/2025\/04\/unnamed-300x300.jpg\" alt=\"\" width=\"131\" height=\"131\" \/>Fernando Trujillo S\u00e1ez<\/strong> es doctor en Filolog\u00eda Inglesa y profesor titular de universidad en el departamento de Did\u00e1ctica de la Lengua y la Literatura de la Universidad de Granada. Imparte clases en la Facultad de Educaci\u00f3n, Econom\u00eda y Tecnolog\u00eda de Ceuta. En 2017 recibi\u00f3 el I Premio Universidad de Granada-Caja Rural de Granada a la Comunicaci\u00f3n e Innovaci\u00f3n en Medios Digitales. Es socio fundador y asesor cient\u00edfico de Conecta13. Tiene una presencia activa en la web a trav\u00e9s de sus perfiles en redes sociales o su p\u00e1gina, https:\/\/fernandotrujillo.es. Su obra de teatro, FlamenkOz: Un viaje legendario en busca del Nuevo Flamenco (Ediciones Alfar), gan\u00f3 la XXI Muestra de Artes Esc\u00e9nicas GranaJoven 2024.<\/p>\n<p>&nbsp;<\/p>\n","protected":false},"excerpt":{"rendered":"<p>Alicia en la residencia es una obra de teatro que mezcla la fantas\u00eda de Alicia en el pa\u00eds de las maravillas con la historia de la Residencia de Estudiantes de Madrid en los a\u00f1os previos a la Guerra Civil Espa\u00f1ola. La protagonista, Alicia Lorca, llega a la Residencia tras seguir a un Conejo Blanco y se encuentra con personajes hist\u00f3ricos como Salvador Dal\u00ed, Luis Bu\u00f1uel, Margarita Xirgu, Mar\u00eda Teresa Le\u00f3n y Juan Ram\u00f3n Jim\u00e9nez. En un ambiente de creatividad y libertad intelectual, Alicia se convierte en s\u00edmbolo de la imaginaci\u00f3n y el arte, pero su presencia despierta el recelo de la dictatorial Reina de Corazones. La obra es una alegor\u00eda sobre la represi\u00f3n de la cultura y la censura, culminando en un juicio donde Alicia es condenada y ejecutada, dejando tras de s\u00ed el mensaje de que la memoria y la palabra son las \u00fanicas herramientas para preservar la libertad.<\/p>\n","protected":false},"featured_media":121136,"comment_status":"closed","ping_status":"closed","template":"","meta":{"_acf_changed":false,"_et_pb_use_builder":"","_et_pb_old_content":"","_et_gb_content_width":""},"product_brand":[],"product_cat":[372,376,28,32,375,31,608],"product_tag":[],"class_list":{"0":"post-121135","1":"product","2":"type-product","3":"status-publish","4":"has-post-thumbnail","6":"product_cat-alfar","7":"product_cat-autores","8":"product_cat-autores-contemporaneos","9":"product_cat-infantil-juvenil","10":"product_cat-editoriales","11":"product_cat-teatro","12":"product_cat-trujillo-saez-fernando","14":"first","15":"instock","16":"sale","17":"taxable","18":"shipping-taxable","19":"purchasable","20":"product-type-simple"},"acf":[],"yoast_head":"<!-- This site is optimized with the Yoast SEO plugin v27.4 - https:\/\/yoast.com\/product\/yoast-seo-wordpress\/ -->\n<title>Alicia en la Residencia - Ediciones Alfar<\/title>\n<meta name=\"description\" content=\"Alicia en la residencia es una obra de teatro que mezcla la fantas\u00eda de Alicia en el pa\u00eds de las maravillas con la historia de la Residencia de Estudiantes de Madrid en los a\u00f1os previos a la Guerra Civil Espa\u00f1ola. La protagonista, Alicia Lorca, llega a la Residencia tras seguir a un Conejo Blanco y se encuentra con personajes hist\u00f3ricos como Salvador Dal\u00ed, Luis Bu\u00f1uel, Margarita Xirgu, Mar\u00eda Teresa Le\u00f3n y Juan Ram\u00f3n Jim\u00e9nez. En un ambiente de creatividad y libertad intelectual, Alicia se convierte en s\u00edmbolo de la imaginaci\u00f3n y el arte, pero su presencia despierta el recelo de la dictatorial Reina de Corazones\" \/>\n<meta name=\"robots\" content=\"index, follow, max-snippet:-1, max-image-preview:large, max-video-preview:-1\" \/>\n<link rel=\"canonical\" href=\"https:\/\/edicionesalfar.es\/es\/producto\/alicia-en-la-residencia-es-una-obra-de-teatro-que-mezcla-la-fantasia-de-alicia-en-el-pais-de-las-maravillas-con-la-historia-de-la-residencia-de-estudiantes-de-madrid-en-los-anos-previos-a-la-guerra-ci\/\" \/>\n<meta property=\"og:locale\" content=\"es_ES\" \/>\n<meta property=\"og:type\" content=\"article\" \/>\n<meta property=\"og:title\" content=\"Alicia en la Residencia - Ediciones Alfar\" \/>\n<meta property=\"og:description\" content=\"Alicia en la residencia es una obra de teatro que mezcla la fantas\u00eda de Alicia en el pa\u00eds de las maravillas con la historia de la Residencia de Estudiantes de Madrid en los a\u00f1os previos a la Guerra Civil Espa\u00f1ola. La protagonista, Alicia Lorca, llega a la Residencia tras seguir a un Conejo Blanco y se encuentra con personajes hist\u00f3ricos como Salvador Dal\u00ed, Luis Bu\u00f1uel, Margarita Xirgu, Mar\u00eda Teresa Le\u00f3n y Juan Ram\u00f3n Jim\u00e9nez. En un ambiente de creatividad y libertad intelectual, Alicia se convierte en s\u00edmbolo de la imaginaci\u00f3n y el arte, pero su presencia despierta el recelo de la dictatorial Reina de Corazones\" \/>\n<meta property=\"og:url\" content=\"https:\/\/edicionesalfar.es\/es\/producto\/alicia-en-la-residencia-es-una-obra-de-teatro-que-mezcla-la-fantasia-de-alicia-en-el-pais-de-las-maravillas-con-la-historia-de-la-residencia-de-estudiantes-de-madrid-en-los-anos-previos-a-la-guerra-ci\/\" \/>\n<meta property=\"og:site_name\" content=\"Ediciones Alfar\" \/>\n<meta property=\"article:modified_time\" content=\"2025-04-11T10:40:02+00:00\" \/>\n<meta property=\"og:image\" content=\"https:\/\/edicionesalfar.es\/es\/wp-content\/uploads\/2025\/04\/9788410286238-738x1024.jpg\" \/>\n\t<meta property=\"og:image:width\" content=\"738\" \/>\n\t<meta property=\"og:image:height\" content=\"1024\" \/>\n\t<meta property=\"og:image:type\" content=\"image\/jpeg\" \/>\n<meta name=\"twitter:card\" content=\"summary_large_image\" \/>\n<meta name=\"twitter:label1\" content=\"Tiempo de lectura\" \/>\n\t<meta name=\"twitter:data1\" content=\"2 minutos\" \/>\n<script type=\"application\/ld+json\" class=\"yoast-schema-graph\">{\"@context\":\"https:\\\/\\\/schema.org\",\"@graph\":[{\"@type\":\"WebPage\",\"@id\":\"https:\\\/\\\/edicionesalfar.es\\\/es\\\/producto\\\/alicia-en-la-residencia-es-una-obra-de-teatro-que-mezcla-la-fantasia-de-alicia-en-el-pais-de-las-maravillas-con-la-historia-de-la-residencia-de-estudiantes-de-madrid-en-los-anos-previos-a-la-guerra-ci\\\/\",\"url\":\"https:\\\/\\\/edicionesalfar.es\\\/es\\\/producto\\\/alicia-en-la-residencia-es-una-obra-de-teatro-que-mezcla-la-fantasia-de-alicia-en-el-pais-de-las-maravillas-con-la-historia-de-la-residencia-de-estudiantes-de-madrid-en-los-anos-previos-a-la-guerra-ci\\\/\",\"name\":\"Alicia en la Residencia - Ediciones Alfar\",\"isPartOf\":{\"@id\":\"https:\\\/\\\/edicionesalfar.es\\\/es\\\/#website\"},\"primaryImageOfPage\":{\"@id\":\"https:\\\/\\\/edicionesalfar.es\\\/es\\\/producto\\\/alicia-en-la-residencia-es-una-obra-de-teatro-que-mezcla-la-fantasia-de-alicia-en-el-pais-de-las-maravillas-con-la-historia-de-la-residencia-de-estudiantes-de-madrid-en-los-anos-previos-a-la-guerra-ci\\\/#primaryimage\"},\"image\":{\"@id\":\"https:\\\/\\\/edicionesalfar.es\\\/es\\\/producto\\\/alicia-en-la-residencia-es-una-obra-de-teatro-que-mezcla-la-fantasia-de-alicia-en-el-pais-de-las-maravillas-con-la-historia-de-la-residencia-de-estudiantes-de-madrid-en-los-anos-previos-a-la-guerra-ci\\\/#primaryimage\"},\"thumbnailUrl\":\"https:\\\/\\\/edicionesalfar.es\\\/es\\\/wp-content\\\/uploads\\\/2025\\\/04\\\/9788410286238.jpg\",\"datePublished\":\"2025-04-11T10:39:56+00:00\",\"dateModified\":\"2025-04-11T10:40:02+00:00\",\"description\":\"Alicia en la residencia es una obra de teatro que mezcla la fantas\u00eda de Alicia en el pa\u00eds de las maravillas con la historia de la Residencia de Estudiantes de Madrid en los a\u00f1os previos a la Guerra Civil Espa\u00f1ola. La protagonista, Alicia Lorca, llega a la Residencia tras seguir a un Conejo Blanco y se encuentra con personajes hist\u00f3ricos como Salvador Dal\u00ed, Luis Bu\u00f1uel, Margarita Xirgu, Mar\u00eda Teresa Le\u00f3n y Juan Ram\u00f3n Jim\u00e9nez. En un ambiente de creatividad y libertad intelectual, Alicia se convierte en s\u00edmbolo de la imaginaci\u00f3n y el arte, pero su presencia despierta el recelo de la dictatorial Reina de Corazones\",\"breadcrumb\":{\"@id\":\"https:\\\/\\\/edicionesalfar.es\\\/es\\\/producto\\\/alicia-en-la-residencia-es-una-obra-de-teatro-que-mezcla-la-fantasia-de-alicia-en-el-pais-de-las-maravillas-con-la-historia-de-la-residencia-de-estudiantes-de-madrid-en-los-anos-previos-a-la-guerra-ci\\\/#breadcrumb\"},\"inLanguage\":\"es\",\"potentialAction\":[{\"@type\":\"ReadAction\",\"target\":[\"https:\\\/\\\/edicionesalfar.es\\\/es\\\/producto\\\/alicia-en-la-residencia-es-una-obra-de-teatro-que-mezcla-la-fantasia-de-alicia-en-el-pais-de-las-maravillas-con-la-historia-de-la-residencia-de-estudiantes-de-madrid-en-los-anos-previos-a-la-guerra-ci\\\/\"]}]},{\"@type\":\"ImageObject\",\"inLanguage\":\"es\",\"@id\":\"https:\\\/\\\/edicionesalfar.es\\\/es\\\/producto\\\/alicia-en-la-residencia-es-una-obra-de-teatro-que-mezcla-la-fantasia-de-alicia-en-el-pais-de-las-maravillas-con-la-historia-de-la-residencia-de-estudiantes-de-madrid-en-los-anos-previos-a-la-guerra-ci\\\/#primaryimage\",\"url\":\"https:\\\/\\\/edicionesalfar.es\\\/es\\\/wp-content\\\/uploads\\\/2025\\\/04\\\/9788410286238.jpg\",\"contentUrl\":\"https:\\\/\\\/edicionesalfar.es\\\/es\\\/wp-content\\\/uploads\\\/2025\\\/04\\\/9788410286238.jpg\",\"width\":1772,\"height\":2458},{\"@type\":\"BreadcrumbList\",\"@id\":\"https:\\\/\\\/edicionesalfar.es\\\/es\\\/producto\\\/alicia-en-la-residencia-es-una-obra-de-teatro-que-mezcla-la-fantasia-de-alicia-en-el-pais-de-las-maravillas-con-la-historia-de-la-residencia-de-estudiantes-de-madrid-en-los-anos-previos-a-la-guerra-ci\\\/#breadcrumb\",\"itemListElement\":[{\"@type\":\"ListItem\",\"position\":1,\"name\":\"Portada\",\"item\":\"https:\\\/\\\/edicionesalfar.es\\\/es\\\/\"},{\"@type\":\"ListItem\",\"position\":2,\"name\":\"Cat\u00e1logo\",\"item\":\"https:\\\/\\\/edicionesalfar.es\\\/es\\\/catalogo\\\/\"},{\"@type\":\"ListItem\",\"position\":3,\"name\":\"Alicia en la Residencia\"}]},{\"@type\":\"WebSite\",\"@id\":\"https:\\\/\\\/edicionesalfar.es\\\/es\\\/#website\",\"url\":\"https:\\\/\\\/edicionesalfar.es\\\/es\\\/\",\"name\":\"Ediciones Alfar\",\"description\":\"\",\"potentialAction\":[{\"@type\":\"SearchAction\",\"target\":{\"@type\":\"EntryPoint\",\"urlTemplate\":\"https:\\\/\\\/edicionesalfar.es\\\/es\\\/?s={search_term_string}\"},\"query-input\":{\"@type\":\"PropertyValueSpecification\",\"valueRequired\":true,\"valueName\":\"search_term_string\"}}],\"inLanguage\":\"es\"}]}<\/script>\n<!-- \/ Yoast SEO plugin. -->","yoast_head_json":{"title":"Alicia en la Residencia - Ediciones Alfar","description":"Alicia en la residencia es una obra de teatro que mezcla la fantas\u00eda de Alicia en el pa\u00eds de las maravillas con la historia de la Residencia de Estudiantes de Madrid en los a\u00f1os previos a la Guerra Civil Espa\u00f1ola. La protagonista, Alicia Lorca, llega a la Residencia tras seguir a un Conejo Blanco y se encuentra con personajes hist\u00f3ricos como Salvador Dal\u00ed, Luis Bu\u00f1uel, Margarita Xirgu, Mar\u00eda Teresa Le\u00f3n y Juan Ram\u00f3n Jim\u00e9nez. En un ambiente de creatividad y libertad intelectual, Alicia se convierte en s\u00edmbolo de la imaginaci\u00f3n y el arte, pero su presencia despierta el recelo de la dictatorial Reina de Corazones","robots":{"index":"index","follow":"follow","max-snippet":"max-snippet:-1","max-image-preview":"max-image-preview:large","max-video-preview":"max-video-preview:-1"},"canonical":"https:\/\/edicionesalfar.es\/es\/producto\/alicia-en-la-residencia-es-una-obra-de-teatro-que-mezcla-la-fantasia-de-alicia-en-el-pais-de-las-maravillas-con-la-historia-de-la-residencia-de-estudiantes-de-madrid-en-los-anos-previos-a-la-guerra-ci\/","og_locale":"es_ES","og_type":"article","og_title":"Alicia en la Residencia - Ediciones Alfar","og_description":"Alicia en la residencia es una obra de teatro que mezcla la fantas\u00eda de Alicia en el pa\u00eds de las maravillas con la historia de la Residencia de Estudiantes de Madrid en los a\u00f1os previos a la Guerra Civil Espa\u00f1ola. La protagonista, Alicia Lorca, llega a la Residencia tras seguir a un Conejo Blanco y se encuentra con personajes hist\u00f3ricos como Salvador Dal\u00ed, Luis Bu\u00f1uel, Margarita Xirgu, Mar\u00eda Teresa Le\u00f3n y Juan Ram\u00f3n Jim\u00e9nez. En un ambiente de creatividad y libertad intelectual, Alicia se convierte en s\u00edmbolo de la imaginaci\u00f3n y el arte, pero su presencia despierta el recelo de la dictatorial Reina de Corazones","og_url":"https:\/\/edicionesalfar.es\/es\/producto\/alicia-en-la-residencia-es-una-obra-de-teatro-que-mezcla-la-fantasia-de-alicia-en-el-pais-de-las-maravillas-con-la-historia-de-la-residencia-de-estudiantes-de-madrid-en-los-anos-previos-a-la-guerra-ci\/","og_site_name":"Ediciones Alfar","article_modified_time":"2025-04-11T10:40:02+00:00","og_image":[{"width":738,"height":1024,"url":"https:\/\/edicionesalfar.es\/es\/wp-content\/uploads\/2025\/04\/9788410286238-738x1024.jpg","type":"image\/jpeg"}],"twitter_card":"summary_large_image","twitter_misc":{"Tiempo de lectura":"2 minutos"},"schema":{"@context":"https:\/\/schema.org","@graph":[{"@type":"WebPage","@id":"https:\/\/edicionesalfar.es\/es\/producto\/alicia-en-la-residencia-es-una-obra-de-teatro-que-mezcla-la-fantasia-de-alicia-en-el-pais-de-las-maravillas-con-la-historia-de-la-residencia-de-estudiantes-de-madrid-en-los-anos-previos-a-la-guerra-ci\/","url":"https:\/\/edicionesalfar.es\/es\/producto\/alicia-en-la-residencia-es-una-obra-de-teatro-que-mezcla-la-fantasia-de-alicia-en-el-pais-de-las-maravillas-con-la-historia-de-la-residencia-de-estudiantes-de-madrid-en-los-anos-previos-a-la-guerra-ci\/","name":"Alicia en la Residencia - Ediciones Alfar","isPartOf":{"@id":"https:\/\/edicionesalfar.es\/es\/#website"},"primaryImageOfPage":{"@id":"https:\/\/edicionesalfar.es\/es\/producto\/alicia-en-la-residencia-es-una-obra-de-teatro-que-mezcla-la-fantasia-de-alicia-en-el-pais-de-las-maravillas-con-la-historia-de-la-residencia-de-estudiantes-de-madrid-en-los-anos-previos-a-la-guerra-ci\/#primaryimage"},"image":{"@id":"https:\/\/edicionesalfar.es\/es\/producto\/alicia-en-la-residencia-es-una-obra-de-teatro-que-mezcla-la-fantasia-de-alicia-en-el-pais-de-las-maravillas-con-la-historia-de-la-residencia-de-estudiantes-de-madrid-en-los-anos-previos-a-la-guerra-ci\/#primaryimage"},"thumbnailUrl":"https:\/\/edicionesalfar.es\/es\/wp-content\/uploads\/2025\/04\/9788410286238.jpg","datePublished":"2025-04-11T10:39:56+00:00","dateModified":"2025-04-11T10:40:02+00:00","description":"Alicia en la residencia es una obra de teatro que mezcla la fantas\u00eda de Alicia en el pa\u00eds de las maravillas con la historia de la Residencia de Estudiantes de Madrid en los a\u00f1os previos a la Guerra Civil Espa\u00f1ola. La protagonista, Alicia Lorca, llega a la Residencia tras seguir a un Conejo Blanco y se encuentra con personajes hist\u00f3ricos como Salvador Dal\u00ed, Luis Bu\u00f1uel, Margarita Xirgu, Mar\u00eda Teresa Le\u00f3n y Juan Ram\u00f3n Jim\u00e9nez. En un ambiente de creatividad y libertad intelectual, Alicia se convierte en s\u00edmbolo de la imaginaci\u00f3n y el arte, pero su presencia despierta el recelo de la dictatorial Reina de Corazones","breadcrumb":{"@id":"https:\/\/edicionesalfar.es\/es\/producto\/alicia-en-la-residencia-es-una-obra-de-teatro-que-mezcla-la-fantasia-de-alicia-en-el-pais-de-las-maravillas-con-la-historia-de-la-residencia-de-estudiantes-de-madrid-en-los-anos-previos-a-la-guerra-ci\/#breadcrumb"},"inLanguage":"es","potentialAction":[{"@type":"ReadAction","target":["https:\/\/edicionesalfar.es\/es\/producto\/alicia-en-la-residencia-es-una-obra-de-teatro-que-mezcla-la-fantasia-de-alicia-en-el-pais-de-las-maravillas-con-la-historia-de-la-residencia-de-estudiantes-de-madrid-en-los-anos-previos-a-la-guerra-ci\/"]}]},{"@type":"ImageObject","inLanguage":"es","@id":"https:\/\/edicionesalfar.es\/es\/producto\/alicia-en-la-residencia-es-una-obra-de-teatro-que-mezcla-la-fantasia-de-alicia-en-el-pais-de-las-maravillas-con-la-historia-de-la-residencia-de-estudiantes-de-madrid-en-los-anos-previos-a-la-guerra-ci\/#primaryimage","url":"https:\/\/edicionesalfar.es\/es\/wp-content\/uploads\/2025\/04\/9788410286238.jpg","contentUrl":"https:\/\/edicionesalfar.es\/es\/wp-content\/uploads\/2025\/04\/9788410286238.jpg","width":1772,"height":2458},{"@type":"BreadcrumbList","@id":"https:\/\/edicionesalfar.es\/es\/producto\/alicia-en-la-residencia-es-una-obra-de-teatro-que-mezcla-la-fantasia-de-alicia-en-el-pais-de-las-maravillas-con-la-historia-de-la-residencia-de-estudiantes-de-madrid-en-los-anos-previos-a-la-guerra-ci\/#breadcrumb","itemListElement":[{"@type":"ListItem","position":1,"name":"Portada","item":"https:\/\/edicionesalfar.es\/es\/"},{"@type":"ListItem","position":2,"name":"Cat\u00e1logo","item":"https:\/\/edicionesalfar.es\/es\/catalogo\/"},{"@type":"ListItem","position":3,"name":"Alicia en la Residencia"}]},{"@type":"WebSite","@id":"https:\/\/edicionesalfar.es\/es\/#website","url":"https:\/\/edicionesalfar.es\/es\/","name":"Ediciones Alfar","description":"","potentialAction":[{"@type":"SearchAction","target":{"@type":"EntryPoint","urlTemplate":"https:\/\/edicionesalfar.es\/es\/?s={search_term_string}"},"query-input":{"@type":"PropertyValueSpecification","valueRequired":true,"valueName":"search_term_string"}}],"inLanguage":"es"}]}},"_links":{"self":[{"href":"https:\/\/edicionesalfar.es\/es\/wp-json\/wp\/v2\/product\/121135","targetHints":{"allow":["GET"]}}],"collection":[{"href":"https:\/\/edicionesalfar.es\/es\/wp-json\/wp\/v2\/product"}],"about":[{"href":"https:\/\/edicionesalfar.es\/es\/wp-json\/wp\/v2\/types\/product"}],"replies":[{"embeddable":true,"href":"https:\/\/edicionesalfar.es\/es\/wp-json\/wp\/v2\/comments?post=121135"}],"wp:featuredmedia":[{"embeddable":true,"href":"https:\/\/edicionesalfar.es\/es\/wp-json\/wp\/v2\/media\/121136"}],"wp:attachment":[{"href":"https:\/\/edicionesalfar.es\/es\/wp-json\/wp\/v2\/media?parent=121135"}],"wp:term":[{"taxonomy":"product_brand","embeddable":true,"href":"https:\/\/edicionesalfar.es\/es\/wp-json\/wp\/v2\/product_brand?post=121135"},{"taxonomy":"product_cat","embeddable":true,"href":"https:\/\/edicionesalfar.es\/es\/wp-json\/wp\/v2\/product_cat?post=121135"},{"taxonomy":"product_tag","embeddable":true,"href":"https:\/\/edicionesalfar.es\/es\/wp-json\/wp\/v2\/product_tag?post=121135"}],"curies":[{"name":"wp","href":"https:\/\/api.w.org\/{rel}","templated":true}]}}