{"id":120982,"date":"2025-02-13T13:38:51","date_gmt":"2025-02-13T12:38:51","guid":{"rendered":"https:\/\/edicionesalfar.es\/es\/?post_type=product&#038;p=120982"},"modified":"2025-02-13T13:38:54","modified_gmt":"2025-02-13T12:38:54","slug":"sevilla-magna-ciudad-de-dios","status":"publish","type":"product","link":"https:\/\/edicionesalfar.es\/es\/producto\/sevilla-magna-ciudad-de-dios\/","title":{"rendered":"Sevilla. Magna Ciudad de Dios"},"content":{"rendered":"<p>Un trabajo editorial que recoge en forma de \u00e1lbum fotogr\u00e1fico uno de los acontecimientos hist\u00f3ricos m\u00e1s relevantes de la historia de la religiosidad popular hispalense. Exposiciones, ponencias, conciertos, veneraciones y una procesi\u00f3n de clausura extraordinaria que concit\u00f3 algunas de las m\u00e1s preclaras devociones de la Archidi\u00f3cesis de Sevilla. Pr\u00f3logos de Mons. Jos\u00e9 \u00c1ngel Saiz Meneses (arzobispo de Sevilla), Jos\u00e9 Luis Sanz (alcalde de Sevilla) y Francisco V\u00e9lez de Luna (presidente del Consejo de HH y CC)<\/p>\n<p>Esta es una obra con fines sociales destinada integramente a la obra social del Congreso, coordinada por Pablo Borrallo y fotograf\u00edas de Salazar-Bajuelo, Pedro Aranda, Juan Alberto Garc\u00eda Acevedo, Francisco Javier Montiel, Alejandro del Castillo, Manu G\u00f3mez, Javier Comas, Manuel Leal Adorna, Javier Rizo, Jos\u00e9 Luis Montero, Jos\u00e9 Ignacio Velasco, Jes\u00fas Romero, Rom\u00e1n Calvo, Domingo Pozo, Pedro Clavijo, Ego Sum Jos\u00e9 Corrales, Francisco Jos\u00e9 P\u00e9rez, Antonio Taleg\u00f3n, Javier Perales, Javier Mej\u00eda, Pepe Mor\u00e1n, Fernando Alzate Morillo, Pablo Lastrucci, Rafa Soldado, Jorge Dur\u00e1n, Enrique Coto, Jos\u00e9 Manuel Vega Jim\u00e9nez, Francisco Javier Torres G\u00f3mez, Salvador Hidalgo, Daniel Valencia, Tom\u00e1s Quifes, N\u00e9stor Rufino, S\u00e1nchez Carrasco, Manuel Campos, Jos\u00e9 Luis Salcedo L\u00f3pez, Fran Santiago, Iv\u00e1n L\u00f3pez Molina, Alejandro Alguacil, Olga Labrado, Isa Palmero, Manuel Llorente, Manuel Jes\u00fas Rodr\u00edguez Rechi, Rafael Alc\u00e1zar Otero y Andr\u00e9s Alfonso Quiles.<\/p>\n","protected":false},"excerpt":{"rendered":"<p>Sevilla. Magna ciudad de Dios es el mayor despliegue fotogr\u00e1fico que ha tenido la ciudad de Sevilla durante su Magna. Durante unos d\u00edas, Sevilla se ha convertido en la capital mundial de las hermandades, siendo el epicentro de la Cristiandad y un espejo para todos. Esta es una obra absolutamente extraordinaria e in\u00e9dita. Prologada por el Arzobispo y con la intervenci\u00f3n del Alcalde de Sevilla. Han colaborado m\u00e1s de 40 fot\u00f3grafos profesionales de Sevilla, los mejores.<\/p>\n","protected":false},"featured_media":120983,"comment_status":"closed","ping_status":"closed","template":"","meta":{"_acf_changed":false,"_et_pb_use_builder":"","_et_pb_old_content":"","_et_gb_content_width":""},"product_brand":[],"product_cat":[477],"product_tag":[],"class_list":{"0":"post-120982","1":"product","2":"type-product","3":"status-publish","4":"has-post-thumbnail","6":"product_cat-borrallo-sanchez-pablo","8":"first","9":"instock","10":"sale","11":"taxable","12":"shipping-taxable","13":"purchasable","14":"product-type-simple"},"acf":[],"yoast_head":"<!-- This site is optimized with the Yoast SEO plugin v27.5 - https:\/\/yoast.com\/product\/yoast-seo-wordpress\/ -->\n<title>Sevilla. Magna Ciudad de Dios - Ediciones Alfar<\/title>\n<meta name=\"robots\" content=\"index, follow, max-snippet:-1, max-image-preview:large, max-video-preview:-1\" \/>\n<link rel=\"canonical\" href=\"https:\/\/edicionesalfar.es\/es\/producto\/sevilla-magna-ciudad-de-dios\/\" \/>\n<meta property=\"og:locale\" content=\"es_ES\" \/>\n<meta property=\"og:type\" content=\"article\" \/>\n<meta property=\"og:title\" content=\"Sevilla. Magna Ciudad de Dios - Ediciones Alfar\" \/>\n<meta property=\"og:description\" content=\"Sevilla. Magna ciudad de Dios es el mayor despliegue fotogr\u00e1fico que ha tenido la ciudad de Sevilla durante su Magna. Durante unos d\u00edas, Sevilla se ha convertido en la capital mundial de las hermandades, siendo el epicentro de la Cristiandad y un espejo para todos. Esta es una obra absolutamente extraordinaria e in\u00e9dita. Prologada por el Arzobispo y con la intervenci\u00f3n del Alcalde de Sevilla. Han colaborado m\u00e1s de 40 fot\u00f3grafos profesionales de Sevilla, los mejores.\" \/>\n<meta property=\"og:url\" content=\"https:\/\/edicionesalfar.es\/es\/producto\/sevilla-magna-ciudad-de-dios\/\" \/>\n<meta property=\"og:site_name\" content=\"Ediciones Alfar\" \/>\n<meta property=\"article:modified_time\" content=\"2025-02-13T12:38:54+00:00\" \/>\n<meta property=\"og:image\" content=\"https:\/\/edicionesalfar.es\/es\/wp-content\/uploads\/2025\/02\/9788410286207-848x1024.jpg\" \/>\n\t<meta property=\"og:image:width\" content=\"848\" \/>\n\t<meta property=\"og:image:height\" content=\"1024\" \/>\n\t<meta property=\"og:image:type\" content=\"image\/jpeg\" \/>\n<meta name=\"twitter:card\" content=\"summary_large_image\" \/>\n<meta name=\"twitter:label1\" content=\"Tiempo de lectura\" \/>\n\t<meta name=\"twitter:data1\" content=\"2 minutos\" \/>\n<script type=\"application\/ld+json\" class=\"yoast-schema-graph\">{\"@context\":\"https:\\\/\\\/schema.org\",\"@graph\":[{\"@type\":\"WebPage\",\"@id\":\"https:\\\/\\\/edicionesalfar.es\\\/es\\\/producto\\\/sevilla-magna-ciudad-de-dios\\\/\",\"url\":\"https:\\\/\\\/edicionesalfar.es\\\/es\\\/producto\\\/sevilla-magna-ciudad-de-dios\\\/\",\"name\":\"Sevilla. Magna Ciudad de Dios - Ediciones Alfar\",\"isPartOf\":{\"@id\":\"https:\\\/\\\/edicionesalfar.es\\\/es\\\/#website\"},\"primaryImageOfPage\":{\"@id\":\"https:\\\/\\\/edicionesalfar.es\\\/es\\\/producto\\\/sevilla-magna-ciudad-de-dios\\\/#primaryimage\"},\"image\":{\"@id\":\"https:\\\/\\\/edicionesalfar.es\\\/es\\\/producto\\\/sevilla-magna-ciudad-de-dios\\\/#primaryimage\"},\"thumbnailUrl\":\"https:\\\/\\\/edicionesalfar.es\\\/es\\\/wp-content\\\/uploads\\\/2025\\\/02\\\/9788410286207.jpg\",\"datePublished\":\"2025-02-13T12:38:51+00:00\",\"dateModified\":\"2025-02-13T12:38:54+00:00\",\"breadcrumb\":{\"@id\":\"https:\\\/\\\/edicionesalfar.es\\\/es\\\/producto\\\/sevilla-magna-ciudad-de-dios\\\/#breadcrumb\"},\"inLanguage\":\"es\",\"potentialAction\":[{\"@type\":\"ReadAction\",\"target\":[\"https:\\\/\\\/edicionesalfar.es\\\/es\\\/producto\\\/sevilla-magna-ciudad-de-dios\\\/\"]}]},{\"@type\":\"ImageObject\",\"inLanguage\":\"es\",\"@id\":\"https:\\\/\\\/edicionesalfar.es\\\/es\\\/producto\\\/sevilla-magna-ciudad-de-dios\\\/#primaryimage\",\"url\":\"https:\\\/\\\/edicionesalfar.es\\\/es\\\/wp-content\\\/uploads\\\/2025\\\/02\\\/9788410286207.jpg\",\"contentUrl\":\"https:\\\/\\\/edicionesalfar.es\\\/es\\\/wp-content\\\/uploads\\\/2025\\\/02\\\/9788410286207.jpg\",\"width\":1890,\"height\":2283},{\"@type\":\"BreadcrumbList\",\"@id\":\"https:\\\/\\\/edicionesalfar.es\\\/es\\\/producto\\\/sevilla-magna-ciudad-de-dios\\\/#breadcrumb\",\"itemListElement\":[{\"@type\":\"ListItem\",\"position\":1,\"name\":\"Portada\",\"item\":\"https:\\\/\\\/edicionesalfar.es\\\/es\\\/\"},{\"@type\":\"ListItem\",\"position\":2,\"name\":\"Cat\u00e1logo\",\"item\":\"https:\\\/\\\/edicionesalfar.es\\\/es\\\/catalogo\\\/\"},{\"@type\":\"ListItem\",\"position\":3,\"name\":\"Sevilla. Magna Ciudad de Dios\"}]},{\"@type\":\"WebSite\",\"@id\":\"https:\\\/\\\/edicionesalfar.es\\\/es\\\/#website\",\"url\":\"https:\\\/\\\/edicionesalfar.es\\\/es\\\/\",\"name\":\"Ediciones Alfar\",\"description\":\"\",\"potentialAction\":[{\"@type\":\"SearchAction\",\"target\":{\"@type\":\"EntryPoint\",\"urlTemplate\":\"https:\\\/\\\/edicionesalfar.es\\\/es\\\/?s={search_term_string}\"},\"query-input\":{\"@type\":\"PropertyValueSpecification\",\"valueRequired\":true,\"valueName\":\"search_term_string\"}}],\"inLanguage\":\"es\"}]}<\/script>\n<!-- \/ Yoast SEO plugin. -->","yoast_head_json":{"title":"Sevilla. Magna Ciudad de Dios - Ediciones Alfar","robots":{"index":"index","follow":"follow","max-snippet":"max-snippet:-1","max-image-preview":"max-image-preview:large","max-video-preview":"max-video-preview:-1"},"canonical":"https:\/\/edicionesalfar.es\/es\/producto\/sevilla-magna-ciudad-de-dios\/","og_locale":"es_ES","og_type":"article","og_title":"Sevilla. Magna Ciudad de Dios - Ediciones Alfar","og_description":"Sevilla. Magna ciudad de Dios es el mayor despliegue fotogr\u00e1fico que ha tenido la ciudad de Sevilla durante su Magna. Durante unos d\u00edas, Sevilla se ha convertido en la capital mundial de las hermandades, siendo el epicentro de la Cristiandad y un espejo para todos. Esta es una obra absolutamente extraordinaria e in\u00e9dita. Prologada por el Arzobispo y con la intervenci\u00f3n del Alcalde de Sevilla. Han colaborado m\u00e1s de 40 fot\u00f3grafos profesionales de Sevilla, los mejores.","og_url":"https:\/\/edicionesalfar.es\/es\/producto\/sevilla-magna-ciudad-de-dios\/","og_site_name":"Ediciones Alfar","article_modified_time":"2025-02-13T12:38:54+00:00","og_image":[{"width":848,"height":1024,"url":"https:\/\/edicionesalfar.es\/es\/wp-content\/uploads\/2025\/02\/9788410286207-848x1024.jpg","type":"image\/jpeg"}],"twitter_card":"summary_large_image","twitter_misc":{"Tiempo de lectura":"2 minutos"},"schema":{"@context":"https:\/\/schema.org","@graph":[{"@type":"WebPage","@id":"https:\/\/edicionesalfar.es\/es\/producto\/sevilla-magna-ciudad-de-dios\/","url":"https:\/\/edicionesalfar.es\/es\/producto\/sevilla-magna-ciudad-de-dios\/","name":"Sevilla. Magna Ciudad de Dios - Ediciones Alfar","isPartOf":{"@id":"https:\/\/edicionesalfar.es\/es\/#website"},"primaryImageOfPage":{"@id":"https:\/\/edicionesalfar.es\/es\/producto\/sevilla-magna-ciudad-de-dios\/#primaryimage"},"image":{"@id":"https:\/\/edicionesalfar.es\/es\/producto\/sevilla-magna-ciudad-de-dios\/#primaryimage"},"thumbnailUrl":"https:\/\/edicionesalfar.es\/es\/wp-content\/uploads\/2025\/02\/9788410286207.jpg","datePublished":"2025-02-13T12:38:51+00:00","dateModified":"2025-02-13T12:38:54+00:00","breadcrumb":{"@id":"https:\/\/edicionesalfar.es\/es\/producto\/sevilla-magna-ciudad-de-dios\/#breadcrumb"},"inLanguage":"es","potentialAction":[{"@type":"ReadAction","target":["https:\/\/edicionesalfar.es\/es\/producto\/sevilla-magna-ciudad-de-dios\/"]}]},{"@type":"ImageObject","inLanguage":"es","@id":"https:\/\/edicionesalfar.es\/es\/producto\/sevilla-magna-ciudad-de-dios\/#primaryimage","url":"https:\/\/edicionesalfar.es\/es\/wp-content\/uploads\/2025\/02\/9788410286207.jpg","contentUrl":"https:\/\/edicionesalfar.es\/es\/wp-content\/uploads\/2025\/02\/9788410286207.jpg","width":1890,"height":2283},{"@type":"BreadcrumbList","@id":"https:\/\/edicionesalfar.es\/es\/producto\/sevilla-magna-ciudad-de-dios\/#breadcrumb","itemListElement":[{"@type":"ListItem","position":1,"name":"Portada","item":"https:\/\/edicionesalfar.es\/es\/"},{"@type":"ListItem","position":2,"name":"Cat\u00e1logo","item":"https:\/\/edicionesalfar.es\/es\/catalogo\/"},{"@type":"ListItem","position":3,"name":"Sevilla. Magna Ciudad de Dios"}]},{"@type":"WebSite","@id":"https:\/\/edicionesalfar.es\/es\/#website","url":"https:\/\/edicionesalfar.es\/es\/","name":"Ediciones Alfar","description":"","potentialAction":[{"@type":"SearchAction","target":{"@type":"EntryPoint","urlTemplate":"https:\/\/edicionesalfar.es\/es\/?s={search_term_string}"},"query-input":{"@type":"PropertyValueSpecification","valueRequired":true,"valueName":"search_term_string"}}],"inLanguage":"es"}]}},"_links":{"self":[{"href":"https:\/\/edicionesalfar.es\/es\/wp-json\/wp\/v2\/product\/120982","targetHints":{"allow":["GET"]}}],"collection":[{"href":"https:\/\/edicionesalfar.es\/es\/wp-json\/wp\/v2\/product"}],"about":[{"href":"https:\/\/edicionesalfar.es\/es\/wp-json\/wp\/v2\/types\/product"}],"replies":[{"embeddable":true,"href":"https:\/\/edicionesalfar.es\/es\/wp-json\/wp\/v2\/comments?post=120982"}],"wp:featuredmedia":[{"embeddable":true,"href":"https:\/\/edicionesalfar.es\/es\/wp-json\/wp\/v2\/media\/120983"}],"wp:attachment":[{"href":"https:\/\/edicionesalfar.es\/es\/wp-json\/wp\/v2\/media?parent=120982"}],"wp:term":[{"taxonomy":"product_brand","embeddable":true,"href":"https:\/\/edicionesalfar.es\/es\/wp-json\/wp\/v2\/product_brand?post=120982"},{"taxonomy":"product_cat","embeddable":true,"href":"https:\/\/edicionesalfar.es\/es\/wp-json\/wp\/v2\/product_cat?post=120982"},{"taxonomy":"product_tag","embeddable":true,"href":"https:\/\/edicionesalfar.es\/es\/wp-json\/wp\/v2\/product_tag?post=120982"}],"curies":[{"name":"wp","href":"https:\/\/api.w.org\/{rel}","templated":true}]}}