{"id":120969,"date":"2025-01-23T07:44:36","date_gmt":"2025-01-23T06:44:36","guid":{"rendered":"https:\/\/edicionesalfar.es\/es\/?post_type=product&#038;p=120969"},"modified":"2025-01-23T07:47:43","modified_gmt":"2025-01-23T06:47:43","slug":"la-tradicion-judia-de-la-semana-santa-en-sevilla","status":"publish","type":"product","link":"https:\/\/edicionesalfar.es\/es\/producto\/la-tradicion-judia-de-la-semana-santa-en-sevilla\/","title":{"rendered":"La Tradici\u00f3n Jud\u00eda en la Semana Santa de Sevilla"},"content":{"rendered":"<p>Una obra que nos acerca al rico lenguaje iconogr\u00e1fico y simb\u00f3lico que encierra la Semana Santa de Sevilla partiendo de dos premisas fundamentales: Jes\u00fas naci\u00f3, vivi\u00f3 y muri\u00f3 como un jud\u00edo y, al mismo tiempo, vino para hacer cumplir aquello que estaba escrito. \u00bfSomos conscientes los cristianos que compartimos con los jud\u00edos las ra\u00edces de nuestra fe contenidas en el Antiguo Testamento? \u00bfNo fueron los episodios de la Pasi\u00f3n acaso narrados por cuatro jud\u00edos de su tiempo? \u00bfDe qu\u00e9 forma las fiestas, costumbres, tradiciones y mentalidades de la Judea que conoci\u00f3 Jes\u00fas quedan representadas gestualmente en nuestros pasos procesionales? Este libro trata de ahondar en el estudio de la mentalidad religiosa, la liturgia, las instituciones, las creencias y tradiciones propias de un Juda\u00edsmo sin el que dif\u00edcilmente pueden entenderse en plenitud las representaciones pl\u00e1sticas de los pasos y los cortejos penitenciales de la Semana Santa hispalense. Signos jud\u00edos con un significado may\u00fasculo para los cristianos, que ayudan a comprender a\u00fan m\u00e1s la belleza del anuncio de la Pasi\u00f3n, Muerte y Resurrecci\u00f3n del verdadero Mes\u00edas: Jes\u00fas de Nazaret.<\/p>\n<p>Una obra escrita por <strong>Pablo Borrallo<\/strong>, doctor en Historia por la Universidad de Sevilla. Con ilustraciones de Teresa Guzm\u00e1n y fotograf\u00edas de Pedro Aranda, Francisco Jos\u00e9 P\u00e9rez y Salazar-Bajuelo La obra cuenta con el pr\u00f3logo de Rafael J. Rios Delgado, historiador del Arte e introducci\u00f3n de Enrique Guevara P\u00e9rez, escritor. Colaboran en el libro Ego Sum Jos\u00e9 Corrales, Jos\u00e9 M. Angulo, Pepe Mor\u00e1n y V\u00edctor M. Cascales.<\/p>\n","protected":false},"excerpt":{"rendered":"<p>Una obra que nos acerca al rico lenguaje iconogr\u00e1fico y simb\u00f3lico que encierra la Semana Santa de Sevilla partiendo de dos premisas fundamentales: Jes\u00fas naci\u00f3, vivi\u00f3 y muri\u00f3 como un jud\u00edo y, al mismo tiempo, vino para hacer cumplir aquello que estaba escrito. \u00bfSomos conscientes los cristianos que compartimos con los jud\u00edos las ra\u00edces de nuestra fe contenidas en el Antiguo Testamento? \u00bfNo fueron los episodios de la Pasi\u00f3n acaso narrados por cuatro jud\u00edos de su tiempo? \u00bfDe qu\u00e9 forma las fiestas, costumbres, tradiciones y mentalidades de la Judea que conoci\u00f3 Jes\u00fas quedan representadas gestualmente en nuestros pasos procesionales? Este libro trata de ahondar en el estudio de la mentalidad religiosa, la liturgia, las instituciones, las creencias y tradiciones propias de un Juda\u00edsmo sin el que dif\u00edcilmente pueden entenderse en plenitud las representaciones pl\u00e1sticas de los pasos y los cortejos penitenciales de la Semana Santa hispalense. Signos jud\u00edos con un significado may\u00fasculo para los cristianos, que ayudan a comprender a\u00fan m\u00e1s la belleza del anuncio de la Pasi\u00f3n, Muerte y Resurrecci\u00f3n del verdadero Mes\u00edas: Jes\u00fas de Nazaret.<\/p>\n<p>Una obra escrita por <strong>Pablo Borrallo<\/strong>, doctor en Historia por la Universidad de Sevilla. Con ilustraciones de Teresa Guzm\u00e1n y fotograf\u00edas de Pedro Aranda, Francisco Jos\u00e9 P\u00e9rez y Salazar-Bajuelo La obra cuenta con el pr\u00f3logo de Rafael J. Rios Delgado, historiador del Arte e introducci\u00f3n de Enrique Guevara P\u00e9rez, escritor. Colaboran en el libro Ego Sum Jos\u00e9 Corrales, Jos\u00e9 M. Angulo, Pepe Mor\u00e1n y V\u00edctor M. Cascales.<\/p>\n","protected":false},"featured_media":120970,"comment_status":"closed","ping_status":"closed","template":"","meta":{"_acf_changed":false,"_et_pb_use_builder":"","_et_pb_old_content":"","_et_gb_content_width":""},"product_brand":[],"product_cat":[372,477,52],"product_tag":[],"class_list":{"0":"post-120969","1":"product","2":"type-product","3":"status-publish","4":"has-post-thumbnail","6":"product_cat-alfar","7":"product_cat-borrallo-sanchez-pablo","8":"product_cat-semana-santa","10":"first","11":"instock","12":"sale","13":"taxable","14":"shipping-taxable","15":"purchasable","16":"product-type-simple"},"acf":[],"yoast_head":"<!-- This site is optimized with the Yoast SEO plugin v27.3 - https:\/\/yoast.com\/product\/yoast-seo-wordpress\/ -->\n<title>La Tradici\u00f3n Jud\u00eda en la Semana Santa de Sevilla - Ediciones Alfar<\/title>\n<meta name=\"robots\" content=\"index, follow, max-snippet:-1, max-image-preview:large, max-video-preview:-1\" \/>\n<link rel=\"canonical\" href=\"https:\/\/edicionesalfar.es\/es\/producto\/la-tradicion-judia-de-la-semana-santa-en-sevilla\/\" \/>\n<meta property=\"og:locale\" content=\"es_ES\" \/>\n<meta property=\"og:type\" content=\"article\" \/>\n<meta property=\"og:title\" content=\"La Tradici\u00f3n Jud\u00eda en la Semana Santa de Sevilla - Ediciones Alfar\" \/>\n<meta property=\"og:description\" content=\"Una obra que nos acerca al rico lenguaje iconogr\u00e1fico y simb\u00f3lico que encierra la Semana Santa de Sevilla partiendo de dos premisas fundamentales: Jes\u00fas naci\u00f3, vivi\u00f3 y muri\u00f3 como un jud\u00edo y, al mismo tiempo, vino para hacer cumplir aquello que estaba escrito. \u00bfSomos conscientes los cristianos que compartimos con los jud\u00edos las ra\u00edces de nuestra fe contenidas en el Antiguo Testamento? \u00bfNo fueron los episodios de la Pasi\u00f3n acaso narrados por cuatro jud\u00edos de su tiempo? \u00bfDe qu\u00e9 forma las fiestas, costumbres, tradiciones y mentalidades de la Judea que conoci\u00f3 Jes\u00fas quedan representadas gestualmente en nuestros pasos procesionales? Este libro trata de ahondar en el estudio de la mentalidad religiosa, la liturgia, las instituciones, las creencias y tradiciones propias de un Juda\u00edsmo sin el que dif\u00edcilmente pueden entenderse en plenitud las representaciones pl\u00e1sticas de los pasos y los cortejos penitenciales de la Semana Santa hispalense. Signos jud\u00edos con un significado may\u00fasculo para los cristianos, que ayudan a comprender a\u00fan m\u00e1s la belleza del anuncio de la Pasi\u00f3n, Muerte y Resurrecci\u00f3n del verdadero Mes\u00edas: Jes\u00fas de Nazaret.  Una obra escrita por Pablo Borrallo, doctor en Historia por la Universidad de Sevilla. Con ilustraciones de Teresa Guzm\u00e1n y fotograf\u00edas de Pedro Aranda, Francisco Jos\u00e9 P\u00e9rez y Salazar-Bajuelo La obra cuenta con el pr\u00f3logo de Rafael J. Rios Delgado, historiador del Arte e introducci\u00f3n de Enrique Guevara P\u00e9rez, escritor. Colaboran en el libro Ego Sum Jos\u00e9 Corrales, Jos\u00e9 M. Angulo, Pepe Mor\u00e1n y V\u00edctor M. Cascales.\" \/>\n<meta property=\"og:url\" content=\"https:\/\/edicionesalfar.es\/es\/producto\/la-tradicion-judia-de-la-semana-santa-en-sevilla\/\" \/>\n<meta property=\"og:site_name\" content=\"Ediciones Alfar\" \/>\n<meta property=\"article:modified_time\" content=\"2025-01-23T06:47:43+00:00\" \/>\n<meta property=\"og:image\" content=\"https:\/\/edicionesalfar.es\/es\/wp-content\/uploads\/2025\/01\/9788410286177_cubierta-1024x997.jpg\" \/>\n\t<meta property=\"og:image:width\" content=\"1024\" \/>\n\t<meta property=\"og:image:height\" content=\"997\" \/>\n\t<meta property=\"og:image:type\" content=\"image\/jpeg\" \/>\n<meta name=\"twitter:card\" content=\"summary_large_image\" \/>\n<meta name=\"twitter:label1\" content=\"Tiempo de lectura\" \/>\n\t<meta name=\"twitter:data1\" content=\"2 minutos\" \/>\n<script type=\"application\/ld+json\" class=\"yoast-schema-graph\">{\"@context\":\"https:\\\/\\\/schema.org\",\"@graph\":[{\"@type\":\"WebPage\",\"@id\":\"https:\\\/\\\/edicionesalfar.es\\\/es\\\/producto\\\/la-tradicion-judia-de-la-semana-santa-en-sevilla\\\/\",\"url\":\"https:\\\/\\\/edicionesalfar.es\\\/es\\\/producto\\\/la-tradicion-judia-de-la-semana-santa-en-sevilla\\\/\",\"name\":\"La Tradici\u00f3n Jud\u00eda en la Semana Santa de Sevilla - Ediciones Alfar\",\"isPartOf\":{\"@id\":\"https:\\\/\\\/edicionesalfar.es\\\/es\\\/#website\"},\"primaryImageOfPage\":{\"@id\":\"https:\\\/\\\/edicionesalfar.es\\\/es\\\/producto\\\/la-tradicion-judia-de-la-semana-santa-en-sevilla\\\/#primaryimage\"},\"image\":{\"@id\":\"https:\\\/\\\/edicionesalfar.es\\\/es\\\/producto\\\/la-tradicion-judia-de-la-semana-santa-en-sevilla\\\/#primaryimage\"},\"thumbnailUrl\":\"https:\\\/\\\/edicionesalfar.es\\\/es\\\/wp-content\\\/uploads\\\/2025\\\/01\\\/9788410286177_cubierta.jpg\",\"datePublished\":\"2025-01-23T06:44:36+00:00\",\"dateModified\":\"2025-01-23T06:47:43+00:00\",\"breadcrumb\":{\"@id\":\"https:\\\/\\\/edicionesalfar.es\\\/es\\\/producto\\\/la-tradicion-judia-de-la-semana-santa-en-sevilla\\\/#breadcrumb\"},\"inLanguage\":\"es\",\"potentialAction\":[{\"@type\":\"ReadAction\",\"target\":[\"https:\\\/\\\/edicionesalfar.es\\\/es\\\/producto\\\/la-tradicion-judia-de-la-semana-santa-en-sevilla\\\/\"]}]},{\"@type\":\"ImageObject\",\"inLanguage\":\"es\",\"@id\":\"https:\\\/\\\/edicionesalfar.es\\\/es\\\/producto\\\/la-tradicion-judia-de-la-semana-santa-en-sevilla\\\/#primaryimage\",\"url\":\"https:\\\/\\\/edicionesalfar.es\\\/es\\\/wp-content\\\/uploads\\\/2025\\\/01\\\/9788410286177_cubierta.jpg\",\"contentUrl\":\"https:\\\/\\\/edicionesalfar.es\\\/es\\\/wp-content\\\/uploads\\\/2025\\\/01\\\/9788410286177_cubierta.jpg\",\"width\":2547,\"height\":2480},{\"@type\":\"BreadcrumbList\",\"@id\":\"https:\\\/\\\/edicionesalfar.es\\\/es\\\/producto\\\/la-tradicion-judia-de-la-semana-santa-en-sevilla\\\/#breadcrumb\",\"itemListElement\":[{\"@type\":\"ListItem\",\"position\":1,\"name\":\"Portada\",\"item\":\"https:\\\/\\\/edicionesalfar.es\\\/es\\\/\"},{\"@type\":\"ListItem\",\"position\":2,\"name\":\"Cat\u00e1logo\",\"item\":\"https:\\\/\\\/edicionesalfar.es\\\/es\\\/catalogo\\\/\"},{\"@type\":\"ListItem\",\"position\":3,\"name\":\"La Tradici\u00f3n Jud\u00eda en la Semana Santa de Sevilla\"}]},{\"@type\":\"WebSite\",\"@id\":\"https:\\\/\\\/edicionesalfar.es\\\/es\\\/#website\",\"url\":\"https:\\\/\\\/edicionesalfar.es\\\/es\\\/\",\"name\":\"Ediciones Alfar\",\"description\":\"\",\"potentialAction\":[{\"@type\":\"SearchAction\",\"target\":{\"@type\":\"EntryPoint\",\"urlTemplate\":\"https:\\\/\\\/edicionesalfar.es\\\/es\\\/?s={search_term_string}\"},\"query-input\":{\"@type\":\"PropertyValueSpecification\",\"valueRequired\":true,\"valueName\":\"search_term_string\"}}],\"inLanguage\":\"es\"}]}<\/script>\n<!-- \/ Yoast SEO plugin. -->","yoast_head_json":{"title":"La Tradici\u00f3n Jud\u00eda en la Semana Santa de Sevilla - Ediciones Alfar","robots":{"index":"index","follow":"follow","max-snippet":"max-snippet:-1","max-image-preview":"max-image-preview:large","max-video-preview":"max-video-preview:-1"},"canonical":"https:\/\/edicionesalfar.es\/es\/producto\/la-tradicion-judia-de-la-semana-santa-en-sevilla\/","og_locale":"es_ES","og_type":"article","og_title":"La Tradici\u00f3n Jud\u00eda en la Semana Santa de Sevilla - Ediciones Alfar","og_description":"Una obra que nos acerca al rico lenguaje iconogr\u00e1fico y simb\u00f3lico que encierra la Semana Santa de Sevilla partiendo de dos premisas fundamentales: Jes\u00fas naci\u00f3, vivi\u00f3 y muri\u00f3 como un jud\u00edo y, al mismo tiempo, vino para hacer cumplir aquello que estaba escrito. \u00bfSomos conscientes los cristianos que compartimos con los jud\u00edos las ra\u00edces de nuestra fe contenidas en el Antiguo Testamento? \u00bfNo fueron los episodios de la Pasi\u00f3n acaso narrados por cuatro jud\u00edos de su tiempo? \u00bfDe qu\u00e9 forma las fiestas, costumbres, tradiciones y mentalidades de la Judea que conoci\u00f3 Jes\u00fas quedan representadas gestualmente en nuestros pasos procesionales? Este libro trata de ahondar en el estudio de la mentalidad religiosa, la liturgia, las instituciones, las creencias y tradiciones propias de un Juda\u00edsmo sin el que dif\u00edcilmente pueden entenderse en plenitud las representaciones pl\u00e1sticas de los pasos y los cortejos penitenciales de la Semana Santa hispalense. Signos jud\u00edos con un significado may\u00fasculo para los cristianos, que ayudan a comprender a\u00fan m\u00e1s la belleza del anuncio de la Pasi\u00f3n, Muerte y Resurrecci\u00f3n del verdadero Mes\u00edas: Jes\u00fas de Nazaret.  Una obra escrita por Pablo Borrallo, doctor en Historia por la Universidad de Sevilla. Con ilustraciones de Teresa Guzm\u00e1n y fotograf\u00edas de Pedro Aranda, Francisco Jos\u00e9 P\u00e9rez y Salazar-Bajuelo La obra cuenta con el pr\u00f3logo de Rafael J. Rios Delgado, historiador del Arte e introducci\u00f3n de Enrique Guevara P\u00e9rez, escritor. Colaboran en el libro Ego Sum Jos\u00e9 Corrales, Jos\u00e9 M. Angulo, Pepe Mor\u00e1n y V\u00edctor M. Cascales.","og_url":"https:\/\/edicionesalfar.es\/es\/producto\/la-tradicion-judia-de-la-semana-santa-en-sevilla\/","og_site_name":"Ediciones Alfar","article_modified_time":"2025-01-23T06:47:43+00:00","og_image":[{"width":1024,"height":997,"url":"https:\/\/edicionesalfar.es\/es\/wp-content\/uploads\/2025\/01\/9788410286177_cubierta-1024x997.jpg","type":"image\/jpeg"}],"twitter_card":"summary_large_image","twitter_misc":{"Tiempo de lectura":"2 minutos"},"schema":{"@context":"https:\/\/schema.org","@graph":[{"@type":"WebPage","@id":"https:\/\/edicionesalfar.es\/es\/producto\/la-tradicion-judia-de-la-semana-santa-en-sevilla\/","url":"https:\/\/edicionesalfar.es\/es\/producto\/la-tradicion-judia-de-la-semana-santa-en-sevilla\/","name":"La Tradici\u00f3n Jud\u00eda en la Semana Santa de Sevilla - Ediciones Alfar","isPartOf":{"@id":"https:\/\/edicionesalfar.es\/es\/#website"},"primaryImageOfPage":{"@id":"https:\/\/edicionesalfar.es\/es\/producto\/la-tradicion-judia-de-la-semana-santa-en-sevilla\/#primaryimage"},"image":{"@id":"https:\/\/edicionesalfar.es\/es\/producto\/la-tradicion-judia-de-la-semana-santa-en-sevilla\/#primaryimage"},"thumbnailUrl":"https:\/\/edicionesalfar.es\/es\/wp-content\/uploads\/2025\/01\/9788410286177_cubierta.jpg","datePublished":"2025-01-23T06:44:36+00:00","dateModified":"2025-01-23T06:47:43+00:00","breadcrumb":{"@id":"https:\/\/edicionesalfar.es\/es\/producto\/la-tradicion-judia-de-la-semana-santa-en-sevilla\/#breadcrumb"},"inLanguage":"es","potentialAction":[{"@type":"ReadAction","target":["https:\/\/edicionesalfar.es\/es\/producto\/la-tradicion-judia-de-la-semana-santa-en-sevilla\/"]}]},{"@type":"ImageObject","inLanguage":"es","@id":"https:\/\/edicionesalfar.es\/es\/producto\/la-tradicion-judia-de-la-semana-santa-en-sevilla\/#primaryimage","url":"https:\/\/edicionesalfar.es\/es\/wp-content\/uploads\/2025\/01\/9788410286177_cubierta.jpg","contentUrl":"https:\/\/edicionesalfar.es\/es\/wp-content\/uploads\/2025\/01\/9788410286177_cubierta.jpg","width":2547,"height":2480},{"@type":"BreadcrumbList","@id":"https:\/\/edicionesalfar.es\/es\/producto\/la-tradicion-judia-de-la-semana-santa-en-sevilla\/#breadcrumb","itemListElement":[{"@type":"ListItem","position":1,"name":"Portada","item":"https:\/\/edicionesalfar.es\/es\/"},{"@type":"ListItem","position":2,"name":"Cat\u00e1logo","item":"https:\/\/edicionesalfar.es\/es\/catalogo\/"},{"@type":"ListItem","position":3,"name":"La Tradici\u00f3n Jud\u00eda en la Semana Santa de Sevilla"}]},{"@type":"WebSite","@id":"https:\/\/edicionesalfar.es\/es\/#website","url":"https:\/\/edicionesalfar.es\/es\/","name":"Ediciones Alfar","description":"","potentialAction":[{"@type":"SearchAction","target":{"@type":"EntryPoint","urlTemplate":"https:\/\/edicionesalfar.es\/es\/?s={search_term_string}"},"query-input":{"@type":"PropertyValueSpecification","valueRequired":true,"valueName":"search_term_string"}}],"inLanguage":"es"}]}},"_links":{"self":[{"href":"https:\/\/edicionesalfar.es\/es\/wp-json\/wp\/v2\/product\/120969","targetHints":{"allow":["GET"]}}],"collection":[{"href":"https:\/\/edicionesalfar.es\/es\/wp-json\/wp\/v2\/product"}],"about":[{"href":"https:\/\/edicionesalfar.es\/es\/wp-json\/wp\/v2\/types\/product"}],"replies":[{"embeddable":true,"href":"https:\/\/edicionesalfar.es\/es\/wp-json\/wp\/v2\/comments?post=120969"}],"wp:featuredmedia":[{"embeddable":true,"href":"https:\/\/edicionesalfar.es\/es\/wp-json\/wp\/v2\/media\/120970"}],"wp:attachment":[{"href":"https:\/\/edicionesalfar.es\/es\/wp-json\/wp\/v2\/media?parent=120969"}],"wp:term":[{"taxonomy":"product_brand","embeddable":true,"href":"https:\/\/edicionesalfar.es\/es\/wp-json\/wp\/v2\/product_brand?post=120969"},{"taxonomy":"product_cat","embeddable":true,"href":"https:\/\/edicionesalfar.es\/es\/wp-json\/wp\/v2\/product_cat?post=120969"},{"taxonomy":"product_tag","embeddable":true,"href":"https:\/\/edicionesalfar.es\/es\/wp-json\/wp\/v2\/product_tag?post=120969"}],"curies":[{"name":"wp","href":"https:\/\/api.w.org\/{rel}","templated":true}]}}