{"id":120821,"date":"2024-10-17T16:39:45","date_gmt":"2024-10-17T14:39:45","guid":{"rendered":"https:\/\/edicionesalfar.es\/es\/?post_type=product&#038;p=120821"},"modified":"2024-10-17T16:39:49","modified_gmt":"2024-10-17T14:39:49","slug":"las-curvas-de-venus","status":"publish","type":"product","link":"https:\/\/edicionesalfar.es\/es\/producto\/las-curvas-de-venus\/","title":{"rendered":"Las curvas de Venus"},"content":{"rendered":"<p>En las siguientes p\u00e1ginas viajan juntas, las formas y las palabras, los colores y la imaginaci\u00f3n, las fantas\u00edas y las realidades. Un viaje placentero no exento de peligro. Subir al Monte de Venus. O bajar. O perderse entre los caminos, siempre ligeros de equipaje. Entre vol\u00famenes y palabras. Cabras que ya se sabe hacia donde tiran. Que vengan los pastores con algo de poeta. O de mir\u00f3n. O de actor. O de decorado. O de narrador. O de modelador. De protagonista o de segund\u00f3n. P\u00edntense los labios y viajen con nosotros&#8230; Y ag\u00e1rrense, ag\u00e1rrense, que vienen curvas&#8230; Las curvas de Venus.<\/p>\n<p>Autores:<strong> Manuel Jes\u00fas Rold\u00e1n \/ Teresa Guzm\u00e1n<\/strong><\/p>\n<p>Manuel Jes\u00fas Rold\u00e1n. Licenciado en Geograf\u00eda e Historia (Esp. Historia del Arte). Profesor de Ense\u00f1anza Secundaria y de la \u00abUniversitas Senioribus\u00bb de la Fundaci\u00f3n CEU San Pablo. Colaborador habitual de radio en Canal Sur Radio, Onda Cero, Cadena Cope o Sevilla FC. Radio, y de numerosos programas de televisi\u00f3n. Comisario de exposiciones: \u201cAmor a lo visible\u201d (Mezquita de C\u00f3rdoba), \u201cAlmas 75\u201d (Universidad Loyola) y \u201cSantos, s. XXI\u201d (Museo de Alcal\u00e1 de Guadaira). Publica: Historia de Sevilla, Iglesias de Sevilla, Conventos de Sevilla, Almanaque de Sevilla, La Sevilla Er\u00f3tica (junto a Jes\u00fas Cotta), Historia de la Semana Santa sevillana, La Sevilla del Siglo XX (junto a \u00c1lvaro Pastor y Paco Robles), Semana Santa: Teor\u00eda y realidades, La Semana Santa seg\u00fan ABC, Esperanza Macarena, Gran Poder, Mart\u00ednez Monta\u00f1\u00e9s, Retrato de una Dama: Sevilla en 100 retratos de mujer (junto a Teresa Puig). Publica libros de relatos: Palabras como labios y Los muertos del profesor. Obras de divulgaci\u00f3n art\u00edstica: Eso no estaba en mi libro de H\u00aa del Arte e Historia del Arte con nombre de mujer, y obras sobre la Semana Santa: La Semana Santa de la Transici\u00f3n (Sevilla-1973-1982), Historias de la Semana Santa y Estampas de la Semana Santa. Su primera novela, Cara de \u00e1ngel: La Roldana (1652-1706).<\/p>\n<p>Teresa Guzm\u00e1n. Licenciada en Bellas Artes y diplomada en Ciencias de la Educaci\u00f3n. Profesora de Ense\u00f1anza Secundaria. Ediciones Alfar: Mis Leyendas de Sevilla 1 y 2, El Rab\u00ed de Galilea, Dicen que nunca se rinde, El Coloreable de la Semana Santa de Sevilla, Me llaman Jes\u00fas del Gran Poder, Mis Sevillanos Ilustres, Mi Primera Semana Santa de Sevilla y El V\u00eda Crucis seg\u00fan Sevilla. Colabora en publicaciones: Atlas de la Semana Santa de Sevilla, Simbolismo en la Semana Santa de Sevilla, Iconograf\u00eda de la Semana Santa de Sevilla, La Magia de los Seises, The Passion in Seville, Estampas In\u00e9ditas e Influencias art\u00edsticas en los grupos escult\u00f3ricos de la Semana Santa de Sevilla. Participa en las exposiciones: Por los caminos de la m\u00fasica (Excmo. Ateneo de Sevilla) Almas 75 (CMI Sevilla), Lo desenfocado (CICUS) De Triana a Beethoven (Casa de la Provincia de Sevilla) y Montserrat (Excmo. Ayuntamiento de Sevilla). Dise\u00f1a los carteles: Cabalgata RR. MM. de Sevilla, 2023; y 44 Feria del Libro Antiguo y de Ocasi\u00f3n de Sevilla, 2021; Christmas Hdad. de la Estrella 2021, y portadas de Boletines: Hdad. Los Panaderos 2023, Pastora de San Antonio 2021, y La Paz 2020. Buenas, Malas y Peores, es su primer trabajo escrito e ilustrado.<\/p>\n<p>&nbsp;<\/p>\n","protected":false},"excerpt":{"rendered":"<p>En las siguientes p\u00e1ginas viajan juntas, las formas y las palabras, los colores y la imaginaci\u00f3n, las fantas\u00edas y las realidades. Un viaje placentero no exento de peligro. Subir al Monte de Venus. O bajar. O perderse entre los caminos, siempre ligeros de equipaje. Entre vol\u00famenes y palabras. Cabras que ya se sabe hacia donde tiran. Que vengan los pastores con algo de poeta. O de mir\u00f3n. O de actor. O de decorado. O de narrador. O de modelador. De protagonista o de segund\u00f3n. P\u00edntense los labios y viajen con nosotros&#8230; Y ag\u00e1rrense, ag\u00e1rrense, que vienen curvas&#8230; Las curvas de Venus.<\/p>\n<p>Autores:<strong> Manuel Jes\u00fas Rold\u00e1n \/ Teresa Guzm\u00e1n<\/strong><\/p>\n<p>&nbsp;<\/p>\n","protected":false},"featured_media":120822,"comment_status":"closed","ping_status":"closed","template":"","meta":{"_acf_changed":false,"_et_pb_use_builder":"","_et_pb_old_content":"","_et_gb_content_width":""},"product_brand":[],"product_cat":[372,376,580,47],"product_tag":[],"class_list":{"0":"post-120821","1":"product","2":"type-product","3":"status-publish","4":"has-post-thumbnail","6":"product_cat-alfar","7":"product_cat-autores","8":"product_cat-guzman-teresa","9":"product_cat-otras-narrativas","11":"first","12":"instock","13":"taxable","14":"shipping-taxable","15":"purchasable","16":"product-type-simple"},"acf":[],"yoast_head":"<!-- This site is optimized with the Yoast SEO plugin v27.5 - https:\/\/yoast.com\/product\/yoast-seo-wordpress\/ -->\n<title>Las curvas de Venus - Ediciones Alfar<\/title>\n<meta name=\"robots\" content=\"index, follow, max-snippet:-1, max-image-preview:large, max-video-preview:-1\" \/>\n<link rel=\"canonical\" href=\"https:\/\/edicionesalfar.es\/es\/producto\/las-curvas-de-venus\/\" \/>\n<meta property=\"og:locale\" content=\"es_ES\" \/>\n<meta property=\"og:type\" content=\"article\" \/>\n<meta property=\"og:title\" content=\"Las curvas de Venus - Ediciones Alfar\" \/>\n<meta property=\"og:description\" content=\"En las siguientes p\u00e1ginas viajan juntas, las formas y las palabras, los colores y la imaginaci\u00f3n, las fantas\u00edas y las realidades. Un viaje placentero no exento de peligro. Subir al Monte de Venus. O bajar. O perderse entre los caminos, siempre ligeros de equipaje. Entre vol\u00famenes y palabras. Cabras que ya se sabe hacia donde tiran. Que vengan los pastores con algo de poeta. O de mir\u00f3n. O de actor. O de decorado. O de narrador. O de modelador. De protagonista o de segund\u00f3n. P\u00edntense los labios y viajen con nosotros... Y ag\u00e1rrense, ag\u00e1rrense, que vienen curvas... Las curvas de Venus.  Autores: Manuel Jes\u00fas Rold\u00e1n \/ Teresa Guzm\u00e1n  &nbsp;\" \/>\n<meta property=\"og:url\" content=\"https:\/\/edicionesalfar.es\/es\/producto\/las-curvas-de-venus\/\" \/>\n<meta property=\"og:site_name\" content=\"Ediciones Alfar\" \/>\n<meta property=\"article:modified_time\" content=\"2024-10-17T14:39:49+00:00\" \/>\n<meta property=\"og:image\" content=\"https:\/\/edicionesalfar.es\/es\/wp-content\/uploads\/2024\/10\/9788410286023-scaled.jpg\" \/>\n\t<meta property=\"og:image:width\" content=\"1813\" \/>\n\t<meta property=\"og:image:height\" content=\"2560\" \/>\n\t<meta property=\"og:image:type\" content=\"image\/jpeg\" \/>\n<meta name=\"twitter:card\" content=\"summary_large_image\" \/>\n<meta name=\"twitter:label1\" content=\"Tiempo de lectura\" \/>\n\t<meta name=\"twitter:data1\" content=\"3 minutos\" \/>\n<script type=\"application\/ld+json\" class=\"yoast-schema-graph\">{\"@context\":\"https:\\\/\\\/schema.org\",\"@graph\":[{\"@type\":\"WebPage\",\"@id\":\"https:\\\/\\\/edicionesalfar.es\\\/es\\\/producto\\\/las-curvas-de-venus\\\/\",\"url\":\"https:\\\/\\\/edicionesalfar.es\\\/es\\\/producto\\\/las-curvas-de-venus\\\/\",\"name\":\"Las curvas de Venus - Ediciones Alfar\",\"isPartOf\":{\"@id\":\"https:\\\/\\\/edicionesalfar.es\\\/es\\\/#website\"},\"primaryImageOfPage\":{\"@id\":\"https:\\\/\\\/edicionesalfar.es\\\/es\\\/producto\\\/las-curvas-de-venus\\\/#primaryimage\"},\"image\":{\"@id\":\"https:\\\/\\\/edicionesalfar.es\\\/es\\\/producto\\\/las-curvas-de-venus\\\/#primaryimage\"},\"thumbnailUrl\":\"https:\\\/\\\/edicionesalfar.es\\\/es\\\/wp-content\\\/uploads\\\/2024\\\/10\\\/9788410286023-scaled.jpg\",\"datePublished\":\"2024-10-17T14:39:45+00:00\",\"dateModified\":\"2024-10-17T14:39:49+00:00\",\"breadcrumb\":{\"@id\":\"https:\\\/\\\/edicionesalfar.es\\\/es\\\/producto\\\/las-curvas-de-venus\\\/#breadcrumb\"},\"inLanguage\":\"es\",\"potentialAction\":[{\"@type\":\"ReadAction\",\"target\":[\"https:\\\/\\\/edicionesalfar.es\\\/es\\\/producto\\\/las-curvas-de-venus\\\/\"]}]},{\"@type\":\"ImageObject\",\"inLanguage\":\"es\",\"@id\":\"https:\\\/\\\/edicionesalfar.es\\\/es\\\/producto\\\/las-curvas-de-venus\\\/#primaryimage\",\"url\":\"https:\\\/\\\/edicionesalfar.es\\\/es\\\/wp-content\\\/uploads\\\/2024\\\/10\\\/9788410286023-scaled.jpg\",\"contentUrl\":\"https:\\\/\\\/edicionesalfar.es\\\/es\\\/wp-content\\\/uploads\\\/2024\\\/10\\\/9788410286023-scaled.jpg\",\"width\":1813,\"height\":2560},{\"@type\":\"BreadcrumbList\",\"@id\":\"https:\\\/\\\/edicionesalfar.es\\\/es\\\/producto\\\/las-curvas-de-venus\\\/#breadcrumb\",\"itemListElement\":[{\"@type\":\"ListItem\",\"position\":1,\"name\":\"Portada\",\"item\":\"https:\\\/\\\/edicionesalfar.es\\\/es\\\/\"},{\"@type\":\"ListItem\",\"position\":2,\"name\":\"Cat\u00e1logo\",\"item\":\"https:\\\/\\\/edicionesalfar.es\\\/es\\\/catalogo\\\/\"},{\"@type\":\"ListItem\",\"position\":3,\"name\":\"Las curvas de Venus\"}]},{\"@type\":\"WebSite\",\"@id\":\"https:\\\/\\\/edicionesalfar.es\\\/es\\\/#website\",\"url\":\"https:\\\/\\\/edicionesalfar.es\\\/es\\\/\",\"name\":\"Ediciones Alfar\",\"description\":\"\",\"potentialAction\":[{\"@type\":\"SearchAction\",\"target\":{\"@type\":\"EntryPoint\",\"urlTemplate\":\"https:\\\/\\\/edicionesalfar.es\\\/es\\\/?s={search_term_string}\"},\"query-input\":{\"@type\":\"PropertyValueSpecification\",\"valueRequired\":true,\"valueName\":\"search_term_string\"}}],\"inLanguage\":\"es\"}]}<\/script>\n<!-- \/ Yoast SEO plugin. -->","yoast_head_json":{"title":"Las curvas de Venus - Ediciones Alfar","robots":{"index":"index","follow":"follow","max-snippet":"max-snippet:-1","max-image-preview":"max-image-preview:large","max-video-preview":"max-video-preview:-1"},"canonical":"https:\/\/edicionesalfar.es\/es\/producto\/las-curvas-de-venus\/","og_locale":"es_ES","og_type":"article","og_title":"Las curvas de Venus - Ediciones Alfar","og_description":"En las siguientes p\u00e1ginas viajan juntas, las formas y las palabras, los colores y la imaginaci\u00f3n, las fantas\u00edas y las realidades. Un viaje placentero no exento de peligro. Subir al Monte de Venus. O bajar. O perderse entre los caminos, siempre ligeros de equipaje. Entre vol\u00famenes y palabras. Cabras que ya se sabe hacia donde tiran. Que vengan los pastores con algo de poeta. O de mir\u00f3n. O de actor. O de decorado. O de narrador. O de modelador. De protagonista o de segund\u00f3n. P\u00edntense los labios y viajen con nosotros... Y ag\u00e1rrense, ag\u00e1rrense, que vienen curvas... Las curvas de Venus.  Autores: Manuel Jes\u00fas Rold\u00e1n \/ Teresa Guzm\u00e1n  &nbsp;","og_url":"https:\/\/edicionesalfar.es\/es\/producto\/las-curvas-de-venus\/","og_site_name":"Ediciones Alfar","article_modified_time":"2024-10-17T14:39:49+00:00","og_image":[{"width":1813,"height":2560,"url":"https:\/\/edicionesalfar.es\/es\/wp-content\/uploads\/2024\/10\/9788410286023-scaled.jpg","type":"image\/jpeg"}],"twitter_card":"summary_large_image","twitter_misc":{"Tiempo de lectura":"3 minutos"},"schema":{"@context":"https:\/\/schema.org","@graph":[{"@type":"WebPage","@id":"https:\/\/edicionesalfar.es\/es\/producto\/las-curvas-de-venus\/","url":"https:\/\/edicionesalfar.es\/es\/producto\/las-curvas-de-venus\/","name":"Las curvas de Venus - Ediciones Alfar","isPartOf":{"@id":"https:\/\/edicionesalfar.es\/es\/#website"},"primaryImageOfPage":{"@id":"https:\/\/edicionesalfar.es\/es\/producto\/las-curvas-de-venus\/#primaryimage"},"image":{"@id":"https:\/\/edicionesalfar.es\/es\/producto\/las-curvas-de-venus\/#primaryimage"},"thumbnailUrl":"https:\/\/edicionesalfar.es\/es\/wp-content\/uploads\/2024\/10\/9788410286023-scaled.jpg","datePublished":"2024-10-17T14:39:45+00:00","dateModified":"2024-10-17T14:39:49+00:00","breadcrumb":{"@id":"https:\/\/edicionesalfar.es\/es\/producto\/las-curvas-de-venus\/#breadcrumb"},"inLanguage":"es","potentialAction":[{"@type":"ReadAction","target":["https:\/\/edicionesalfar.es\/es\/producto\/las-curvas-de-venus\/"]}]},{"@type":"ImageObject","inLanguage":"es","@id":"https:\/\/edicionesalfar.es\/es\/producto\/las-curvas-de-venus\/#primaryimage","url":"https:\/\/edicionesalfar.es\/es\/wp-content\/uploads\/2024\/10\/9788410286023-scaled.jpg","contentUrl":"https:\/\/edicionesalfar.es\/es\/wp-content\/uploads\/2024\/10\/9788410286023-scaled.jpg","width":1813,"height":2560},{"@type":"BreadcrumbList","@id":"https:\/\/edicionesalfar.es\/es\/producto\/las-curvas-de-venus\/#breadcrumb","itemListElement":[{"@type":"ListItem","position":1,"name":"Portada","item":"https:\/\/edicionesalfar.es\/es\/"},{"@type":"ListItem","position":2,"name":"Cat\u00e1logo","item":"https:\/\/edicionesalfar.es\/es\/catalogo\/"},{"@type":"ListItem","position":3,"name":"Las curvas de Venus"}]},{"@type":"WebSite","@id":"https:\/\/edicionesalfar.es\/es\/#website","url":"https:\/\/edicionesalfar.es\/es\/","name":"Ediciones Alfar","description":"","potentialAction":[{"@type":"SearchAction","target":{"@type":"EntryPoint","urlTemplate":"https:\/\/edicionesalfar.es\/es\/?s={search_term_string}"},"query-input":{"@type":"PropertyValueSpecification","valueRequired":true,"valueName":"search_term_string"}}],"inLanguage":"es"}]}},"_links":{"self":[{"href":"https:\/\/edicionesalfar.es\/es\/wp-json\/wp\/v2\/product\/120821","targetHints":{"allow":["GET"]}}],"collection":[{"href":"https:\/\/edicionesalfar.es\/es\/wp-json\/wp\/v2\/product"}],"about":[{"href":"https:\/\/edicionesalfar.es\/es\/wp-json\/wp\/v2\/types\/product"}],"replies":[{"embeddable":true,"href":"https:\/\/edicionesalfar.es\/es\/wp-json\/wp\/v2\/comments?post=120821"}],"wp:featuredmedia":[{"embeddable":true,"href":"https:\/\/edicionesalfar.es\/es\/wp-json\/wp\/v2\/media\/120822"}],"wp:attachment":[{"href":"https:\/\/edicionesalfar.es\/es\/wp-json\/wp\/v2\/media?parent=120821"}],"wp:term":[{"taxonomy":"product_brand","embeddable":true,"href":"https:\/\/edicionesalfar.es\/es\/wp-json\/wp\/v2\/product_brand?post=120821"},{"taxonomy":"product_cat","embeddable":true,"href":"https:\/\/edicionesalfar.es\/es\/wp-json\/wp\/v2\/product_cat?post=120821"},{"taxonomy":"product_tag","embeddable":true,"href":"https:\/\/edicionesalfar.es\/es\/wp-json\/wp\/v2\/product_tag?post=120821"}],"curies":[{"name":"wp","href":"https:\/\/api.w.org\/{rel}","templated":true}]}}