{"id":120768,"date":"2024-10-17T06:41:13","date_gmt":"2024-10-17T04:41:13","guid":{"rendered":"https:\/\/edicionesalfar.es\/es\/?post_type=product&#038;p=120768"},"modified":"2024-10-17T06:41:17","modified_gmt":"2024-10-17T04:41:17","slug":"el-dia-que-hablo-la-sangre","status":"publish","type":"product","link":"https:\/\/edicionesalfar.es\/es\/producto\/el-dia-que-hablo-la-sangre\/","title":{"rendered":"El d\u00eda que habl\u00f3 la sangre"},"content":{"rendered":"<p><em>El d\u00eda que habl\u00f3 la sangre<\/em> es una obra del reconocido escritor V\u00edctor Garc\u00eda-Rayo, ambientada en la hist\u00f3rica y majestuosa ciudad de Sevilla. Este libro promete transportarnos a un relato lleno de misterio, pasi\u00f3n y elementos evocadores de un pasado que parece revivir con cada paso por las calles empedradas de la ciudad. La portada, dominada por una imagen en tonos rojizos y una figura imponente con capa y sombrero, nos invita a sumergirnos en un viaje en el tiempo, donde la sangre no solo corre por las venas de los personajes, sino tambi\u00e9n por las paredes y los recuerdos de la ciudad.<\/p>\n<p>En esta historia, Garc\u00eda-Rayo despliega una narrativa cargada de simbolismo, donde la Sevilla m\u00e1s enigm\u00e1tica y profunda cobra vida. Las calles de la ciudad, como las que aparecen en la portada del libro, se convierten en testigos de secretos antiguos y emociones intensas. La imagen de un hombre, caminando decidido con su capa ondeando, refleja ese halo de misterio que envuelve la trama y que deja entrever que cada rinc\u00f3n guarda una historia, cada sombra un susurro de algo no contado.<\/p>\n<p>AUTOR: <strong>V\u00edctor Garc\u00eda Rayo<\/strong>. Naci\u00f3 en Sevilla en 1969. Licenciado en Ciencias de la Comunicaci\u00f3n, es en la actualidad un referente period\u00edstico en el mundo de las cofrad\u00edas de la ciudad hispalense. Sus retransmisiones de la Semana Santa son las m\u00e1s seguidas en las dos \u00faltimas d\u00e9cadas. Reconocido articulista, ha escrito en los diarios ABC de Sevilla, El Correo de Andaluc\u00eda y Viva Sevilla, entre otros. Premiado en tres ocasiones por la Asociaci\u00f3n de Telespectadores de Andaluc\u00eda \u201cal mejor programa de televisi\u00f3n local\u201d, dirige y presenta el programa cofrade de mayor audiencia en la comunidad, \u201cLa Pasi\u00f3n\u201d en 7TV Sevilla. Es, adem\u00e1s, el director y presentador de \u201c7Toros7\u201d, un espacio pionero en mostrar el ganado bravo en su h\u00e1bitat natural que lleva veinte a\u00f1os en distintas parrillas televisivas. Prestigioso ponente, cuenta con numerosos seguidores en conferencias, pregones y redes sociales.<\/p>\n","protected":false},"excerpt":{"rendered":"<p><em>El d\u00eda que habl\u00f3 la sangre<\/em> es una obra del reconocido escritor V\u00edctor Garc\u00eda-Rayo, ambientada en la hist\u00f3rica y majestuosa ciudad de Sevilla. Este libro promete transportarnos a un relato lleno de misterio, pasi\u00f3n y elementos evocadores de un pasado que parece revivir con cada paso por las calles empedradas de la ciudad. La portada, dominada por una imagen en tonos rojizos y una figura imponente con capa y sombrero, nos invita a sumergirnos en un viaje en el tiempo, donde la sangre no solo corre por las venas de los personajes, sino tambi\u00e9n por las paredes y los recuerdos de la ciudad.<\/p>\n<p>En esta historia, Garc\u00eda-Rayo despliega una narrativa cargada de simbolismo, donde la Sevilla m\u00e1s enigm\u00e1tica y profunda cobra vida. Las calles de la ciudad, como las que aparecen en la portada del libro, se convierten en testigos de secretos antiguos y emociones intensas. La imagen de un hombre, caminando decidido con su capa ondeando, refleja ese halo de misterio que envuelve la trama y que deja entrever que cada rinc\u00f3n guarda una historia, cada sombra un susurro de algo no contado.<\/p>\n<p>AUTOR: <strong>V\u00edctor Garc\u00eda Rayo<\/strong>. Naci\u00f3 en Sevilla en 1969. Licenciado en Ciencias de la Comunicaci\u00f3n, es en la actualidad un referente period\u00edstico en el mundo de las cofrad\u00edas de la ciudad hispalense. Sus retransmisiones de la Semana Santa son las m\u00e1s seguidas en las dos \u00faltimas d\u00e9cadas. Reconocido articulista, ha escrito en los diarios ABC de Sevilla, El Correo de Andaluc\u00eda y Viva Sevilla, entre otros. Premiado en tres ocasiones por la Asociaci\u00f3n de Telespectadores de Andaluc\u00eda \u201cal mejor programa de televisi\u00f3n local\u201d, dirige y presenta el programa cofrade de mayor audiencia en la comunidad, \u201cLa Pasi\u00f3n\u201d en 7TV Sevilla. Es, adem\u00e1s, el director y presentador de \u201c7Toros7\u201d, un espacio pionero en mostrar el ganado bravo en su h\u00e1bitat natural que lleva veinte a\u00f1os en distintas parrillas televisivas. Prestigioso ponente, cuenta con numerosos seguidores en conferencias, pregones y redes sociales.<\/p>\n","protected":false},"featured_media":120769,"comment_status":"closed","ping_status":"closed","template":"","meta":{"_acf_changed":false,"_et_pb_use_builder":"","_et_pb_old_content":"","_et_gb_content_width":""},"product_brand":[],"product_cat":[372,375,519,47],"product_tag":[],"class_list":{"0":"post-120768","1":"product","2":"type-product","3":"status-publish","4":"has-post-thumbnail","6":"product_cat-alfar","7":"product_cat-editoriales","8":"product_cat-garcia-rayo-victor","9":"product_cat-otras-narrativas","11":"first","12":"instock","13":"sale","14":"taxable","15":"shipping-taxable","16":"purchasable","17":"product-type-simple"},"acf":[],"yoast_head":"<!-- This site is optimized with the Yoast SEO plugin v27.3 - https:\/\/yoast.com\/product\/yoast-seo-wordpress\/ -->\n<title>El d\u00eda que habl\u00f3 la sangre - Ediciones Alfar<\/title>\n<meta name=\"robots\" content=\"index, follow, max-snippet:-1, max-image-preview:large, max-video-preview:-1\" \/>\n<link rel=\"canonical\" href=\"https:\/\/edicionesalfar.es\/es\/producto\/el-dia-que-hablo-la-sangre\/\" \/>\n<meta property=\"og:locale\" content=\"es_ES\" \/>\n<meta property=\"og:type\" content=\"article\" \/>\n<meta property=\"og:title\" content=\"El d\u00eda que habl\u00f3 la sangre - Ediciones Alfar\" \/>\n<meta property=\"og:description\" content=\"El d\u00eda que habl\u00f3 la sangre es una obra del reconocido escritor V\u00edctor Garc\u00eda-Rayo, ambientada en la hist\u00f3rica y majestuosa ciudad de Sevilla. Este libro promete transportarnos a un relato lleno de misterio, pasi\u00f3n y elementos evocadores de un pasado que parece revivir con cada paso por las calles empedradas de la ciudad. La portada, dominada por una imagen en tonos rojizos y una figura imponente con capa y sombrero, nos invita a sumergirnos en un viaje en el tiempo, donde la sangre no solo corre por las venas de los personajes, sino tambi\u00e9n por las paredes y los recuerdos de la ciudad.  En esta historia, Garc\u00eda-Rayo despliega una narrativa cargada de simbolismo, donde la Sevilla m\u00e1s enigm\u00e1tica y profunda cobra vida. Las calles de la ciudad, como las que aparecen en la portada del libro, se convierten en testigos de secretos antiguos y emociones intensas. La imagen de un hombre, caminando decidido con su capa ondeando, refleja ese halo de misterio que envuelve la trama y que deja entrever que cada rinc\u00f3n guarda una historia, cada sombra un susurro de algo no contado.  AUTOR: V\u00edctor Garc\u00eda Rayo. Naci\u00f3 en Sevilla en 1969. Licenciado en Ciencias de la Comunicaci\u00f3n, es en la actualidad un referente period\u00edstico en el mundo de las cofrad\u00edas de la ciudad hispalense. Sus retransmisiones de la Semana Santa son las m\u00e1s seguidas en las dos \u00faltimas d\u00e9cadas. Reconocido articulista, ha escrito en los diarios ABC de Sevilla, El Correo de Andaluc\u00eda y Viva Sevilla, entre otros. Premiado en tres ocasiones por la Asociaci\u00f3n de Telespectadores de Andaluc\u00eda \u201cal mejor programa de televisi\u00f3n local\u201d, dirige y presenta el programa cofrade de mayor audiencia en la comunidad, \u201cLa Pasi\u00f3n\u201d en 7TV Sevilla. Es, adem\u00e1s, el director y presentador de \u201c7Toros7\u201d, un espacio pionero en mostrar el ganado bravo en su h\u00e1bitat natural que lleva veinte a\u00f1os en distintas parrillas televisivas. Prestigioso ponente, cuenta con numerosos seguidores en conferencias, pregones y redes sociales.\" \/>\n<meta property=\"og:url\" content=\"https:\/\/edicionesalfar.es\/es\/producto\/el-dia-que-hablo-la-sangre\/\" \/>\n<meta property=\"og:site_name\" content=\"Ediciones Alfar\" \/>\n<meta property=\"article:modified_time\" content=\"2024-10-17T04:41:17+00:00\" \/>\n<meta property=\"og:image\" content=\"https:\/\/edicionesalfar.es\/es\/wp-content\/uploads\/2024\/10\/9788410286054-scaled.jpg\" \/>\n\t<meta property=\"og:image:width\" content=\"1801\" \/>\n\t<meta property=\"og:image:height\" content=\"2560\" \/>\n\t<meta property=\"og:image:type\" content=\"image\/jpeg\" \/>\n<meta name=\"twitter:card\" content=\"summary_large_image\" \/>\n<meta name=\"twitter:label1\" content=\"Tiempo de lectura\" \/>\n\t<meta name=\"twitter:data1\" content=\"2 minutos\" \/>\n<script type=\"application\/ld+json\" class=\"yoast-schema-graph\">{\"@context\":\"https:\\\/\\\/schema.org\",\"@graph\":[{\"@type\":\"WebPage\",\"@id\":\"https:\\\/\\\/edicionesalfar.es\\\/es\\\/producto\\\/el-dia-que-hablo-la-sangre\\\/\",\"url\":\"https:\\\/\\\/edicionesalfar.es\\\/es\\\/producto\\\/el-dia-que-hablo-la-sangre\\\/\",\"name\":\"El d\u00eda que habl\u00f3 la sangre - Ediciones Alfar\",\"isPartOf\":{\"@id\":\"https:\\\/\\\/edicionesalfar.es\\\/es\\\/#website\"},\"primaryImageOfPage\":{\"@id\":\"https:\\\/\\\/edicionesalfar.es\\\/es\\\/producto\\\/el-dia-que-hablo-la-sangre\\\/#primaryimage\"},\"image\":{\"@id\":\"https:\\\/\\\/edicionesalfar.es\\\/es\\\/producto\\\/el-dia-que-hablo-la-sangre\\\/#primaryimage\"},\"thumbnailUrl\":\"https:\\\/\\\/edicionesalfar.es\\\/es\\\/wp-content\\\/uploads\\\/2024\\\/10\\\/9788410286054-scaled.jpg\",\"datePublished\":\"2024-10-17T04:41:13+00:00\",\"dateModified\":\"2024-10-17T04:41:17+00:00\",\"breadcrumb\":{\"@id\":\"https:\\\/\\\/edicionesalfar.es\\\/es\\\/producto\\\/el-dia-que-hablo-la-sangre\\\/#breadcrumb\"},\"inLanguage\":\"es\",\"potentialAction\":[{\"@type\":\"ReadAction\",\"target\":[\"https:\\\/\\\/edicionesalfar.es\\\/es\\\/producto\\\/el-dia-que-hablo-la-sangre\\\/\"]}]},{\"@type\":\"ImageObject\",\"inLanguage\":\"es\",\"@id\":\"https:\\\/\\\/edicionesalfar.es\\\/es\\\/producto\\\/el-dia-que-hablo-la-sangre\\\/#primaryimage\",\"url\":\"https:\\\/\\\/edicionesalfar.es\\\/es\\\/wp-content\\\/uploads\\\/2024\\\/10\\\/9788410286054-scaled.jpg\",\"contentUrl\":\"https:\\\/\\\/edicionesalfar.es\\\/es\\\/wp-content\\\/uploads\\\/2024\\\/10\\\/9788410286054-scaled.jpg\",\"width\":1801,\"height\":2560},{\"@type\":\"BreadcrumbList\",\"@id\":\"https:\\\/\\\/edicionesalfar.es\\\/es\\\/producto\\\/el-dia-que-hablo-la-sangre\\\/#breadcrumb\",\"itemListElement\":[{\"@type\":\"ListItem\",\"position\":1,\"name\":\"Portada\",\"item\":\"https:\\\/\\\/edicionesalfar.es\\\/es\\\/\"},{\"@type\":\"ListItem\",\"position\":2,\"name\":\"Cat\u00e1logo\",\"item\":\"https:\\\/\\\/edicionesalfar.es\\\/es\\\/catalogo\\\/\"},{\"@type\":\"ListItem\",\"position\":3,\"name\":\"El d\u00eda que habl\u00f3 la sangre\"}]},{\"@type\":\"WebSite\",\"@id\":\"https:\\\/\\\/edicionesalfar.es\\\/es\\\/#website\",\"url\":\"https:\\\/\\\/edicionesalfar.es\\\/es\\\/\",\"name\":\"Ediciones Alfar\",\"description\":\"\",\"potentialAction\":[{\"@type\":\"SearchAction\",\"target\":{\"@type\":\"EntryPoint\",\"urlTemplate\":\"https:\\\/\\\/edicionesalfar.es\\\/es\\\/?s={search_term_string}\"},\"query-input\":{\"@type\":\"PropertyValueSpecification\",\"valueRequired\":true,\"valueName\":\"search_term_string\"}}],\"inLanguage\":\"es\"}]}<\/script>\n<!-- \/ Yoast SEO plugin. -->","yoast_head_json":{"title":"El d\u00eda que habl\u00f3 la sangre - Ediciones Alfar","robots":{"index":"index","follow":"follow","max-snippet":"max-snippet:-1","max-image-preview":"max-image-preview:large","max-video-preview":"max-video-preview:-1"},"canonical":"https:\/\/edicionesalfar.es\/es\/producto\/el-dia-que-hablo-la-sangre\/","og_locale":"es_ES","og_type":"article","og_title":"El d\u00eda que habl\u00f3 la sangre - Ediciones Alfar","og_description":"El d\u00eda que habl\u00f3 la sangre es una obra del reconocido escritor V\u00edctor Garc\u00eda-Rayo, ambientada en la hist\u00f3rica y majestuosa ciudad de Sevilla. Este libro promete transportarnos a un relato lleno de misterio, pasi\u00f3n y elementos evocadores de un pasado que parece revivir con cada paso por las calles empedradas de la ciudad. La portada, dominada por una imagen en tonos rojizos y una figura imponente con capa y sombrero, nos invita a sumergirnos en un viaje en el tiempo, donde la sangre no solo corre por las venas de los personajes, sino tambi\u00e9n por las paredes y los recuerdos de la ciudad.  En esta historia, Garc\u00eda-Rayo despliega una narrativa cargada de simbolismo, donde la Sevilla m\u00e1s enigm\u00e1tica y profunda cobra vida. Las calles de la ciudad, como las que aparecen en la portada del libro, se convierten en testigos de secretos antiguos y emociones intensas. La imagen de un hombre, caminando decidido con su capa ondeando, refleja ese halo de misterio que envuelve la trama y que deja entrever que cada rinc\u00f3n guarda una historia, cada sombra un susurro de algo no contado.  AUTOR: V\u00edctor Garc\u00eda Rayo. Naci\u00f3 en Sevilla en 1969. Licenciado en Ciencias de la Comunicaci\u00f3n, es en la actualidad un referente period\u00edstico en el mundo de las cofrad\u00edas de la ciudad hispalense. Sus retransmisiones de la Semana Santa son las m\u00e1s seguidas en las dos \u00faltimas d\u00e9cadas. Reconocido articulista, ha escrito en los diarios ABC de Sevilla, El Correo de Andaluc\u00eda y Viva Sevilla, entre otros. Premiado en tres ocasiones por la Asociaci\u00f3n de Telespectadores de Andaluc\u00eda \u201cal mejor programa de televisi\u00f3n local\u201d, dirige y presenta el programa cofrade de mayor audiencia en la comunidad, \u201cLa Pasi\u00f3n\u201d en 7TV Sevilla. Es, adem\u00e1s, el director y presentador de \u201c7Toros7\u201d, un espacio pionero en mostrar el ganado bravo en su h\u00e1bitat natural que lleva veinte a\u00f1os en distintas parrillas televisivas. Prestigioso ponente, cuenta con numerosos seguidores en conferencias, pregones y redes sociales.","og_url":"https:\/\/edicionesalfar.es\/es\/producto\/el-dia-que-hablo-la-sangre\/","og_site_name":"Ediciones Alfar","article_modified_time":"2024-10-17T04:41:17+00:00","og_image":[{"width":1801,"height":2560,"url":"https:\/\/edicionesalfar.es\/es\/wp-content\/uploads\/2024\/10\/9788410286054-scaled.jpg","type":"image\/jpeg"}],"twitter_card":"summary_large_image","twitter_misc":{"Tiempo de lectura":"2 minutos"},"schema":{"@context":"https:\/\/schema.org","@graph":[{"@type":"WebPage","@id":"https:\/\/edicionesalfar.es\/es\/producto\/el-dia-que-hablo-la-sangre\/","url":"https:\/\/edicionesalfar.es\/es\/producto\/el-dia-que-hablo-la-sangre\/","name":"El d\u00eda que habl\u00f3 la sangre - Ediciones Alfar","isPartOf":{"@id":"https:\/\/edicionesalfar.es\/es\/#website"},"primaryImageOfPage":{"@id":"https:\/\/edicionesalfar.es\/es\/producto\/el-dia-que-hablo-la-sangre\/#primaryimage"},"image":{"@id":"https:\/\/edicionesalfar.es\/es\/producto\/el-dia-que-hablo-la-sangre\/#primaryimage"},"thumbnailUrl":"https:\/\/edicionesalfar.es\/es\/wp-content\/uploads\/2024\/10\/9788410286054-scaled.jpg","datePublished":"2024-10-17T04:41:13+00:00","dateModified":"2024-10-17T04:41:17+00:00","breadcrumb":{"@id":"https:\/\/edicionesalfar.es\/es\/producto\/el-dia-que-hablo-la-sangre\/#breadcrumb"},"inLanguage":"es","potentialAction":[{"@type":"ReadAction","target":["https:\/\/edicionesalfar.es\/es\/producto\/el-dia-que-hablo-la-sangre\/"]}]},{"@type":"ImageObject","inLanguage":"es","@id":"https:\/\/edicionesalfar.es\/es\/producto\/el-dia-que-hablo-la-sangre\/#primaryimage","url":"https:\/\/edicionesalfar.es\/es\/wp-content\/uploads\/2024\/10\/9788410286054-scaled.jpg","contentUrl":"https:\/\/edicionesalfar.es\/es\/wp-content\/uploads\/2024\/10\/9788410286054-scaled.jpg","width":1801,"height":2560},{"@type":"BreadcrumbList","@id":"https:\/\/edicionesalfar.es\/es\/producto\/el-dia-que-hablo-la-sangre\/#breadcrumb","itemListElement":[{"@type":"ListItem","position":1,"name":"Portada","item":"https:\/\/edicionesalfar.es\/es\/"},{"@type":"ListItem","position":2,"name":"Cat\u00e1logo","item":"https:\/\/edicionesalfar.es\/es\/catalogo\/"},{"@type":"ListItem","position":3,"name":"El d\u00eda que habl\u00f3 la sangre"}]},{"@type":"WebSite","@id":"https:\/\/edicionesalfar.es\/es\/#website","url":"https:\/\/edicionesalfar.es\/es\/","name":"Ediciones Alfar","description":"","potentialAction":[{"@type":"SearchAction","target":{"@type":"EntryPoint","urlTemplate":"https:\/\/edicionesalfar.es\/es\/?s={search_term_string}"},"query-input":{"@type":"PropertyValueSpecification","valueRequired":true,"valueName":"search_term_string"}}],"inLanguage":"es"}]}},"_links":{"self":[{"href":"https:\/\/edicionesalfar.es\/es\/wp-json\/wp\/v2\/product\/120768","targetHints":{"allow":["GET"]}}],"collection":[{"href":"https:\/\/edicionesalfar.es\/es\/wp-json\/wp\/v2\/product"}],"about":[{"href":"https:\/\/edicionesalfar.es\/es\/wp-json\/wp\/v2\/types\/product"}],"replies":[{"embeddable":true,"href":"https:\/\/edicionesalfar.es\/es\/wp-json\/wp\/v2\/comments?post=120768"}],"wp:featuredmedia":[{"embeddable":true,"href":"https:\/\/edicionesalfar.es\/es\/wp-json\/wp\/v2\/media\/120769"}],"wp:attachment":[{"href":"https:\/\/edicionesalfar.es\/es\/wp-json\/wp\/v2\/media?parent=120768"}],"wp:term":[{"taxonomy":"product_brand","embeddable":true,"href":"https:\/\/edicionesalfar.es\/es\/wp-json\/wp\/v2\/product_brand?post=120768"},{"taxonomy":"product_cat","embeddable":true,"href":"https:\/\/edicionesalfar.es\/es\/wp-json\/wp\/v2\/product_cat?post=120768"},{"taxonomy":"product_tag","embeddable":true,"href":"https:\/\/edicionesalfar.es\/es\/wp-json\/wp\/v2\/product_tag?post=120768"}],"curies":[{"name":"wp","href":"https:\/\/api.w.org\/{rel}","templated":true}]}}