{"id":120617,"date":"2024-04-30T12:25:06","date_gmt":"2024-04-30T10:25:06","guid":{"rendered":"https:\/\/edicionesalfar.es\/es\/?post_type=product&#038;p=120617"},"modified":"2024-04-30T12:25:58","modified_gmt":"2024-04-30T10:25:58","slug":"la-prensa-europea-en-guerra-1939-1945-clandestinos-colaboracionistas-y-agentes-dobles","status":"publish","type":"product","link":"https:\/\/edicionesalfar.es\/es\/producto\/la-prensa-europea-en-guerra-1939-1945-clandestinos-colaboracionistas-y-agentes-dobles\/","title":{"rendered":"La prensa europea en guerra (1939-1945). Clandestinos, colaboracionistas y agentes dobles"},"content":{"rendered":"<p>Durante la II Guerra Mundial, Alemania (el III Reich, invade y ocupa directamente -o coloca gobiernos t\u00edteres en ellos- una treintena de pa\u00edses de la Europa continental. En ese tiempo y en esos pa\u00edses aparecen no menos de 25.000 peri\u00f3dicos en m\u00e1s de 33 idiomas, con destacado papel de los \u00f3rganos clandestinos y presencia de activas comunidades sin un estado, como la jud\u00eda. Su compleja trayectoria, el uso que hace de ella el invasor y los centenares de muertes que acarrea su control, son analizados en esta obra que utiliza como elemento base m\u00e1s de 60 hemerotecas de el viejo continente, ofreciendo como contenido clave los propios textos de los medios en mitad del combate.<\/p>\n<p>ANTONIO CHECA GODOY<\/p>\n<p>(Ja\u00e9n, 1946), es profesor jubilado de la Universidad de Sevilla, donde ha sido decano de la Facultad de Comunicaci\u00f3n, y con anterioridad periodista, director de varios diarios \u2013Diario de Granada, El Adelanto, de Salamanca, Huelva Informaci\u00f3n- y revistas como Andaluc\u00eda Econ\u00f3mica o Andaluc\u00eda Actualidad. Como ensayista su obra se orienta preferentemente a la historia de la comunicaci\u00f3n, adem\u00e1s de la reflexi\u00f3n sobre Andaluc\u00eda. Ha presidido la Asociaci\u00f3n de Historiadores de la Comunicaci\u00f3n, y fundado su Revista Internacional de Historia de la Comunicaci\u00f3n. Durante 2019-2022 presidi\u00f3 el Consejo Audiovisual de Andaluc\u00eda. Ha sido coordinador general de la Enciclopedia General de Andaluc\u00eda y de varias obras sobre la transici\u00f3n democr\u00e1tica andaluza. Entre sus trabajos destacan Prensa y partidos pol\u00edticos durante la II Rep\u00fablica, La Prensa en Espa\u00f1a durante la guerra de la Independencia, Historia de la Publicidad, etc.<\/p>\n","protected":false},"excerpt":{"rendered":"<p>Durante la II Guerra Mundial, Alemania (el III Reich, invade y ocupa directamente -o coloca gobiernos t\u00edteres en ellos- una treintena de pa\u00edses de la Europa continental. En ese tiempo y en esos pa\u00edses aparecen no menos de 25.000 peri\u00f3dicos en m\u00e1s de 33 idiomas, con destacado papel de los \u00f3rganos clandestinos y presencia de activas comunidades sin un estado, como la jud\u00eda. Su compleja trayectoria, el uso que hace de ella el invasor y los centenares de muertes que acarrea su control, son analizados en esta obra que utiliza como elemento base m\u00e1s de 60 hemerotecas de el viejo continente, ofreciendo como contenido clave los propios textos de los medios en mitad del combate.<\/p>\n","protected":false},"featured_media":120618,"comment_status":"closed","ping_status":"closed","template":"","meta":{"_acf_changed":false,"_et_pb_use_builder":"","_et_pb_old_content":"","_et_gb_content_width":""},"product_brand":[],"product_cat":[15],"product_tag":[],"class_list":{"0":"post-120617","1":"product","2":"type-product","3":"status-publish","4":"has-post-thumbnail","6":"product_cat-sin-categorizar","8":"first","9":"instock","10":"taxable","11":"shipping-taxable","12":"purchasable","13":"product-type-simple"},"acf":[],"yoast_head":"<!-- This site is optimized with the Yoast SEO plugin v27.5 - https:\/\/yoast.com\/product\/yoast-seo-wordpress\/ -->\n<title>La prensa europea en guerra (1939-1945). Clandestinos, colaboracionistas y agentes dobles - Ediciones Alfar<\/title>\n<meta name=\"robots\" content=\"index, follow, max-snippet:-1, max-image-preview:large, max-video-preview:-1\" \/>\n<link rel=\"canonical\" href=\"https:\/\/edicionesalfar.es\/es\/producto\/la-prensa-europea-en-guerra-1939-1945-clandestinos-colaboracionistas-y-agentes-dobles\/\" \/>\n<meta property=\"og:locale\" content=\"es_ES\" \/>\n<meta property=\"og:type\" content=\"article\" \/>\n<meta property=\"og:title\" content=\"La prensa europea en guerra (1939-1945). Clandestinos, colaboracionistas y agentes dobles - Ediciones Alfar\" \/>\n<meta property=\"og:description\" content=\"Durante la II Guerra Mundial, Alemania (el III Reich, invade y ocupa directamente -o coloca gobiernos t\u00edteres en ellos- una treintena de pa\u00edses de la Europa continental. En ese tiempo y en esos pa\u00edses aparecen no menos de 25.000 peri\u00f3dicos en m\u00e1s de 33 idiomas, con destacado papel de los \u00f3rganos clandestinos y presencia de activas comunidades sin un estado, como la jud\u00eda. Su compleja trayectoria, el uso que hace de ella el invasor y los centenares de muertes que acarrea su control, son analizados en esta obra que utiliza como elemento base m\u00e1s de 60 hemerotecas de el viejo continente, ofreciendo como contenido clave los propios textos de los medios en mitad del combate.\" \/>\n<meta property=\"og:url\" content=\"https:\/\/edicionesalfar.es\/es\/producto\/la-prensa-europea-en-guerra-1939-1945-clandestinos-colaboracionistas-y-agentes-dobles\/\" \/>\n<meta property=\"og:site_name\" content=\"Ediciones Alfar\" \/>\n<meta property=\"article:modified_time\" content=\"2024-04-30T10:25:58+00:00\" \/>\n<meta property=\"og:image\" content=\"https:\/\/edicionesalfar.es\/es\/wp-content\/uploads\/2024\/04\/9788478989935-scaled.jpg\" \/>\n\t<meta property=\"og:image:width\" content=\"1804\" \/>\n\t<meta property=\"og:image:height\" content=\"2560\" \/>\n\t<meta property=\"og:image:type\" content=\"image\/jpeg\" \/>\n<meta name=\"twitter:card\" content=\"summary_large_image\" \/>\n<meta name=\"twitter:label1\" content=\"Tiempo de lectura\" \/>\n\t<meta name=\"twitter:data1\" content=\"2 minutos\" \/>\n<script type=\"application\/ld+json\" class=\"yoast-schema-graph\">{\"@context\":\"https:\\\/\\\/schema.org\",\"@graph\":[{\"@type\":\"WebPage\",\"@id\":\"https:\\\/\\\/edicionesalfar.es\\\/es\\\/producto\\\/la-prensa-europea-en-guerra-1939-1945-clandestinos-colaboracionistas-y-agentes-dobles\\\/\",\"url\":\"https:\\\/\\\/edicionesalfar.es\\\/es\\\/producto\\\/la-prensa-europea-en-guerra-1939-1945-clandestinos-colaboracionistas-y-agentes-dobles\\\/\",\"name\":\"La prensa europea en guerra (1939-1945). Clandestinos, colaboracionistas y agentes dobles - Ediciones Alfar\",\"isPartOf\":{\"@id\":\"https:\\\/\\\/edicionesalfar.es\\\/es\\\/#website\"},\"primaryImageOfPage\":{\"@id\":\"https:\\\/\\\/edicionesalfar.es\\\/es\\\/producto\\\/la-prensa-europea-en-guerra-1939-1945-clandestinos-colaboracionistas-y-agentes-dobles\\\/#primaryimage\"},\"image\":{\"@id\":\"https:\\\/\\\/edicionesalfar.es\\\/es\\\/producto\\\/la-prensa-europea-en-guerra-1939-1945-clandestinos-colaboracionistas-y-agentes-dobles\\\/#primaryimage\"},\"thumbnailUrl\":\"https:\\\/\\\/edicionesalfar.es\\\/es\\\/wp-content\\\/uploads\\\/2024\\\/04\\\/9788478989935-scaled.jpg\",\"datePublished\":\"2024-04-30T10:25:06+00:00\",\"dateModified\":\"2024-04-30T10:25:58+00:00\",\"breadcrumb\":{\"@id\":\"https:\\\/\\\/edicionesalfar.es\\\/es\\\/producto\\\/la-prensa-europea-en-guerra-1939-1945-clandestinos-colaboracionistas-y-agentes-dobles\\\/#breadcrumb\"},\"inLanguage\":\"es\",\"potentialAction\":[{\"@type\":\"ReadAction\",\"target\":[\"https:\\\/\\\/edicionesalfar.es\\\/es\\\/producto\\\/la-prensa-europea-en-guerra-1939-1945-clandestinos-colaboracionistas-y-agentes-dobles\\\/\"]}]},{\"@type\":\"ImageObject\",\"inLanguage\":\"es\",\"@id\":\"https:\\\/\\\/edicionesalfar.es\\\/es\\\/producto\\\/la-prensa-europea-en-guerra-1939-1945-clandestinos-colaboracionistas-y-agentes-dobles\\\/#primaryimage\",\"url\":\"https:\\\/\\\/edicionesalfar.es\\\/es\\\/wp-content\\\/uploads\\\/2024\\\/04\\\/9788478989935-scaled.jpg\",\"contentUrl\":\"https:\\\/\\\/edicionesalfar.es\\\/es\\\/wp-content\\\/uploads\\\/2024\\\/04\\\/9788478989935-scaled.jpg\",\"width\":1804,\"height\":2560},{\"@type\":\"BreadcrumbList\",\"@id\":\"https:\\\/\\\/edicionesalfar.es\\\/es\\\/producto\\\/la-prensa-europea-en-guerra-1939-1945-clandestinos-colaboracionistas-y-agentes-dobles\\\/#breadcrumb\",\"itemListElement\":[{\"@type\":\"ListItem\",\"position\":1,\"name\":\"Portada\",\"item\":\"https:\\\/\\\/edicionesalfar.es\\\/es\\\/\"},{\"@type\":\"ListItem\",\"position\":2,\"name\":\"Cat\u00e1logo\",\"item\":\"https:\\\/\\\/edicionesalfar.es\\\/es\\\/catalogo\\\/\"},{\"@type\":\"ListItem\",\"position\":3,\"name\":\"La prensa europea en guerra (1939-1945). Clandestinos, colaboracionistas y agentes dobles\"}]},{\"@type\":\"WebSite\",\"@id\":\"https:\\\/\\\/edicionesalfar.es\\\/es\\\/#website\",\"url\":\"https:\\\/\\\/edicionesalfar.es\\\/es\\\/\",\"name\":\"Ediciones Alfar\",\"description\":\"\",\"potentialAction\":[{\"@type\":\"SearchAction\",\"target\":{\"@type\":\"EntryPoint\",\"urlTemplate\":\"https:\\\/\\\/edicionesalfar.es\\\/es\\\/?s={search_term_string}\"},\"query-input\":{\"@type\":\"PropertyValueSpecification\",\"valueRequired\":true,\"valueName\":\"search_term_string\"}}],\"inLanguage\":\"es\"}]}<\/script>\n<!-- \/ Yoast SEO plugin. -->","yoast_head_json":{"title":"La prensa europea en guerra (1939-1945). Clandestinos, colaboracionistas y agentes dobles - Ediciones Alfar","robots":{"index":"index","follow":"follow","max-snippet":"max-snippet:-1","max-image-preview":"max-image-preview:large","max-video-preview":"max-video-preview:-1"},"canonical":"https:\/\/edicionesalfar.es\/es\/producto\/la-prensa-europea-en-guerra-1939-1945-clandestinos-colaboracionistas-y-agentes-dobles\/","og_locale":"es_ES","og_type":"article","og_title":"La prensa europea en guerra (1939-1945). Clandestinos, colaboracionistas y agentes dobles - Ediciones Alfar","og_description":"Durante la II Guerra Mundial, Alemania (el III Reich, invade y ocupa directamente -o coloca gobiernos t\u00edteres en ellos- una treintena de pa\u00edses de la Europa continental. En ese tiempo y en esos pa\u00edses aparecen no menos de 25.000 peri\u00f3dicos en m\u00e1s de 33 idiomas, con destacado papel de los \u00f3rganos clandestinos y presencia de activas comunidades sin un estado, como la jud\u00eda. Su compleja trayectoria, el uso que hace de ella el invasor y los centenares de muertes que acarrea su control, son analizados en esta obra que utiliza como elemento base m\u00e1s de 60 hemerotecas de el viejo continente, ofreciendo como contenido clave los propios textos de los medios en mitad del combate.","og_url":"https:\/\/edicionesalfar.es\/es\/producto\/la-prensa-europea-en-guerra-1939-1945-clandestinos-colaboracionistas-y-agentes-dobles\/","og_site_name":"Ediciones Alfar","article_modified_time":"2024-04-30T10:25:58+00:00","og_image":[{"width":1804,"height":2560,"url":"https:\/\/edicionesalfar.es\/es\/wp-content\/uploads\/2024\/04\/9788478989935-scaled.jpg","type":"image\/jpeg"}],"twitter_card":"summary_large_image","twitter_misc":{"Tiempo de lectura":"2 minutos"},"schema":{"@context":"https:\/\/schema.org","@graph":[{"@type":"WebPage","@id":"https:\/\/edicionesalfar.es\/es\/producto\/la-prensa-europea-en-guerra-1939-1945-clandestinos-colaboracionistas-y-agentes-dobles\/","url":"https:\/\/edicionesalfar.es\/es\/producto\/la-prensa-europea-en-guerra-1939-1945-clandestinos-colaboracionistas-y-agentes-dobles\/","name":"La prensa europea en guerra (1939-1945). Clandestinos, colaboracionistas y agentes dobles - Ediciones Alfar","isPartOf":{"@id":"https:\/\/edicionesalfar.es\/es\/#website"},"primaryImageOfPage":{"@id":"https:\/\/edicionesalfar.es\/es\/producto\/la-prensa-europea-en-guerra-1939-1945-clandestinos-colaboracionistas-y-agentes-dobles\/#primaryimage"},"image":{"@id":"https:\/\/edicionesalfar.es\/es\/producto\/la-prensa-europea-en-guerra-1939-1945-clandestinos-colaboracionistas-y-agentes-dobles\/#primaryimage"},"thumbnailUrl":"https:\/\/edicionesalfar.es\/es\/wp-content\/uploads\/2024\/04\/9788478989935-scaled.jpg","datePublished":"2024-04-30T10:25:06+00:00","dateModified":"2024-04-30T10:25:58+00:00","breadcrumb":{"@id":"https:\/\/edicionesalfar.es\/es\/producto\/la-prensa-europea-en-guerra-1939-1945-clandestinos-colaboracionistas-y-agentes-dobles\/#breadcrumb"},"inLanguage":"es","potentialAction":[{"@type":"ReadAction","target":["https:\/\/edicionesalfar.es\/es\/producto\/la-prensa-europea-en-guerra-1939-1945-clandestinos-colaboracionistas-y-agentes-dobles\/"]}]},{"@type":"ImageObject","inLanguage":"es","@id":"https:\/\/edicionesalfar.es\/es\/producto\/la-prensa-europea-en-guerra-1939-1945-clandestinos-colaboracionistas-y-agentes-dobles\/#primaryimage","url":"https:\/\/edicionesalfar.es\/es\/wp-content\/uploads\/2024\/04\/9788478989935-scaled.jpg","contentUrl":"https:\/\/edicionesalfar.es\/es\/wp-content\/uploads\/2024\/04\/9788478989935-scaled.jpg","width":1804,"height":2560},{"@type":"BreadcrumbList","@id":"https:\/\/edicionesalfar.es\/es\/producto\/la-prensa-europea-en-guerra-1939-1945-clandestinos-colaboracionistas-y-agentes-dobles\/#breadcrumb","itemListElement":[{"@type":"ListItem","position":1,"name":"Portada","item":"https:\/\/edicionesalfar.es\/es\/"},{"@type":"ListItem","position":2,"name":"Cat\u00e1logo","item":"https:\/\/edicionesalfar.es\/es\/catalogo\/"},{"@type":"ListItem","position":3,"name":"La prensa europea en guerra (1939-1945). Clandestinos, colaboracionistas y agentes dobles"}]},{"@type":"WebSite","@id":"https:\/\/edicionesalfar.es\/es\/#website","url":"https:\/\/edicionesalfar.es\/es\/","name":"Ediciones Alfar","description":"","potentialAction":[{"@type":"SearchAction","target":{"@type":"EntryPoint","urlTemplate":"https:\/\/edicionesalfar.es\/es\/?s={search_term_string}"},"query-input":{"@type":"PropertyValueSpecification","valueRequired":true,"valueName":"search_term_string"}}],"inLanguage":"es"}]}},"_links":{"self":[{"href":"https:\/\/edicionesalfar.es\/es\/wp-json\/wp\/v2\/product\/120617","targetHints":{"allow":["GET"]}}],"collection":[{"href":"https:\/\/edicionesalfar.es\/es\/wp-json\/wp\/v2\/product"}],"about":[{"href":"https:\/\/edicionesalfar.es\/es\/wp-json\/wp\/v2\/types\/product"}],"replies":[{"embeddable":true,"href":"https:\/\/edicionesalfar.es\/es\/wp-json\/wp\/v2\/comments?post=120617"}],"wp:featuredmedia":[{"embeddable":true,"href":"https:\/\/edicionesalfar.es\/es\/wp-json\/wp\/v2\/media\/120618"}],"wp:attachment":[{"href":"https:\/\/edicionesalfar.es\/es\/wp-json\/wp\/v2\/media?parent=120617"}],"wp:term":[{"taxonomy":"product_brand","embeddable":true,"href":"https:\/\/edicionesalfar.es\/es\/wp-json\/wp\/v2\/product_brand?post=120617"},{"taxonomy":"product_cat","embeddable":true,"href":"https:\/\/edicionesalfar.es\/es\/wp-json\/wp\/v2\/product_cat?post=120617"},{"taxonomy":"product_tag","embeddable":true,"href":"https:\/\/edicionesalfar.es\/es\/wp-json\/wp\/v2\/product_tag?post=120617"}],"curies":[{"name":"wp","href":"https:\/\/api.w.org\/{rel}","templated":true}]}}