{"id":120462,"date":"2024-04-18T10:47:34","date_gmt":"2024-04-18T08:47:34","guid":{"rendered":"https:\/\/edicionesalfar.es\/es\/?post_type=product&#038;p=120462"},"modified":"2024-10-17T05:39:47","modified_gmt":"2024-10-17T03:39:47","slug":"flamenkoz-un-viaje-legendario-en-busca-del-nuevo-flamenco","status":"publish","type":"product","link":"https:\/\/edicionesalfar.es\/es\/producto\/flamenkoz-un-viaje-legendario-en-busca-del-nuevo-flamenco\/","title":{"rendered":"Flamenkoz. Un viaje legendario en busca del Nuevo Flamenco"},"content":{"rendered":"<p>AUTOR: <strong>FERNANDO TRUJILLO<\/strong>. Paco de Luc\u00eda duerme en su habitaci\u00f3n infantil con su hermano Pepe. De repente, entra el Levante y se lo lleva volando en un viaje inici\u00e1tico que le permitir\u00e1 conocer a Camar\u00f3n de la Isla, Enrique Morente y Carmen Linares, con quienes visita a un peculiar Mago de Oz que les permita conocerse a s\u00ed mismos y fundar las bases del Nuevo Flamenco. A lo largo de este sendero de baldosas amarillas recorrido por buler\u00edas y tangos se enfrentar\u00e1n a pruebas que medir\u00e1n su valor, su fortaleza y su amistad, con la Bruja Buena del Sur mirando y velando por ellos a lo largo de todo el camino.<\/p>\n<p>Fernando Trujillo S\u00e1ez es doctor en Filolog\u00eda Inglesa y profesor titular de universidad en el departamento de Did\u00e1ctica de la Lengua y la Literatura de la Universidad de Granada. Imparte clases en la Facultad de Educaci\u00f3n, Econom\u00eda y Tecnolog\u00eda de Ceuta y su docencia e investigaci\u00f3n est\u00e1n centradas en la ense\u00f1anza de lenguas y la innovaci\u00f3n educativa. En 2017 recibi\u00f3 el I Premio Universidad de Granada-Caja Rural de Granada a la Comunicaci\u00f3n e Innovaci\u00f3n en Medios Digitales. Es socio fundador y asesor cient\u00edfico de Conecta13, spin-off de la Universidad de Granada dedicada a la consultor\u00eda sobre educaci\u00f3n, desarrollo profesional y TIC. Adem\u00e1s, tiene una presencia activa en redes sociales.<\/p>\n","protected":false},"excerpt":{"rendered":"<p>Paco de Luc\u00eda duerme en su habitaci\u00f3n infantil con su hermano Pepe. De repente, entra el Levante y se lo lleva volando en un viaje inici\u00e1tico que le permitir\u00e1 conocer a Camar\u00f3n de la Isla, Enrique Morente y Carmen Linares, con quienes visita a un peculiar Mago de Oz que les permita conocerse a s\u00ed mismos y fundar las bases del Nuevo Flamenco.<\/p>\n<p>AUTOR: <strong>FERNANDO TRUJILLO. <\/strong>Es doctor en Filolog\u00eda Inglesa y profesor titular de universidad en el departamento de Did\u00e1ctica de la Lengua y la Literatura de la Universidad de Granada. Imparte clases en la Facultad de Educaci\u00f3n, Econom\u00eda y Tecnolog\u00eda de Ceuta y su docencia e investigaci\u00f3n est\u00e1n centradas en la ense\u00f1anza de lenguas y la innovaci\u00f3n educativa. En 2017 recibi\u00f3 el I Premio Universidad de Granada-Caja Rural de Granada a la Comunicaci\u00f3n e Innovaci\u00f3n en Medios Digitales. Es socio fundador y asesor cient\u00edfico de Conecta13, spin-off de la Universidad de Granada dedicada a la consultor\u00eda sobre educaci\u00f3n, desarrollo profesional y TIC. Adem\u00e1s, tiene una presencia activa en redes sociales.<\/p>\n","protected":false},"featured_media":120463,"comment_status":"closed","ping_status":"closed","template":"","meta":{"_acf_changed":false,"_et_pb_use_builder":"","_et_pb_old_content":"","_et_gb_content_width":""},"product_brand":[],"product_cat":[20,32,15,31,608],"product_tag":[],"class_list":{"0":"post-120462","1":"product","2":"type-product","3":"status-publish","4":"has-post-thumbnail","6":"product_cat-alfar-universidad","7":"product_cat-infantil-juvenil","8":"product_cat-sin-categorizar","9":"product_cat-teatro","10":"product_cat-trujillo-saez-fernando","12":"first","13":"instock","14":"taxable","15":"shipping-taxable","16":"purchasable","17":"product-type-simple"},"acf":[],"yoast_head":"<!-- This site is optimized with the Yoast SEO plugin v27.4 - https:\/\/yoast.com\/product\/yoast-seo-wordpress\/ -->\n<title>Flamenkoz. Un viaje legendario en busca del Nuevo Flamenco - Ediciones Alfar<\/title>\n<meta name=\"robots\" content=\"index, follow, max-snippet:-1, max-image-preview:large, max-video-preview:-1\" \/>\n<link rel=\"canonical\" href=\"https:\/\/edicionesalfar.es\/es\/producto\/flamenkoz-un-viaje-legendario-en-busca-del-nuevo-flamenco\/\" \/>\n<meta property=\"og:locale\" content=\"es_ES\" \/>\n<meta property=\"og:type\" content=\"article\" \/>\n<meta property=\"og:title\" content=\"Flamenkoz. Un viaje legendario en busca del Nuevo Flamenco - Ediciones Alfar\" \/>\n<meta property=\"og:description\" content=\"Paco de Luc\u00eda duerme en su habitaci\u00f3n infantil con su hermano Pepe. De repente, entra el Levante y se lo lleva volando en un viaje inici\u00e1tico que le permitir\u00e1 conocer a Camar\u00f3n de la Isla, Enrique Morente y Carmen Linares, con quienes visita a un peculiar Mago de Oz que les permita conocerse a s\u00ed mismos y fundar las bases del Nuevo Flamenco.  AUTOR: FERNANDO TRUJILLO. Es doctor en Filolog\u00eda Inglesa y profesor titular de universidad en el departamento de Did\u00e1ctica de la Lengua y la Literatura de la Universidad de Granada. Imparte clases en la Facultad de Educaci\u00f3n, Econom\u00eda y Tecnolog\u00eda de Ceuta y su docencia e investigaci\u00f3n est\u00e1n centradas en la ense\u00f1anza de lenguas y la innovaci\u00f3n educativa. En 2017 recibi\u00f3 el I Premio Universidad de Granada-Caja Rural de Granada a la Comunicaci\u00f3n e Innovaci\u00f3n en Medios Digitales. Es socio fundador y asesor cient\u00edfico de Conecta13, spin-off de la Universidad de Granada dedicada a la consultor\u00eda sobre educaci\u00f3n, desarrollo profesional y TIC. Adem\u00e1s, tiene una presencia activa en redes sociales.\" \/>\n<meta property=\"og:url\" content=\"https:\/\/edicionesalfar.es\/es\/producto\/flamenkoz-un-viaje-legendario-en-busca-del-nuevo-flamenco\/\" \/>\n<meta property=\"og:site_name\" content=\"Ediciones Alfar\" \/>\n<meta property=\"article:modified_time\" content=\"2024-10-17T03:39:47+00:00\" \/>\n<meta property=\"og:image\" content=\"https:\/\/edicionesalfar.es\/es\/wp-content\/uploads\/2024\/04\/9788478989942-738x1024.jpg\" \/>\n\t<meta property=\"og:image:width\" content=\"738\" \/>\n\t<meta property=\"og:image:height\" content=\"1024\" \/>\n\t<meta property=\"og:image:type\" content=\"image\/jpeg\" \/>\n<meta name=\"twitter:card\" content=\"summary_large_image\" \/>\n<meta name=\"twitter:label1\" content=\"Tiempo de lectura\" \/>\n\t<meta name=\"twitter:data1\" content=\"2 minutos\" \/>\n<script type=\"application\/ld+json\" class=\"yoast-schema-graph\">{\"@context\":\"https:\\\/\\\/schema.org\",\"@graph\":[{\"@type\":\"WebPage\",\"@id\":\"https:\\\/\\\/edicionesalfar.es\\\/es\\\/producto\\\/flamenkoz-un-viaje-legendario-en-busca-del-nuevo-flamenco\\\/\",\"url\":\"https:\\\/\\\/edicionesalfar.es\\\/es\\\/producto\\\/flamenkoz-un-viaje-legendario-en-busca-del-nuevo-flamenco\\\/\",\"name\":\"Flamenkoz. Un viaje legendario en busca del Nuevo Flamenco - Ediciones Alfar\",\"isPartOf\":{\"@id\":\"https:\\\/\\\/edicionesalfar.es\\\/es\\\/#website\"},\"primaryImageOfPage\":{\"@id\":\"https:\\\/\\\/edicionesalfar.es\\\/es\\\/producto\\\/flamenkoz-un-viaje-legendario-en-busca-del-nuevo-flamenco\\\/#primaryimage\"},\"image\":{\"@id\":\"https:\\\/\\\/edicionesalfar.es\\\/es\\\/producto\\\/flamenkoz-un-viaje-legendario-en-busca-del-nuevo-flamenco\\\/#primaryimage\"},\"thumbnailUrl\":\"https:\\\/\\\/edicionesalfar.es\\\/es\\\/wp-content\\\/uploads\\\/2024\\\/04\\\/9788478989942.jpg\",\"datePublished\":\"2024-04-18T08:47:34+00:00\",\"dateModified\":\"2024-10-17T03:39:47+00:00\",\"breadcrumb\":{\"@id\":\"https:\\\/\\\/edicionesalfar.es\\\/es\\\/producto\\\/flamenkoz-un-viaje-legendario-en-busca-del-nuevo-flamenco\\\/#breadcrumb\"},\"inLanguage\":\"es\",\"potentialAction\":[{\"@type\":\"ReadAction\",\"target\":[\"https:\\\/\\\/edicionesalfar.es\\\/es\\\/producto\\\/flamenkoz-un-viaje-legendario-en-busca-del-nuevo-flamenco\\\/\"]}]},{\"@type\":\"ImageObject\",\"inLanguage\":\"es\",\"@id\":\"https:\\\/\\\/edicionesalfar.es\\\/es\\\/producto\\\/flamenkoz-un-viaje-legendario-en-busca-del-nuevo-flamenco\\\/#primaryimage\",\"url\":\"https:\\\/\\\/edicionesalfar.es\\\/es\\\/wp-content\\\/uploads\\\/2024\\\/04\\\/9788478989942.jpg\",\"contentUrl\":\"https:\\\/\\\/edicionesalfar.es\\\/es\\\/wp-content\\\/uploads\\\/2024\\\/04\\\/9788478989942.jpg\",\"width\":1442,\"height\":2001},{\"@type\":\"BreadcrumbList\",\"@id\":\"https:\\\/\\\/edicionesalfar.es\\\/es\\\/producto\\\/flamenkoz-un-viaje-legendario-en-busca-del-nuevo-flamenco\\\/#breadcrumb\",\"itemListElement\":[{\"@type\":\"ListItem\",\"position\":1,\"name\":\"Portada\",\"item\":\"https:\\\/\\\/edicionesalfar.es\\\/es\\\/\"},{\"@type\":\"ListItem\",\"position\":2,\"name\":\"Cat\u00e1logo\",\"item\":\"https:\\\/\\\/edicionesalfar.es\\\/es\\\/catalogo\\\/\"},{\"@type\":\"ListItem\",\"position\":3,\"name\":\"Flamenkoz. Un viaje legendario en busca del Nuevo Flamenco\"}]},{\"@type\":\"WebSite\",\"@id\":\"https:\\\/\\\/edicionesalfar.es\\\/es\\\/#website\",\"url\":\"https:\\\/\\\/edicionesalfar.es\\\/es\\\/\",\"name\":\"Ediciones Alfar\",\"description\":\"\",\"potentialAction\":[{\"@type\":\"SearchAction\",\"target\":{\"@type\":\"EntryPoint\",\"urlTemplate\":\"https:\\\/\\\/edicionesalfar.es\\\/es\\\/?s={search_term_string}\"},\"query-input\":{\"@type\":\"PropertyValueSpecification\",\"valueRequired\":true,\"valueName\":\"search_term_string\"}}],\"inLanguage\":\"es\"}]}<\/script>\n<!-- \/ Yoast SEO plugin. -->","yoast_head_json":{"title":"Flamenkoz. Un viaje legendario en busca del Nuevo Flamenco - Ediciones Alfar","robots":{"index":"index","follow":"follow","max-snippet":"max-snippet:-1","max-image-preview":"max-image-preview:large","max-video-preview":"max-video-preview:-1"},"canonical":"https:\/\/edicionesalfar.es\/es\/producto\/flamenkoz-un-viaje-legendario-en-busca-del-nuevo-flamenco\/","og_locale":"es_ES","og_type":"article","og_title":"Flamenkoz. Un viaje legendario en busca del Nuevo Flamenco - Ediciones Alfar","og_description":"Paco de Luc\u00eda duerme en su habitaci\u00f3n infantil con su hermano Pepe. De repente, entra el Levante y se lo lleva volando en un viaje inici\u00e1tico que le permitir\u00e1 conocer a Camar\u00f3n de la Isla, Enrique Morente y Carmen Linares, con quienes visita a un peculiar Mago de Oz que les permita conocerse a s\u00ed mismos y fundar las bases del Nuevo Flamenco.  AUTOR: FERNANDO TRUJILLO. Es doctor en Filolog\u00eda Inglesa y profesor titular de universidad en el departamento de Did\u00e1ctica de la Lengua y la Literatura de la Universidad de Granada. Imparte clases en la Facultad de Educaci\u00f3n, Econom\u00eda y Tecnolog\u00eda de Ceuta y su docencia e investigaci\u00f3n est\u00e1n centradas en la ense\u00f1anza de lenguas y la innovaci\u00f3n educativa. En 2017 recibi\u00f3 el I Premio Universidad de Granada-Caja Rural de Granada a la Comunicaci\u00f3n e Innovaci\u00f3n en Medios Digitales. Es socio fundador y asesor cient\u00edfico de Conecta13, spin-off de la Universidad de Granada dedicada a la consultor\u00eda sobre educaci\u00f3n, desarrollo profesional y TIC. Adem\u00e1s, tiene una presencia activa en redes sociales.","og_url":"https:\/\/edicionesalfar.es\/es\/producto\/flamenkoz-un-viaje-legendario-en-busca-del-nuevo-flamenco\/","og_site_name":"Ediciones Alfar","article_modified_time":"2024-10-17T03:39:47+00:00","og_image":[{"width":738,"height":1024,"url":"https:\/\/edicionesalfar.es\/es\/wp-content\/uploads\/2024\/04\/9788478989942-738x1024.jpg","type":"image\/jpeg"}],"twitter_card":"summary_large_image","twitter_misc":{"Tiempo de lectura":"2 minutos"},"schema":{"@context":"https:\/\/schema.org","@graph":[{"@type":"WebPage","@id":"https:\/\/edicionesalfar.es\/es\/producto\/flamenkoz-un-viaje-legendario-en-busca-del-nuevo-flamenco\/","url":"https:\/\/edicionesalfar.es\/es\/producto\/flamenkoz-un-viaje-legendario-en-busca-del-nuevo-flamenco\/","name":"Flamenkoz. Un viaje legendario en busca del Nuevo Flamenco - Ediciones Alfar","isPartOf":{"@id":"https:\/\/edicionesalfar.es\/es\/#website"},"primaryImageOfPage":{"@id":"https:\/\/edicionesalfar.es\/es\/producto\/flamenkoz-un-viaje-legendario-en-busca-del-nuevo-flamenco\/#primaryimage"},"image":{"@id":"https:\/\/edicionesalfar.es\/es\/producto\/flamenkoz-un-viaje-legendario-en-busca-del-nuevo-flamenco\/#primaryimage"},"thumbnailUrl":"https:\/\/edicionesalfar.es\/es\/wp-content\/uploads\/2024\/04\/9788478989942.jpg","datePublished":"2024-04-18T08:47:34+00:00","dateModified":"2024-10-17T03:39:47+00:00","breadcrumb":{"@id":"https:\/\/edicionesalfar.es\/es\/producto\/flamenkoz-un-viaje-legendario-en-busca-del-nuevo-flamenco\/#breadcrumb"},"inLanguage":"es","potentialAction":[{"@type":"ReadAction","target":["https:\/\/edicionesalfar.es\/es\/producto\/flamenkoz-un-viaje-legendario-en-busca-del-nuevo-flamenco\/"]}]},{"@type":"ImageObject","inLanguage":"es","@id":"https:\/\/edicionesalfar.es\/es\/producto\/flamenkoz-un-viaje-legendario-en-busca-del-nuevo-flamenco\/#primaryimage","url":"https:\/\/edicionesalfar.es\/es\/wp-content\/uploads\/2024\/04\/9788478989942.jpg","contentUrl":"https:\/\/edicionesalfar.es\/es\/wp-content\/uploads\/2024\/04\/9788478989942.jpg","width":1442,"height":2001},{"@type":"BreadcrumbList","@id":"https:\/\/edicionesalfar.es\/es\/producto\/flamenkoz-un-viaje-legendario-en-busca-del-nuevo-flamenco\/#breadcrumb","itemListElement":[{"@type":"ListItem","position":1,"name":"Portada","item":"https:\/\/edicionesalfar.es\/es\/"},{"@type":"ListItem","position":2,"name":"Cat\u00e1logo","item":"https:\/\/edicionesalfar.es\/es\/catalogo\/"},{"@type":"ListItem","position":3,"name":"Flamenkoz. Un viaje legendario en busca del Nuevo Flamenco"}]},{"@type":"WebSite","@id":"https:\/\/edicionesalfar.es\/es\/#website","url":"https:\/\/edicionesalfar.es\/es\/","name":"Ediciones Alfar","description":"","potentialAction":[{"@type":"SearchAction","target":{"@type":"EntryPoint","urlTemplate":"https:\/\/edicionesalfar.es\/es\/?s={search_term_string}"},"query-input":{"@type":"PropertyValueSpecification","valueRequired":true,"valueName":"search_term_string"}}],"inLanguage":"es"}]}},"_links":{"self":[{"href":"https:\/\/edicionesalfar.es\/es\/wp-json\/wp\/v2\/product\/120462","targetHints":{"allow":["GET"]}}],"collection":[{"href":"https:\/\/edicionesalfar.es\/es\/wp-json\/wp\/v2\/product"}],"about":[{"href":"https:\/\/edicionesalfar.es\/es\/wp-json\/wp\/v2\/types\/product"}],"replies":[{"embeddable":true,"href":"https:\/\/edicionesalfar.es\/es\/wp-json\/wp\/v2\/comments?post=120462"}],"wp:featuredmedia":[{"embeddable":true,"href":"https:\/\/edicionesalfar.es\/es\/wp-json\/wp\/v2\/media\/120463"}],"wp:attachment":[{"href":"https:\/\/edicionesalfar.es\/es\/wp-json\/wp\/v2\/media?parent=120462"}],"wp:term":[{"taxonomy":"product_brand","embeddable":true,"href":"https:\/\/edicionesalfar.es\/es\/wp-json\/wp\/v2\/product_brand?post=120462"},{"taxonomy":"product_cat","embeddable":true,"href":"https:\/\/edicionesalfar.es\/es\/wp-json\/wp\/v2\/product_cat?post=120462"},{"taxonomy":"product_tag","embeddable":true,"href":"https:\/\/edicionesalfar.es\/es\/wp-json\/wp\/v2\/product_tag?post=120462"}],"curies":[{"name":"wp","href":"https:\/\/api.w.org\/{rel}","templated":true}]}}