{"id":120056,"date":"2023-11-14T14:28:42","date_gmt":"2023-11-14T13:28:42","guid":{"rendered":"https:\/\/edicionesalfar.es\/es\/?post_type=product&#038;p=120056"},"modified":"2024-10-17T08:00:37","modified_gmt":"2024-10-17T06:00:37","slug":"la-cocina-facil-de-enrique-sanchez","status":"publish","type":"product","link":"https:\/\/edicionesalfar.es\/es\/producto\/la-cocina-facil-de-enrique-sanchez\/","title":{"rendered":"La cocina f\u00e1cil de Enrique S\u00e1nchez"},"content":{"rendered":"<p>Enrique S\u00e1nchez nos sorprende con un nuevo libro donde la cocina f\u00e1cil es la aut\u00e9ntica protagonista. No siempre disponemos de tiempo para cocinar, incluso nuestra cocina depender\u00e1 en ocasiones de nuestro bolsillo. Es por ello que este libro contiene un aut\u00e9ntico abanico de recetas por si te falta tiempo&#8230; o experiencia en la cocina. \u00bfLleg\u00f3 el momento de convertirte en un &#8216;cocinitas&#8217;?<br \/>\nUn libro que supera a sus predecesores t\u00edtulos con un r\u00e9cord de recetas: Tapas, verduras, legumbres, arroces, pescados, carnes y postres, e incluso recetas r\u00e1pidas, como la simple cocci\u00f3n de unos maravillosos langostinos. Recetas de toda la vida acompa\u00f1adas de trucos y consejos con los cuales conseguir\u00e1s un toque singular. Disfruta de ti mismo y sorprende a los dem\u00e1s. Y como siempre te decimos, adapta las recetas a tus gustos. \u00a1La cocina es un mundo libre!<\/p>\n<p>Enrique S\u00e1nchez, sevillano de nacimiento y malague\u00f1o de adopci\u00f3n, cambi\u00f3 la Facultad de Medicina por su gran pasi\u00f3n: la cocina. Tras finalizar sus estudios en la Escuela Superior de Hosteler\u00eda de Sevilla, inicia un largo camino de<br \/>\naprendizaje en reconocidos y prestigiosos restaurantes dentro y fuera de nuestras fronteras. Pa\u00edses como Estados Unidos, Jap\u00f3n, M\u00e9xico, Portugal, Italia, Ucrania, Rusia o Rep\u00fablica Dominicana han sido testigos de sus a\u00f1os de formaci\u00f3n en los fogones.<br \/>\nEn 2010 deja su funci\u00f3n como profesor en la Escuela de Hosteler\u00eda de Sevilla para dar el salto a la televisi\u00f3n. A\u00f1os en los cuales \u201cC\u00f3metelo\u201d (Canal Sur) se ha convertido en un aut\u00e9ntico referente de los programas de cocina en televisi\u00f3n. Autor de varios libros convertidos en top-ventas, presentador de televisi\u00f3n (La B\u00e1scula, Objetivo Chimborazo, El gusto es Nuestro, Cocina con Clan, Menuda Noche), ha recorrido m\u00e1s de 15 pa\u00edses con ponencias y demostraciones gastron\u00f3micas. Actualmente compagina su faceta televisiva con una peque\u00f1a empresa de alimentaci\u00f3n, asesorando empresas dedicadas a este gremio y colaborando con diferentes entidades solidarias y fundaciones.<\/p>\n","protected":false},"excerpt":{"rendered":"<p>La cocina f\u00e1cil de Enrique S\u00e1nchez es un recorrido por las m\u00e1s de 150 recetas sencillas para hacer en casa que contiene esste libro. Libro basado en el programa de telvisi\u00f3n &#8216;C\u00d3METELO&#8217; de Canal Sur TV.<\/p>\n","protected":false},"featured_media":120062,"comment_status":"closed","ping_status":"closed","template":"","meta":{"_acf_changed":false,"_et_pb_use_builder":"","_et_pb_old_content":"","_et_gb_content_width":""},"product_brand":[],"product_cat":[43,521,15],"product_tag":[],"class_list":{"0":"post-120056","1":"product","2":"type-product","3":"status-publish","4":"has-post-thumbnail","6":"product_cat-gastronomia-salud","7":"product_cat-sanchez-enrique","8":"product_cat-sin-categorizar","10":"first","11":"instock","12":"sale","13":"taxable","14":"shipping-taxable","15":"purchasable","16":"product-type-simple"},"acf":[],"yoast_head":"<!-- This site is optimized with the Yoast SEO plugin v27.4 - https:\/\/yoast.com\/product\/yoast-seo-wordpress\/ -->\n<title>La cocina f\u00e1cil de Enrique S\u00e1nchez - Ediciones Alfar<\/title>\n<meta name=\"description\" content=\"\u00a1Nuevo libro! La cocina f\u00e1cil de Enrique S\u00e1nchez. M\u00e1s de 150 recetas de cocina sencillas para hacerlas en casa.\" \/>\n<meta name=\"robots\" content=\"index, follow, max-snippet:-1, max-image-preview:large, max-video-preview:-1\" \/>\n<link rel=\"canonical\" href=\"https:\/\/edicionesalfar.es\/es\/producto\/la-cocina-facil-de-enrique-sanchez\/\" \/>\n<meta property=\"og:locale\" content=\"es_ES\" \/>\n<meta property=\"og:type\" content=\"article\" \/>\n<meta property=\"og:title\" content=\"La cocina f\u00e1cil de Enrique S\u00e1nchez - Ediciones Alfar\" \/>\n<meta property=\"og:description\" content=\"\u00a1Nuevo libro! La cocina f\u00e1cil de Enrique S\u00e1nchez. M\u00e1s de 150 recetas de cocina sencillas para hacerlas en casa.\" \/>\n<meta property=\"og:url\" content=\"https:\/\/edicionesalfar.es\/es\/producto\/la-cocina-facil-de-enrique-sanchez\/\" \/>\n<meta property=\"og:site_name\" content=\"Ediciones Alfar\" \/>\n<meta property=\"article:modified_time\" content=\"2024-10-17T06:00:37+00:00\" \/>\n<meta property=\"og:image\" content=\"https:\/\/edicionesalfar.es\/es\/wp-content\/uploads\/2023\/11\/9788478989898-scaled.jpg\" \/>\n\t<meta property=\"og:image:width\" content=\"1854\" \/>\n\t<meta property=\"og:image:height\" content=\"2560\" \/>\n\t<meta property=\"og:image:type\" content=\"image\/jpeg\" \/>\n<meta name=\"twitter:card\" content=\"summary_large_image\" \/>\n<meta name=\"twitter:label1\" content=\"Tiempo de lectura\" \/>\n\t<meta name=\"twitter:data1\" content=\"2 minutos\" \/>\n<script type=\"application\/ld+json\" class=\"yoast-schema-graph\">{\"@context\":\"https:\\\/\\\/schema.org\",\"@graph\":[{\"@type\":\"WebPage\",\"@id\":\"https:\\\/\\\/edicionesalfar.es\\\/es\\\/producto\\\/la-cocina-facil-de-enrique-sanchez\\\/\",\"url\":\"https:\\\/\\\/edicionesalfar.es\\\/es\\\/producto\\\/la-cocina-facil-de-enrique-sanchez\\\/\",\"name\":\"La cocina f\u00e1cil de Enrique S\u00e1nchez - Ediciones Alfar\",\"isPartOf\":{\"@id\":\"https:\\\/\\\/edicionesalfar.es\\\/es\\\/#website\"},\"primaryImageOfPage\":{\"@id\":\"https:\\\/\\\/edicionesalfar.es\\\/es\\\/producto\\\/la-cocina-facil-de-enrique-sanchez\\\/#primaryimage\"},\"image\":{\"@id\":\"https:\\\/\\\/edicionesalfar.es\\\/es\\\/producto\\\/la-cocina-facil-de-enrique-sanchez\\\/#primaryimage\"},\"thumbnailUrl\":\"https:\\\/\\\/edicionesalfar.es\\\/es\\\/wp-content\\\/uploads\\\/2023\\\/11\\\/9788478989898-scaled.jpg\",\"datePublished\":\"2023-11-14T13:28:42+00:00\",\"dateModified\":\"2024-10-17T06:00:37+00:00\",\"description\":\"\u00a1Nuevo libro! La cocina f\u00e1cil de Enrique S\u00e1nchez. M\u00e1s de 150 recetas de cocina sencillas para hacerlas en casa.\",\"breadcrumb\":{\"@id\":\"https:\\\/\\\/edicionesalfar.es\\\/es\\\/producto\\\/la-cocina-facil-de-enrique-sanchez\\\/#breadcrumb\"},\"inLanguage\":\"es\",\"potentialAction\":[{\"@type\":\"ReadAction\",\"target\":[\"https:\\\/\\\/edicionesalfar.es\\\/es\\\/producto\\\/la-cocina-facil-de-enrique-sanchez\\\/\"]}]},{\"@type\":\"ImageObject\",\"inLanguage\":\"es\",\"@id\":\"https:\\\/\\\/edicionesalfar.es\\\/es\\\/producto\\\/la-cocina-facil-de-enrique-sanchez\\\/#primaryimage\",\"url\":\"https:\\\/\\\/edicionesalfar.es\\\/es\\\/wp-content\\\/uploads\\\/2023\\\/11\\\/9788478989898-scaled.jpg\",\"contentUrl\":\"https:\\\/\\\/edicionesalfar.es\\\/es\\\/wp-content\\\/uploads\\\/2023\\\/11\\\/9788478989898-scaled.jpg\",\"width\":1854,\"height\":2560},{\"@type\":\"BreadcrumbList\",\"@id\":\"https:\\\/\\\/edicionesalfar.es\\\/es\\\/producto\\\/la-cocina-facil-de-enrique-sanchez\\\/#breadcrumb\",\"itemListElement\":[{\"@type\":\"ListItem\",\"position\":1,\"name\":\"Portada\",\"item\":\"https:\\\/\\\/edicionesalfar.es\\\/es\\\/\"},{\"@type\":\"ListItem\",\"position\":2,\"name\":\"Cat\u00e1logo\",\"item\":\"https:\\\/\\\/edicionesalfar.es\\\/es\\\/catalogo\\\/\"},{\"@type\":\"ListItem\",\"position\":3,\"name\":\"La cocina f\u00e1cil de Enrique S\u00e1nchez\"}]},{\"@type\":\"WebSite\",\"@id\":\"https:\\\/\\\/edicionesalfar.es\\\/es\\\/#website\",\"url\":\"https:\\\/\\\/edicionesalfar.es\\\/es\\\/\",\"name\":\"Ediciones Alfar\",\"description\":\"\",\"potentialAction\":[{\"@type\":\"SearchAction\",\"target\":{\"@type\":\"EntryPoint\",\"urlTemplate\":\"https:\\\/\\\/edicionesalfar.es\\\/es\\\/?s={search_term_string}\"},\"query-input\":{\"@type\":\"PropertyValueSpecification\",\"valueRequired\":true,\"valueName\":\"search_term_string\"}}],\"inLanguage\":\"es\"}]}<\/script>\n<!-- \/ Yoast SEO plugin. -->","yoast_head_json":{"title":"La cocina f\u00e1cil de Enrique S\u00e1nchez - Ediciones Alfar","description":"\u00a1Nuevo libro! La cocina f\u00e1cil de Enrique S\u00e1nchez. M\u00e1s de 150 recetas de cocina sencillas para hacerlas en casa.","robots":{"index":"index","follow":"follow","max-snippet":"max-snippet:-1","max-image-preview":"max-image-preview:large","max-video-preview":"max-video-preview:-1"},"canonical":"https:\/\/edicionesalfar.es\/es\/producto\/la-cocina-facil-de-enrique-sanchez\/","og_locale":"es_ES","og_type":"article","og_title":"La cocina f\u00e1cil de Enrique S\u00e1nchez - Ediciones Alfar","og_description":"\u00a1Nuevo libro! La cocina f\u00e1cil de Enrique S\u00e1nchez. M\u00e1s de 150 recetas de cocina sencillas para hacerlas en casa.","og_url":"https:\/\/edicionesalfar.es\/es\/producto\/la-cocina-facil-de-enrique-sanchez\/","og_site_name":"Ediciones Alfar","article_modified_time":"2024-10-17T06:00:37+00:00","og_image":[{"width":1854,"height":2560,"url":"https:\/\/edicionesalfar.es\/es\/wp-content\/uploads\/2023\/11\/9788478989898-scaled.jpg","type":"image\/jpeg"}],"twitter_card":"summary_large_image","twitter_misc":{"Tiempo de lectura":"2 minutos"},"schema":{"@context":"https:\/\/schema.org","@graph":[{"@type":"WebPage","@id":"https:\/\/edicionesalfar.es\/es\/producto\/la-cocina-facil-de-enrique-sanchez\/","url":"https:\/\/edicionesalfar.es\/es\/producto\/la-cocina-facil-de-enrique-sanchez\/","name":"La cocina f\u00e1cil de Enrique S\u00e1nchez - Ediciones Alfar","isPartOf":{"@id":"https:\/\/edicionesalfar.es\/es\/#website"},"primaryImageOfPage":{"@id":"https:\/\/edicionesalfar.es\/es\/producto\/la-cocina-facil-de-enrique-sanchez\/#primaryimage"},"image":{"@id":"https:\/\/edicionesalfar.es\/es\/producto\/la-cocina-facil-de-enrique-sanchez\/#primaryimage"},"thumbnailUrl":"https:\/\/edicionesalfar.es\/es\/wp-content\/uploads\/2023\/11\/9788478989898-scaled.jpg","datePublished":"2023-11-14T13:28:42+00:00","dateModified":"2024-10-17T06:00:37+00:00","description":"\u00a1Nuevo libro! La cocina f\u00e1cil de Enrique S\u00e1nchez. M\u00e1s de 150 recetas de cocina sencillas para hacerlas en casa.","breadcrumb":{"@id":"https:\/\/edicionesalfar.es\/es\/producto\/la-cocina-facil-de-enrique-sanchez\/#breadcrumb"},"inLanguage":"es","potentialAction":[{"@type":"ReadAction","target":["https:\/\/edicionesalfar.es\/es\/producto\/la-cocina-facil-de-enrique-sanchez\/"]}]},{"@type":"ImageObject","inLanguage":"es","@id":"https:\/\/edicionesalfar.es\/es\/producto\/la-cocina-facil-de-enrique-sanchez\/#primaryimage","url":"https:\/\/edicionesalfar.es\/es\/wp-content\/uploads\/2023\/11\/9788478989898-scaled.jpg","contentUrl":"https:\/\/edicionesalfar.es\/es\/wp-content\/uploads\/2023\/11\/9788478989898-scaled.jpg","width":1854,"height":2560},{"@type":"BreadcrumbList","@id":"https:\/\/edicionesalfar.es\/es\/producto\/la-cocina-facil-de-enrique-sanchez\/#breadcrumb","itemListElement":[{"@type":"ListItem","position":1,"name":"Portada","item":"https:\/\/edicionesalfar.es\/es\/"},{"@type":"ListItem","position":2,"name":"Cat\u00e1logo","item":"https:\/\/edicionesalfar.es\/es\/catalogo\/"},{"@type":"ListItem","position":3,"name":"La cocina f\u00e1cil de Enrique S\u00e1nchez"}]},{"@type":"WebSite","@id":"https:\/\/edicionesalfar.es\/es\/#website","url":"https:\/\/edicionesalfar.es\/es\/","name":"Ediciones Alfar","description":"","potentialAction":[{"@type":"SearchAction","target":{"@type":"EntryPoint","urlTemplate":"https:\/\/edicionesalfar.es\/es\/?s={search_term_string}"},"query-input":{"@type":"PropertyValueSpecification","valueRequired":true,"valueName":"search_term_string"}}],"inLanguage":"es"}]}},"_links":{"self":[{"href":"https:\/\/edicionesalfar.es\/es\/wp-json\/wp\/v2\/product\/120056","targetHints":{"allow":["GET"]}}],"collection":[{"href":"https:\/\/edicionesalfar.es\/es\/wp-json\/wp\/v2\/product"}],"about":[{"href":"https:\/\/edicionesalfar.es\/es\/wp-json\/wp\/v2\/types\/product"}],"replies":[{"embeddable":true,"href":"https:\/\/edicionesalfar.es\/es\/wp-json\/wp\/v2\/comments?post=120056"}],"wp:featuredmedia":[{"embeddable":true,"href":"https:\/\/edicionesalfar.es\/es\/wp-json\/wp\/v2\/media\/120062"}],"wp:attachment":[{"href":"https:\/\/edicionesalfar.es\/es\/wp-json\/wp\/v2\/media?parent=120056"}],"wp:term":[{"taxonomy":"product_brand","embeddable":true,"href":"https:\/\/edicionesalfar.es\/es\/wp-json\/wp\/v2\/product_brand?post=120056"},{"taxonomy":"product_cat","embeddable":true,"href":"https:\/\/edicionesalfar.es\/es\/wp-json\/wp\/v2\/product_cat?post=120056"},{"taxonomy":"product_tag","embeddable":true,"href":"https:\/\/edicionesalfar.es\/es\/wp-json\/wp\/v2\/product_tag?post=120056"}],"curies":[{"name":"wp","href":"https:\/\/api.w.org\/{rel}","templated":true}]}}