{"id":120041,"date":"2023-10-26T20:11:41","date_gmt":"2023-10-26T18:11:41","guid":{"rendered":"https:\/\/edicionesalfar.es\/es\/?post_type=product&#038;p=120041"},"modified":"2023-10-26T20:13:35","modified_gmt":"2023-10-26T18:13:35","slug":"buenas-malas-y-peores","status":"publish","type":"product","link":"https:\/\/edicionesalfar.es\/es\/producto\/buenas-malas-y-peores\/","title":{"rendered":"Buenas, malas y peores"},"content":{"rendered":"<p>Buenas, Malas y Peores. Personajes femeninos en la Literatura Universal, obra de la artista sevillana Teresa Guzm\u00e1n, ofrece a trav\u00e9s de elegantes textos y delicadas ilustraciones, todo un recorrido por la Literatura espa\u00f1ola y mundial, as\u00ed como por historias b\u00edblicas. Todo un recorrido literario y visual, a trav\u00e9s de la contempor\u00e1nea t\u00e9cnica pict\u00f3rica digital, que a modo de antolog\u00eda, nos adentra en el comportamiento m\u00e1s psicol\u00f3gico de personajes femeninos de reconocida preponderancia en el imaginario universal como Helena de Troya, Pen\u00e9lope, Dalila, Rut, Balkis, Jimena D\u00edaz, Scheherezade, Celestina, Dulcinea del Toboso, Isabelle de Merteuil,<br \/>\nLeonor y Marianne, Esmeralda&#8230; y un largo etc\u00e9tera.<\/p>\n<p>Una descripci\u00f3n escritur\u00edstica y gr\u00e1fica, que nos permite movernos entre la apariencia y la verdadera personalidad de estos personajes. Perfiles femeninos primarios o secundarios, seg\u00fan el papel que les otorg\u00f3 el autor o autora del libro al que pertenecen, que hacen de efecto espejo de diversos comportamientos sociales.<\/p>\n<p><strong>Mar\u00eda Teresa Guzm\u00e1n<\/strong>. Me Licenci\u00e9 en Bellas Artes por la Universidad de Sevilla, me Diplom\u00e9 en Magisterio por la Universidad San Pablo CEU y soy profesora en el Colegio Sagrada Familia de las Hnas. Carmelitas de Vedruna.<br \/>\nIlustr\u00e9 con Ediciones Alfar: Mis Leyendas de Sevilla vol. 1 y 2, El Rab\u00ed de Galilea, Dicen que nunca se rinde, El Coloreable de la Semana Santa de Sevilla, Me llaman Jes\u00fas del Gran Poder, Mis Sevillanos Ilustres, Mi Primera Semana Santa de Sevilla y El V\u00eda Crucis seg\u00fan Sevilla. As\u00ed pues, colabor\u00e9 en las publicaciones: Atlas de la Semana Santa de Sevilla, Simbolismo en la Semana Santa de Sevilla, Iconograf\u00eda de la Semana Santa de Sevilla, La Magia de los Seises de Sevilla, The Passion in Seville. Holy Week, Estampas In\u00e9ditas: Las Hermandades y Cofrad\u00edas de Sevilla en tiempos extraordinarios e Influencias art\u00edsticas en los grupos escult\u00f3ricos de la Semana Santa de Sevilla, todos ellos con Ediciones Alfar.<\/p>\n","protected":false},"excerpt":{"rendered":"<p>Buenas, Malas y Peores. Personajes femeninos en la Literatura Universal, obra de la artista sevillana Teresa Guzm\u00e1n, ofrece a trav\u00e9s de elegantes textos y delicadas ilustraciones, todo un recorrido por la Literatura espa\u00f1ola y mundial, as\u00ed como por historias b\u00edblicas.<\/p>\n","protected":false},"featured_media":120043,"comment_status":"closed","ping_status":"closed","template":"","meta":{"_acf_changed":false,"_et_pb_use_builder":"","_et_pb_old_content":"","_et_gb_content_width":""},"product_brand":[],"product_cat":[15],"product_tag":[],"class_list":{"0":"post-120041","1":"product","2":"type-product","3":"status-publish","4":"has-post-thumbnail","6":"product_cat-sin-categorizar","8":"first","9":"instock","10":"sale","11":"taxable","12":"shipping-taxable","13":"purchasable","14":"product-type-simple"},"acf":[],"yoast_head":"<!-- This site is optimized with the Yoast SEO plugin v27.4 - https:\/\/yoast.com\/product\/yoast-seo-wordpress\/ -->\n<title>Buenas, malas y peores - Ediciones Alfar<\/title>\n<meta name=\"robots\" content=\"index, follow, max-snippet:-1, max-image-preview:large, max-video-preview:-1\" \/>\n<link rel=\"canonical\" href=\"https:\/\/edicionesalfar.es\/es\/producto\/buenas-malas-y-peores\/\" \/>\n<meta property=\"og:locale\" content=\"es_ES\" \/>\n<meta property=\"og:type\" content=\"article\" \/>\n<meta property=\"og:title\" content=\"Buenas, malas y peores - Ediciones Alfar\" \/>\n<meta property=\"og:description\" content=\"Buenas, Malas y Peores. Personajes femeninos en la Literatura Universal, obra de la artista sevillana Teresa Guzm\u00e1n, ofrece a trav\u00e9s de elegantes textos y delicadas ilustraciones, todo un recorrido por la Literatura espa\u00f1ola y mundial, as\u00ed como por historias b\u00edblicas.\" \/>\n<meta property=\"og:url\" content=\"https:\/\/edicionesalfar.es\/es\/producto\/buenas-malas-y-peores\/\" \/>\n<meta property=\"og:site_name\" content=\"Ediciones Alfar\" \/>\n<meta property=\"article:modified_time\" content=\"2023-10-26T18:13:35+00:00\" \/>\n<meta property=\"og:image\" content=\"https:\/\/edicionesalfar.es\/es\/wp-content\/uploads\/2023\/10\/9788478989881-1.jpg\" \/>\n\t<meta property=\"og:image:width\" content=\"479\" \/>\n\t<meta property=\"og:image:height\" content=\"679\" \/>\n\t<meta property=\"og:image:type\" content=\"image\/jpeg\" \/>\n<meta name=\"twitter:card\" content=\"summary_large_image\" \/>\n<meta name=\"twitter:label1\" content=\"Tiempo de lectura\" \/>\n\t<meta name=\"twitter:data1\" content=\"2 minutos\" \/>\n<script type=\"application\/ld+json\" class=\"yoast-schema-graph\">{\"@context\":\"https:\\\/\\\/schema.org\",\"@graph\":[{\"@type\":\"WebPage\",\"@id\":\"https:\\\/\\\/edicionesalfar.es\\\/es\\\/producto\\\/buenas-malas-y-peores\\\/\",\"url\":\"https:\\\/\\\/edicionesalfar.es\\\/es\\\/producto\\\/buenas-malas-y-peores\\\/\",\"name\":\"Buenas, malas y peores - Ediciones Alfar\",\"isPartOf\":{\"@id\":\"https:\\\/\\\/edicionesalfar.es\\\/es\\\/#website\"},\"primaryImageOfPage\":{\"@id\":\"https:\\\/\\\/edicionesalfar.es\\\/es\\\/producto\\\/buenas-malas-y-peores\\\/#primaryimage\"},\"image\":{\"@id\":\"https:\\\/\\\/edicionesalfar.es\\\/es\\\/producto\\\/buenas-malas-y-peores\\\/#primaryimage\"},\"thumbnailUrl\":\"https:\\\/\\\/edicionesalfar.es\\\/es\\\/wp-content\\\/uploads\\\/2023\\\/10\\\/9788478989881-1.jpg\",\"datePublished\":\"2023-10-26T18:11:41+00:00\",\"dateModified\":\"2023-10-26T18:13:35+00:00\",\"breadcrumb\":{\"@id\":\"https:\\\/\\\/edicionesalfar.es\\\/es\\\/producto\\\/buenas-malas-y-peores\\\/#breadcrumb\"},\"inLanguage\":\"es\",\"potentialAction\":[{\"@type\":\"ReadAction\",\"target\":[\"https:\\\/\\\/edicionesalfar.es\\\/es\\\/producto\\\/buenas-malas-y-peores\\\/\"]}]},{\"@type\":\"ImageObject\",\"inLanguage\":\"es\",\"@id\":\"https:\\\/\\\/edicionesalfar.es\\\/es\\\/producto\\\/buenas-malas-y-peores\\\/#primaryimage\",\"url\":\"https:\\\/\\\/edicionesalfar.es\\\/es\\\/wp-content\\\/uploads\\\/2023\\\/10\\\/9788478989881-1.jpg\",\"contentUrl\":\"https:\\\/\\\/edicionesalfar.es\\\/es\\\/wp-content\\\/uploads\\\/2023\\\/10\\\/9788478989881-1.jpg\",\"width\":479,\"height\":679},{\"@type\":\"BreadcrumbList\",\"@id\":\"https:\\\/\\\/edicionesalfar.es\\\/es\\\/producto\\\/buenas-malas-y-peores\\\/#breadcrumb\",\"itemListElement\":[{\"@type\":\"ListItem\",\"position\":1,\"name\":\"Portada\",\"item\":\"https:\\\/\\\/edicionesalfar.es\\\/es\\\/\"},{\"@type\":\"ListItem\",\"position\":2,\"name\":\"Cat\u00e1logo\",\"item\":\"https:\\\/\\\/edicionesalfar.es\\\/es\\\/catalogo\\\/\"},{\"@type\":\"ListItem\",\"position\":3,\"name\":\"Buenas, malas y peores\"}]},{\"@type\":\"WebSite\",\"@id\":\"https:\\\/\\\/edicionesalfar.es\\\/es\\\/#website\",\"url\":\"https:\\\/\\\/edicionesalfar.es\\\/es\\\/\",\"name\":\"Ediciones Alfar\",\"description\":\"\",\"potentialAction\":[{\"@type\":\"SearchAction\",\"target\":{\"@type\":\"EntryPoint\",\"urlTemplate\":\"https:\\\/\\\/edicionesalfar.es\\\/es\\\/?s={search_term_string}\"},\"query-input\":{\"@type\":\"PropertyValueSpecification\",\"valueRequired\":true,\"valueName\":\"search_term_string\"}}],\"inLanguage\":\"es\"}]}<\/script>\n<!-- \/ Yoast SEO plugin. -->","yoast_head_json":{"title":"Buenas, malas y peores - Ediciones Alfar","robots":{"index":"index","follow":"follow","max-snippet":"max-snippet:-1","max-image-preview":"max-image-preview:large","max-video-preview":"max-video-preview:-1"},"canonical":"https:\/\/edicionesalfar.es\/es\/producto\/buenas-malas-y-peores\/","og_locale":"es_ES","og_type":"article","og_title":"Buenas, malas y peores - Ediciones Alfar","og_description":"Buenas, Malas y Peores. Personajes femeninos en la Literatura Universal, obra de la artista sevillana Teresa Guzm\u00e1n, ofrece a trav\u00e9s de elegantes textos y delicadas ilustraciones, todo un recorrido por la Literatura espa\u00f1ola y mundial, as\u00ed como por historias b\u00edblicas.","og_url":"https:\/\/edicionesalfar.es\/es\/producto\/buenas-malas-y-peores\/","og_site_name":"Ediciones Alfar","article_modified_time":"2023-10-26T18:13:35+00:00","og_image":[{"width":479,"height":679,"url":"https:\/\/edicionesalfar.es\/es\/wp-content\/uploads\/2023\/10\/9788478989881-1.jpg","type":"image\/jpeg"}],"twitter_card":"summary_large_image","twitter_misc":{"Tiempo de lectura":"2 minutos"},"schema":{"@context":"https:\/\/schema.org","@graph":[{"@type":"WebPage","@id":"https:\/\/edicionesalfar.es\/es\/producto\/buenas-malas-y-peores\/","url":"https:\/\/edicionesalfar.es\/es\/producto\/buenas-malas-y-peores\/","name":"Buenas, malas y peores - Ediciones Alfar","isPartOf":{"@id":"https:\/\/edicionesalfar.es\/es\/#website"},"primaryImageOfPage":{"@id":"https:\/\/edicionesalfar.es\/es\/producto\/buenas-malas-y-peores\/#primaryimage"},"image":{"@id":"https:\/\/edicionesalfar.es\/es\/producto\/buenas-malas-y-peores\/#primaryimage"},"thumbnailUrl":"https:\/\/edicionesalfar.es\/es\/wp-content\/uploads\/2023\/10\/9788478989881-1.jpg","datePublished":"2023-10-26T18:11:41+00:00","dateModified":"2023-10-26T18:13:35+00:00","breadcrumb":{"@id":"https:\/\/edicionesalfar.es\/es\/producto\/buenas-malas-y-peores\/#breadcrumb"},"inLanguage":"es","potentialAction":[{"@type":"ReadAction","target":["https:\/\/edicionesalfar.es\/es\/producto\/buenas-malas-y-peores\/"]}]},{"@type":"ImageObject","inLanguage":"es","@id":"https:\/\/edicionesalfar.es\/es\/producto\/buenas-malas-y-peores\/#primaryimage","url":"https:\/\/edicionesalfar.es\/es\/wp-content\/uploads\/2023\/10\/9788478989881-1.jpg","contentUrl":"https:\/\/edicionesalfar.es\/es\/wp-content\/uploads\/2023\/10\/9788478989881-1.jpg","width":479,"height":679},{"@type":"BreadcrumbList","@id":"https:\/\/edicionesalfar.es\/es\/producto\/buenas-malas-y-peores\/#breadcrumb","itemListElement":[{"@type":"ListItem","position":1,"name":"Portada","item":"https:\/\/edicionesalfar.es\/es\/"},{"@type":"ListItem","position":2,"name":"Cat\u00e1logo","item":"https:\/\/edicionesalfar.es\/es\/catalogo\/"},{"@type":"ListItem","position":3,"name":"Buenas, malas y peores"}]},{"@type":"WebSite","@id":"https:\/\/edicionesalfar.es\/es\/#website","url":"https:\/\/edicionesalfar.es\/es\/","name":"Ediciones Alfar","description":"","potentialAction":[{"@type":"SearchAction","target":{"@type":"EntryPoint","urlTemplate":"https:\/\/edicionesalfar.es\/es\/?s={search_term_string}"},"query-input":{"@type":"PropertyValueSpecification","valueRequired":true,"valueName":"search_term_string"}}],"inLanguage":"es"}]}},"_links":{"self":[{"href":"https:\/\/edicionesalfar.es\/es\/wp-json\/wp\/v2\/product\/120041","targetHints":{"allow":["GET"]}}],"collection":[{"href":"https:\/\/edicionesalfar.es\/es\/wp-json\/wp\/v2\/product"}],"about":[{"href":"https:\/\/edicionesalfar.es\/es\/wp-json\/wp\/v2\/types\/product"}],"replies":[{"embeddable":true,"href":"https:\/\/edicionesalfar.es\/es\/wp-json\/wp\/v2\/comments?post=120041"}],"wp:featuredmedia":[{"embeddable":true,"href":"https:\/\/edicionesalfar.es\/es\/wp-json\/wp\/v2\/media\/120043"}],"wp:attachment":[{"href":"https:\/\/edicionesalfar.es\/es\/wp-json\/wp\/v2\/media?parent=120041"}],"wp:term":[{"taxonomy":"product_brand","embeddable":true,"href":"https:\/\/edicionesalfar.es\/es\/wp-json\/wp\/v2\/product_brand?post=120041"},{"taxonomy":"product_cat","embeddable":true,"href":"https:\/\/edicionesalfar.es\/es\/wp-json\/wp\/v2\/product_cat?post=120041"},{"taxonomy":"product_tag","embeddable":true,"href":"https:\/\/edicionesalfar.es\/es\/wp-json\/wp\/v2\/product_tag?post=120041"}],"curies":[{"name":"wp","href":"https:\/\/api.w.org\/{rel}","templated":true}]}}