{"id":120016,"date":"2023-10-04T11:00:37","date_gmt":"2023-10-04T09:00:37","guid":{"rendered":"https:\/\/edicionesalfar.es\/es\/?post_type=product&#038;p=120016"},"modified":"2024-10-17T07:59:50","modified_gmt":"2024-10-17T05:59:50","slug":"el-manquepierda-edicion-oro-una-filosofia-de-vida","status":"publish","type":"product","link":"https:\/\/edicionesalfar.es\/es\/producto\/el-manquepierda-edicion-oro-una-filosofia-de-vida\/","title":{"rendered":"El manquepierda (Edici\u00f3n Oro). Una filosof\u00eda de vida"},"content":{"rendered":"<p>Esta es una historia del Real Betis Balompi\u00e9 protagonizada por sus b\u00e9ticos. Todos forman parte de ese sentimiento verdiblanco universal y cada uno escribe con su vivencia una p\u00e1gina de esta filosof\u00eda de vida llamada manquepierda. Pasado, historia y presente de una instituci\u00f3n que es mucho m\u00e1s que un equipo de f\u00fatbol. Ahora, llega esta edici\u00f3n oro actualizada donde recorremos la \u00faltima Copa del Rey con el testimonio del goleador Miranda y la emotiva despedida triunfal de Joaqu\u00edn, el eterno capit\u00e1n.<\/p>\n<p><strong>Reyes Aguilar<\/strong> es b\u00e9tica. Ni m\u00e1s, ni menos que nadie. El Betis es ante todo sencillez, y as\u00ed es tambi\u00e9n esta sevillana del Pol\u00edgono de San Pablo nacida dos a\u00f1os antes de que llegara al equipo Rafael Gordillo, sin duda su gran referencia verdiblanca. De su padre recibi\u00f3 la herencia que inculc\u00f3 a sus hijos. Socia del primer anfiteatro de Gol Norte, madre, hermana, tia, nieta y amiga de b\u00e9ticos inexorables, Reyes hace del Manquepierda su propia filosof\u00eda de vida, escribiendo de ella siempre, con tinta verde. Reyes es de las pocas mujeres que se ha atrevido a escribir un libro sobre f\u00fatbol y lo hizo sobre la historia del Real Betis Balompi\u00e9, con la cual se mantiene en continua inspiraci\u00f3n. Defiende los cielos machadianos en una Sevilla heterodoxa de azoteas, con el entusiasmo por bandera.<\/p>\n","protected":false},"excerpt":{"rendered":"<p>El manquepierda es una filosof\u00eda de vida solo entendida por el universo b\u00e9tico. Ahora, llega esta edici\u00f3n oro actualizada donde reviviremos la \u00faltima Copa del Rey con el gol de Miranda y la despedida de Joaqu\u00edn, el eterno capit\u00e1n.<\/p>\n","protected":false},"featured_media":120017,"comment_status":"closed","ping_status":"closed","template":"","meta":{"_acf_changed":false,"_et_pb_use_builder":"","_et_pb_old_content":"","_et_gb_content_width":""},"product_brand":[],"product_cat":[425,372,376,39,15],"product_tag":[],"class_list":{"0":"post-120016","1":"product","2":"type-product","3":"status-publish","4":"has-post-thumbnail","6":"product_cat-aguilar-caro-reyes","7":"product_cat-alfar","8":"product_cat-autores","9":"product_cat-deportes","10":"product_cat-sin-categorizar","12":"first","13":"instock","14":"sale","15":"taxable","16":"shipping-taxable","17":"purchasable","18":"product-type-simple"},"acf":[],"yoast_head":"<!-- This site is optimized with the Yoast SEO plugin v27.4 - https:\/\/yoast.com\/product\/yoast-seo-wordpress\/ -->\n<title>El manquepierda (Edici\u00f3n Oro). Una filosof\u00eda de vida - Ediciones Alfar<\/title>\n<meta name=\"description\" content=\"El libro del Real Betis Balompi\u00e9. Edici\u00f3n Oro. El manquepierda es una filosof\u00eda de vida solo entendida por el universo b\u00e9tico. Despedida de Joaqu\u00edn.\" \/>\n<meta name=\"robots\" content=\"index, follow, max-snippet:-1, max-image-preview:large, max-video-preview:-1\" \/>\n<link rel=\"canonical\" href=\"https:\/\/edicionesalfar.es\/es\/producto\/el-manquepierda-edicion-oro-una-filosofia-de-vida\/\" \/>\n<meta property=\"og:locale\" content=\"es_ES\" \/>\n<meta property=\"og:type\" content=\"article\" \/>\n<meta property=\"og:title\" content=\"El manquepierda (Edici\u00f3n Oro). Una filosof\u00eda de vida - Ediciones Alfar\" \/>\n<meta property=\"og:description\" content=\"El libro del Real Betis Balompi\u00e9. Edici\u00f3n Oro. El manquepierda es una filosof\u00eda de vida solo entendida por el universo b\u00e9tico. Despedida de Joaqu\u00edn.\" \/>\n<meta property=\"og:url\" content=\"https:\/\/edicionesalfar.es\/es\/producto\/el-manquepierda-edicion-oro-una-filosofia-de-vida\/\" \/>\n<meta property=\"og:site_name\" content=\"Ediciones Alfar\" \/>\n<meta property=\"article:modified_time\" content=\"2024-10-17T05:59:50+00:00\" \/>\n<meta property=\"og:image\" content=\"https:\/\/edicionesalfar.es\/es\/wp-content\/uploads\/2023\/10\/9788478989850.jpg\" \/>\n\t<meta property=\"og:image:width\" content=\"1749\" \/>\n\t<meta property=\"og:image:height\" content=\"2515\" \/>\n\t<meta property=\"og:image:type\" content=\"image\/jpeg\" \/>\n<meta name=\"twitter:card\" content=\"summary_large_image\" \/>\n<meta name=\"twitter:label1\" content=\"Tiempo de lectura\" \/>\n\t<meta name=\"twitter:data1\" content=\"2 minutos\" \/>\n<script type=\"application\/ld+json\" class=\"yoast-schema-graph\">{\"@context\":\"https:\\\/\\\/schema.org\",\"@graph\":[{\"@type\":\"WebPage\",\"@id\":\"https:\\\/\\\/edicionesalfar.es\\\/es\\\/producto\\\/el-manquepierda-edicion-oro-una-filosofia-de-vida\\\/\",\"url\":\"https:\\\/\\\/edicionesalfar.es\\\/es\\\/producto\\\/el-manquepierda-edicion-oro-una-filosofia-de-vida\\\/\",\"name\":\"El manquepierda (Edici\u00f3n Oro). Una filosof\u00eda de vida - Ediciones Alfar\",\"isPartOf\":{\"@id\":\"https:\\\/\\\/edicionesalfar.es\\\/es\\\/#website\"},\"primaryImageOfPage\":{\"@id\":\"https:\\\/\\\/edicionesalfar.es\\\/es\\\/producto\\\/el-manquepierda-edicion-oro-una-filosofia-de-vida\\\/#primaryimage\"},\"image\":{\"@id\":\"https:\\\/\\\/edicionesalfar.es\\\/es\\\/producto\\\/el-manquepierda-edicion-oro-una-filosofia-de-vida\\\/#primaryimage\"},\"thumbnailUrl\":\"https:\\\/\\\/edicionesalfar.es\\\/es\\\/wp-content\\\/uploads\\\/2023\\\/10\\\/9788478989850.jpg\",\"datePublished\":\"2023-10-04T09:00:37+00:00\",\"dateModified\":\"2024-10-17T05:59:50+00:00\",\"description\":\"El libro del Real Betis Balompi\u00e9. Edici\u00f3n Oro. El manquepierda es una filosof\u00eda de vida solo entendida por el universo b\u00e9tico. Despedida de Joaqu\u00edn.\",\"breadcrumb\":{\"@id\":\"https:\\\/\\\/edicionesalfar.es\\\/es\\\/producto\\\/el-manquepierda-edicion-oro-una-filosofia-de-vida\\\/#breadcrumb\"},\"inLanguage\":\"es\",\"potentialAction\":[{\"@type\":\"ReadAction\",\"target\":[\"https:\\\/\\\/edicionesalfar.es\\\/es\\\/producto\\\/el-manquepierda-edicion-oro-una-filosofia-de-vida\\\/\"]}]},{\"@type\":\"ImageObject\",\"inLanguage\":\"es\",\"@id\":\"https:\\\/\\\/edicionesalfar.es\\\/es\\\/producto\\\/el-manquepierda-edicion-oro-una-filosofia-de-vida\\\/#primaryimage\",\"url\":\"https:\\\/\\\/edicionesalfar.es\\\/es\\\/wp-content\\\/uploads\\\/2023\\\/10\\\/9788478989850.jpg\",\"contentUrl\":\"https:\\\/\\\/edicionesalfar.es\\\/es\\\/wp-content\\\/uploads\\\/2023\\\/10\\\/9788478989850.jpg\",\"width\":1749,\"height\":2515},{\"@type\":\"BreadcrumbList\",\"@id\":\"https:\\\/\\\/edicionesalfar.es\\\/es\\\/producto\\\/el-manquepierda-edicion-oro-una-filosofia-de-vida\\\/#breadcrumb\",\"itemListElement\":[{\"@type\":\"ListItem\",\"position\":1,\"name\":\"Portada\",\"item\":\"https:\\\/\\\/edicionesalfar.es\\\/es\\\/\"},{\"@type\":\"ListItem\",\"position\":2,\"name\":\"Cat\u00e1logo\",\"item\":\"https:\\\/\\\/edicionesalfar.es\\\/es\\\/catalogo\\\/\"},{\"@type\":\"ListItem\",\"position\":3,\"name\":\"El manquepierda (Edici\u00f3n Oro). Una filosof\u00eda de vida\"}]},{\"@type\":\"WebSite\",\"@id\":\"https:\\\/\\\/edicionesalfar.es\\\/es\\\/#website\",\"url\":\"https:\\\/\\\/edicionesalfar.es\\\/es\\\/\",\"name\":\"Ediciones Alfar\",\"description\":\"\",\"potentialAction\":[{\"@type\":\"SearchAction\",\"target\":{\"@type\":\"EntryPoint\",\"urlTemplate\":\"https:\\\/\\\/edicionesalfar.es\\\/es\\\/?s={search_term_string}\"},\"query-input\":{\"@type\":\"PropertyValueSpecification\",\"valueRequired\":true,\"valueName\":\"search_term_string\"}}],\"inLanguage\":\"es\"}]}<\/script>\n<!-- \/ Yoast SEO plugin. -->","yoast_head_json":{"title":"El manquepierda (Edici\u00f3n Oro). Una filosof\u00eda de vida - Ediciones Alfar","description":"El libro del Real Betis Balompi\u00e9. Edici\u00f3n Oro. El manquepierda es una filosof\u00eda de vida solo entendida por el universo b\u00e9tico. Despedida de Joaqu\u00edn.","robots":{"index":"index","follow":"follow","max-snippet":"max-snippet:-1","max-image-preview":"max-image-preview:large","max-video-preview":"max-video-preview:-1"},"canonical":"https:\/\/edicionesalfar.es\/es\/producto\/el-manquepierda-edicion-oro-una-filosofia-de-vida\/","og_locale":"es_ES","og_type":"article","og_title":"El manquepierda (Edici\u00f3n Oro). Una filosof\u00eda de vida - Ediciones Alfar","og_description":"El libro del Real Betis Balompi\u00e9. Edici\u00f3n Oro. El manquepierda es una filosof\u00eda de vida solo entendida por el universo b\u00e9tico. Despedida de Joaqu\u00edn.","og_url":"https:\/\/edicionesalfar.es\/es\/producto\/el-manquepierda-edicion-oro-una-filosofia-de-vida\/","og_site_name":"Ediciones Alfar","article_modified_time":"2024-10-17T05:59:50+00:00","og_image":[{"width":1749,"height":2515,"url":"https:\/\/edicionesalfar.es\/es\/wp-content\/uploads\/2023\/10\/9788478989850.jpg","type":"image\/jpeg"}],"twitter_card":"summary_large_image","twitter_misc":{"Tiempo de lectura":"2 minutos"},"schema":{"@context":"https:\/\/schema.org","@graph":[{"@type":"WebPage","@id":"https:\/\/edicionesalfar.es\/es\/producto\/el-manquepierda-edicion-oro-una-filosofia-de-vida\/","url":"https:\/\/edicionesalfar.es\/es\/producto\/el-manquepierda-edicion-oro-una-filosofia-de-vida\/","name":"El manquepierda (Edici\u00f3n Oro). Una filosof\u00eda de vida - Ediciones Alfar","isPartOf":{"@id":"https:\/\/edicionesalfar.es\/es\/#website"},"primaryImageOfPage":{"@id":"https:\/\/edicionesalfar.es\/es\/producto\/el-manquepierda-edicion-oro-una-filosofia-de-vida\/#primaryimage"},"image":{"@id":"https:\/\/edicionesalfar.es\/es\/producto\/el-manquepierda-edicion-oro-una-filosofia-de-vida\/#primaryimage"},"thumbnailUrl":"https:\/\/edicionesalfar.es\/es\/wp-content\/uploads\/2023\/10\/9788478989850.jpg","datePublished":"2023-10-04T09:00:37+00:00","dateModified":"2024-10-17T05:59:50+00:00","description":"El libro del Real Betis Balompi\u00e9. Edici\u00f3n Oro. El manquepierda es una filosof\u00eda de vida solo entendida por el universo b\u00e9tico. Despedida de Joaqu\u00edn.","breadcrumb":{"@id":"https:\/\/edicionesalfar.es\/es\/producto\/el-manquepierda-edicion-oro-una-filosofia-de-vida\/#breadcrumb"},"inLanguage":"es","potentialAction":[{"@type":"ReadAction","target":["https:\/\/edicionesalfar.es\/es\/producto\/el-manquepierda-edicion-oro-una-filosofia-de-vida\/"]}]},{"@type":"ImageObject","inLanguage":"es","@id":"https:\/\/edicionesalfar.es\/es\/producto\/el-manquepierda-edicion-oro-una-filosofia-de-vida\/#primaryimage","url":"https:\/\/edicionesalfar.es\/es\/wp-content\/uploads\/2023\/10\/9788478989850.jpg","contentUrl":"https:\/\/edicionesalfar.es\/es\/wp-content\/uploads\/2023\/10\/9788478989850.jpg","width":1749,"height":2515},{"@type":"BreadcrumbList","@id":"https:\/\/edicionesalfar.es\/es\/producto\/el-manquepierda-edicion-oro-una-filosofia-de-vida\/#breadcrumb","itemListElement":[{"@type":"ListItem","position":1,"name":"Portada","item":"https:\/\/edicionesalfar.es\/es\/"},{"@type":"ListItem","position":2,"name":"Cat\u00e1logo","item":"https:\/\/edicionesalfar.es\/es\/catalogo\/"},{"@type":"ListItem","position":3,"name":"El manquepierda (Edici\u00f3n Oro). Una filosof\u00eda de vida"}]},{"@type":"WebSite","@id":"https:\/\/edicionesalfar.es\/es\/#website","url":"https:\/\/edicionesalfar.es\/es\/","name":"Ediciones Alfar","description":"","potentialAction":[{"@type":"SearchAction","target":{"@type":"EntryPoint","urlTemplate":"https:\/\/edicionesalfar.es\/es\/?s={search_term_string}"},"query-input":{"@type":"PropertyValueSpecification","valueRequired":true,"valueName":"search_term_string"}}],"inLanguage":"es"}]}},"_links":{"self":[{"href":"https:\/\/edicionesalfar.es\/es\/wp-json\/wp\/v2\/product\/120016","targetHints":{"allow":["GET"]}}],"collection":[{"href":"https:\/\/edicionesalfar.es\/es\/wp-json\/wp\/v2\/product"}],"about":[{"href":"https:\/\/edicionesalfar.es\/es\/wp-json\/wp\/v2\/types\/product"}],"replies":[{"embeddable":true,"href":"https:\/\/edicionesalfar.es\/es\/wp-json\/wp\/v2\/comments?post=120016"}],"wp:featuredmedia":[{"embeddable":true,"href":"https:\/\/edicionesalfar.es\/es\/wp-json\/wp\/v2\/media\/120017"}],"wp:attachment":[{"href":"https:\/\/edicionesalfar.es\/es\/wp-json\/wp\/v2\/media?parent=120016"}],"wp:term":[{"taxonomy":"product_brand","embeddable":true,"href":"https:\/\/edicionesalfar.es\/es\/wp-json\/wp\/v2\/product_brand?post=120016"},{"taxonomy":"product_cat","embeddable":true,"href":"https:\/\/edicionesalfar.es\/es\/wp-json\/wp\/v2\/product_cat?post=120016"},{"taxonomy":"product_tag","embeddable":true,"href":"https:\/\/edicionesalfar.es\/es\/wp-json\/wp\/v2\/product_tag?post=120016"}],"curies":[{"name":"wp","href":"https:\/\/api.w.org\/{rel}","templated":true}]}}