{"id":120007,"date":"2023-09-12T11:45:23","date_gmt":"2023-09-12T09:45:23","guid":{"rendered":"https:\/\/edicionesalfar.es\/es\/?post_type=product&#038;p=120007"},"modified":"2023-09-12T11:45:27","modified_gmt":"2023-09-12T09:45:27","slug":"descifrarte","status":"publish","type":"product","link":"https:\/\/edicionesalfar.es\/es\/producto\/descifrarte\/","title":{"rendered":"Descifrarte"},"content":{"rendered":"<p>Hoy sabemos que el coraz\u00f3n era la \u00fanica v\u00edscera que los egipcios dejaban en el interior de las momias como centro necesario al cuerpo para la eternidad. Reflexiones que trascienden en los cincuenta poemas que contiene este libro. Un poemario que se estructura en cinco partes diferenciadas, cinco partes donde siempre y como nexo com\u00fan, aparece el coraz\u00f3n como n\u00facleo, como asidero y hombro contra las adversidades, pero tambi\u00e9n como asombro y puertas del conocimiento.<\/p>\n<table style=\"width: 100%;\" border=\"0\" width=\"100%\" cellspacing=\"2\" cellpadding=\"0\">\n<tbody>\n<tr>\n<td class=\"fichavalor\" style=\"width: 98.8746%;\" align=\"left\" valign=\"top\">ALEJANDRO P\u00c9REZ GUILL\u00c9N (Benalup-Casas Viejas, 1973) es Licenciado en Filolog\u00eda Hisp\u00e1nica por la Universidad de C\u00e1diz. En la actualidad trabaja como responsable de la Biblioteca P\u00fablica Municipal y como animador cultural de su localidad. Ha publicado los siguientes poemarios: Entrevista con la palabra (Ayto. Benalup-CV, 1997), Sue\u00f1os de hadas sin hada madrina (Alhulia, 2003), Monedas de papel (Diputaci\u00f3n de C\u00e1diz, 2006), Matar a Narciso (Alfar, 2012), En manos de Orfeo (Renacimiento, 2014) y Sol de invierno contra la borrasca (Vitruvio, 2018). Tambi\u00e9n es autor de los cuadernillos El cad\u00e1ver dormido de la historia y Tardes<br \/>\nen fuga, del libro de relatos La otra realidad (Aladena, 2009) y del libro de prosa po\u00e9tica titulado Re-flexiones: ejercicios para el coraz\u00f3n (Alfar, 2016). Ha sido incluido en las antolog\u00edas Recital Chilango andaluz 2006. Antolog\u00eda. Y Diez voces de la poes\u00eda actual 2017. Ejerce como cr\u00edtico literario y ha sido columnista de medios de comunicaci\u00f3n como el Diario de C\u00e1diz. En la actualidad es el director de las colecciones Biblioteca de Autores Contempor\u00e1neos (Serie Poes\u00eda) y Otras poes\u00edas de Ediciones Alfar. Puedes visitar su web en: alejandroperezguillen.es<\/td>\n<\/tr>\n<tr>\n<td style=\"width: 98.8746%;\" width=\"25%\"><img decoding=\"async\" src=\"https:\/\/www.dilve.es\/dilve\/dilve\/img\/pc.gif\" alt=\"\" width=\"1\" height=\"1\" border=\"0\" \/><\/td>\n<td style=\"width: 1.03576%;\" width=\"75%\"><img decoding=\"async\" src=\"https:\/\/www.dilve.es\/dilve\/dilve\/img\/pc.gif\" alt=\"\" width=\"1\" height=\"1\" border=\"0\" \/><\/td>\n<\/tr>\n<\/tbody>\n<\/table>\n","protected":false},"excerpt":{"rendered":"<table border=\"0\" width=\"100%\" cellspacing=\"2\" cellpadding=\"0\">\n<tbody>\n<tr>\n<td class=\"fichavalor\" align=\"left\" valign=\"top\">Hoy sabemos que el coraz\u00f3n era la \u00fanica v\u00edscera que los egipcios dejaban en el interior de las momias como centro necesario al cuerpo para la eternidad. Reflexiones que trascienden en los cincuenta poemas que contiene este libro.<\/td>\n<\/tr>\n<\/tbody>\n<\/table>\n","protected":false},"featured_media":120008,"comment_status":"closed","ping_status":"closed","template":"","meta":{"_acf_changed":false,"_et_pb_use_builder":"","_et_pb_old_content":"","_et_gb_content_width":""},"product_brand":[],"product_cat":[15],"product_tag":[],"class_list":{"0":"post-120007","1":"product","2":"type-product","3":"status-publish","4":"has-post-thumbnail","6":"product_cat-sin-categorizar","8":"first","9":"instock","10":"taxable","11":"shipping-taxable","12":"purchasable","13":"product-type-simple"},"acf":[],"yoast_head":"<!-- This site is optimized with the Yoast SEO plugin v27.5 - https:\/\/yoast.com\/product\/yoast-seo-wordpress\/ -->\n<title>Descifrarte - Ediciones Alfar<\/title>\n<meta name=\"robots\" content=\"index, follow, max-snippet:-1, max-image-preview:large, max-video-preview:-1\" \/>\n<link rel=\"canonical\" href=\"https:\/\/edicionesalfar.es\/es\/producto\/descifrarte\/\" \/>\n<meta property=\"og:locale\" content=\"es_ES\" \/>\n<meta property=\"og:type\" content=\"article\" \/>\n<meta property=\"og:title\" content=\"Descifrarte - Ediciones Alfar\" \/>\n<meta property=\"og:description\" content=\"Hoy sabemos que el coraz\u00f3n era la \u00fanica v\u00edscera que los egipcios dejaban en el interior de las momias como centro necesario al cuerpo para la eternidad. Reflexiones que trascienden en los cincuenta poemas que contiene este libro.\" \/>\n<meta property=\"og:url\" content=\"https:\/\/edicionesalfar.es\/es\/producto\/descifrarte\/\" \/>\n<meta property=\"og:site_name\" content=\"Ediciones Alfar\" \/>\n<meta property=\"article:modified_time\" content=\"2023-09-12T09:45:27+00:00\" \/>\n<meta property=\"og:image\" content=\"https:\/\/edicionesalfar.es\/es\/wp-content\/uploads\/2023\/09\/9788478989836-737x1024.jpg\" \/>\n\t<meta property=\"og:image:width\" content=\"737\" \/>\n\t<meta property=\"og:image:height\" content=\"1024\" \/>\n\t<meta property=\"og:image:type\" content=\"image\/jpeg\" \/>\n<meta name=\"twitter:card\" content=\"summary_large_image\" \/>\n<meta name=\"twitter:label1\" content=\"Tiempo de lectura\" \/>\n\t<meta name=\"twitter:data1\" content=\"2 minutos\" \/>\n<script type=\"application\/ld+json\" class=\"yoast-schema-graph\">{\"@context\":\"https:\\\/\\\/schema.org\",\"@graph\":[{\"@type\":\"WebPage\",\"@id\":\"https:\\\/\\\/edicionesalfar.es\\\/es\\\/producto\\\/descifrarte\\\/\",\"url\":\"https:\\\/\\\/edicionesalfar.es\\\/es\\\/producto\\\/descifrarte\\\/\",\"name\":\"Descifrarte - Ediciones Alfar\",\"isPartOf\":{\"@id\":\"https:\\\/\\\/edicionesalfar.es\\\/es\\\/#website\"},\"primaryImageOfPage\":{\"@id\":\"https:\\\/\\\/edicionesalfar.es\\\/es\\\/producto\\\/descifrarte\\\/#primaryimage\"},\"image\":{\"@id\":\"https:\\\/\\\/edicionesalfar.es\\\/es\\\/producto\\\/descifrarte\\\/#primaryimage\"},\"thumbnailUrl\":\"https:\\\/\\\/edicionesalfar.es\\\/es\\\/wp-content\\\/uploads\\\/2023\\\/09\\\/9788478989836.jpg\",\"datePublished\":\"2023-09-12T09:45:23+00:00\",\"dateModified\":\"2023-09-12T09:45:27+00:00\",\"breadcrumb\":{\"@id\":\"https:\\\/\\\/edicionesalfar.es\\\/es\\\/producto\\\/descifrarte\\\/#breadcrumb\"},\"inLanguage\":\"es\",\"potentialAction\":[{\"@type\":\"ReadAction\",\"target\":[\"https:\\\/\\\/edicionesalfar.es\\\/es\\\/producto\\\/descifrarte\\\/\"]}]},{\"@type\":\"ImageObject\",\"inLanguage\":\"es\",\"@id\":\"https:\\\/\\\/edicionesalfar.es\\\/es\\\/producto\\\/descifrarte\\\/#primaryimage\",\"url\":\"https:\\\/\\\/edicionesalfar.es\\\/es\\\/wp-content\\\/uploads\\\/2023\\\/09\\\/9788478989836.jpg\",\"contentUrl\":\"https:\\\/\\\/edicionesalfar.es\\\/es\\\/wp-content\\\/uploads\\\/2023\\\/09\\\/9788478989836.jpg\",\"width\":1784,\"height\":2478},{\"@type\":\"BreadcrumbList\",\"@id\":\"https:\\\/\\\/edicionesalfar.es\\\/es\\\/producto\\\/descifrarte\\\/#breadcrumb\",\"itemListElement\":[{\"@type\":\"ListItem\",\"position\":1,\"name\":\"Portada\",\"item\":\"https:\\\/\\\/edicionesalfar.es\\\/es\\\/\"},{\"@type\":\"ListItem\",\"position\":2,\"name\":\"Cat\u00e1logo\",\"item\":\"https:\\\/\\\/edicionesalfar.es\\\/es\\\/catalogo\\\/\"},{\"@type\":\"ListItem\",\"position\":3,\"name\":\"Descifrarte\"}]},{\"@type\":\"WebSite\",\"@id\":\"https:\\\/\\\/edicionesalfar.es\\\/es\\\/#website\",\"url\":\"https:\\\/\\\/edicionesalfar.es\\\/es\\\/\",\"name\":\"Ediciones Alfar\",\"description\":\"\",\"potentialAction\":[{\"@type\":\"SearchAction\",\"target\":{\"@type\":\"EntryPoint\",\"urlTemplate\":\"https:\\\/\\\/edicionesalfar.es\\\/es\\\/?s={search_term_string}\"},\"query-input\":{\"@type\":\"PropertyValueSpecification\",\"valueRequired\":true,\"valueName\":\"search_term_string\"}}],\"inLanguage\":\"es\"}]}<\/script>\n<!-- \/ Yoast SEO plugin. -->","yoast_head_json":{"title":"Descifrarte - Ediciones Alfar","robots":{"index":"index","follow":"follow","max-snippet":"max-snippet:-1","max-image-preview":"max-image-preview:large","max-video-preview":"max-video-preview:-1"},"canonical":"https:\/\/edicionesalfar.es\/es\/producto\/descifrarte\/","og_locale":"es_ES","og_type":"article","og_title":"Descifrarte - Ediciones Alfar","og_description":"Hoy sabemos que el coraz\u00f3n era la \u00fanica v\u00edscera que los egipcios dejaban en el interior de las momias como centro necesario al cuerpo para la eternidad. Reflexiones que trascienden en los cincuenta poemas que contiene este libro.","og_url":"https:\/\/edicionesalfar.es\/es\/producto\/descifrarte\/","og_site_name":"Ediciones Alfar","article_modified_time":"2023-09-12T09:45:27+00:00","og_image":[{"width":737,"height":1024,"url":"https:\/\/edicionesalfar.es\/es\/wp-content\/uploads\/2023\/09\/9788478989836-737x1024.jpg","type":"image\/jpeg"}],"twitter_card":"summary_large_image","twitter_misc":{"Tiempo de lectura":"2 minutos"},"schema":{"@context":"https:\/\/schema.org","@graph":[{"@type":"WebPage","@id":"https:\/\/edicionesalfar.es\/es\/producto\/descifrarte\/","url":"https:\/\/edicionesalfar.es\/es\/producto\/descifrarte\/","name":"Descifrarte - Ediciones Alfar","isPartOf":{"@id":"https:\/\/edicionesalfar.es\/es\/#website"},"primaryImageOfPage":{"@id":"https:\/\/edicionesalfar.es\/es\/producto\/descifrarte\/#primaryimage"},"image":{"@id":"https:\/\/edicionesalfar.es\/es\/producto\/descifrarte\/#primaryimage"},"thumbnailUrl":"https:\/\/edicionesalfar.es\/es\/wp-content\/uploads\/2023\/09\/9788478989836.jpg","datePublished":"2023-09-12T09:45:23+00:00","dateModified":"2023-09-12T09:45:27+00:00","breadcrumb":{"@id":"https:\/\/edicionesalfar.es\/es\/producto\/descifrarte\/#breadcrumb"},"inLanguage":"es","potentialAction":[{"@type":"ReadAction","target":["https:\/\/edicionesalfar.es\/es\/producto\/descifrarte\/"]}]},{"@type":"ImageObject","inLanguage":"es","@id":"https:\/\/edicionesalfar.es\/es\/producto\/descifrarte\/#primaryimage","url":"https:\/\/edicionesalfar.es\/es\/wp-content\/uploads\/2023\/09\/9788478989836.jpg","contentUrl":"https:\/\/edicionesalfar.es\/es\/wp-content\/uploads\/2023\/09\/9788478989836.jpg","width":1784,"height":2478},{"@type":"BreadcrumbList","@id":"https:\/\/edicionesalfar.es\/es\/producto\/descifrarte\/#breadcrumb","itemListElement":[{"@type":"ListItem","position":1,"name":"Portada","item":"https:\/\/edicionesalfar.es\/es\/"},{"@type":"ListItem","position":2,"name":"Cat\u00e1logo","item":"https:\/\/edicionesalfar.es\/es\/catalogo\/"},{"@type":"ListItem","position":3,"name":"Descifrarte"}]},{"@type":"WebSite","@id":"https:\/\/edicionesalfar.es\/es\/#website","url":"https:\/\/edicionesalfar.es\/es\/","name":"Ediciones Alfar","description":"","potentialAction":[{"@type":"SearchAction","target":{"@type":"EntryPoint","urlTemplate":"https:\/\/edicionesalfar.es\/es\/?s={search_term_string}"},"query-input":{"@type":"PropertyValueSpecification","valueRequired":true,"valueName":"search_term_string"}}],"inLanguage":"es"}]}},"_links":{"self":[{"href":"https:\/\/edicionesalfar.es\/es\/wp-json\/wp\/v2\/product\/120007","targetHints":{"allow":["GET"]}}],"collection":[{"href":"https:\/\/edicionesalfar.es\/es\/wp-json\/wp\/v2\/product"}],"about":[{"href":"https:\/\/edicionesalfar.es\/es\/wp-json\/wp\/v2\/types\/product"}],"replies":[{"embeddable":true,"href":"https:\/\/edicionesalfar.es\/es\/wp-json\/wp\/v2\/comments?post=120007"}],"wp:featuredmedia":[{"embeddable":true,"href":"https:\/\/edicionesalfar.es\/es\/wp-json\/wp\/v2\/media\/120008"}],"wp:attachment":[{"href":"https:\/\/edicionesalfar.es\/es\/wp-json\/wp\/v2\/media?parent=120007"}],"wp:term":[{"taxonomy":"product_brand","embeddable":true,"href":"https:\/\/edicionesalfar.es\/es\/wp-json\/wp\/v2\/product_brand?post=120007"},{"taxonomy":"product_cat","embeddable":true,"href":"https:\/\/edicionesalfar.es\/es\/wp-json\/wp\/v2\/product_cat?post=120007"},{"taxonomy":"product_tag","embeddable":true,"href":"https:\/\/edicionesalfar.es\/es\/wp-json\/wp\/v2\/product_tag?post=120007"}],"curies":[{"name":"wp","href":"https:\/\/api.w.org\/{rel}","templated":true}]}}