{"id":120003,"date":"2023-09-12T09:01:05","date_gmt":"2023-09-12T07:01:05","guid":{"rendered":"https:\/\/edicionesalfar.es\/es\/?post_type=product&#038;p=120003"},"modified":"2023-09-12T09:01:08","modified_gmt":"2023-09-12T07:01:08","slug":"jean-giono-mi-padre","status":"publish","type":"product","link":"https:\/\/edicionesalfar.es\/es\/producto\/jean-giono-mi-padre\/","title":{"rendered":"Jean Giono, mi padre"},"content":{"rendered":"<p>La mayor de las dos hijas del estupendo narrador que fue Jean Giono recuerda los d\u00edas de su infancia en la casa familiar de la Provenza y los cuenta en este libro de un modo tan fresco y divertido como tierno e inolvidable, porque lo normal se convierte en extraordinario cuando tienes un padre que \u201c\u00a1se divierte escribiendo cuentos para grandes!\u201d. Aline Giono, tras finalizar sus estudios superiores, trabaj\u00f3 durante veintisiete a\u00f1os en \u00c9ditions Gallimard, la editorial en que publicaba su padre. En 1972 fund\u00f3, con Henri Fluch\u00e8re, la asociaci\u00f3n Amigos de Jean Giono, cuya sede es el \u201cLou Pa\u00efs\u201d, la casa familiar en Manosque de la familia Giono, donde transcurren los normales pero extraordinarios sucesos que se cuentan en este libro y donde, tras el fallecimiento de Aline, a\u00fan sigue viviendo su hermana menor, Sylvie.<\/p>\n","protected":false},"excerpt":{"rendered":"<p>La mayor de las dos hijas del estupendo narrador que fue Jean Giono recuerda los d\u00edas de su infancia en la casa familiar de la Provenza y los cuenta en este libro de un modo tan fresco y divertido como tierno e inolvidable, porque lo normal se convierte en extraordinario cuando tienes un padre que \u201c\u00a1se divierte escribiendo cuentos para grandes!\u201d.<\/p>\n","protected":false},"featured_media":120004,"comment_status":"closed","ping_status":"closed","template":"","meta":{"_acf_changed":false,"_et_pb_use_builder":"","_et_pb_old_content":"","_et_gb_content_width":""},"product_brand":[],"product_cat":[15],"product_tag":[],"class_list":{"0":"post-120003","1":"product","2":"type-product","3":"status-publish","4":"has-post-thumbnail","6":"product_cat-sin-categorizar","8":"first","9":"instock","10":"taxable","11":"shipping-taxable","12":"purchasable","13":"product-type-simple"},"acf":[],"yoast_head":"<!-- This site is optimized with the Yoast SEO plugin v27.5 - https:\/\/yoast.com\/product\/yoast-seo-wordpress\/ -->\n<title>Jean Giono, mi padre - Ediciones Alfar<\/title>\n<meta name=\"robots\" content=\"index, follow, max-snippet:-1, max-image-preview:large, max-video-preview:-1\" \/>\n<link rel=\"canonical\" href=\"https:\/\/edicionesalfar.es\/es\/producto\/jean-giono-mi-padre\/\" \/>\n<meta property=\"og:locale\" content=\"es_ES\" \/>\n<meta property=\"og:type\" content=\"article\" \/>\n<meta property=\"og:title\" content=\"Jean Giono, mi padre - Ediciones Alfar\" \/>\n<meta property=\"og:description\" content=\"La mayor de las dos hijas del estupendo narrador que fue Jean Giono recuerda los d\u00edas de su infancia en la casa familiar de la Provenza y los cuenta en este libro de un modo tan fresco y divertido como tierno e inolvidable, porque lo normal se convierte en extraordinario cuando tienes un padre que \u201c\u00a1se divierte escribiendo cuentos para grandes!\u201d.\" \/>\n<meta property=\"og:url\" content=\"https:\/\/edicionesalfar.es\/es\/producto\/jean-giono-mi-padre\/\" \/>\n<meta property=\"og:site_name\" content=\"Ediciones Alfar\" \/>\n<meta property=\"article:modified_time\" content=\"2023-09-12T07:01:08+00:00\" \/>\n<meta property=\"og:image\" content=\"https:\/\/edicionesalfar.es\/es\/wp-content\/uploads\/2023\/09\/9788478989812.jpg\" \/>\n\t<meta property=\"og:image:width\" content=\"1535\" \/>\n\t<meta property=\"og:image:height\" content=\"2537\" \/>\n\t<meta property=\"og:image:type\" content=\"image\/jpeg\" \/>\n<meta name=\"twitter:card\" content=\"summary_large_image\" \/>\n<meta name=\"twitter:label1\" content=\"Tiempo de lectura\" \/>\n\t<meta name=\"twitter:data1\" content=\"1 minuto\" \/>\n<script type=\"application\/ld+json\" class=\"yoast-schema-graph\">{\"@context\":\"https:\\\/\\\/schema.org\",\"@graph\":[{\"@type\":\"WebPage\",\"@id\":\"https:\\\/\\\/edicionesalfar.es\\\/es\\\/producto\\\/jean-giono-mi-padre\\\/\",\"url\":\"https:\\\/\\\/edicionesalfar.es\\\/es\\\/producto\\\/jean-giono-mi-padre\\\/\",\"name\":\"Jean Giono, mi padre - Ediciones Alfar\",\"isPartOf\":{\"@id\":\"https:\\\/\\\/edicionesalfar.es\\\/es\\\/#website\"},\"primaryImageOfPage\":{\"@id\":\"https:\\\/\\\/edicionesalfar.es\\\/es\\\/producto\\\/jean-giono-mi-padre\\\/#primaryimage\"},\"image\":{\"@id\":\"https:\\\/\\\/edicionesalfar.es\\\/es\\\/producto\\\/jean-giono-mi-padre\\\/#primaryimage\"},\"thumbnailUrl\":\"https:\\\/\\\/edicionesalfar.es\\\/es\\\/wp-content\\\/uploads\\\/2023\\\/09\\\/9788478989812.jpg\",\"datePublished\":\"2023-09-12T07:01:05+00:00\",\"dateModified\":\"2023-09-12T07:01:08+00:00\",\"breadcrumb\":{\"@id\":\"https:\\\/\\\/edicionesalfar.es\\\/es\\\/producto\\\/jean-giono-mi-padre\\\/#breadcrumb\"},\"inLanguage\":\"es\",\"potentialAction\":[{\"@type\":\"ReadAction\",\"target\":[\"https:\\\/\\\/edicionesalfar.es\\\/es\\\/producto\\\/jean-giono-mi-padre\\\/\"]}]},{\"@type\":\"ImageObject\",\"inLanguage\":\"es\",\"@id\":\"https:\\\/\\\/edicionesalfar.es\\\/es\\\/producto\\\/jean-giono-mi-padre\\\/#primaryimage\",\"url\":\"https:\\\/\\\/edicionesalfar.es\\\/es\\\/wp-content\\\/uploads\\\/2023\\\/09\\\/9788478989812.jpg\",\"contentUrl\":\"https:\\\/\\\/edicionesalfar.es\\\/es\\\/wp-content\\\/uploads\\\/2023\\\/09\\\/9788478989812.jpg\",\"width\":1535,\"height\":2537},{\"@type\":\"BreadcrumbList\",\"@id\":\"https:\\\/\\\/edicionesalfar.es\\\/es\\\/producto\\\/jean-giono-mi-padre\\\/#breadcrumb\",\"itemListElement\":[{\"@type\":\"ListItem\",\"position\":1,\"name\":\"Portada\",\"item\":\"https:\\\/\\\/edicionesalfar.es\\\/es\\\/\"},{\"@type\":\"ListItem\",\"position\":2,\"name\":\"Cat\u00e1logo\",\"item\":\"https:\\\/\\\/edicionesalfar.es\\\/es\\\/catalogo\\\/\"},{\"@type\":\"ListItem\",\"position\":3,\"name\":\"Jean Giono, mi padre\"}]},{\"@type\":\"WebSite\",\"@id\":\"https:\\\/\\\/edicionesalfar.es\\\/es\\\/#website\",\"url\":\"https:\\\/\\\/edicionesalfar.es\\\/es\\\/\",\"name\":\"Ediciones Alfar\",\"description\":\"\",\"potentialAction\":[{\"@type\":\"SearchAction\",\"target\":{\"@type\":\"EntryPoint\",\"urlTemplate\":\"https:\\\/\\\/edicionesalfar.es\\\/es\\\/?s={search_term_string}\"},\"query-input\":{\"@type\":\"PropertyValueSpecification\",\"valueRequired\":true,\"valueName\":\"search_term_string\"}}],\"inLanguage\":\"es\"}]}<\/script>\n<!-- \/ Yoast SEO plugin. -->","yoast_head_json":{"title":"Jean Giono, mi padre - Ediciones Alfar","robots":{"index":"index","follow":"follow","max-snippet":"max-snippet:-1","max-image-preview":"max-image-preview:large","max-video-preview":"max-video-preview:-1"},"canonical":"https:\/\/edicionesalfar.es\/es\/producto\/jean-giono-mi-padre\/","og_locale":"es_ES","og_type":"article","og_title":"Jean Giono, mi padre - Ediciones Alfar","og_description":"La mayor de las dos hijas del estupendo narrador que fue Jean Giono recuerda los d\u00edas de su infancia en la casa familiar de la Provenza y los cuenta en este libro de un modo tan fresco y divertido como tierno e inolvidable, porque lo normal se convierte en extraordinario cuando tienes un padre que \u201c\u00a1se divierte escribiendo cuentos para grandes!\u201d.","og_url":"https:\/\/edicionesalfar.es\/es\/producto\/jean-giono-mi-padre\/","og_site_name":"Ediciones Alfar","article_modified_time":"2023-09-12T07:01:08+00:00","og_image":[{"width":1535,"height":2537,"url":"https:\/\/edicionesalfar.es\/es\/wp-content\/uploads\/2023\/09\/9788478989812.jpg","type":"image\/jpeg"}],"twitter_card":"summary_large_image","twitter_misc":{"Tiempo de lectura":"1 minuto"},"schema":{"@context":"https:\/\/schema.org","@graph":[{"@type":"WebPage","@id":"https:\/\/edicionesalfar.es\/es\/producto\/jean-giono-mi-padre\/","url":"https:\/\/edicionesalfar.es\/es\/producto\/jean-giono-mi-padre\/","name":"Jean Giono, mi padre - Ediciones Alfar","isPartOf":{"@id":"https:\/\/edicionesalfar.es\/es\/#website"},"primaryImageOfPage":{"@id":"https:\/\/edicionesalfar.es\/es\/producto\/jean-giono-mi-padre\/#primaryimage"},"image":{"@id":"https:\/\/edicionesalfar.es\/es\/producto\/jean-giono-mi-padre\/#primaryimage"},"thumbnailUrl":"https:\/\/edicionesalfar.es\/es\/wp-content\/uploads\/2023\/09\/9788478989812.jpg","datePublished":"2023-09-12T07:01:05+00:00","dateModified":"2023-09-12T07:01:08+00:00","breadcrumb":{"@id":"https:\/\/edicionesalfar.es\/es\/producto\/jean-giono-mi-padre\/#breadcrumb"},"inLanguage":"es","potentialAction":[{"@type":"ReadAction","target":["https:\/\/edicionesalfar.es\/es\/producto\/jean-giono-mi-padre\/"]}]},{"@type":"ImageObject","inLanguage":"es","@id":"https:\/\/edicionesalfar.es\/es\/producto\/jean-giono-mi-padre\/#primaryimage","url":"https:\/\/edicionesalfar.es\/es\/wp-content\/uploads\/2023\/09\/9788478989812.jpg","contentUrl":"https:\/\/edicionesalfar.es\/es\/wp-content\/uploads\/2023\/09\/9788478989812.jpg","width":1535,"height":2537},{"@type":"BreadcrumbList","@id":"https:\/\/edicionesalfar.es\/es\/producto\/jean-giono-mi-padre\/#breadcrumb","itemListElement":[{"@type":"ListItem","position":1,"name":"Portada","item":"https:\/\/edicionesalfar.es\/es\/"},{"@type":"ListItem","position":2,"name":"Cat\u00e1logo","item":"https:\/\/edicionesalfar.es\/es\/catalogo\/"},{"@type":"ListItem","position":3,"name":"Jean Giono, mi padre"}]},{"@type":"WebSite","@id":"https:\/\/edicionesalfar.es\/es\/#website","url":"https:\/\/edicionesalfar.es\/es\/","name":"Ediciones Alfar","description":"","potentialAction":[{"@type":"SearchAction","target":{"@type":"EntryPoint","urlTemplate":"https:\/\/edicionesalfar.es\/es\/?s={search_term_string}"},"query-input":{"@type":"PropertyValueSpecification","valueRequired":true,"valueName":"search_term_string"}}],"inLanguage":"es"}]}},"_links":{"self":[{"href":"https:\/\/edicionesalfar.es\/es\/wp-json\/wp\/v2\/product\/120003","targetHints":{"allow":["GET"]}}],"collection":[{"href":"https:\/\/edicionesalfar.es\/es\/wp-json\/wp\/v2\/product"}],"about":[{"href":"https:\/\/edicionesalfar.es\/es\/wp-json\/wp\/v2\/types\/product"}],"replies":[{"embeddable":true,"href":"https:\/\/edicionesalfar.es\/es\/wp-json\/wp\/v2\/comments?post=120003"}],"wp:featuredmedia":[{"embeddable":true,"href":"https:\/\/edicionesalfar.es\/es\/wp-json\/wp\/v2\/media\/120004"}],"wp:attachment":[{"href":"https:\/\/edicionesalfar.es\/es\/wp-json\/wp\/v2\/media?parent=120003"}],"wp:term":[{"taxonomy":"product_brand","embeddable":true,"href":"https:\/\/edicionesalfar.es\/es\/wp-json\/wp\/v2\/product_brand?post=120003"},{"taxonomy":"product_cat","embeddable":true,"href":"https:\/\/edicionesalfar.es\/es\/wp-json\/wp\/v2\/product_cat?post=120003"},{"taxonomy":"product_tag","embeddable":true,"href":"https:\/\/edicionesalfar.es\/es\/wp-json\/wp\/v2\/product_tag?post=120003"}],"curies":[{"name":"wp","href":"https:\/\/api.w.org\/{rel}","templated":true}]}}