{"id":119999,"date":"2023-09-12T08:32:46","date_gmt":"2023-09-12T06:32:46","guid":{"rendered":"https:\/\/edicionesalfar.es\/es\/?post_type=product&#038;p=119999"},"modified":"2023-09-28T21:28:34","modified_gmt":"2023-09-28T19:28:34","slug":"los-doce","status":"publish","type":"product","link":"https:\/\/edicionesalfar.es\/es\/producto\/los-doce\/","title":{"rendered":"Los Doce"},"content":{"rendered":"<p>Doce hombres se re\u00fanen cada noche desde septiembre de 1936 para decidir sobre el destino de sus vecinos, ahora divididos en bandos enemigos, en una Espa\u00f1a que cambia de golpe. Se les conoce como los doce ap\u00f3stoles. El peque\u00f1o Jos\u00e9 Sastre, Taponcito, ve truncada su ni\u00f1ez, la cual se proyecta al futuro en una distop\u00eda donde sus descendientes ser\u00e1n protagonistas de una situaci\u00f3n que condena a la repetici\u00f3n de lo m\u00e1s oscuro de nuestra historia. La familia Sastre, descendientes de Taponcito, se ve abocada a intervenir en una misi\u00f3n trascendental para tratar de recuperar la libertad y la democracia en un pa\u00eds confundido y dividido como anta\u00f1o.<\/p>\n<p>PACO OLIVER JIM\u00c9NEZ. Naci\u00f3 en Sevilla el 21 de abril de 1964. Casado y padre de dos hijos. Periodista, Licenciado en Ciencias de la Informaci\u00f3n por la Universidad Complutense de Madrid en 1987. Ha desarrollado su carrera profesional en diferentes empresas y medios de comunicaci\u00f3n, principalmente en Canal Sur Televisi\u00f3n, donde trabaja en la actualidad. Reportajes, cr\u00f3nicas, art\u00edculos, guiones forman parte de su d\u00eda a d\u00eda a lo largo de su trayectoria, que ha ido compaginado con la escritura de relatos de ficci\u00f3n.<\/p>\n<p>Paco el de La Columna. Cartas a Amalia, tambi\u00e9n editada por Ediciones Alfar, fue su primera publicaci\u00f3n en un g\u00e9nero que mezcla la novela con la cr\u00f3nica period\u00edstica y el relato documental.\u00a0Los Doce se adentra en la ficci\u00f3n para describir historias que arrancan en el pasado y se proyectan hacia un futuro incierto y dist\u00f3pico, que se conectan a trav\u00e9s de los personajes de una familia<br \/>\nen distintas generaciones.<\/p>\n","protected":false},"excerpt":{"rendered":"<p>Doce hombres se re\u00fanen cada noche desde septiembre de 1936 para decidir sobre el destino de sus vecinos, ahora divididos en bandos enemigos, en una Espa\u00f1a que cambia de golpe. Se les conoce como los doce ap\u00f3stoles. El peque\u00f1o Jos\u00e9 Sastre, Taponcito, ve truncada su ni\u00f1ez, la cual se proyecta al futuro en una distop\u00eda donde sus descendientes ser\u00e1n protagonistas de una situaci\u00f3n que condena a la repetici\u00f3n de lo m\u00e1s oscuro de nuestra historia.<\/p>\n","protected":false},"featured_media":120000,"comment_status":"closed","ping_status":"closed","template":"","meta":{"_acf_changed":false,"_et_pb_use_builder":"","_et_pb_old_content":"","_et_gb_content_width":""},"product_brand":[],"product_cat":[372,376,375,606,47,15],"product_tag":[],"class_list":{"0":"post-119999","1":"product","2":"type-product","3":"status-publish","4":"has-post-thumbnail","6":"product_cat-alfar","7":"product_cat-autores","8":"product_cat-editoriales","9":"product_cat-oliver-paco","10":"product_cat-otras-narrativas","11":"product_cat-sin-categorizar","13":"first","14":"instock","15":"taxable","16":"shipping-taxable","17":"purchasable","18":"product-type-simple"},"acf":[],"yoast_head":"<!-- This site is optimized with the Yoast SEO plugin v27.3 - https:\/\/yoast.com\/product\/yoast-seo-wordpress\/ -->\n<title>Los Doce - Ediciones Alfar<\/title>\n<meta name=\"robots\" content=\"index, follow, max-snippet:-1, max-image-preview:large, max-video-preview:-1\" \/>\n<link rel=\"canonical\" href=\"https:\/\/edicionesalfar.es\/es\/producto\/los-doce\/\" \/>\n<meta property=\"og:locale\" content=\"es_ES\" \/>\n<meta property=\"og:type\" content=\"article\" \/>\n<meta property=\"og:title\" content=\"Los Doce - Ediciones Alfar\" \/>\n<meta property=\"og:description\" content=\"Doce hombres se re\u00fanen cada noche desde septiembre de 1936 para decidir sobre el destino de sus vecinos, ahora divididos en bandos enemigos, en una Espa\u00f1a que cambia de golpe. Se les conoce como los doce ap\u00f3stoles. El peque\u00f1o Jos\u00e9 Sastre, Taponcito, ve truncada su ni\u00f1ez, la cual se proyecta al futuro en una distop\u00eda donde sus descendientes ser\u00e1n protagonistas de una situaci\u00f3n que condena a la repetici\u00f3n de lo m\u00e1s oscuro de nuestra historia.\" \/>\n<meta property=\"og:url\" content=\"https:\/\/edicionesalfar.es\/es\/producto\/los-doce\/\" \/>\n<meta property=\"og:site_name\" content=\"Ediciones Alfar\" \/>\n<meta property=\"article:modified_time\" content=\"2023-09-28T19:28:34+00:00\" \/>\n<meta property=\"og:image\" content=\"https:\/\/edicionesalfar.es\/es\/wp-content\/uploads\/2023\/09\/9788478989843-scaled.jpg\" \/>\n\t<meta property=\"og:image:width\" content=\"1806\" \/>\n\t<meta property=\"og:image:height\" content=\"2560\" \/>\n\t<meta property=\"og:image:type\" content=\"image\/jpeg\" \/>\n<meta name=\"twitter:card\" content=\"summary_large_image\" \/>\n<meta name=\"twitter:label1\" content=\"Tiempo de lectura\" \/>\n\t<meta name=\"twitter:data1\" content=\"2 minutos\" \/>\n<script type=\"application\/ld+json\" class=\"yoast-schema-graph\">{\"@context\":\"https:\\\/\\\/schema.org\",\"@graph\":[{\"@type\":\"WebPage\",\"@id\":\"https:\\\/\\\/edicionesalfar.es\\\/es\\\/producto\\\/los-doce\\\/\",\"url\":\"https:\\\/\\\/edicionesalfar.es\\\/es\\\/producto\\\/los-doce\\\/\",\"name\":\"Los Doce - Ediciones Alfar\",\"isPartOf\":{\"@id\":\"https:\\\/\\\/edicionesalfar.es\\\/es\\\/#website\"},\"primaryImageOfPage\":{\"@id\":\"https:\\\/\\\/edicionesalfar.es\\\/es\\\/producto\\\/los-doce\\\/#primaryimage\"},\"image\":{\"@id\":\"https:\\\/\\\/edicionesalfar.es\\\/es\\\/producto\\\/los-doce\\\/#primaryimage\"},\"thumbnailUrl\":\"https:\\\/\\\/edicionesalfar.es\\\/es\\\/wp-content\\\/uploads\\\/2023\\\/09\\\/9788478989843-scaled.jpg\",\"datePublished\":\"2023-09-12T06:32:46+00:00\",\"dateModified\":\"2023-09-28T19:28:34+00:00\",\"breadcrumb\":{\"@id\":\"https:\\\/\\\/edicionesalfar.es\\\/es\\\/producto\\\/los-doce\\\/#breadcrumb\"},\"inLanguage\":\"es\",\"potentialAction\":[{\"@type\":\"ReadAction\",\"target\":[\"https:\\\/\\\/edicionesalfar.es\\\/es\\\/producto\\\/los-doce\\\/\"]}]},{\"@type\":\"ImageObject\",\"inLanguage\":\"es\",\"@id\":\"https:\\\/\\\/edicionesalfar.es\\\/es\\\/producto\\\/los-doce\\\/#primaryimage\",\"url\":\"https:\\\/\\\/edicionesalfar.es\\\/es\\\/wp-content\\\/uploads\\\/2023\\\/09\\\/9788478989843-scaled.jpg\",\"contentUrl\":\"https:\\\/\\\/edicionesalfar.es\\\/es\\\/wp-content\\\/uploads\\\/2023\\\/09\\\/9788478989843-scaled.jpg\",\"width\":1806,\"height\":2560},{\"@type\":\"BreadcrumbList\",\"@id\":\"https:\\\/\\\/edicionesalfar.es\\\/es\\\/producto\\\/los-doce\\\/#breadcrumb\",\"itemListElement\":[{\"@type\":\"ListItem\",\"position\":1,\"name\":\"Portada\",\"item\":\"https:\\\/\\\/edicionesalfar.es\\\/es\\\/\"},{\"@type\":\"ListItem\",\"position\":2,\"name\":\"Cat\u00e1logo\",\"item\":\"https:\\\/\\\/edicionesalfar.es\\\/es\\\/catalogo\\\/\"},{\"@type\":\"ListItem\",\"position\":3,\"name\":\"Los Doce\"}]},{\"@type\":\"WebSite\",\"@id\":\"https:\\\/\\\/edicionesalfar.es\\\/es\\\/#website\",\"url\":\"https:\\\/\\\/edicionesalfar.es\\\/es\\\/\",\"name\":\"Ediciones Alfar\",\"description\":\"\",\"potentialAction\":[{\"@type\":\"SearchAction\",\"target\":{\"@type\":\"EntryPoint\",\"urlTemplate\":\"https:\\\/\\\/edicionesalfar.es\\\/es\\\/?s={search_term_string}\"},\"query-input\":{\"@type\":\"PropertyValueSpecification\",\"valueRequired\":true,\"valueName\":\"search_term_string\"}}],\"inLanguage\":\"es\"}]}<\/script>\n<!-- \/ Yoast SEO plugin. -->","yoast_head_json":{"title":"Los Doce - Ediciones Alfar","robots":{"index":"index","follow":"follow","max-snippet":"max-snippet:-1","max-image-preview":"max-image-preview:large","max-video-preview":"max-video-preview:-1"},"canonical":"https:\/\/edicionesalfar.es\/es\/producto\/los-doce\/","og_locale":"es_ES","og_type":"article","og_title":"Los Doce - Ediciones Alfar","og_description":"Doce hombres se re\u00fanen cada noche desde septiembre de 1936 para decidir sobre el destino de sus vecinos, ahora divididos en bandos enemigos, en una Espa\u00f1a que cambia de golpe. Se les conoce como los doce ap\u00f3stoles. El peque\u00f1o Jos\u00e9 Sastre, Taponcito, ve truncada su ni\u00f1ez, la cual se proyecta al futuro en una distop\u00eda donde sus descendientes ser\u00e1n protagonistas de una situaci\u00f3n que condena a la repetici\u00f3n de lo m\u00e1s oscuro de nuestra historia.","og_url":"https:\/\/edicionesalfar.es\/es\/producto\/los-doce\/","og_site_name":"Ediciones Alfar","article_modified_time":"2023-09-28T19:28:34+00:00","og_image":[{"width":1806,"height":2560,"url":"https:\/\/edicionesalfar.es\/es\/wp-content\/uploads\/2023\/09\/9788478989843-scaled.jpg","type":"image\/jpeg"}],"twitter_card":"summary_large_image","twitter_misc":{"Tiempo de lectura":"2 minutos"},"schema":{"@context":"https:\/\/schema.org","@graph":[{"@type":"WebPage","@id":"https:\/\/edicionesalfar.es\/es\/producto\/los-doce\/","url":"https:\/\/edicionesalfar.es\/es\/producto\/los-doce\/","name":"Los Doce - Ediciones Alfar","isPartOf":{"@id":"https:\/\/edicionesalfar.es\/es\/#website"},"primaryImageOfPage":{"@id":"https:\/\/edicionesalfar.es\/es\/producto\/los-doce\/#primaryimage"},"image":{"@id":"https:\/\/edicionesalfar.es\/es\/producto\/los-doce\/#primaryimage"},"thumbnailUrl":"https:\/\/edicionesalfar.es\/es\/wp-content\/uploads\/2023\/09\/9788478989843-scaled.jpg","datePublished":"2023-09-12T06:32:46+00:00","dateModified":"2023-09-28T19:28:34+00:00","breadcrumb":{"@id":"https:\/\/edicionesalfar.es\/es\/producto\/los-doce\/#breadcrumb"},"inLanguage":"es","potentialAction":[{"@type":"ReadAction","target":["https:\/\/edicionesalfar.es\/es\/producto\/los-doce\/"]}]},{"@type":"ImageObject","inLanguage":"es","@id":"https:\/\/edicionesalfar.es\/es\/producto\/los-doce\/#primaryimage","url":"https:\/\/edicionesalfar.es\/es\/wp-content\/uploads\/2023\/09\/9788478989843-scaled.jpg","contentUrl":"https:\/\/edicionesalfar.es\/es\/wp-content\/uploads\/2023\/09\/9788478989843-scaled.jpg","width":1806,"height":2560},{"@type":"BreadcrumbList","@id":"https:\/\/edicionesalfar.es\/es\/producto\/los-doce\/#breadcrumb","itemListElement":[{"@type":"ListItem","position":1,"name":"Portada","item":"https:\/\/edicionesalfar.es\/es\/"},{"@type":"ListItem","position":2,"name":"Cat\u00e1logo","item":"https:\/\/edicionesalfar.es\/es\/catalogo\/"},{"@type":"ListItem","position":3,"name":"Los Doce"}]},{"@type":"WebSite","@id":"https:\/\/edicionesalfar.es\/es\/#website","url":"https:\/\/edicionesalfar.es\/es\/","name":"Ediciones Alfar","description":"","potentialAction":[{"@type":"SearchAction","target":{"@type":"EntryPoint","urlTemplate":"https:\/\/edicionesalfar.es\/es\/?s={search_term_string}"},"query-input":{"@type":"PropertyValueSpecification","valueRequired":true,"valueName":"search_term_string"}}],"inLanguage":"es"}]}},"_links":{"self":[{"href":"https:\/\/edicionesalfar.es\/es\/wp-json\/wp\/v2\/product\/119999","targetHints":{"allow":["GET"]}}],"collection":[{"href":"https:\/\/edicionesalfar.es\/es\/wp-json\/wp\/v2\/product"}],"about":[{"href":"https:\/\/edicionesalfar.es\/es\/wp-json\/wp\/v2\/types\/product"}],"replies":[{"embeddable":true,"href":"https:\/\/edicionesalfar.es\/es\/wp-json\/wp\/v2\/comments?post=119999"}],"wp:featuredmedia":[{"embeddable":true,"href":"https:\/\/edicionesalfar.es\/es\/wp-json\/wp\/v2\/media\/120000"}],"wp:attachment":[{"href":"https:\/\/edicionesalfar.es\/es\/wp-json\/wp\/v2\/media?parent=119999"}],"wp:term":[{"taxonomy":"product_brand","embeddable":true,"href":"https:\/\/edicionesalfar.es\/es\/wp-json\/wp\/v2\/product_brand?post=119999"},{"taxonomy":"product_cat","embeddable":true,"href":"https:\/\/edicionesalfar.es\/es\/wp-json\/wp\/v2\/product_cat?post=119999"},{"taxonomy":"product_tag","embeddable":true,"href":"https:\/\/edicionesalfar.es\/es\/wp-json\/wp\/v2\/product_tag?post=119999"}],"curies":[{"name":"wp","href":"https:\/\/api.w.org\/{rel}","templated":true}]}}