{"id":119688,"date":"2023-02-27T09:46:30","date_gmt":"2023-02-27T08:46:30","guid":{"rendered":"https:\/\/edicionesalfar.es\/es\/?post_type=product&#038;p=119688"},"modified":"2023-09-20T12:04:45","modified_gmt":"2023-09-20T10:04:45","slug":"a-imagen-y-semejanza-de-la-semana-santa-de-sevilla","status":"publish","type":"product","link":"https:\/\/edicionesalfar.es\/es\/producto\/a-imagen-y-semejanza-de-la-semana-santa-de-sevilla\/","title":{"rendered":"A imagen y semejanza de la Semana Santa de Sevilla"},"content":{"rendered":"<p>En Espa\u00f1a no existe un patr\u00f3n \u00fanico de celebraci\u00f3n de la Semana Santa, sino que encuentra en el pa\u00eds m\u00faltiples variables. A pesar de ello, en la era de la globalizaci\u00f3n, las influencias de culturas, costumbres y comportamientos de otras latitudes que gozan de acendrada tradici\u00f3n cofrade y de bagaje exitoso en su puesta en escena, se han convertido en fuerzas determinantes. Es por ello que no podemos ocultar la sevillanizaci\u00f3n de muchas formas tanto est\u00e9ticas, como de experiencia y vivencia. As\u00ed, se encuentran m\u00faltiples paralelismos e influencias que se han ido acentuando en los albores del siglo XXI y hasta nuestros d\u00edas, reproduci\u00e9ndose en pueblos y ciudades, bien por cercan\u00eda y contagio de la capital andaluza, o bien porque simplemente el barroquismo y las formas de las cofrad\u00edas hispalenses han convencido y gustado tanto que su estilo ha sido importado (que no exportado), hasta el punto de que no existe actualmente un reducto que no haya sido conquistado por el modelo de la Semana Santa de Sevilla, que se alza con una fuerza casi dogm\u00e1tica.<\/p>\n<p>ENRIQUE GUEVARA P\u00c9REZ, naci\u00f3 en Madrid en 1978. Licenciado en Administraci\u00f3n y Direcci\u00f3n de Empresas y M\u00e1ster en Direcci\u00f3n Financiera, desarrolla actualmente su labor profesional como directivo en el sector de grandes almacenes. Es hermano de la Primitiva Hermandad de los Nazarenos de Sevilla (El Silencio), y de la de Ntro. Padre Jes\u00fas del Gran Poder y Mar\u00eda Stma. de la Esperanza Macarena, de Madrid, a cuya junta de gobierno ha pertenecido como consiliario y teniente de hermano mayor, habiendo sido adem\u00e1s su pregonero en 2007 y autor del libro conmemorativo del 75 aniversario fundacional, en 2015.<\/p>\n","protected":false},"excerpt":{"rendered":"<p>En la Semana Santa de Sevilla se encuentran muchos y diferentes paralelismos que se han visto reflejados e influenciados en otros pueblos y ciudades cercanas.<\/p>\n","protected":false},"featured_media":119881,"comment_status":"closed","ping_status":"closed","template":"","meta":{"_acf_changed":false,"_et_pb_use_builder":"","_et_pb_old_content":"","_et_gb_content_width":""},"product_brand":[],"product_cat":[52,15],"product_tag":[],"class_list":{"0":"post-119688","1":"product","2":"type-product","3":"status-publish","4":"has-post-thumbnail","6":"product_cat-semana-santa","7":"product_cat-sin-categorizar","9":"first","10":"instock","11":"sale","12":"taxable","13":"shipping-taxable","14":"purchasable","15":"product-type-simple"},"acf":[],"yoast_head":"<!-- This site is optimized with the Yoast SEO plugin v27.4 - https:\/\/yoast.com\/product\/yoast-seo-wordpress\/ -->\n<title>A imagen y semejanza de la Semana Santa de Sevilla - Ediciones Alfar<\/title>\n<meta name=\"robots\" content=\"index, follow, max-snippet:-1, max-image-preview:large, max-video-preview:-1\" \/>\n<link rel=\"canonical\" href=\"https:\/\/edicionesalfar.es\/es\/producto\/a-imagen-y-semejanza-de-la-semana-santa-de-sevilla\/\" \/>\n<meta property=\"og:locale\" content=\"es_ES\" \/>\n<meta property=\"og:type\" content=\"article\" \/>\n<meta property=\"og:title\" content=\"A imagen y semejanza de la Semana Santa de Sevilla - Ediciones Alfar\" \/>\n<meta property=\"og:description\" content=\"En la Semana Santa de Sevilla se encuentran muchos y diferentes paralelismos que se han visto reflejados e influenciados en otros pueblos y ciudades cercanas.\" \/>\n<meta property=\"og:url\" content=\"https:\/\/edicionesalfar.es\/es\/producto\/a-imagen-y-semejanza-de-la-semana-santa-de-sevilla\/\" \/>\n<meta property=\"og:site_name\" content=\"Ediciones Alfar\" \/>\n<meta property=\"article:modified_time\" content=\"2023-09-20T10:04:45+00:00\" \/>\n<meta property=\"og:image\" content=\"https:\/\/edicionesalfar.es\/es\/wp-content\/uploads\/2023\/02\/9788478989720_cubierta_aimagen-2.jpg\" \/>\n\t<meta property=\"og:image:width\" content=\"483\" \/>\n\t<meta property=\"og:image:height\" content=\"685\" \/>\n\t<meta property=\"og:image:type\" content=\"image\/jpeg\" \/>\n<meta name=\"twitter:card\" content=\"summary_large_image\" \/>\n<meta name=\"twitter:label1\" content=\"Tiempo de lectura\" \/>\n\t<meta name=\"twitter:data1\" content=\"2 minutos\" \/>\n<script type=\"application\/ld+json\" class=\"yoast-schema-graph\">{\"@context\":\"https:\\\/\\\/schema.org\",\"@graph\":[{\"@type\":\"WebPage\",\"@id\":\"https:\\\/\\\/edicionesalfar.es\\\/es\\\/producto\\\/a-imagen-y-semejanza-de-la-semana-santa-de-sevilla\\\/\",\"url\":\"https:\\\/\\\/edicionesalfar.es\\\/es\\\/producto\\\/a-imagen-y-semejanza-de-la-semana-santa-de-sevilla\\\/\",\"name\":\"A imagen y semejanza de la Semana Santa de Sevilla - Ediciones Alfar\",\"isPartOf\":{\"@id\":\"https:\\\/\\\/edicionesalfar.es\\\/es\\\/#website\"},\"primaryImageOfPage\":{\"@id\":\"https:\\\/\\\/edicionesalfar.es\\\/es\\\/producto\\\/a-imagen-y-semejanza-de-la-semana-santa-de-sevilla\\\/#primaryimage\"},\"image\":{\"@id\":\"https:\\\/\\\/edicionesalfar.es\\\/es\\\/producto\\\/a-imagen-y-semejanza-de-la-semana-santa-de-sevilla\\\/#primaryimage\"},\"thumbnailUrl\":\"https:\\\/\\\/edicionesalfar.es\\\/es\\\/wp-content\\\/uploads\\\/2023\\\/02\\\/9788478989720_cubierta_aimagen-2.jpg\",\"datePublished\":\"2023-02-27T08:46:30+00:00\",\"dateModified\":\"2023-09-20T10:04:45+00:00\",\"breadcrumb\":{\"@id\":\"https:\\\/\\\/edicionesalfar.es\\\/es\\\/producto\\\/a-imagen-y-semejanza-de-la-semana-santa-de-sevilla\\\/#breadcrumb\"},\"inLanguage\":\"es\",\"potentialAction\":[{\"@type\":\"ReadAction\",\"target\":[\"https:\\\/\\\/edicionesalfar.es\\\/es\\\/producto\\\/a-imagen-y-semejanza-de-la-semana-santa-de-sevilla\\\/\"]}]},{\"@type\":\"ImageObject\",\"inLanguage\":\"es\",\"@id\":\"https:\\\/\\\/edicionesalfar.es\\\/es\\\/producto\\\/a-imagen-y-semejanza-de-la-semana-santa-de-sevilla\\\/#primaryimage\",\"url\":\"https:\\\/\\\/edicionesalfar.es\\\/es\\\/wp-content\\\/uploads\\\/2023\\\/02\\\/9788478989720_cubierta_aimagen-2.jpg\",\"contentUrl\":\"https:\\\/\\\/edicionesalfar.es\\\/es\\\/wp-content\\\/uploads\\\/2023\\\/02\\\/9788478989720_cubierta_aimagen-2.jpg\",\"width\":483,\"height\":685},{\"@type\":\"BreadcrumbList\",\"@id\":\"https:\\\/\\\/edicionesalfar.es\\\/es\\\/producto\\\/a-imagen-y-semejanza-de-la-semana-santa-de-sevilla\\\/#breadcrumb\",\"itemListElement\":[{\"@type\":\"ListItem\",\"position\":1,\"name\":\"Portada\",\"item\":\"https:\\\/\\\/edicionesalfar.es\\\/es\\\/\"},{\"@type\":\"ListItem\",\"position\":2,\"name\":\"Cat\u00e1logo\",\"item\":\"https:\\\/\\\/edicionesalfar.es\\\/es\\\/catalogo\\\/\"},{\"@type\":\"ListItem\",\"position\":3,\"name\":\"A imagen y semejanza de la Semana Santa de Sevilla\"}]},{\"@type\":\"WebSite\",\"@id\":\"https:\\\/\\\/edicionesalfar.es\\\/es\\\/#website\",\"url\":\"https:\\\/\\\/edicionesalfar.es\\\/es\\\/\",\"name\":\"Ediciones Alfar\",\"description\":\"\",\"potentialAction\":[{\"@type\":\"SearchAction\",\"target\":{\"@type\":\"EntryPoint\",\"urlTemplate\":\"https:\\\/\\\/edicionesalfar.es\\\/es\\\/?s={search_term_string}\"},\"query-input\":{\"@type\":\"PropertyValueSpecification\",\"valueRequired\":true,\"valueName\":\"search_term_string\"}}],\"inLanguage\":\"es\"}]}<\/script>\n<!-- \/ Yoast SEO plugin. -->","yoast_head_json":{"title":"A imagen y semejanza de la Semana Santa de Sevilla - Ediciones Alfar","robots":{"index":"index","follow":"follow","max-snippet":"max-snippet:-1","max-image-preview":"max-image-preview:large","max-video-preview":"max-video-preview:-1"},"canonical":"https:\/\/edicionesalfar.es\/es\/producto\/a-imagen-y-semejanza-de-la-semana-santa-de-sevilla\/","og_locale":"es_ES","og_type":"article","og_title":"A imagen y semejanza de la Semana Santa de Sevilla - Ediciones Alfar","og_description":"En la Semana Santa de Sevilla se encuentran muchos y diferentes paralelismos que se han visto reflejados e influenciados en otros pueblos y ciudades cercanas.","og_url":"https:\/\/edicionesalfar.es\/es\/producto\/a-imagen-y-semejanza-de-la-semana-santa-de-sevilla\/","og_site_name":"Ediciones Alfar","article_modified_time":"2023-09-20T10:04:45+00:00","og_image":[{"width":483,"height":685,"url":"https:\/\/edicionesalfar.es\/es\/wp-content\/uploads\/2023\/02\/9788478989720_cubierta_aimagen-2.jpg","type":"image\/jpeg"}],"twitter_card":"summary_large_image","twitter_misc":{"Tiempo de lectura":"2 minutos"},"schema":{"@context":"https:\/\/schema.org","@graph":[{"@type":"WebPage","@id":"https:\/\/edicionesalfar.es\/es\/producto\/a-imagen-y-semejanza-de-la-semana-santa-de-sevilla\/","url":"https:\/\/edicionesalfar.es\/es\/producto\/a-imagen-y-semejanza-de-la-semana-santa-de-sevilla\/","name":"A imagen y semejanza de la Semana Santa de Sevilla - Ediciones Alfar","isPartOf":{"@id":"https:\/\/edicionesalfar.es\/es\/#website"},"primaryImageOfPage":{"@id":"https:\/\/edicionesalfar.es\/es\/producto\/a-imagen-y-semejanza-de-la-semana-santa-de-sevilla\/#primaryimage"},"image":{"@id":"https:\/\/edicionesalfar.es\/es\/producto\/a-imagen-y-semejanza-de-la-semana-santa-de-sevilla\/#primaryimage"},"thumbnailUrl":"https:\/\/edicionesalfar.es\/es\/wp-content\/uploads\/2023\/02\/9788478989720_cubierta_aimagen-2.jpg","datePublished":"2023-02-27T08:46:30+00:00","dateModified":"2023-09-20T10:04:45+00:00","breadcrumb":{"@id":"https:\/\/edicionesalfar.es\/es\/producto\/a-imagen-y-semejanza-de-la-semana-santa-de-sevilla\/#breadcrumb"},"inLanguage":"es","potentialAction":[{"@type":"ReadAction","target":["https:\/\/edicionesalfar.es\/es\/producto\/a-imagen-y-semejanza-de-la-semana-santa-de-sevilla\/"]}]},{"@type":"ImageObject","inLanguage":"es","@id":"https:\/\/edicionesalfar.es\/es\/producto\/a-imagen-y-semejanza-de-la-semana-santa-de-sevilla\/#primaryimage","url":"https:\/\/edicionesalfar.es\/es\/wp-content\/uploads\/2023\/02\/9788478989720_cubierta_aimagen-2.jpg","contentUrl":"https:\/\/edicionesalfar.es\/es\/wp-content\/uploads\/2023\/02\/9788478989720_cubierta_aimagen-2.jpg","width":483,"height":685},{"@type":"BreadcrumbList","@id":"https:\/\/edicionesalfar.es\/es\/producto\/a-imagen-y-semejanza-de-la-semana-santa-de-sevilla\/#breadcrumb","itemListElement":[{"@type":"ListItem","position":1,"name":"Portada","item":"https:\/\/edicionesalfar.es\/es\/"},{"@type":"ListItem","position":2,"name":"Cat\u00e1logo","item":"https:\/\/edicionesalfar.es\/es\/catalogo\/"},{"@type":"ListItem","position":3,"name":"A imagen y semejanza de la Semana Santa de Sevilla"}]},{"@type":"WebSite","@id":"https:\/\/edicionesalfar.es\/es\/#website","url":"https:\/\/edicionesalfar.es\/es\/","name":"Ediciones Alfar","description":"","potentialAction":[{"@type":"SearchAction","target":{"@type":"EntryPoint","urlTemplate":"https:\/\/edicionesalfar.es\/es\/?s={search_term_string}"},"query-input":{"@type":"PropertyValueSpecification","valueRequired":true,"valueName":"search_term_string"}}],"inLanguage":"es"}]}},"_links":{"self":[{"href":"https:\/\/edicionesalfar.es\/es\/wp-json\/wp\/v2\/product\/119688","targetHints":{"allow":["GET"]}}],"collection":[{"href":"https:\/\/edicionesalfar.es\/es\/wp-json\/wp\/v2\/product"}],"about":[{"href":"https:\/\/edicionesalfar.es\/es\/wp-json\/wp\/v2\/types\/product"}],"replies":[{"embeddable":true,"href":"https:\/\/edicionesalfar.es\/es\/wp-json\/wp\/v2\/comments?post=119688"}],"wp:featuredmedia":[{"embeddable":true,"href":"https:\/\/edicionesalfar.es\/es\/wp-json\/wp\/v2\/media\/119881"}],"wp:attachment":[{"href":"https:\/\/edicionesalfar.es\/es\/wp-json\/wp\/v2\/media?parent=119688"}],"wp:term":[{"taxonomy":"product_brand","embeddable":true,"href":"https:\/\/edicionesalfar.es\/es\/wp-json\/wp\/v2\/product_brand?post=119688"},{"taxonomy":"product_cat","embeddable":true,"href":"https:\/\/edicionesalfar.es\/es\/wp-json\/wp\/v2\/product_cat?post=119688"},{"taxonomy":"product_tag","embeddable":true,"href":"https:\/\/edicionesalfar.es\/es\/wp-json\/wp\/v2\/product_tag?post=119688"}],"curies":[{"name":"wp","href":"https:\/\/api.w.org\/{rel}","templated":true}]}}