{"id":119615,"date":"2023-02-08T23:51:43","date_gmt":"2023-02-08T22:51:43","guid":{"rendered":"https:\/\/edicionesalfar.es\/es\/?post_type=product&#038;p=119615"},"modified":"2023-03-20T10:36:33","modified_gmt":"2023-03-20T09:36:33","slug":"el-rabi-de-galilea","status":"publish","type":"product","link":"https:\/\/edicionesalfar.es\/es\/producto\/el-rabi-de-galilea\/","title":{"rendered":"El Rab\u00ed de Galilea"},"content":{"rendered":"<p><span style=\"color: #000000;\">Lo humano y lo divino se dan la mano en esta novela de ficci\u00f3n del director de cine, Miguel Becerra, para hacernos meditar sobre los m\u00faltiples aspectos que vertebran las caracter\u00edsticas esenciales que conforman la dimensi\u00f3n terrenal y trascendental del considerado hombre m\u00e1s importante de la historia de la humanidad: Jes\u00fas de Nazaret.<\/span><br \/>\n<span style=\"color: #000000;\">Una obra que nos adentra en la magnitud hist\u00f3rica del llamado Hijo de Dios, poniendo el acento en su vertiente m\u00e1s humana, ensombrecida en muchas ocasiones de forma intencionada para no eclipsar su luz divina \u00bfFue ese hombre algo m\u00e1s que un sedicioso crucificado en tiempos de Poncio Pilato? \u00bfUn Profeta desechado o tal vez un Mes\u00edas inesperado? \u00bfUn alborotador de masas o un agitador de conciencias? \u00bfUn Rey de Reyes de un reino tan intangible como inentendible por la sociedad de su tiempo? \u00bfQui\u00e9n lo envi\u00f3 y para qu\u00e9? Estas y otras muchas cuestiones son las que nos plantea la lectura de esta obra, sumergi\u00e9ndonos, sin prejuicios, en dudas hist\u00f3ricas que nos acercan al Rab\u00ed de Galilea m\u00e1s humano.<\/span><br \/>\n<span style=\"color: #000000;\">A ti y solamente a ti, corresponde acercarte a la figura del Nazareno del modo que elijas. Es posible que acabes cuestion\u00e1ndote si Jes\u00fas fue un Enviado, un Profeta o un Mes\u00edas&#8230; o si tal vez, fuera las tres cosas, como concluye el autor de esta novela, que nos ofrece una visi\u00f3n hist\u00f3rica, tan particular como imprescindible, para acercarnos a la figura de Aquel que vivi\u00f3 para hacernos visible la imagen del Dios invisible. Aquel que nos hace creer, aun sin haber visto.<\/span><\/p>\n<p><span style=\"color: #000000;\"><img decoding=\"async\" class=\" wp-image-119616 alignleft\" src=\"https:\/\/edicionesalfar.es\/es\/wp-content\/uploads\/2023\/02\/IMG-20211003-WA0021-200x300.jpg\" alt=\"\" width=\"112\" height=\"162\" \/>Miguel Becerra Ortiz (Madrid, 1970). Se educa en la localidad gaditana de La L\u00ednea de la Concepci\u00f3n. Estudia en la Universidad Complutense de Madrid Imagen y Sonido; y realiza cursos de direcci\u00f3n de cine, producci\u00f3n y guion cinematogr\u00e1fico.<\/span><br \/>\n<span style=\"color: #000000;\">Ha dirigido y producido m\u00e1s de 13 cortometrajes, siendo productor de dos largometrajes, cosechando reconocimientos internacionales y nacionales: Instituto Cervantes de Manchester, en la UMIP Universidad Men\u00e9ndez Pelayo&#8230; Tiene el honor de ser el primer Andaluz en recibir el premio RTVA al mejor Director Andaluz en 2004 y ha ganado como Productor Asociado un premio Goya (2006). Posee, adem\u00e1s, m\u00e1s de 150 premios por todos sus trabajos y ha sido tres veces nominado en la Academia de Cine.<\/span><br \/>\n<span style=\"color: #000000;\">Comienza a estudiar la figura de Jes\u00fas de Nazaret hace 25 a\u00f1os y desde entonces se va formando con profesores especialistas en la materia. Aunque no es un erudito, siempre dice que \u201cSoy un humilde caminante que aprendo cada d\u00eda que me regala de vida mi amigo y gran jefe, Jes\u00fas de Nazaret\u201d.<\/span><br \/>\n<span style=\"color: #000000;\">El Rab\u00ed de Galilea es su primera novela y su segunda incursi\u00f3n en la narrativa.<\/span><\/p>\n","protected":false},"excerpt":{"rendered":"<p><span style=\"color: #000000;\">El director de cine (premiado con un Goya), Miguel Becerra, hace su estreno literario con esta novela de no ficci\u00f3n en la que nos presenta su \u00abversi\u00f3n\u00bb sobre la historia de Jes\u00fas de Nazaret.<\/span><\/p>\n","protected":false},"featured_media":119678,"comment_status":"closed","ping_status":"closed","template":"","meta":{"_acf_changed":false,"_et_pb_use_builder":"","_et_pb_old_content":"","_et_gb_content_width":""},"product_brand":[],"product_cat":[372,376,569,375,47],"product_tag":[571,570,573,572],"class_list":{"0":"post-119615","1":"product","2":"type-product","3":"status-publish","4":"has-post-thumbnail","6":"product_cat-alfar","7":"product_cat-autores","8":"product_cat-becerra-miguel","9":"product_cat-editoriales","10":"product_cat-otras-narrativas","11":"product_tag-cirstianismo","12":"product_tag-jesus-de-nazaret","13":"product_tag-religion","14":"product_tag-version","16":"first","17":"instock","18":"sale","19":"taxable","20":"shipping-taxable","21":"purchasable","22":"product-type-simple"},"acf":[],"yoast_head":"<!-- This site is optimized with the Yoast SEO plugin v27.5 - https:\/\/yoast.com\/product\/yoast-seo-wordpress\/ -->\n<title>El Rab\u00ed de Galilea - Ediciones Alfar<\/title>\n<meta name=\"robots\" content=\"index, follow, max-snippet:-1, max-image-preview:large, max-video-preview:-1\" \/>\n<link rel=\"canonical\" href=\"https:\/\/edicionesalfar.es\/es\/producto\/el-rabi-de-galilea\/\" \/>\n<meta property=\"og:locale\" content=\"es_ES\" \/>\n<meta property=\"og:type\" content=\"article\" \/>\n<meta property=\"og:title\" content=\"El Rab\u00ed de Galilea - Ediciones Alfar\" \/>\n<meta property=\"og:description\" content=\"El director de cine (premiado con un Goya), Miguel Becerra, hace su estreno literario con esta novela de no ficci\u00f3n en la que nos presenta su &quot;versi\u00f3n&quot; sobre la historia de Jes\u00fas de Nazaret.\" \/>\n<meta property=\"og:url\" content=\"https:\/\/edicionesalfar.es\/es\/producto\/el-rabi-de-galilea\/\" \/>\n<meta property=\"og:site_name\" content=\"Ediciones Alfar\" \/>\n<meta property=\"article:modified_time\" content=\"2023-03-20T09:36:33+00:00\" \/>\n<meta property=\"og:image\" content=\"https:\/\/edicionesalfar.es\/es\/wp-content\/uploads\/2023\/02\/9788478989652_cubierta-1.jpg\" \/>\n\t<meta property=\"og:image:width\" content=\"421\" \/>\n\t<meta property=\"og:image:height\" content=\"590\" \/>\n\t<meta property=\"og:image:type\" content=\"image\/jpeg\" \/>\n<meta name=\"twitter:card\" content=\"summary_large_image\" \/>\n<meta name=\"twitter:label1\" content=\"Tiempo de lectura\" \/>\n\t<meta name=\"twitter:data1\" content=\"3 minutos\" \/>\n<script type=\"application\/ld+json\" class=\"yoast-schema-graph\">{\"@context\":\"https:\\\/\\\/schema.org\",\"@graph\":[{\"@type\":\"WebPage\",\"@id\":\"https:\\\/\\\/edicionesalfar.es\\\/es\\\/producto\\\/el-rabi-de-galilea\\\/\",\"url\":\"https:\\\/\\\/edicionesalfar.es\\\/es\\\/producto\\\/el-rabi-de-galilea\\\/\",\"name\":\"El Rab\u00ed de Galilea - Ediciones Alfar\",\"isPartOf\":{\"@id\":\"https:\\\/\\\/edicionesalfar.es\\\/es\\\/#website\"},\"primaryImageOfPage\":{\"@id\":\"https:\\\/\\\/edicionesalfar.es\\\/es\\\/producto\\\/el-rabi-de-galilea\\\/#primaryimage\"},\"image\":{\"@id\":\"https:\\\/\\\/edicionesalfar.es\\\/es\\\/producto\\\/el-rabi-de-galilea\\\/#primaryimage\"},\"thumbnailUrl\":\"https:\\\/\\\/edicionesalfar.es\\\/es\\\/wp-content\\\/uploads\\\/2023\\\/02\\\/9788478989652_cubierta-1.jpg\",\"datePublished\":\"2023-02-08T22:51:43+00:00\",\"dateModified\":\"2023-03-20T09:36:33+00:00\",\"breadcrumb\":{\"@id\":\"https:\\\/\\\/edicionesalfar.es\\\/es\\\/producto\\\/el-rabi-de-galilea\\\/#breadcrumb\"},\"inLanguage\":\"es\",\"potentialAction\":[{\"@type\":\"ReadAction\",\"target\":[\"https:\\\/\\\/edicionesalfar.es\\\/es\\\/producto\\\/el-rabi-de-galilea\\\/\"]}]},{\"@type\":\"ImageObject\",\"inLanguage\":\"es\",\"@id\":\"https:\\\/\\\/edicionesalfar.es\\\/es\\\/producto\\\/el-rabi-de-galilea\\\/#primaryimage\",\"url\":\"https:\\\/\\\/edicionesalfar.es\\\/es\\\/wp-content\\\/uploads\\\/2023\\\/02\\\/9788478989652_cubierta-1.jpg\",\"contentUrl\":\"https:\\\/\\\/edicionesalfar.es\\\/es\\\/wp-content\\\/uploads\\\/2023\\\/02\\\/9788478989652_cubierta-1.jpg\",\"width\":421,\"height\":590},{\"@type\":\"BreadcrumbList\",\"@id\":\"https:\\\/\\\/edicionesalfar.es\\\/es\\\/producto\\\/el-rabi-de-galilea\\\/#breadcrumb\",\"itemListElement\":[{\"@type\":\"ListItem\",\"position\":1,\"name\":\"Portada\",\"item\":\"https:\\\/\\\/edicionesalfar.es\\\/es\\\/\"},{\"@type\":\"ListItem\",\"position\":2,\"name\":\"Cat\u00e1logo\",\"item\":\"https:\\\/\\\/edicionesalfar.es\\\/es\\\/catalogo\\\/\"},{\"@type\":\"ListItem\",\"position\":3,\"name\":\"El Rab\u00ed de Galilea\"}]},{\"@type\":\"WebSite\",\"@id\":\"https:\\\/\\\/edicionesalfar.es\\\/es\\\/#website\",\"url\":\"https:\\\/\\\/edicionesalfar.es\\\/es\\\/\",\"name\":\"Ediciones Alfar\",\"description\":\"\",\"potentialAction\":[{\"@type\":\"SearchAction\",\"target\":{\"@type\":\"EntryPoint\",\"urlTemplate\":\"https:\\\/\\\/edicionesalfar.es\\\/es\\\/?s={search_term_string}\"},\"query-input\":{\"@type\":\"PropertyValueSpecification\",\"valueRequired\":true,\"valueName\":\"search_term_string\"}}],\"inLanguage\":\"es\"}]}<\/script>\n<!-- \/ Yoast SEO plugin. -->","yoast_head_json":{"title":"El Rab\u00ed de Galilea - Ediciones Alfar","robots":{"index":"index","follow":"follow","max-snippet":"max-snippet:-1","max-image-preview":"max-image-preview:large","max-video-preview":"max-video-preview:-1"},"canonical":"https:\/\/edicionesalfar.es\/es\/producto\/el-rabi-de-galilea\/","og_locale":"es_ES","og_type":"article","og_title":"El Rab\u00ed de Galilea - Ediciones Alfar","og_description":"El director de cine (premiado con un Goya), Miguel Becerra, hace su estreno literario con esta novela de no ficci\u00f3n en la que nos presenta su \"versi\u00f3n\" sobre la historia de Jes\u00fas de Nazaret.","og_url":"https:\/\/edicionesalfar.es\/es\/producto\/el-rabi-de-galilea\/","og_site_name":"Ediciones Alfar","article_modified_time":"2023-03-20T09:36:33+00:00","og_image":[{"width":421,"height":590,"url":"https:\/\/edicionesalfar.es\/es\/wp-content\/uploads\/2023\/02\/9788478989652_cubierta-1.jpg","type":"image\/jpeg"}],"twitter_card":"summary_large_image","twitter_misc":{"Tiempo de lectura":"3 minutos"},"schema":{"@context":"https:\/\/schema.org","@graph":[{"@type":"WebPage","@id":"https:\/\/edicionesalfar.es\/es\/producto\/el-rabi-de-galilea\/","url":"https:\/\/edicionesalfar.es\/es\/producto\/el-rabi-de-galilea\/","name":"El Rab\u00ed de Galilea - Ediciones Alfar","isPartOf":{"@id":"https:\/\/edicionesalfar.es\/es\/#website"},"primaryImageOfPage":{"@id":"https:\/\/edicionesalfar.es\/es\/producto\/el-rabi-de-galilea\/#primaryimage"},"image":{"@id":"https:\/\/edicionesalfar.es\/es\/producto\/el-rabi-de-galilea\/#primaryimage"},"thumbnailUrl":"https:\/\/edicionesalfar.es\/es\/wp-content\/uploads\/2023\/02\/9788478989652_cubierta-1.jpg","datePublished":"2023-02-08T22:51:43+00:00","dateModified":"2023-03-20T09:36:33+00:00","breadcrumb":{"@id":"https:\/\/edicionesalfar.es\/es\/producto\/el-rabi-de-galilea\/#breadcrumb"},"inLanguage":"es","potentialAction":[{"@type":"ReadAction","target":["https:\/\/edicionesalfar.es\/es\/producto\/el-rabi-de-galilea\/"]}]},{"@type":"ImageObject","inLanguage":"es","@id":"https:\/\/edicionesalfar.es\/es\/producto\/el-rabi-de-galilea\/#primaryimage","url":"https:\/\/edicionesalfar.es\/es\/wp-content\/uploads\/2023\/02\/9788478989652_cubierta-1.jpg","contentUrl":"https:\/\/edicionesalfar.es\/es\/wp-content\/uploads\/2023\/02\/9788478989652_cubierta-1.jpg","width":421,"height":590},{"@type":"BreadcrumbList","@id":"https:\/\/edicionesalfar.es\/es\/producto\/el-rabi-de-galilea\/#breadcrumb","itemListElement":[{"@type":"ListItem","position":1,"name":"Portada","item":"https:\/\/edicionesalfar.es\/es\/"},{"@type":"ListItem","position":2,"name":"Cat\u00e1logo","item":"https:\/\/edicionesalfar.es\/es\/catalogo\/"},{"@type":"ListItem","position":3,"name":"El Rab\u00ed de Galilea"}]},{"@type":"WebSite","@id":"https:\/\/edicionesalfar.es\/es\/#website","url":"https:\/\/edicionesalfar.es\/es\/","name":"Ediciones Alfar","description":"","potentialAction":[{"@type":"SearchAction","target":{"@type":"EntryPoint","urlTemplate":"https:\/\/edicionesalfar.es\/es\/?s={search_term_string}"},"query-input":{"@type":"PropertyValueSpecification","valueRequired":true,"valueName":"search_term_string"}}],"inLanguage":"es"}]}},"_links":{"self":[{"href":"https:\/\/edicionesalfar.es\/es\/wp-json\/wp\/v2\/product\/119615","targetHints":{"allow":["GET"]}}],"collection":[{"href":"https:\/\/edicionesalfar.es\/es\/wp-json\/wp\/v2\/product"}],"about":[{"href":"https:\/\/edicionesalfar.es\/es\/wp-json\/wp\/v2\/types\/product"}],"replies":[{"embeddable":true,"href":"https:\/\/edicionesalfar.es\/es\/wp-json\/wp\/v2\/comments?post=119615"}],"wp:featuredmedia":[{"embeddable":true,"href":"https:\/\/edicionesalfar.es\/es\/wp-json\/wp\/v2\/media\/119678"}],"wp:attachment":[{"href":"https:\/\/edicionesalfar.es\/es\/wp-json\/wp\/v2\/media?parent=119615"}],"wp:term":[{"taxonomy":"product_brand","embeddable":true,"href":"https:\/\/edicionesalfar.es\/es\/wp-json\/wp\/v2\/product_brand?post=119615"},{"taxonomy":"product_cat","embeddable":true,"href":"https:\/\/edicionesalfar.es\/es\/wp-json\/wp\/v2\/product_cat?post=119615"},{"taxonomy":"product_tag","embeddable":true,"href":"https:\/\/edicionesalfar.es\/es\/wp-json\/wp\/v2\/product_tag?post=119615"}],"curies":[{"name":"wp","href":"https:\/\/api.w.org\/{rel}","templated":true}]}}