{"id":119436,"date":"2023-01-12T23:27:26","date_gmt":"2023-01-12T22:27:26","guid":{"rendered":"https:\/\/edicionesalfar.es\/es\/?post_type=product&#038;p=119436"},"modified":"2023-02-13T10:57:16","modified_gmt":"2023-02-13T09:57:16","slug":"vinoso-ponto-y-otros-relatos","status":"publish","type":"product","link":"https:\/\/edicionesalfar.es\/es\/producto\/vinoso-ponto-y-otros-relatos\/","title":{"rendered":"Vinoso Ponto y otros relatos"},"content":{"rendered":"<p><span style=\"color: #000000;\">Un viejo profesor de Literatura Griega que debe enfrentarse a un Minotauro digital; un astr\u00f3nomo que se ve arrastrado al interior de su pel\u00edcula favorita; un hombre que se ve abducido por unos invasores extraterrestres; las v\u00edctimas de un deshaucio hipotecario que deben enfrentarse al imperio romano; un arribista que asocia su \u00e9xito a la posesi\u00f3n de diversos autom\u00f3viles; un combatiente de la batalla de Stalingrado atrapado en un bucle temporal o un atribulado padre que, noche tras noche, debe contar el mismo cuento a su ni\u00f1o.<\/span><br \/>\n<span style=\"color: #000000;\">En estas historias, y algunas m\u00e1s, se combinan elementos de la literatura fant\u00e1stica, como los viajes temporales o la irrupci\u00f3n en la vida cotidiana de realidades extra\u00f1as e inquietantes, con una visi\u00f3n realista y cr\u00edtica de la sociedad actual y de los desaf\u00edos que se nos plantean a los habitantes del siglo XXI, o de cualquier otra \u00e9poca.<\/span><br \/>\n<span style=\"color: #000000;\">Detr\u00e1s de sus historias particulares, estos relatos plantean temas tales como la violencia que se va infiltrando insidiosamente en nuestro d\u00eda a d\u00eda, el fetichismo consumista, la soberbia ciega de ciertos intelectuales o el imperialismo de las nuevas tecnolog\u00edas que condenan a muchas personas mayores (y no tanto) a deambular por aut\u00e9nticos \u201cgettos anal\u00f3gicos\u201d. Imperialismo que impone sus pantallas como filtros o sustitutos de la natural expresi\u00f3n de nuestras emociones cuando no de la realidad entera.<\/span><\/p>\n<p><img decoding=\"async\" class=\"size-medium wp-image-119437 alignleft\" src=\"https:\/\/edicionesalfar.es\/es\/wp-content\/uploads\/2023\/01\/20161225_133323-169x300.jpg\" alt=\"\" width=\"169\" height=\"300\" \/><span style=\"color: #000000;\">ADRI\u00c1N HUICI (Bah\u00eda Blanca, Argentina) es, desde hace m\u00e1s de treinta a\u00f1os, profesor en la Facultad de <\/span><span style=\"color: #000000;\">Comunicaci\u00f3n de la Universidad de Sevilla, aunque su formaci\u00f3n acad\u00e9mica es human\u00edstica: es Licenciado <\/span><span style=\"color: #000000;\">en Letras por la Universidad Nacional de Sur (Argentina) y Doctor en Filolog\u00eda por la de Sevilla. <\/span><span style=\"color: #000000;\">Adem\u00e1s de las publicaciones propias de su funci\u00f3n docente, centradas en la teor\u00eda de la comunicaci\u00f3n y <\/span><span style=\"color: #000000;\">la propaganda, ha publicado numerosos textos y estudios sobre Jorge Luis Borges, Julio Cort\u00e1zar o Jos\u00e9 <\/span><span style=\"color: #000000;\">Saramago, entre otros.<\/span><br \/>\n<span style=\"color: #000000;\">Este es su segundo libro de relatos tras<em> In Nomine Patris<\/em>, publicado tambi\u00e9n por Alfar en 1998.<\/span><\/p>\n","protected":false},"excerpt":{"rendered":"<p><span style=\"color: #000000;\">Los mejores elementos de la literatura fant\u00e1stica, junto con una visi\u00f3n realista y cr\u00edtica de la sociedad actual, son los que usa Adri\u00e1n Huici en sus relatos para mostrarnos los desaf\u00edos a los que nos enfrentamos como seres humanos, como ser colectivo. Todo con su estilo particular, heredero siempre de su origen, de sus lecturas, de sus influencias&#8230;<\/span><\/p>\n","protected":false},"featured_media":119464,"comment_status":"closed","ping_status":"closed","template":"","meta":{"_acf_changed":false,"_et_pb_use_builder":"","_et_pb_old_content":"","_et_gb_content_width":""},"product_brand":[],"product_cat":[372,376,375,556,47],"product_tag":[],"class_list":{"0":"post-119436","1":"product","2":"type-product","3":"status-publish","4":"has-post-thumbnail","6":"product_cat-alfar","7":"product_cat-autores","8":"product_cat-editoriales","9":"product_cat-huici-adrian","10":"product_cat-otras-narrativas","12":"first","13":"instock","14":"sale","15":"taxable","16":"shipping-taxable","17":"purchasable","18":"product-type-simple"},"acf":[],"yoast_head":"<!-- This site is optimized with the Yoast SEO plugin v27.4 - https:\/\/yoast.com\/product\/yoast-seo-wordpress\/ -->\n<title>Vinoso Ponto y otros relatos - Ediciones Alfar<\/title>\n<meta name=\"robots\" content=\"index, follow, max-snippet:-1, max-image-preview:large, max-video-preview:-1\" \/>\n<link rel=\"canonical\" href=\"https:\/\/edicionesalfar.es\/es\/producto\/vinoso-ponto-y-otros-relatos\/\" \/>\n<meta property=\"og:locale\" content=\"es_ES\" \/>\n<meta property=\"og:type\" content=\"article\" \/>\n<meta property=\"og:title\" content=\"Vinoso Ponto y otros relatos - Ediciones Alfar\" \/>\n<meta property=\"og:description\" content=\"Los mejores elementos de la literatura fant\u00e1stica, junto con una visi\u00f3n realista y cr\u00edtica de la sociedad actual, son los que usa Adri\u00e1n Huici en sus relatos para mostrarnos los desaf\u00edos a los que nos enfrentamos como seres humanos, como ser colectivo. Todo con su estilo particular, heredero siempre de su origen, de sus lecturas, de sus influencias...\" \/>\n<meta property=\"og:url\" content=\"https:\/\/edicionesalfar.es\/es\/producto\/vinoso-ponto-y-otros-relatos\/\" \/>\n<meta property=\"og:site_name\" content=\"Ediciones Alfar\" \/>\n<meta property=\"article:modified_time\" content=\"2023-02-13T09:57:16+00:00\" \/>\n<meta property=\"og:image\" content=\"https:\/\/edicionesalfar.es\/es\/wp-content\/uploads\/2023\/01\/9788478989478_cubierta-1.jpg\" \/>\n\t<meta property=\"og:image:width\" content=\"1537\" \/>\n\t<meta property=\"og:image:height\" content=\"2537\" \/>\n\t<meta property=\"og:image:type\" content=\"image\/jpeg\" \/>\n<meta name=\"twitter:card\" content=\"summary_large_image\" \/>\n<meta name=\"twitter:label1\" content=\"Tiempo de lectura\" \/>\n\t<meta name=\"twitter:data1\" content=\"2 minutos\" \/>\n<script type=\"application\/ld+json\" class=\"yoast-schema-graph\">{\"@context\":\"https:\\\/\\\/schema.org\",\"@graph\":[{\"@type\":\"WebPage\",\"@id\":\"https:\\\/\\\/edicionesalfar.es\\\/es\\\/producto\\\/vinoso-ponto-y-otros-relatos\\\/\",\"url\":\"https:\\\/\\\/edicionesalfar.es\\\/es\\\/producto\\\/vinoso-ponto-y-otros-relatos\\\/\",\"name\":\"Vinoso Ponto y otros relatos - Ediciones Alfar\",\"isPartOf\":{\"@id\":\"https:\\\/\\\/edicionesalfar.es\\\/es\\\/#website\"},\"primaryImageOfPage\":{\"@id\":\"https:\\\/\\\/edicionesalfar.es\\\/es\\\/producto\\\/vinoso-ponto-y-otros-relatos\\\/#primaryimage\"},\"image\":{\"@id\":\"https:\\\/\\\/edicionesalfar.es\\\/es\\\/producto\\\/vinoso-ponto-y-otros-relatos\\\/#primaryimage\"},\"thumbnailUrl\":\"https:\\\/\\\/edicionesalfar.es\\\/es\\\/wp-content\\\/uploads\\\/2023\\\/01\\\/9788478989478_cubierta-1.jpg\",\"datePublished\":\"2023-01-12T22:27:26+00:00\",\"dateModified\":\"2023-02-13T09:57:16+00:00\",\"breadcrumb\":{\"@id\":\"https:\\\/\\\/edicionesalfar.es\\\/es\\\/producto\\\/vinoso-ponto-y-otros-relatos\\\/#breadcrumb\"},\"inLanguage\":\"es\",\"potentialAction\":[{\"@type\":\"ReadAction\",\"target\":[\"https:\\\/\\\/edicionesalfar.es\\\/es\\\/producto\\\/vinoso-ponto-y-otros-relatos\\\/\"]}]},{\"@type\":\"ImageObject\",\"inLanguage\":\"es\",\"@id\":\"https:\\\/\\\/edicionesalfar.es\\\/es\\\/producto\\\/vinoso-ponto-y-otros-relatos\\\/#primaryimage\",\"url\":\"https:\\\/\\\/edicionesalfar.es\\\/es\\\/wp-content\\\/uploads\\\/2023\\\/01\\\/9788478989478_cubierta-1.jpg\",\"contentUrl\":\"https:\\\/\\\/edicionesalfar.es\\\/es\\\/wp-content\\\/uploads\\\/2023\\\/01\\\/9788478989478_cubierta-1.jpg\",\"width\":1537,\"height\":2537},{\"@type\":\"BreadcrumbList\",\"@id\":\"https:\\\/\\\/edicionesalfar.es\\\/es\\\/producto\\\/vinoso-ponto-y-otros-relatos\\\/#breadcrumb\",\"itemListElement\":[{\"@type\":\"ListItem\",\"position\":1,\"name\":\"Portada\",\"item\":\"https:\\\/\\\/edicionesalfar.es\\\/es\\\/\"},{\"@type\":\"ListItem\",\"position\":2,\"name\":\"Cat\u00e1logo\",\"item\":\"https:\\\/\\\/edicionesalfar.es\\\/es\\\/catalogo\\\/\"},{\"@type\":\"ListItem\",\"position\":3,\"name\":\"Vinoso Ponto y otros relatos\"}]},{\"@type\":\"WebSite\",\"@id\":\"https:\\\/\\\/edicionesalfar.es\\\/es\\\/#website\",\"url\":\"https:\\\/\\\/edicionesalfar.es\\\/es\\\/\",\"name\":\"Ediciones Alfar\",\"description\":\"\",\"potentialAction\":[{\"@type\":\"SearchAction\",\"target\":{\"@type\":\"EntryPoint\",\"urlTemplate\":\"https:\\\/\\\/edicionesalfar.es\\\/es\\\/?s={search_term_string}\"},\"query-input\":{\"@type\":\"PropertyValueSpecification\",\"valueRequired\":true,\"valueName\":\"search_term_string\"}}],\"inLanguage\":\"es\"}]}<\/script>\n<!-- \/ Yoast SEO plugin. -->","yoast_head_json":{"title":"Vinoso Ponto y otros relatos - Ediciones Alfar","robots":{"index":"index","follow":"follow","max-snippet":"max-snippet:-1","max-image-preview":"max-image-preview:large","max-video-preview":"max-video-preview:-1"},"canonical":"https:\/\/edicionesalfar.es\/es\/producto\/vinoso-ponto-y-otros-relatos\/","og_locale":"es_ES","og_type":"article","og_title":"Vinoso Ponto y otros relatos - Ediciones Alfar","og_description":"Los mejores elementos de la literatura fant\u00e1stica, junto con una visi\u00f3n realista y cr\u00edtica de la sociedad actual, son los que usa Adri\u00e1n Huici en sus relatos para mostrarnos los desaf\u00edos a los que nos enfrentamos como seres humanos, como ser colectivo. Todo con su estilo particular, heredero siempre de su origen, de sus lecturas, de sus influencias...","og_url":"https:\/\/edicionesalfar.es\/es\/producto\/vinoso-ponto-y-otros-relatos\/","og_site_name":"Ediciones Alfar","article_modified_time":"2023-02-13T09:57:16+00:00","og_image":[{"width":1537,"height":2537,"url":"https:\/\/edicionesalfar.es\/es\/wp-content\/uploads\/2023\/01\/9788478989478_cubierta-1.jpg","type":"image\/jpeg"}],"twitter_card":"summary_large_image","twitter_misc":{"Tiempo de lectura":"2 minutos"},"schema":{"@context":"https:\/\/schema.org","@graph":[{"@type":"WebPage","@id":"https:\/\/edicionesalfar.es\/es\/producto\/vinoso-ponto-y-otros-relatos\/","url":"https:\/\/edicionesalfar.es\/es\/producto\/vinoso-ponto-y-otros-relatos\/","name":"Vinoso Ponto y otros relatos - Ediciones Alfar","isPartOf":{"@id":"https:\/\/edicionesalfar.es\/es\/#website"},"primaryImageOfPage":{"@id":"https:\/\/edicionesalfar.es\/es\/producto\/vinoso-ponto-y-otros-relatos\/#primaryimage"},"image":{"@id":"https:\/\/edicionesalfar.es\/es\/producto\/vinoso-ponto-y-otros-relatos\/#primaryimage"},"thumbnailUrl":"https:\/\/edicionesalfar.es\/es\/wp-content\/uploads\/2023\/01\/9788478989478_cubierta-1.jpg","datePublished":"2023-01-12T22:27:26+00:00","dateModified":"2023-02-13T09:57:16+00:00","breadcrumb":{"@id":"https:\/\/edicionesalfar.es\/es\/producto\/vinoso-ponto-y-otros-relatos\/#breadcrumb"},"inLanguage":"es","potentialAction":[{"@type":"ReadAction","target":["https:\/\/edicionesalfar.es\/es\/producto\/vinoso-ponto-y-otros-relatos\/"]}]},{"@type":"ImageObject","inLanguage":"es","@id":"https:\/\/edicionesalfar.es\/es\/producto\/vinoso-ponto-y-otros-relatos\/#primaryimage","url":"https:\/\/edicionesalfar.es\/es\/wp-content\/uploads\/2023\/01\/9788478989478_cubierta-1.jpg","contentUrl":"https:\/\/edicionesalfar.es\/es\/wp-content\/uploads\/2023\/01\/9788478989478_cubierta-1.jpg","width":1537,"height":2537},{"@type":"BreadcrumbList","@id":"https:\/\/edicionesalfar.es\/es\/producto\/vinoso-ponto-y-otros-relatos\/#breadcrumb","itemListElement":[{"@type":"ListItem","position":1,"name":"Portada","item":"https:\/\/edicionesalfar.es\/es\/"},{"@type":"ListItem","position":2,"name":"Cat\u00e1logo","item":"https:\/\/edicionesalfar.es\/es\/catalogo\/"},{"@type":"ListItem","position":3,"name":"Vinoso Ponto y otros relatos"}]},{"@type":"WebSite","@id":"https:\/\/edicionesalfar.es\/es\/#website","url":"https:\/\/edicionesalfar.es\/es\/","name":"Ediciones Alfar","description":"","potentialAction":[{"@type":"SearchAction","target":{"@type":"EntryPoint","urlTemplate":"https:\/\/edicionesalfar.es\/es\/?s={search_term_string}"},"query-input":{"@type":"PropertyValueSpecification","valueRequired":true,"valueName":"search_term_string"}}],"inLanguage":"es"}]}},"_links":{"self":[{"href":"https:\/\/edicionesalfar.es\/es\/wp-json\/wp\/v2\/product\/119436","targetHints":{"allow":["GET"]}}],"collection":[{"href":"https:\/\/edicionesalfar.es\/es\/wp-json\/wp\/v2\/product"}],"about":[{"href":"https:\/\/edicionesalfar.es\/es\/wp-json\/wp\/v2\/types\/product"}],"replies":[{"embeddable":true,"href":"https:\/\/edicionesalfar.es\/es\/wp-json\/wp\/v2\/comments?post=119436"}],"wp:featuredmedia":[{"embeddable":true,"href":"https:\/\/edicionesalfar.es\/es\/wp-json\/wp\/v2\/media\/119464"}],"wp:attachment":[{"href":"https:\/\/edicionesalfar.es\/es\/wp-json\/wp\/v2\/media?parent=119436"}],"wp:term":[{"taxonomy":"product_brand","embeddable":true,"href":"https:\/\/edicionesalfar.es\/es\/wp-json\/wp\/v2\/product_brand?post=119436"},{"taxonomy":"product_cat","embeddable":true,"href":"https:\/\/edicionesalfar.es\/es\/wp-json\/wp\/v2\/product_cat?post=119436"},{"taxonomy":"product_tag","embeddable":true,"href":"https:\/\/edicionesalfar.es\/es\/wp-json\/wp\/v2\/product_tag?post=119436"}],"curies":[{"name":"wp","href":"https:\/\/api.w.org\/{rel}","templated":true}]}}