{"id":119304,"date":"2022-12-17T01:07:59","date_gmt":"2022-12-17T00:07:59","guid":{"rendered":"https:\/\/edicionesalfar.es\/es\/?post_type=product&#038;p=119304"},"modified":"2023-01-30T10:19:27","modified_gmt":"2023-01-30T09:19:27","slug":"la-razon-de-la-sinrazon","status":"publish","type":"product","link":"https:\/\/edicionesalfar.es\/es\/producto\/la-razon-de-la-sinrazon\/","title":{"rendered":"La raz\u00f3n de la sinraz\u00f3n"},"content":{"rendered":"<p><span style=\"color: #000000;\"><em>La raz\u00f3n de la sinraz\u00f3n<\/em> fue una obra incomprendida y relegada por algunos de los grandes estudiosos de Gald\u00f3s. A partir de las \u00faltimas d\u00e9cadas del siglo XX, una nueva cr\u00edtica la valor\u00f3 y encuadr\u00f3 en la vis\u00f3n regeneracionista del autor, tan presente en sus \u00faltimas producciones. Esta primera edici\u00f3n cr\u00edtica de la novela subraya que la intenci\u00f3n renovadora de la sociedad espa\u00f1ola de principios de la pasada centuria, se adec\u00faa perfectamente al g\u00e9nero de la f\u00e1bula. Arim\u00e1n plantea la situaci\u00f3n: mantener a Alejandro y Ursaria en la Sinraz\u00f3n. Atenaida reacciona: lucha por alejar a ambos de la Maldad y conducirlos a la Raz\u00f3n. Esta tensi\u00f3n la desatar\u00e1 un cataclismo de autor desconocido. El que acciona el detonador queda en suspense. Puede ser el Diablo o Dios. La violencia selectiva parece adaptarse a un destinatario de clase media partidario de la regeneraci\u00f3n nacional, pero inseguro de qui\u00e9n debe ejercer la violencia que conduzca a la victoria de la Verdad y La Raz\u00f3n.<\/span><\/p>\n<p><span style=\"color: #000000;\">Con edici\u00f3n cr\u00edtica de \u00c1lvaro Romero Marco es profesor universitario especialista en literatura contempor\u00e1nea espa\u00f1ola. Ha publicado numerosos estudios sobre autores representativos hisp\u00e1nicos como pueden ser Max Aub, Alfonso Sastre, Roberto Bola\u00f1o. En esta misma editorial realiz\u00f3 la edici\u00f3n cr\u00edtica de <em>Halma<\/em>. Adem\u00e1s es autor de una novela, <em>El pretendiente<\/em> y una colecci\u00f3n de relatos, <em>Delirios de California.<\/em><\/span><\/p>\n","protected":false},"excerpt":{"rendered":"<p><span style=\"color: #000000;\">Obra muy poco conocida, y hasta no hace mucho, poco reconocida de Benito P\u00e9rez Gald\u00f3s. Y sobre todo, publicados por primera vez con edici\u00f3n cr\u00edtica y anotaciones. Se trata de una novela en modo \u00abf\u00e1bula\u00bb en la que los \u00abprotagonistas\u00bb son la Raz\u00f3n, la Sinraz\u00f3n, la Maldad, la Bondad&#8230;<\/span><\/p>\n","protected":false},"featured_media":119465,"comment_status":"closed","ping_status":"closed","template":"","meta":{"_acf_changed":false,"_et_pb_use_builder":"","_et_pb_old_content":"","_et_gb_content_width":""},"product_brand":[],"product_cat":[372,376,34,375,542,543],"product_tag":[],"class_list":{"0":"post-119304","1":"product","2":"type-product","3":"status-publish","4":"has-post-thumbnail","6":"product_cat-alfar","7":"product_cat-autores","8":"product_cat-siglo-xix","9":"product_cat-editoriales","10":"product_cat-perez-galdos-benito","11":"product_cat-romero-marco-alvaro","13":"first","14":"instock","15":"sale","16":"taxable","17":"shipping-taxable","18":"purchasable","19":"product-type-simple"},"acf":[],"yoast_head":"<!-- This site is optimized with the Yoast SEO plugin v27.6 - https:\/\/yoast.com\/product\/yoast-seo-wordpress\/ -->\n<title>La raz\u00f3n de la sinraz\u00f3n - Ediciones Alfar<\/title>\n<meta name=\"robots\" content=\"index, follow, max-snippet:-1, max-image-preview:large, max-video-preview:-1\" \/>\n<link rel=\"canonical\" href=\"https:\/\/edicionesalfar.es\/es\/producto\/la-razon-de-la-sinrazon\/\" \/>\n<meta property=\"og:locale\" content=\"es_ES\" \/>\n<meta property=\"og:type\" content=\"article\" \/>\n<meta property=\"og:title\" content=\"La raz\u00f3n de la sinraz\u00f3n - Ediciones Alfar\" \/>\n<meta property=\"og:description\" content=\"Obra muy poco conocida, y hasta no hace mucho, poco reconocida de Benito P\u00e9rez Gald\u00f3s. Y sobre todo, publicados por primera vez con edici\u00f3n cr\u00edtica y anotaciones. Se trata de una novela en modo &quot;f\u00e1bula&quot; en la que los &quot;protagonistas&quot; son la Raz\u00f3n, la Sinraz\u00f3n, la Maldad, la Bondad...\" \/>\n<meta property=\"og:url\" content=\"https:\/\/edicionesalfar.es\/es\/producto\/la-razon-de-la-sinrazon\/\" \/>\n<meta property=\"og:site_name\" content=\"Ediciones Alfar\" \/>\n<meta property=\"article:modified_time\" content=\"2023-01-30T09:19:27+00:00\" \/>\n<meta property=\"og:image\" content=\"https:\/\/edicionesalfar.es\/es\/wp-content\/uploads\/2022\/12\/9788478989621_cubierta-1.jpg\" \/>\n\t<meta property=\"og:image:width\" content=\"368\" \/>\n\t<meta property=\"og:image:height\" content=\"599\" \/>\n\t<meta property=\"og:image:type\" content=\"image\/jpeg\" \/>\n<meta name=\"twitter:card\" content=\"summary_large_image\" \/>\n<meta name=\"twitter:label1\" content=\"Tiempo de lectura\" \/>\n\t<meta name=\"twitter:data1\" content=\"2 minutos\" \/>\n<script type=\"application\/ld+json\" class=\"yoast-schema-graph\">{\"@context\":\"https:\\\/\\\/schema.org\",\"@graph\":[{\"@type\":\"WebPage\",\"@id\":\"https:\\\/\\\/edicionesalfar.es\\\/es\\\/producto\\\/la-razon-de-la-sinrazon\\\/\",\"url\":\"https:\\\/\\\/edicionesalfar.es\\\/es\\\/producto\\\/la-razon-de-la-sinrazon\\\/\",\"name\":\"La raz\u00f3n de la sinraz\u00f3n - Ediciones Alfar\",\"isPartOf\":{\"@id\":\"https:\\\/\\\/edicionesalfar.es\\\/es\\\/#website\"},\"primaryImageOfPage\":{\"@id\":\"https:\\\/\\\/edicionesalfar.es\\\/es\\\/producto\\\/la-razon-de-la-sinrazon\\\/#primaryimage\"},\"image\":{\"@id\":\"https:\\\/\\\/edicionesalfar.es\\\/es\\\/producto\\\/la-razon-de-la-sinrazon\\\/#primaryimage\"},\"thumbnailUrl\":\"https:\\\/\\\/edicionesalfar.es\\\/es\\\/wp-content\\\/uploads\\\/2022\\\/12\\\/9788478989621_cubierta-1.jpg\",\"datePublished\":\"2022-12-17T00:07:59+00:00\",\"dateModified\":\"2023-01-30T09:19:27+00:00\",\"breadcrumb\":{\"@id\":\"https:\\\/\\\/edicionesalfar.es\\\/es\\\/producto\\\/la-razon-de-la-sinrazon\\\/#breadcrumb\"},\"inLanguage\":\"es\",\"potentialAction\":[{\"@type\":\"ReadAction\",\"target\":[\"https:\\\/\\\/edicionesalfar.es\\\/es\\\/producto\\\/la-razon-de-la-sinrazon\\\/\"]}]},{\"@type\":\"ImageObject\",\"inLanguage\":\"es\",\"@id\":\"https:\\\/\\\/edicionesalfar.es\\\/es\\\/producto\\\/la-razon-de-la-sinrazon\\\/#primaryimage\",\"url\":\"https:\\\/\\\/edicionesalfar.es\\\/es\\\/wp-content\\\/uploads\\\/2022\\\/12\\\/9788478989621_cubierta-1.jpg\",\"contentUrl\":\"https:\\\/\\\/edicionesalfar.es\\\/es\\\/wp-content\\\/uploads\\\/2022\\\/12\\\/9788478989621_cubierta-1.jpg\",\"width\":368,\"height\":599},{\"@type\":\"BreadcrumbList\",\"@id\":\"https:\\\/\\\/edicionesalfar.es\\\/es\\\/producto\\\/la-razon-de-la-sinrazon\\\/#breadcrumb\",\"itemListElement\":[{\"@type\":\"ListItem\",\"position\":1,\"name\":\"Portada\",\"item\":\"https:\\\/\\\/edicionesalfar.es\\\/es\\\/\"},{\"@type\":\"ListItem\",\"position\":2,\"name\":\"Cat\u00e1logo\",\"item\":\"https:\\\/\\\/edicionesalfar.es\\\/es\\\/catalogo\\\/\"},{\"@type\":\"ListItem\",\"position\":3,\"name\":\"La raz\u00f3n de la sinraz\u00f3n\"}]},{\"@type\":\"WebSite\",\"@id\":\"https:\\\/\\\/edicionesalfar.es\\\/es\\\/#website\",\"url\":\"https:\\\/\\\/edicionesalfar.es\\\/es\\\/\",\"name\":\"Ediciones Alfar\",\"description\":\"\",\"potentialAction\":[{\"@type\":\"SearchAction\",\"target\":{\"@type\":\"EntryPoint\",\"urlTemplate\":\"https:\\\/\\\/edicionesalfar.es\\\/es\\\/?s={search_term_string}\"},\"query-input\":{\"@type\":\"PropertyValueSpecification\",\"valueRequired\":true,\"valueName\":\"search_term_string\"}}],\"inLanguage\":\"es\"}]}<\/script>\n<!-- \/ Yoast SEO plugin. -->","yoast_head_json":{"title":"La raz\u00f3n de la sinraz\u00f3n - Ediciones Alfar","robots":{"index":"index","follow":"follow","max-snippet":"max-snippet:-1","max-image-preview":"max-image-preview:large","max-video-preview":"max-video-preview:-1"},"canonical":"https:\/\/edicionesalfar.es\/es\/producto\/la-razon-de-la-sinrazon\/","og_locale":"es_ES","og_type":"article","og_title":"La raz\u00f3n de la sinraz\u00f3n - Ediciones Alfar","og_description":"Obra muy poco conocida, y hasta no hace mucho, poco reconocida de Benito P\u00e9rez Gald\u00f3s. Y sobre todo, publicados por primera vez con edici\u00f3n cr\u00edtica y anotaciones. Se trata de una novela en modo \"f\u00e1bula\" en la que los \"protagonistas\" son la Raz\u00f3n, la Sinraz\u00f3n, la Maldad, la Bondad...","og_url":"https:\/\/edicionesalfar.es\/es\/producto\/la-razon-de-la-sinrazon\/","og_site_name":"Ediciones Alfar","article_modified_time":"2023-01-30T09:19:27+00:00","og_image":[{"width":368,"height":599,"url":"https:\/\/edicionesalfar.es\/es\/wp-content\/uploads\/2022\/12\/9788478989621_cubierta-1.jpg","type":"image\/jpeg"}],"twitter_card":"summary_large_image","twitter_misc":{"Tiempo de lectura":"2 minutos"},"schema":{"@context":"https:\/\/schema.org","@graph":[{"@type":"WebPage","@id":"https:\/\/edicionesalfar.es\/es\/producto\/la-razon-de-la-sinrazon\/","url":"https:\/\/edicionesalfar.es\/es\/producto\/la-razon-de-la-sinrazon\/","name":"La raz\u00f3n de la sinraz\u00f3n - Ediciones Alfar","isPartOf":{"@id":"https:\/\/edicionesalfar.es\/es\/#website"},"primaryImageOfPage":{"@id":"https:\/\/edicionesalfar.es\/es\/producto\/la-razon-de-la-sinrazon\/#primaryimage"},"image":{"@id":"https:\/\/edicionesalfar.es\/es\/producto\/la-razon-de-la-sinrazon\/#primaryimage"},"thumbnailUrl":"https:\/\/edicionesalfar.es\/es\/wp-content\/uploads\/2022\/12\/9788478989621_cubierta-1.jpg","datePublished":"2022-12-17T00:07:59+00:00","dateModified":"2023-01-30T09:19:27+00:00","breadcrumb":{"@id":"https:\/\/edicionesalfar.es\/es\/producto\/la-razon-de-la-sinrazon\/#breadcrumb"},"inLanguage":"es","potentialAction":[{"@type":"ReadAction","target":["https:\/\/edicionesalfar.es\/es\/producto\/la-razon-de-la-sinrazon\/"]}]},{"@type":"ImageObject","inLanguage":"es","@id":"https:\/\/edicionesalfar.es\/es\/producto\/la-razon-de-la-sinrazon\/#primaryimage","url":"https:\/\/edicionesalfar.es\/es\/wp-content\/uploads\/2022\/12\/9788478989621_cubierta-1.jpg","contentUrl":"https:\/\/edicionesalfar.es\/es\/wp-content\/uploads\/2022\/12\/9788478989621_cubierta-1.jpg","width":368,"height":599},{"@type":"BreadcrumbList","@id":"https:\/\/edicionesalfar.es\/es\/producto\/la-razon-de-la-sinrazon\/#breadcrumb","itemListElement":[{"@type":"ListItem","position":1,"name":"Portada","item":"https:\/\/edicionesalfar.es\/es\/"},{"@type":"ListItem","position":2,"name":"Cat\u00e1logo","item":"https:\/\/edicionesalfar.es\/es\/catalogo\/"},{"@type":"ListItem","position":3,"name":"La raz\u00f3n de la sinraz\u00f3n"}]},{"@type":"WebSite","@id":"https:\/\/edicionesalfar.es\/es\/#website","url":"https:\/\/edicionesalfar.es\/es\/","name":"Ediciones Alfar","description":"","potentialAction":[{"@type":"SearchAction","target":{"@type":"EntryPoint","urlTemplate":"https:\/\/edicionesalfar.es\/es\/?s={search_term_string}"},"query-input":{"@type":"PropertyValueSpecification","valueRequired":true,"valueName":"search_term_string"}}],"inLanguage":"es"}]}},"_links":{"self":[{"href":"https:\/\/edicionesalfar.es\/es\/wp-json\/wp\/v2\/product\/119304","targetHints":{"allow":["GET"]}}],"collection":[{"href":"https:\/\/edicionesalfar.es\/es\/wp-json\/wp\/v2\/product"}],"about":[{"href":"https:\/\/edicionesalfar.es\/es\/wp-json\/wp\/v2\/types\/product"}],"replies":[{"embeddable":true,"href":"https:\/\/edicionesalfar.es\/es\/wp-json\/wp\/v2\/comments?post=119304"}],"wp:featuredmedia":[{"embeddable":true,"href":"https:\/\/edicionesalfar.es\/es\/wp-json\/wp\/v2\/media\/119465"}],"wp:attachment":[{"href":"https:\/\/edicionesalfar.es\/es\/wp-json\/wp\/v2\/media?parent=119304"}],"wp:term":[{"taxonomy":"product_brand","embeddable":true,"href":"https:\/\/edicionesalfar.es\/es\/wp-json\/wp\/v2\/product_brand?post=119304"},{"taxonomy":"product_cat","embeddable":true,"href":"https:\/\/edicionesalfar.es\/es\/wp-json\/wp\/v2\/product_cat?post=119304"},{"taxonomy":"product_tag","embeddable":true,"href":"https:\/\/edicionesalfar.es\/es\/wp-json\/wp\/v2\/product_tag?post=119304"}],"curies":[{"name":"wp","href":"https:\/\/api.w.org\/{rel}","templated":true}]}}