{"id":119189,"date":"2022-11-23T22:00:29","date_gmt":"2022-11-23T21:00:29","guid":{"rendered":"https:\/\/edicionesalfar.es\/es\/?post_type=product&#038;p=119189"},"modified":"2024-10-17T07:46:45","modified_gmt":"2024-10-17T05:46:45","slug":"generacion-tangai-carnaval-cadiz-canal-sur","status":"publish","type":"product","link":"https:\/\/edicionesalfar.es\/es\/producto\/generacion-tangai-carnaval-cadiz-canal-sur\/","title":{"rendered":"Generaci\u00f3n Tangai"},"content":{"rendered":"<p><span style=\"color: #000000;\">El primer programa de televisi\u00f3n dedicado al carnaval de C\u00e1diz, El ritmo del Tangai, cumple un cuarto de siglo. En este tiempo, una generaci\u00f3n de nuevos aficionados, criados en los pechos de la televisi\u00f3n, ha crecido disfrutando del ingenio natural y el talento desbordante de los autores de letras y m\u00fasicas de la ciudad m\u00e1s cantada del mundo. Durante m\u00e1s de tres d\u00e9cadas la difusi\u00f3n de C\u00e1diz ha sido como jam\u00e1s se hab\u00eda hecho convirtiendo en global una fiesta local. En este libro conocer\u00e1 qui\u00e9n, qu\u00e9, cu\u00e1ndo, d\u00f3nde y por qu\u00e9 este periodo ha sido un bastinazo para C\u00e1diz y su carnaval.<\/span><\/p>\n<p><span style=\"color: #000000;\">Manolo Casal (San Fernando, 1963) es periodista y redactor de Canal Sur. Comenz\u00f3 en El Correo de Andaluc\u00eda y trabaj\u00f3 para la Cadena SER en Radio C\u00e1diz y SER-Puerto. Miembro del equipo fundacional de la RTVA fue editor y presentador de informativos, tertulias de opini\u00f3n y programaciones electorales en la radio. Ha sido jefe de Informativos y director de Canal Sur Radio, etapas en las que cre\u00f3 Radio Andaluc\u00eda Informaci\u00f3n, Canal Fiesta Radio y FlamencoRadio.com. Tambi\u00e9n ha sido director de Comunicaci\u00f3n y director Comercial y de Nuevos Proyectos de la RTVA. Lleva casi cuatro d\u00e9cadas dirigiendo y presentando programas y retransmisiones del carnaval de C\u00e1diz en radio y televisi\u00f3n. En la actualidad es coordinador de Flamenco Radio.<\/span><\/p>\n<p><span style=\"color: #000000;\">Modesto Barrag\u00e1n (Ubrique, 1963) es periodista y presentador de televisi\u00f3n. Comenz\u00f3 en la radio local mientras colaboraba con Antena 3 Radio y el Grupo Joly. Pertenece a la plantilla de Canal Sur desde su fundaci\u00f3n en 1989, empresa en la que ha trabajado en distintas etapas en Jerez, C\u00e1diz y Sevilla como coordinador de informativos y presentador de noticias provinciales y regionales. Ha sido director de la RTVA en C\u00e1diz, creador del programa Andaluc\u00eda de Fiesta, director y presentador de programas y retransmisiones del carnaval de C\u00e1diz y de numerosas ediciones de las campanadas de fin de a\u00f1o. En la actualidad dirige y presenta Andaluc\u00eda Directo, uno de los programas m\u00e1s vistos de la televisi\u00f3n en Espa\u00f1a.<\/span><\/p>\n","protected":false},"excerpt":{"rendered":"<p><span style=\"color: #000000;\">El Carnaval de C\u00e1diz a trav\u00e9s de los ojos de la televisi\u00f3n, de nuestra televisi\u00f3n, de Canal Sur TV, y de la mano del fen\u00f3meno del Tangai, con Manuel Casal y Modesto Barrag\u00e1n.<br \/>\n<\/span><\/p>\n","protected":false},"featured_media":119290,"comment_status":"closed","ping_status":"closed","template":"","meta":{"_acf_changed":false,"_et_pb_use_builder":"","_et_pb_old_content":"","_et_gb_content_width":""},"product_brand":[],"product_cat":[372,376,534,533,375,54],"product_tag":[],"class_list":{"0":"post-119189","1":"product","2":"type-product","3":"status-publish","4":"has-post-thumbnail","6":"product_cat-alfar","7":"product_cat-autores","8":"product_cat-barragan-modesto","9":"product_cat-casal-manuel","10":"product_cat-editoriales","11":"product_cat-actuales","13":"first","14":"instock","15":"sale","16":"taxable","17":"shipping-taxable","18":"purchasable","19":"product-type-simple"},"acf":[],"yoast_head":"<!-- This site is optimized with the Yoast SEO plugin v27.3 - https:\/\/yoast.com\/product\/yoast-seo-wordpress\/ -->\n<title>Generaci\u00f3n Tangai - Ediciones Alfar<\/title>\n<meta name=\"robots\" content=\"index, follow, max-snippet:-1, max-image-preview:large, max-video-preview:-1\" \/>\n<link rel=\"canonical\" href=\"https:\/\/edicionesalfar.es\/es\/producto\/generacion-tangai-carnaval-cadiz-canal-sur\/\" \/>\n<meta property=\"og:locale\" content=\"es_ES\" \/>\n<meta property=\"og:type\" content=\"article\" \/>\n<meta property=\"og:title\" content=\"Generaci\u00f3n Tangai - Ediciones Alfar\" \/>\n<meta property=\"og:description\" content=\"El Carnaval de C\u00e1diz a trav\u00e9s de los ojos de la televisi\u00f3n, de nuestra televisi\u00f3n, de Canal Sur TV, y de la mano del fen\u00f3meno del Tangai, con Manuel Casal y Modesto Barrag\u00e1n.\" \/>\n<meta property=\"og:url\" content=\"https:\/\/edicionesalfar.es\/es\/producto\/generacion-tangai-carnaval-cadiz-canal-sur\/\" \/>\n<meta property=\"og:site_name\" content=\"Ediciones Alfar\" \/>\n<meta property=\"article:modified_time\" content=\"2024-10-17T05:46:45+00:00\" \/>\n<meta property=\"og:image\" content=\"https:\/\/edicionesalfar.es\/es\/wp-content\/uploads\/2022\/11\/9788478989614_cubierta-1.jpg\" \/>\n\t<meta property=\"og:image:width\" content=\"474\" \/>\n\t<meta property=\"og:image:height\" content=\"666\" \/>\n\t<meta property=\"og:image:type\" content=\"image\/jpeg\" \/>\n<meta name=\"twitter:card\" content=\"summary_large_image\" \/>\n<meta name=\"twitter:label1\" content=\"Tiempo de lectura\" \/>\n\t<meta name=\"twitter:data1\" content=\"2 minutos\" \/>\n<script type=\"application\/ld+json\" class=\"yoast-schema-graph\">{\"@context\":\"https:\\\/\\\/schema.org\",\"@graph\":[{\"@type\":\"WebPage\",\"@id\":\"https:\\\/\\\/edicionesalfar.es\\\/es\\\/producto\\\/generacion-tangai-carnaval-cadiz-canal-sur\\\/\",\"url\":\"https:\\\/\\\/edicionesalfar.es\\\/es\\\/producto\\\/generacion-tangai-carnaval-cadiz-canal-sur\\\/\",\"name\":\"Generaci\u00f3n Tangai - Ediciones Alfar\",\"isPartOf\":{\"@id\":\"https:\\\/\\\/edicionesalfar.es\\\/es\\\/#website\"},\"primaryImageOfPage\":{\"@id\":\"https:\\\/\\\/edicionesalfar.es\\\/es\\\/producto\\\/generacion-tangai-carnaval-cadiz-canal-sur\\\/#primaryimage\"},\"image\":{\"@id\":\"https:\\\/\\\/edicionesalfar.es\\\/es\\\/producto\\\/generacion-tangai-carnaval-cadiz-canal-sur\\\/#primaryimage\"},\"thumbnailUrl\":\"https:\\\/\\\/edicionesalfar.es\\\/es\\\/wp-content\\\/uploads\\\/2022\\\/11\\\/9788478989614_cubierta-1.jpg\",\"datePublished\":\"2022-11-23T21:00:29+00:00\",\"dateModified\":\"2024-10-17T05:46:45+00:00\",\"breadcrumb\":{\"@id\":\"https:\\\/\\\/edicionesalfar.es\\\/es\\\/producto\\\/generacion-tangai-carnaval-cadiz-canal-sur\\\/#breadcrumb\"},\"inLanguage\":\"es\",\"potentialAction\":[{\"@type\":\"ReadAction\",\"target\":[\"https:\\\/\\\/edicionesalfar.es\\\/es\\\/producto\\\/generacion-tangai-carnaval-cadiz-canal-sur\\\/\"]}]},{\"@type\":\"ImageObject\",\"inLanguage\":\"es\",\"@id\":\"https:\\\/\\\/edicionesalfar.es\\\/es\\\/producto\\\/generacion-tangai-carnaval-cadiz-canal-sur\\\/#primaryimage\",\"url\":\"https:\\\/\\\/edicionesalfar.es\\\/es\\\/wp-content\\\/uploads\\\/2022\\\/11\\\/9788478989614_cubierta-1.jpg\",\"contentUrl\":\"https:\\\/\\\/edicionesalfar.es\\\/es\\\/wp-content\\\/uploads\\\/2022\\\/11\\\/9788478989614_cubierta-1.jpg\",\"width\":474,\"height\":666},{\"@type\":\"BreadcrumbList\",\"@id\":\"https:\\\/\\\/edicionesalfar.es\\\/es\\\/producto\\\/generacion-tangai-carnaval-cadiz-canal-sur\\\/#breadcrumb\",\"itemListElement\":[{\"@type\":\"ListItem\",\"position\":1,\"name\":\"Portada\",\"item\":\"https:\\\/\\\/edicionesalfar.es\\\/es\\\/\"},{\"@type\":\"ListItem\",\"position\":2,\"name\":\"Cat\u00e1logo\",\"item\":\"https:\\\/\\\/edicionesalfar.es\\\/es\\\/catalogo\\\/\"},{\"@type\":\"ListItem\",\"position\":3,\"name\":\"Generaci\u00f3n Tangai\"}]},{\"@type\":\"WebSite\",\"@id\":\"https:\\\/\\\/edicionesalfar.es\\\/es\\\/#website\",\"url\":\"https:\\\/\\\/edicionesalfar.es\\\/es\\\/\",\"name\":\"Ediciones Alfar\",\"description\":\"\",\"potentialAction\":[{\"@type\":\"SearchAction\",\"target\":{\"@type\":\"EntryPoint\",\"urlTemplate\":\"https:\\\/\\\/edicionesalfar.es\\\/es\\\/?s={search_term_string}\"},\"query-input\":{\"@type\":\"PropertyValueSpecification\",\"valueRequired\":true,\"valueName\":\"search_term_string\"}}],\"inLanguage\":\"es\"}]}<\/script>\n<!-- \/ Yoast SEO plugin. -->","yoast_head_json":{"title":"Generaci\u00f3n Tangai - Ediciones Alfar","robots":{"index":"index","follow":"follow","max-snippet":"max-snippet:-1","max-image-preview":"max-image-preview:large","max-video-preview":"max-video-preview:-1"},"canonical":"https:\/\/edicionesalfar.es\/es\/producto\/generacion-tangai-carnaval-cadiz-canal-sur\/","og_locale":"es_ES","og_type":"article","og_title":"Generaci\u00f3n Tangai - Ediciones Alfar","og_description":"El Carnaval de C\u00e1diz a trav\u00e9s de los ojos de la televisi\u00f3n, de nuestra televisi\u00f3n, de Canal Sur TV, y de la mano del fen\u00f3meno del Tangai, con Manuel Casal y Modesto Barrag\u00e1n.","og_url":"https:\/\/edicionesalfar.es\/es\/producto\/generacion-tangai-carnaval-cadiz-canal-sur\/","og_site_name":"Ediciones Alfar","article_modified_time":"2024-10-17T05:46:45+00:00","og_image":[{"width":474,"height":666,"url":"https:\/\/edicionesalfar.es\/es\/wp-content\/uploads\/2022\/11\/9788478989614_cubierta-1.jpg","type":"image\/jpeg"}],"twitter_card":"summary_large_image","twitter_misc":{"Tiempo de lectura":"2 minutos"},"schema":{"@context":"https:\/\/schema.org","@graph":[{"@type":"WebPage","@id":"https:\/\/edicionesalfar.es\/es\/producto\/generacion-tangai-carnaval-cadiz-canal-sur\/","url":"https:\/\/edicionesalfar.es\/es\/producto\/generacion-tangai-carnaval-cadiz-canal-sur\/","name":"Generaci\u00f3n Tangai - Ediciones Alfar","isPartOf":{"@id":"https:\/\/edicionesalfar.es\/es\/#website"},"primaryImageOfPage":{"@id":"https:\/\/edicionesalfar.es\/es\/producto\/generacion-tangai-carnaval-cadiz-canal-sur\/#primaryimage"},"image":{"@id":"https:\/\/edicionesalfar.es\/es\/producto\/generacion-tangai-carnaval-cadiz-canal-sur\/#primaryimage"},"thumbnailUrl":"https:\/\/edicionesalfar.es\/es\/wp-content\/uploads\/2022\/11\/9788478989614_cubierta-1.jpg","datePublished":"2022-11-23T21:00:29+00:00","dateModified":"2024-10-17T05:46:45+00:00","breadcrumb":{"@id":"https:\/\/edicionesalfar.es\/es\/producto\/generacion-tangai-carnaval-cadiz-canal-sur\/#breadcrumb"},"inLanguage":"es","potentialAction":[{"@type":"ReadAction","target":["https:\/\/edicionesalfar.es\/es\/producto\/generacion-tangai-carnaval-cadiz-canal-sur\/"]}]},{"@type":"ImageObject","inLanguage":"es","@id":"https:\/\/edicionesalfar.es\/es\/producto\/generacion-tangai-carnaval-cadiz-canal-sur\/#primaryimage","url":"https:\/\/edicionesalfar.es\/es\/wp-content\/uploads\/2022\/11\/9788478989614_cubierta-1.jpg","contentUrl":"https:\/\/edicionesalfar.es\/es\/wp-content\/uploads\/2022\/11\/9788478989614_cubierta-1.jpg","width":474,"height":666},{"@type":"BreadcrumbList","@id":"https:\/\/edicionesalfar.es\/es\/producto\/generacion-tangai-carnaval-cadiz-canal-sur\/#breadcrumb","itemListElement":[{"@type":"ListItem","position":1,"name":"Portada","item":"https:\/\/edicionesalfar.es\/es\/"},{"@type":"ListItem","position":2,"name":"Cat\u00e1logo","item":"https:\/\/edicionesalfar.es\/es\/catalogo\/"},{"@type":"ListItem","position":3,"name":"Generaci\u00f3n Tangai"}]},{"@type":"WebSite","@id":"https:\/\/edicionesalfar.es\/es\/#website","url":"https:\/\/edicionesalfar.es\/es\/","name":"Ediciones Alfar","description":"","potentialAction":[{"@type":"SearchAction","target":{"@type":"EntryPoint","urlTemplate":"https:\/\/edicionesalfar.es\/es\/?s={search_term_string}"},"query-input":{"@type":"PropertyValueSpecification","valueRequired":true,"valueName":"search_term_string"}}],"inLanguage":"es"}]}},"_links":{"self":[{"href":"https:\/\/edicionesalfar.es\/es\/wp-json\/wp\/v2\/product\/119189","targetHints":{"allow":["GET"]}}],"collection":[{"href":"https:\/\/edicionesalfar.es\/es\/wp-json\/wp\/v2\/product"}],"about":[{"href":"https:\/\/edicionesalfar.es\/es\/wp-json\/wp\/v2\/types\/product"}],"replies":[{"embeddable":true,"href":"https:\/\/edicionesalfar.es\/es\/wp-json\/wp\/v2\/comments?post=119189"}],"wp:featuredmedia":[{"embeddable":true,"href":"https:\/\/edicionesalfar.es\/es\/wp-json\/wp\/v2\/media\/119290"}],"wp:attachment":[{"href":"https:\/\/edicionesalfar.es\/es\/wp-json\/wp\/v2\/media?parent=119189"}],"wp:term":[{"taxonomy":"product_brand","embeddable":true,"href":"https:\/\/edicionesalfar.es\/es\/wp-json\/wp\/v2\/product_brand?post=119189"},{"taxonomy":"product_cat","embeddable":true,"href":"https:\/\/edicionesalfar.es\/es\/wp-json\/wp\/v2\/product_cat?post=119189"},{"taxonomy":"product_tag","embeddable":true,"href":"https:\/\/edicionesalfar.es\/es\/wp-json\/wp\/v2\/product_tag?post=119189"}],"curies":[{"name":"wp","href":"https:\/\/api.w.org\/{rel}","templated":true}]}}