{"id":5326,"date":"2019-05-27T10:52:24","date_gmt":"2019-05-27T08:52:24","guid":{"rendered":"http:\/\/www.edicionesalfar.es\/web-wordpress\/?page_id=5326"},"modified":"2025-11-27T11:08:20","modified_gmt":"2025-11-27T10:08:20","slug":"distribucion","status":"publish","type":"page","link":"https:\/\/edicionesalfar.es\/es\/distribucion\/","title":{"rendered":"DISTRIBUCI\u00d3N"},"content":{"rendered":"<p>[et_pb_section fb_built=\u00bb1&#8243; _builder_version=\u00bb4.16&#8243; width=\u00bb100%\u00bb max_width=\u00bb1800px\u00bb custom_margin=\u00bb0px||\u00bb custom_padding=\u00bb0px||\u00bb global_colors_info=\u00bb{}\u00bb][et_pb_row _builder_version=\u00bb4.16&#8243; background_color=\u00bb#a6c0ca\u00bb width=\u00bb100%\u00bb global_colors_info=\u00bb{}\u00bb][et_pb_column type=\u00bb4_4&#8243; _builder_version=\u00bb4.16&#8243; custom_padding=\u00bb|||\u00bb global_colors_info=\u00bb{}\u00bb custom_padding__hover=\u00bb|||\u00bb][et_pb_text admin_label=\u00bbNACIONALES\u00bb _builder_version=\u00bb4.16&#8243; text_font=\u00bb||||||||\u00bb background_color=\u00bb#a6c0ca\u00bb width=\u00bb100%\u00bb max_width=\u00bb1800px\u00bb module_alignment=\u00bbright\u00bb global_colors_info=\u00bb{}\u00bb]<\/p>\n<h1 style=\"text-align: center;\"><strong>DISTRIBUIDORES NACIONALES<\/strong><\/h1>\n<p>[\/et_pb_text][\/et_pb_column][\/et_pb_row][et_pb_row _builder_version=\u00bb4.16&#8243; global_colors_info=\u00bb{}\u00bb][et_pb_column type=\u00bb4_4&#8243; _builder_version=\u00bb4.16&#8243; custom_padding=\u00bb|||\u00bb global_colors_info=\u00bb{}\u00bb custom_padding__hover=\u00bb|||\u00bb][et_pb_text _builder_version=\u00bb4.17.4&#8243; width=\u00bb100%\u00bb max_width=\u00bb1800px\u00bb global_colors_info=\u00bb{}\u00bb]<\/p>\n<p style=\"text-align: justify;\">Puede adquirir nuestros libros en cualquier librer\u00eda. Le ser\u00e1 de ayuda, tanto a usted como a librero, si proporciona los datos del ejemplar que desea y de nuestra editorial.<\/p>\n<p>[\/et_pb_text][\/et_pb_column][\/et_pb_row][et_pb_row column_structure=\u00bb1_3,1_3,1_3&#8243; _builder_version=\u00bb4.16&#8243; global_colors_info=\u00bb{}\u00bb][et_pb_column type=\u00bb1_3&#8243; _builder_version=\u00bb4.16&#8243; custom_padding=\u00bb|||\u00bb global_colors_info=\u00bb{}\u00bb custom_padding__hover=\u00bb|||\u00bb][\/et_pb_column][et_pb_column type=\u00bb1_3&#8243; _builder_version=\u00bb4.16&#8243; custom_padding=\u00bb|||\u00bb global_colors_info=\u00bb{}\u00bb custom_padding__hover=\u00bb|||\u00bb][et_pb_text _builder_version=\u00bb4.17.4&#8243; global_colors_info=\u00bb{}\u00bb]<\/p>\n<h2 style=\"text-align: center;\">DISTRIBUCI\u00d3N NACIONAL EXCLUSIVA<\/h2>\n<p>[\/et_pb_text][et_pb_image src=\u00bbhttps:\/\/edicionesalfar.es\/es\/wp-content\/uploads\/2024\/06\/Logo-interleo.jpg\u00bb title_text=\u00bbLogo interleo\u00bb url=\u00bbhttps:\/\/www.elkarbanaketa.eus\/\u00bb url_new_window=\u00bbon\u00bb align=\u00bbcenter\u00bb align_tablet=\u00bbcenter\u00bb align_phone=\u00bb\u00bb align_last_edited=\u00bbon|desktop\u00bb _builder_version=\u00bb4.17.4&#8243; hover_enabled=\u00bb0&#8243; z_index_tablet=\u00bb500&#8243; global_colors_info=\u00bb{}\u00bb sticky_enabled=\u00bb0&#8243;]<br \/>\n[\/et_pb_image][et_pb_text _builder_version=\u00bb4.17.4&#8243; z_index_tablet=\u00bb500&#8243; global_colors_info=\u00bb{}\u00bb]<\/p>\n<p style=\"text-align: center;\"><strong>Interleo S.L. 2024<\/strong><br \/>C. de la Caleruega, 74, Cdad. Lineal<br \/>28033 MADRID<br \/>General 913 94 92 58<br \/>pedidos@interleo.es \/ www.interleo.es<\/p>\n<p>[\/et_pb_text][\/et_pb_column][et_pb_column type=\u00bb1_3&#8243; _builder_version=\u00bb4.16&#8243; custom_padding=\u00bb|||\u00bb global_colors_info=\u00bb{}\u00bb custom_padding__hover=\u00bb|||\u00bb][\/et_pb_column][\/et_pb_row][et_pb_row _builder_version=\u00bb4.16&#8243; background_color=\u00bb#a6c0ca\u00bb width=\u00bb100%\u00bb global_colors_info=\u00bb{}\u00bb][et_pb_column type=\u00bb4_4&#8243; _builder_version=\u00bb4.16&#8243; custom_padding=\u00bb|||\u00bb global_colors_info=\u00bb{}\u00bb custom_padding__hover=\u00bb|||\u00bb][et_pb_text admin_label=\u00bbINTERNACIONALES\u00bb _builder_version=\u00bb4.17.4&#8243; background_color=\u00bb#a6c0ca\u00bb width=\u00bb100%\u00bb max_width=\u00bb1400px\u00bb module_alignment=\u00bbright\u00bb hover_enabled=\u00bb0&#8243; global_colors_info=\u00bb{}\u00bb sticky_enabled=\u00bb0&#8243;]<\/p>\n<h1 style=\"text-align: center;\"><strong>RED DE DISTRIBUIDORES INTERNACIONALES Y BIBLIOTECAS<\/strong><\/h1>\n<p>[\/et_pb_text][\/et_pb_column][\/et_pb_row][et_pb_row column_structure=\u00bb1_3,1_3,1_3&#8243; _builder_version=\u00bb4.16&#8243; global_colors_info=\u00bb{}\u00bb][et_pb_column type=\u00bb1_3&#8243; _builder_version=\u00bb4.16&#8243; custom_padding=\u00bb|||\u00bb global_colors_info=\u00bb{}\u00bb custom_padding__hover=\u00bb|||\u00bb][et_pb_image src=\u00bbhttps:\/\/edicionesalfar.es\/es\/wp-content\/uploads\/2021\/10\/image001.png\u00bb title_text=\u00bbimage001&#8243; url=\u00bbhttps:\/\/gruponahui.com\/\u00bb url_new_window=\u00bbon\u00bb align=\u00bbcenter\u00bb align_tablet=\u00bbcenter\u00bb align_phone=\u00bb\u00bb align_last_edited=\u00bbon|desktop\u00bb _builder_version=\u00bb4.16&#8243; z_index_tablet=\u00bb500&#8243; global_colors_info=\u00bb{}\u00bb]<br \/>\n[\/et_pb_image][\/et_pb_column][et_pb_column type=\u00bb1_3&#8243; _builder_version=\u00bb4.16&#8243; custom_padding=\u00bb|||\u00bb global_colors_info=\u00bb{}\u00bb custom_padding__hover=\u00bb|||\u00bb][et_pb_image src=\u00bbhttps:\/\/edicionesalfar.es\/es\/wp-content\/uploads\/2019\/07\/dist-casalini.jpg\u00bb url=\u00bbhttp:\/\/www.casalini.it\/\u00bb url_new_window=\u00bbon\u00bb align=\u00bbcenter\u00bb align_tablet=\u00bbcenter\u00bb align_phone=\u00bb\u00bb align_last_edited=\u00bbon|desktop\u00bb _builder_version=\u00bb4.17.4&#8243; custom_margin=\u00bb||50px|\u00bb hover_enabled=\u00bb0&#8243; z_index_tablet=\u00bb500&#8243; global_colors_info=\u00bb{}\u00bb sticky_enabled=\u00bb0&#8243;]<br \/>\n[\/et_pb_image][et_pb_image src=\u00bbhttps:\/\/www.iberoamericana-vervuert.es\/Images\/logoibero.jpg\u00bb url=\u00bbhttps:\/\/www.iberoamericana-vervuert.es\/Libreria.aspx\u00bb url_new_window=\u00bbon\u00bb align=\u00bbcenter\u00bb align_tablet=\u00bbcenter\u00bb align_phone=\u00bb\u00bb align_last_edited=\u00bbon|desktop\u00bb _builder_version=\u00bb4.17.4&#8243; custom_margin=\u00bb||50px|\u00bb hover_enabled=\u00bb0&#8243; z_index_tablet=\u00bb500&#8243; global_colors_info=\u00bb{}\u00bb sticky_enabled=\u00bb0&#8243;][\/et_pb_image][et_pb_image src=\u00bbhttps:\/\/www.caucelibros.com\/images\/cauce_libros.png\u00bb url=\u00bbhttps:\/\/www.caucelibros.com\u00bb url_new_window=\u00bbon\u00bb align=\u00bbcenter\u00bb align_tablet=\u00bbcenter\u00bb align_phone=\u00bb\u00bb align_last_edited=\u00bbon|desktop\u00bb _builder_version=\u00bb4.17.4&#8243; custom_margin=\u00bb50px|||\u00bb hover_enabled=\u00bb0&#8243; z_index_tablet=\u00bb500&#8243; global_colors_info=\u00bb{}\u00bb sticky_enabled=\u00bb0&#8243;][\/et_pb_image][\/et_pb_column][et_pb_column type=\u00bb1_3&#8243; _builder_version=\u00bb4.16&#8243; custom_padding=\u00bb|||\u00bb global_colors_info=\u00bb{}\u00bb custom_padding__hover=\u00bb|||\u00bb][et_pb_image src=\u00bbhttps:\/\/edicionesalfar.es\/es\/wp-content\/uploads\/2019\/07\/dist-digitalia.jpg\u00bb url=\u00bbhttp:\/\/www.digitalia.us\/\u00bb url_new_window=\u00bbon\u00bb align=\u00bbcenter\u00bb align_tablet=\u00bbcenter\u00bb align_phone=\u00bb\u00bb align_last_edited=\u00bbon|desktop\u00bb _builder_version=\u00bb4.17.4&#8243; hover_enabled=\u00bb0&#8243; z_index_tablet=\u00bb500&#8243; global_colors_info=\u00bb{}\u00bb sticky_enabled=\u00bb0&#8243;]<br \/>\n[\/et_pb_image][et_pb_image src=\u00bbhttps:\/\/edicionesalfar.es\/es\/wp-content\/uploads\/2019\/07\/dist-puvill.jpg\u00bb url=\u00bbhttp:\/\/www.puvill.com\/\u00bb url_new_window=\u00bbon\u00bb align=\u00bbcenter\u00bb align_tablet=\u00bbcenter\u00bb align_phone=\u00bb\u00bb align_last_edited=\u00bbon|desktop\u00bb _builder_version=\u00bb4.17.4&#8243; hover_enabled=\u00bb0&#8243; z_index_tablet=\u00bb500&#8243; global_colors_info=\u00bb{}\u00bb sticky_enabled=\u00bb0&#8243;]<br \/>\n[\/et_pb_image][\/et_pb_column][\/et_pb_row][et_pb_row _builder_version=\u00bb4.16&#8243; background_color=\u00bb#a6c0ca\u00bb width=\u00bb100%\u00bb global_colors_info=\u00bb{}\u00bb][et_pb_column type=\u00bb4_4&#8243; _builder_version=\u00bb4.16&#8243; custom_padding=\u00bb|||\u00bb global_colors_info=\u00bb{}\u00bb custom_padding__hover=\u00bb|||\u00bb][et_pb_text admin_label=\u00bbINTERNACIONALES\u00bb _builder_version=\u00bb4.17.4&#8243; background_color=\u00bb#a6c0ca\u00bb width=\u00bb100%\u00bb max_width=\u00bb1400px\u00bb module_alignment=\u00bbright\u00bb z_index_tablet=\u00bb500&#8243; global_colors_info=\u00bb{}\u00bb]<\/p>\n<h1 style=\"text-align: center;\"><strong>DISTRIBUCI\u00d3N BAJO DEMANA<\/strong><\/h1>\n<p>[\/et_pb_text][\/et_pb_column][\/et_pb_row][et_pb_row _builder_version=\u00bb4.17.4&#8243; hover_enabled=\u00bb0&#8243; global_colors_info=\u00bb{}\u00bb sticky_enabled=\u00bb0&#8243;][et_pb_column type=\u00bb4_4&#8243; _builder_version=\u00bb4.16&#8243; custom_padding=\u00bb|||\u00bb global_colors_info=\u00bb{}\u00bb custom_padding__hover=\u00bb|||\u00bb][et_pb_text _builder_version=\u00bb4.16&#8243; width=\u00bb100%\u00bb max_width=\u00bb1800px\u00bb z_index_tablet=\u00bb500&#8243; global_colors_info=\u00bb{}\u00bb]<\/p>\n<div class=\"fw-heading fw-heading-left tf-sh-f6affe677c251719392d8cf66b00d05d\">\n<h3 class=\"fw-special-title\">Escenario para la distribuci\u00f3n internacional bajo demanda 1:1<\/h3>\n<\/div>\n<div class=\"fw-text-box tf-sh-ad9936be37beb8ea93dea80747fa2529 \">\n<div class=\"fw-text-inner\">\n<p>Tus libros estar\u00e1n disponibles para la venta en los principales mercados del libro:<br \/>M\u00e9xico, Argentina, Colombia, Per\u00fa, Reino Unido, Francia, Irlanda, Polonia, Rusia, Alemania, India, Corea del Sur y Australia<\/p>\n<\/div>\n<p>Pincha en este enlace para conocer m\u00e1s informaci\u00f3n sobre los puntos de venta.<\/p>\n<p><a href=\"https:\/\/www.podiprint.com\/marketing\/librerias-integradas.php\">https:\/\/www.podiprint.com\/marketing\/librerias-integradas.php<\/a><\/p>\n<\/div>\n<p>[\/et_pb_text][\/et_pb_column][\/et_pb_row][et_pb_row _builder_version=\u00bb4.16&#8243; background_color=\u00bb#a6c0ca\u00bb width=\u00bb100%\u00bb global_colors_info=\u00bb{}\u00bb][et_pb_column type=\u00bb4_4&#8243; _builder_version=\u00bb4.16&#8243; custom_padding=\u00bb|||\u00bb global_colors_info=\u00bb{}\u00bb custom_padding__hover=\u00bb|||\u00bb][et_pb_text admin_label=\u00bbEBOOK\u00bb _builder_version=\u00bb4.16&#8243; background_color=\u00bb#a6c0ca\u00bb width=\u00bb100%\u00bb max_width=\u00bb1400px\u00bb module_alignment=\u00bbright\u00bb global_colors_info=\u00bb{}\u00bb]<\/p>\n<h1 style=\"text-align: center;\"><strong>VENTA EN FORMATO E-BOOK<\/strong><\/h1>\n<p>[\/et_pb_text][\/et_pb_column][\/et_pb_row][et_pb_row column_structure=\u00bb1_4,1_4,1_4,1_4&#8243; _builder_version=\u00bb4.16&#8243; global_colors_info=\u00bb{}\u00bb][et_pb_column type=\u00bb1_4&#8243; _builder_version=\u00bb4.16&#8243; custom_padding=\u00bb|||\u00bb global_colors_info=\u00bb{}\u00bb custom_padding__hover=\u00bb|||\u00bb][et_pb_image src=\u00bbhttps:\/\/edicionesalfar.es\/es\/wp-content\/uploads\/2019\/07\/eb-amazon.jpg\u00bb url=\u00bbhttps:\/\/www.amazon.com\/s?k=ediciones+alfar&#038;ref=nb_sb_noss\u00bb url_new_window=\u00bbon\u00bb align=\u00bbcenter\u00bb align_tablet=\u00bbcenter\u00bb align_phone=\u00bb\u00bb align_last_edited=\u00bbon|desktop\u00bb _builder_version=\u00bb4.16&#8243; z_index_tablet=\u00bb500&#8243; global_colors_info=\u00bb{}\u00bb]<br \/>\n[\/et_pb_image][et_pb_image src=\u00bbhttps:\/\/edicionesalfar.es\/es\/wp-content\/uploads\/2019\/07\/eb-torrossa.jpg\u00bb url=\u00bbhttps:\/\/www.torrossa.com\/it\/publishers\/ediciones-alfar-sa.html\u00bb url_new_window=\u00bbon\u00bb align=\u00bbcenter\u00bb align_tablet=\u00bbcenter\u00bb align_phone=\u00bb\u00bb align_last_edited=\u00bbon|desktop\u00bb _builder_version=\u00bb4.16&#8243; z_index_tablet=\u00bb500&#8243; global_colors_info=\u00bb{}\u00bb]<br \/>\n[\/et_pb_image][\/et_pb_column][et_pb_column type=\u00bb1_4&#8243; _builder_version=\u00bb4.16&#8243; custom_padding=\u00bb|||\u00bb global_colors_info=\u00bb{}\u00bb custom_padding__hover=\u00bb|||\u00bb][et_pb_image src=\u00bbhttps:\/\/edicionesalfar.es\/es\/wp-content\/uploads\/2019\/07\/eb-todoebook.jpg\u00bb url=\u00bbhttps:\/\/todoebook.com\/index.aspx?lang=es\u00bb url_new_window=\u00bbon\u00bb align=\u00bbcenter\u00bb align_tablet=\u00bbcenter\u00bb align_phone=\u00bb\u00bb align_last_edited=\u00bbon|desktop\u00bb _builder_version=\u00bb4.16&#8243; z_index_tablet=\u00bb500&#8243; global_colors_info=\u00bb{}\u00bb]<br \/>\n[\/et_pb_image][et_pb_image src=\u00bbhttps:\/\/edicionesalfar.es\/es\/wp-content\/uploads\/2019\/07\/descarga.jpg\u00bb url=\u00bbhttps:\/\/www.casadellibro.com\/\u00bb url_new_window=\u00bbon\u00bb align=\u00bbcenter\u00bb align_tablet=\u00bbcenter\u00bb align_phone=\u00bb\u00bb align_last_edited=\u00bbon|desktop\u00bb _builder_version=\u00bb4.16&#8243; z_index_tablet=\u00bb500&#8243; global_colors_info=\u00bb{}\u00bb]<br \/>\n[\/et_pb_image][\/et_pb_column][et_pb_column type=\u00bb1_4&#8243; _builder_version=\u00bb4.16&#8243; custom_padding=\u00bb|||\u00bb global_colors_info=\u00bb{}\u00bb custom_padding__hover=\u00bb|||\u00bb][et_pb_image src=\u00bbhttps:\/\/edicionesalfar.es\/es\/wp-content\/uploads\/2019\/07\/eb-readontime.jpg\u00bb url=\u00bbhttp:\/\/readontime.com\/\u00bb url_new_window=\u00bbon\u00bb align=\u00bbcenter\u00bb align_tablet=\u00bbcenter\u00bb align_phone=\u00bb\u00bb align_last_edited=\u00bbon|desktop\u00bb _builder_version=\u00bb4.16&#8243; z_index_tablet=\u00bb500&#8243; global_colors_info=\u00bb{}\u00bb]<br \/>\n[\/et_pb_image][\/et_pb_column][et_pb_column type=\u00bb1_4&#8243; _builder_version=\u00bb4.16&#8243; custom_padding=\u00bb|||\u00bb global_colors_info=\u00bb{}\u00bb custom_padding__hover=\u00bb|||\u00bb][et_pb_image src=\u00bbhttps:\/\/edicionesalfar.es\/es\/wp-content\/uploads\/2019\/07\/eb-odilo.jpg\u00bb url=\u00bbhttps:\/\/odiloplace.odilotk.es\/\u00bb url_new_window=\u00bbon\u00bb align=\u00bbcenter\u00bb align_tablet=\u00bbcenter\u00bb align_phone=\u00bb\u00bb align_last_edited=\u00bbon|desktop\u00bb _builder_version=\u00bb4.16&#8243; z_index_tablet=\u00bb500&#8243; global_colors_info=\u00bb{}\u00bb]<br \/>\n[\/et_pb_image][et_pb_image src=\u00bbhttps:\/\/edicionesalfar.es\/es\/wp-content\/uploads\/2019\/07\/eb-elibro.jpg\u00bb url=\u00bbhttps:\/\/e-libro.net\/libros\/?ideditorial=253742&#8243; url_new_window=\u00bbon\u00bb align=\u00bbcenter\u00bb align_tablet=\u00bbcenter\u00bb align_phone=\u00bb\u00bb align_last_edited=\u00bbon|desktop\u00bb _builder_version=\u00bb4.16&#8243; z_index_tablet=\u00bb500&#8243; global_colors_info=\u00bb{}\u00bb]<br \/>\n[\/et_pb_image][\/et_pb_column][\/et_pb_row][\/et_pb_section]<\/p>\n","protected":false},"excerpt":{"rendered":"<p>DISTRIBUIDORES NACIONALES Puede adquirir nuestros libros en cualquier librer\u00eda. Le ser\u00e1 de ayuda, tanto a usted como a librero, si proporciona los datos del ejemplar que desea y de nuestra editorial.DISTRIBUCI\u00d3N NACIONAL EXCLUSIVA Interleo S.L. 2024C. de la Caleruega, 74, Cdad. Lineal28033 MADRIDGeneral 913 94 92 58pedidos@interleo.es \/ www.interleo.esRED DE DISTRIBUIDORES INTERNACIONALES Y BIBLIOTECAS DISTRIBUCI\u00d3N [&hellip;]<\/p>\n","protected":false},"author":1,"featured_media":0,"parent":0,"menu_order":0,"comment_status":"closed","ping_status":"closed","template":"","meta":{"_acf_changed":false,"_et_pb_use_builder":"on","_et_pb_old_content":"","_et_gb_content_width":"","footnotes":""},"class_list":["post-5326","page","type-page","status-publish","hentry"],"acf":[],"yoast_head":"<!-- This site is optimized with the Yoast SEO plugin v27.3 - https:\/\/yoast.com\/product\/yoast-seo-wordpress\/ -->\n<title>DISTRIBUCI\u00d3N - Ediciones Alfar<\/title>\n<meta name=\"robots\" content=\"index, follow, max-snippet:-1, max-image-preview:large, max-video-preview:-1\" \/>\n<link rel=\"canonical\" href=\"https:\/\/edicionesalfar.es\/es\/distribucion\/\" \/>\n<meta property=\"og:locale\" content=\"es_ES\" \/>\n<meta property=\"og:type\" content=\"article\" \/>\n<meta property=\"og:title\" content=\"DISTRIBUCI\u00d3N - Ediciones Alfar\" \/>\n<meta property=\"og:description\" content=\"DISTRIBUIDORES NACIONALES Puede adquirir nuestros libros en cualquier librer\u00eda. Le ser\u00e1 de ayuda, tanto a usted como a librero, si proporciona los datos del ejemplar que desea y de nuestra editorial.DISTRIBUCI\u00d3N NACIONAL EXCLUSIVA Interleo S.L. 2024C. de la Caleruega, 74, Cdad. Lineal28033 MADRIDGeneral 913 94 92 58pedidos@interleo.es \/ www.interleo.esRED DE DISTRIBUIDORES INTERNACIONALES Y BIBLIOTECAS DISTRIBUCI\u00d3N [&hellip;]\" \/>\n<meta property=\"og:url\" content=\"https:\/\/edicionesalfar.es\/es\/distribucion\/\" \/>\n<meta property=\"og:site_name\" content=\"Ediciones Alfar\" \/>\n<meta property=\"article:modified_time\" content=\"2025-11-27T10:08:20+00:00\" \/>\n<meta name=\"twitter:card\" content=\"summary_large_image\" \/>\n<meta name=\"twitter:label1\" content=\"Tiempo de lectura\" \/>\n\t<meta name=\"twitter:data1\" content=\"4 minutos\" \/>\n<script type=\"application\/ld+json\" class=\"yoast-schema-graph\">{\"@context\":\"https:\\\/\\\/schema.org\",\"@graph\":[{\"@type\":\"WebPage\",\"@id\":\"https:\\\/\\\/edicionesalfar.es\\\/es\\\/distribucion\\\/\",\"url\":\"https:\\\/\\\/edicionesalfar.es\\\/es\\\/distribucion\\\/\",\"name\":\"DISTRIBUCI\u00d3N - Ediciones Alfar\",\"isPartOf\":{\"@id\":\"https:\\\/\\\/edicionesalfar.es\\\/es\\\/#website\"},\"datePublished\":\"2019-05-27T08:52:24+00:00\",\"dateModified\":\"2025-11-27T10:08:20+00:00\",\"breadcrumb\":{\"@id\":\"https:\\\/\\\/edicionesalfar.es\\\/es\\\/distribucion\\\/#breadcrumb\"},\"inLanguage\":\"es\",\"potentialAction\":[{\"@type\":\"ReadAction\",\"target\":[\"https:\\\/\\\/edicionesalfar.es\\\/es\\\/distribucion\\\/\"]}]},{\"@type\":\"BreadcrumbList\",\"@id\":\"https:\\\/\\\/edicionesalfar.es\\\/es\\\/distribucion\\\/#breadcrumb\",\"itemListElement\":[{\"@type\":\"ListItem\",\"position\":1,\"name\":\"Portada\",\"item\":\"https:\\\/\\\/edicionesalfar.es\\\/es\\\/\"},{\"@type\":\"ListItem\",\"position\":2,\"name\":\"DISTRIBUCI\u00d3N\"}]},{\"@type\":\"WebSite\",\"@id\":\"https:\\\/\\\/edicionesalfar.es\\\/es\\\/#website\",\"url\":\"https:\\\/\\\/edicionesalfar.es\\\/es\\\/\",\"name\":\"Ediciones Alfar\",\"description\":\"\",\"potentialAction\":[{\"@type\":\"SearchAction\",\"target\":{\"@type\":\"EntryPoint\",\"urlTemplate\":\"https:\\\/\\\/edicionesalfar.es\\\/es\\\/?s={search_term_string}\"},\"query-input\":{\"@type\":\"PropertyValueSpecification\",\"valueRequired\":true,\"valueName\":\"search_term_string\"}}],\"inLanguage\":\"es\"}]}<\/script>\n<!-- \/ Yoast SEO plugin. -->","yoast_head_json":{"title":"DISTRIBUCI\u00d3N - Ediciones Alfar","robots":{"index":"index","follow":"follow","max-snippet":"max-snippet:-1","max-image-preview":"max-image-preview:large","max-video-preview":"max-video-preview:-1"},"canonical":"https:\/\/edicionesalfar.es\/es\/distribucion\/","og_locale":"es_ES","og_type":"article","og_title":"DISTRIBUCI\u00d3N - Ediciones Alfar","og_description":"DISTRIBUIDORES NACIONALES Puede adquirir nuestros libros en cualquier librer\u00eda. Le ser\u00e1 de ayuda, tanto a usted como a librero, si proporciona los datos del ejemplar que desea y de nuestra editorial.DISTRIBUCI\u00d3N NACIONAL EXCLUSIVA Interleo S.L. 2024C. de la Caleruega, 74, Cdad. Lineal28033 MADRIDGeneral 913 94 92 58pedidos@interleo.es \/ www.interleo.esRED DE DISTRIBUIDORES INTERNACIONALES Y BIBLIOTECAS DISTRIBUCI\u00d3N [&hellip;]","og_url":"https:\/\/edicionesalfar.es\/es\/distribucion\/","og_site_name":"Ediciones Alfar","article_modified_time":"2025-11-27T10:08:20+00:00","twitter_card":"summary_large_image","twitter_misc":{"Tiempo de lectura":"4 minutos"},"schema":{"@context":"https:\/\/schema.org","@graph":[{"@type":"WebPage","@id":"https:\/\/edicionesalfar.es\/es\/distribucion\/","url":"https:\/\/edicionesalfar.es\/es\/distribucion\/","name":"DISTRIBUCI\u00d3N - Ediciones Alfar","isPartOf":{"@id":"https:\/\/edicionesalfar.es\/es\/#website"},"datePublished":"2019-05-27T08:52:24+00:00","dateModified":"2025-11-27T10:08:20+00:00","breadcrumb":{"@id":"https:\/\/edicionesalfar.es\/es\/distribucion\/#breadcrumb"},"inLanguage":"es","potentialAction":[{"@type":"ReadAction","target":["https:\/\/edicionesalfar.es\/es\/distribucion\/"]}]},{"@type":"BreadcrumbList","@id":"https:\/\/edicionesalfar.es\/es\/distribucion\/#breadcrumb","itemListElement":[{"@type":"ListItem","position":1,"name":"Portada","item":"https:\/\/edicionesalfar.es\/es\/"},{"@type":"ListItem","position":2,"name":"DISTRIBUCI\u00d3N"}]},{"@type":"WebSite","@id":"https:\/\/edicionesalfar.es\/es\/#website","url":"https:\/\/edicionesalfar.es\/es\/","name":"Ediciones Alfar","description":"","potentialAction":[{"@type":"SearchAction","target":{"@type":"EntryPoint","urlTemplate":"https:\/\/edicionesalfar.es\/es\/?s={search_term_string}"},"query-input":{"@type":"PropertyValueSpecification","valueRequired":true,"valueName":"search_term_string"}}],"inLanguage":"es"}]}},"_links":{"self":[{"href":"https:\/\/edicionesalfar.es\/es\/wp-json\/wp\/v2\/pages\/5326","targetHints":{"allow":["GET"]}}],"collection":[{"href":"https:\/\/edicionesalfar.es\/es\/wp-json\/wp\/v2\/pages"}],"about":[{"href":"https:\/\/edicionesalfar.es\/es\/wp-json\/wp\/v2\/types\/page"}],"author":[{"embeddable":true,"href":"https:\/\/edicionesalfar.es\/es\/wp-json\/wp\/v2\/users\/1"}],"replies":[{"embeddable":true,"href":"https:\/\/edicionesalfar.es\/es\/wp-json\/wp\/v2\/comments?post=5326"}],"version-history":[{"count":28,"href":"https:\/\/edicionesalfar.es\/es\/wp-json\/wp\/v2\/pages\/5326\/revisions"}],"predecessor-version":[{"id":121391,"href":"https:\/\/edicionesalfar.es\/es\/wp-json\/wp\/v2\/pages\/5326\/revisions\/121391"}],"wp:attachment":[{"href":"https:\/\/edicionesalfar.es\/es\/wp-json\/wp\/v2\/media?parent=5326"}],"curies":[{"name":"wp","href":"https:\/\/api.w.org\/{rel}","templated":true}]}}